{"id":266,"date":"2019-09-09T12:27:34","date_gmt":"2019-09-09T14:27:34","guid":{"rendered":"https:\/\/sites.usp.br\/labi-ipusp\/?page_id=266"},"modified":"2019-10-08T18:29:37","modified_gmt":"2019-10-08T20:29:37","slug":"comissao-cientifica","status":"publish","type":"page","link":"https:\/\/sites.usp.br\/labi-ipusp\/comissao-cientifica\/","title":{"rendered":"Comiss\u00e3o Cient\u00edfica"},"content":{"rendered":"<p><em>Adriana Santiago Rosa Dantas<\/em><br \/>\nDoutora em educa\u00e7\u00e3o pela FEUSP<\/p>\n<p><em>Alex Ratts<\/em><br \/>\nUniversidade Federal de Goi\u00e1s \u2013 UFG<\/p>\n<p><em>Antonio Carlos Malachias<\/em><br \/>\nN\u00facleo de Apoio \u00e0 Pesquisa em Estudos Interdisciplinares sobre o Negro Brasileiro \u2013 NEINB \u2013 USP<\/p>\n<p><em>Bruno Sena Martins<\/em><br \/>\nCentro de Estudos Sociais \u2013 CES \/Universidade de Coimbra\/Portugal<\/p>\n<p><em>Crisanto Barros<\/em><br \/>\nLaborat\u00f3rio de Pesquisa em Ci\u00eancias Sociais da Universidade de Cabo Verde \u2013 Cabo Verde<\/p>\n<p><em>D\u00e9bora Galvani<\/em><br \/>\nDepartamento de Sa\u00fade, Educa\u00e7\u00e3o e Sociedade \u2013 UNIFESP \u2013 campus Santos<\/p>\n<p><em>Deivison Mendes Faustino<\/em><br \/>\nDepartamento de Sa\u00fade, Educa\u00e7\u00e3o e Sociedade \u2013 UNIFESP \u2013 campus Santos<\/p>\n<p><em>Desmond Painter<\/em><br \/>\nStellenbosch University \u2013 \u00c1frica do Sul)<\/p>\n<p><em>Fl\u00e1via In\u00eas Schilling<\/em><br \/>\nDepartamento de Filosofia da Educa\u00e7\u00e3o e Ci\u00eancias da Educa\u00e7\u00e3o \u2013 Faculdade de Educa\u00e7\u00e3o \u2013 USP; GPDH \u2013 Instituto de Estudos Avan\u00e7ados \u2013 USP<\/p>\n<p><em>Joana Pereira Leite<\/em><br \/>\nCEsA\/CSG \u2013 ISEG \u2013 Universidade de Lisboa \u2013 UL \u2013 Portugal<\/p>\n<p><em>Jos\u00e9 Francisco Miguel Henriques Bairr\u00e3o<\/em><br \/>\nDepartamento de Psicologia \u2013 Faculdade de Filosofia, Ci\u00eancias e Letras de Ribeir\u00e3o Preto \u2013 USP<\/p>\n<p><em>Laura Moutinho<\/em><br \/>\nDepartamento de Antropologia \u2013 Faculdade de Filosofia, Letras e Ci\u00eancias Humanas \u2013 USP<\/p>\n<p><em>Lia Vainer Schucman<\/em><br \/>\nDepartamento de Psicologia \u2013 Universidade Federal de Santa Catarina \u2013 UFSC<\/p>\n<p><em>Lineu Norio Kohatsu<\/em><br \/>\nDepartamento da Aprendizagem, do Desenvolvimento e da Personalidade \u2013 Instituto de Psicologia \u2013 USP<\/p>\n<p><em>Marcelo Afonso Ribeiro<\/em><br \/>\nDepartamento de Psicologia Social e do Trabalho \u2013 Instituto de Psicologia \u2013 USP<\/p>\n<p><em>Rosemberg Aparecido Lopes Ferracini<\/em><br \/>\nUniversidade Federal do Tocantins \u2013 UFT<\/p>\n<p><em>Thamy Ayouch<\/em><br \/>\nUniversit\u00e9 Paris 7 \u2013 Denis Diderot<\/p>\n<p><em>Tiaraju Pablo D\u00b4Andrea<\/em><br \/>\nInstituto das Cidades \u2013 UNIFESP \u2013 campus zona leste<\/p>\n<p>&nbsp;<\/p>\n<p style=\"text-align: center;\"><a href=\"https:\/\/sites.usp.br\/labi-ipusp\/africas\/\">VOLTAR \u00c0 P\u00c1GINA PRINCIPAL<\/a><\/p>\n","protected":false},"excerpt":{"rendered":"<p>Adriana Santiago Rosa Dantas Doutora em educa\u00e7\u00e3o pela FEUSP Alex Ratts Universidade Federal de Goi\u00e1s \u2013 UFG Antonio Carlos Malachias N\u00facleo de Apoio \u00e0 Pesquisa em Estudos Interdisciplinares sobre o Negro Brasileiro \u2013 NEINB \u2013 USP Bruno Sena Martins Centro de Estudos Sociais \u2013 CES \/Universidade de Coimbra\/Portugal Crisanto Barros Laborat\u00f3rio de Pesquisa em Ci\u00eancias [&hellip;]<\/p>\n","protected":false},"author":1112,"featured_media":0,"parent":0,"menu_order":0,"comment_status":"closed","ping_status":"closed","template":"","meta":{"footnotes":"","_links_to":"","_links_to_target":""},"class_list":["post-266","page","type-page","status-publish","hentry"],"_links":{"self":[{"href":"https:\/\/sites.usp.br\/labi-ipusp\/wp-json\/wp\/v2\/pages\/266","targetHints":{"allow":["GET"]}}],"collection":[{"href":"https:\/\/sites.usp.br\/labi-ipusp\/wp-json\/wp\/v2\/pages"}],"about":[{"href":"https:\/\/sites.usp.br\/labi-ipusp\/wp-json\/wp\/v2\/types\/page"}],"author":[{"embeddable":true,"href":"https:\/\/sites.usp.br\/labi-ipusp\/wp-json\/wp\/v2\/users\/1112"}],"replies":[{"embeddable":true,"href":"https:\/\/sites.usp.br\/labi-ipusp\/wp-json\/wp\/v2\/comments?post=266"}],"version-history":[{"count":3,"href":"https:\/\/sites.usp.br\/labi-ipusp\/wp-json\/wp\/v2\/pages\/266\/revisions"}],"predecessor-version":[{"id":697,"href":"https:\/\/sites.usp.br\/labi-ipusp\/wp-json\/wp\/v2\/pages\/266\/revisions\/697"}],"wp:attachment":[{"href":"https:\/\/sites.usp.br\/labi-ipusp\/wp-json\/wp\/v2\/media?parent=266"}],"curies":[{"name":"wp","href":"https:\/\/api.w.org\/{rel}","templated":true}]}}