{"id":344,"date":"2019-09-16T12:29:07","date_gmt":"2019-09-16T14:29:07","guid":{"rendered":"https:\/\/sites.usp.br\/labi-ipusp\/?page_id=344"},"modified":"2019-10-08T18:34:48","modified_gmt":"2019-10-08T20:34:48","slug":"apoio","status":"publish","type":"page","link":"https:\/\/sites.usp.br\/labi-ipusp\/apoio\/","title":{"rendered":"Apoios"},"content":{"rendered":"\t\t<div data-elementor-type=\"wp-post\" data-elementor-id=\"344\" class=\"elementor elementor-344\" data-elementor-post-type=\"page\">\n\t\t\t\t\t\t<section class=\"elementor-section elementor-top-section elementor-element elementor-element-6912dcd elementor-section-boxed elementor-section-height-default elementor-section-height-default\" data-id=\"6912dcd\" data-element_type=\"section\">\n\t\t\t\t\t\t<div class=\"elementor-container elementor-column-gap-default\">\n\t\t\t\t\t<div class=\"elementor-column elementor-col-100 elementor-top-column elementor-element elementor-element-3a3fb53\" data-id=\"3a3fb53\" data-element_type=\"column\">\n\t\t\t<div class=\"elementor-widget-wrap elementor-element-populated\">\n\t\t\t\t\t\t<div class=\"elementor-element elementor-element-1c50189 elementor-widget elementor-widget-text-editor\" data-id=\"1c50189\" data-element_type=\"widget\" data-widget_type=\"text-editor.default\">\n\t\t\t\t<div class=\"elementor-widget-container\">\n\t\t\t\t\t\t\t<section class=\"elementor-element elementor-element-419a66a elementor-section-boxed elementor-section-height-default elementor-section-height-default elementor-section elementor-top-section\" data-id=\"419a66a\" data-element_type=\"section\"><div class=\"elementor-container elementor-column-gap-default\"><div class=\"elementor-row\"><div class=\"elementor-element elementor-element-5a01f75 elementor-column elementor-col-33 elementor-top-column\" data-id=\"5a01f75\" data-element_type=\"column\"><div class=\"elementor-column-wrap  elementor-element-populated\"><div class=\"elementor-widget-wrap\"><div class=\"elementor-element elementor-element-d2a6474 elementor-widget elementor-widget-text-editor\" data-id=\"d2a6474\" data-element_type=\"widget\" data-widget_type=\"text-editor.default\"><div class=\"elementor-widget-container\"><div class=\"elementor-text-editor elementor-clearfix\"><h3>Apoio Cultural<\/h3><p><a href=\"https:\/\/sites.usp.br\/labi-ipusp\/wp-content\/uploads\/sites\/583\/2019\/09\/aparelha.jpg\" rel=\"lightbox[174]\"><img decoding=\"async\" class=\"alignleft wp-image-546\" src=\"https:\/\/sites.usp.br\/labi-ipusp\/wp-content\/uploads\/sites\/583\/2019\/09\/aparelha-300x150.jpg\" sizes=\"(max-width: 150px) 100vw, 150px\" srcset=\"https:\/\/sites.usp.br\/labi-ipusp\/wp-content\/uploads\/sites\/583\/2019\/09\/aparelha-300x150.jpg 300w, https:\/\/sites.usp.br\/labi-ipusp\/wp-content\/uploads\/sites\/583\/2019\/09\/aparelha-768x383.jpg 768w, https:\/\/sites.usp.br\/labi-ipusp\/wp-content\/uploads\/sites\/583\/2019\/09\/aparelha-1024x510.jpg 1024w, https:\/\/sites.usp.br\/labi-ipusp\/wp-content\/uploads\/sites\/583\/2019\/09\/aparelha-400x199.jpg 400w, https:\/\/sites.usp.br\/labi-ipusp\/wp-content\/uploads\/sites\/583\/2019\/09\/aparelha.jpg 1356w\" alt=\"\" width=\"128\" height=\"64\" \/><\/a><a href=\"https:\/\/sites.usp.br\/labi-ipusp\/wp-content\/uploads\/sites\/583\/2019\/09\/bmario.png\" rel=\"lightbox[174]\"><img decoding=\"async\" class=\"alignleft wp-image-567\" src=\"https:\/\/sites.usp.br\/labi-ipusp\/wp-content\/uploads\/sites\/583\/2019\/09\/bmario-300x192.png\" sizes=\"(max-width: 108px) 100vw, 108px\" srcset=\"https:\/\/sites.usp.br\/labi-ipusp\/wp-content\/uploads\/sites\/583\/2019\/09\/bmario-300x192.png 300w, https:\/\/sites.usp.br\/labi-ipusp\/wp-content\/uploads\/sites\/583\/2019\/09\/bmario-400x256.png 400w, https:\/\/sites.usp.br\/labi-ipusp\/wp-content\/uploads\/sites\/583\/2019\/09\/bmario.png 580w\" alt=\"\" width=\"108\" height=\"69\" \/><\/a><a href=\"https:\/\/sites.usp.br\/labi-ipusp\/wp-content\/uploads\/sites\/583\/2019\/09\/n-1-ed-1.png\" rel=\"lightbox[174]\"><img decoding=\"async\" class=\"alignleft wp-image-565\" src=\"https:\/\/sites.usp.br\/labi-ipusp\/wp-content\/uploads\/sites\/583\/2019\/09\/n-1-ed-1.png\" alt=\"\" width=\"104\" height=\"72\" \/><\/a><img loading=\"lazy\" decoding=\"async\" class=\"alignleft wp-image-544\" src=\"https:\/\/sites.usp.br\/labi-ipusp\/wp-content\/uploads\/sites\/583\/2019\/09\/logo_Tapera300-161x300.png\" alt=\"\" width=\"53\" height=\"98\" \/><\/p><\/div><\/div><\/div><\/div><\/div><\/div><div class=\"elementor-element elementor-element-4c22052 elementor-column elementor-col-66 elementor-top-column\" data-id=\"4c22052\" data-element_type=\"column\"><div class=\"elementor-column-wrap  elementor-element-populated\"><div class=\"elementor-widget-wrap\"><div class=\"elementor-element elementor-element-13e61a3 elementor-widget elementor-widget-text-editor\" data-id=\"13e61a3\" data-element_type=\"widget\" data-widget_type=\"text-editor.default\"><div class=\"elementor-widget-container\"><div class=\"elementor-text-editor elementor-clearfix\"><h3>\u00a0<\/h3><p><a href=\"https:\/\/www.facebook.com\/aparelhaluzia\/\"><b>Aparelha Luzia<\/b><\/a><\/p><p><a href=\"https:\/\/www.prefeitura.sp.gov.br\/cidade\/secretarias\/cultura\/bma\/\"><b>Biblioteca Mario de Andrade \u2013 BMA \u2013 Prefeitura Municipal de S\u00e3o Paulo<\/b><b>\u00a0<\/b><\/a><\/p><p><a href=\"https:\/\/n-1publications.org\/\"><b>N-1 Edi\u00e7\u00f5es<\/b><\/a><\/p><p><a href=\"https:\/\/taperatapera.com.br\/\"><b>Tapera Taper\u00e1<\/b><\/a><\/p><\/div><\/div><\/div><\/div><\/div><\/div><\/div><\/div><\/section><section class=\"elementor-element elementor-element-37544fd elementor-section-boxed elementor-section-height-default elementor-section-height-default elementor-section elementor-top-section\" data-id=\"37544fd\" data-element_type=\"section\"><div class=\"elementor-container elementor-column-gap-default\"><div class=\"elementor-row\"><div class=\"elementor-element elementor-element-464d63e elementor-column elementor-col-100 elementor-top-column\" data-id=\"464d63e\" data-element_type=\"column\"><div class=\"elementor-column-wrap  elementor-element-populated\"><div class=\"elementor-widget-wrap\"><div class=\"elementor-element elementor-element-c70c10a elementor-widget elementor-widget-text-editor\" data-id=\"c70c10a\" data-element_type=\"widget\" data-widget_type=\"text-editor.default\"><div class=\"elementor-widget-container\"><div class=\"elementor-text-editor elementor-clearfix\"><p>\u00a0<\/p><\/div><\/div><\/div><\/div><\/div><\/div><\/div><\/div><\/section><section class=\"elementor-element elementor-element-dc12b2c elementor-section-boxed elementor-section-height-default elementor-section-height-default elementor-section elementor-top-section\" data-id=\"dc12b2c\" data-element_type=\"section\"><div class=\"elementor-container elementor-column-gap-default\"><div class=\"elementor-row\"><div class=\"elementor-element elementor-element-db6cd6d elementor-column elementor-col-33 elementor-top-column\" data-id=\"db6cd6d\" data-element_type=\"column\"><div class=\"elementor-column-wrap  elementor-element-populated\"><div class=\"elementor-widget-wrap\"><div class=\"elementor-element elementor-element-b893655 elementor-widget elementor-widget-text-editor\" data-id=\"b893655\" data-element_type=\"widget\" data-widget_type=\"text-editor.default\"><div class=\"elementor-widget-container\"><div class=\"elementor-text-editor elementor-clearfix\"><h3>Apoio ao Evento<br \/><br \/><\/h3><p><a href=\"https:\/\/sites.usp.br\/labi-ipusp\/wp-content\/uploads\/sites\/583\/2019\/09\/capes2-640x340.png\" rel=\"lightbox[174]\"><img loading=\"lazy\" decoding=\"async\" class=\"wp-image-570 alignleft\" src=\"https:\/\/sites.usp.br\/labi-ipusp\/wp-content\/uploads\/sites\/583\/2019\/09\/capes2-640x340-300x229.png\" sizes=\"(max-width: 106px) 100vw, 106px\" srcset=\"https:\/\/sites.usp.br\/labi-ipusp\/wp-content\/uploads\/sites\/583\/2019\/09\/capes2-640x340-300x229.png 300w, https:\/\/sites.usp.br\/labi-ipusp\/wp-content\/uploads\/sites\/583\/2019\/09\/capes2-640x340-80x60.png 80w, https:\/\/sites.usp.br\/labi-ipusp\/wp-content\/uploads\/sites\/583\/2019\/09\/capes2-640x340-400x305.png 400w, https:\/\/sites.usp.br\/labi-ipusp\/wp-content\/uploads\/sites\/583\/2019\/09\/capes2-640x340.png 427w\" alt=\"\" width=\"106\" height=\"81\" \/><\/a><img loading=\"lazy\" decoding=\"async\" class=\"alignleft wp-image-542\" src=\"https:\/\/sites.usp.br\/labi-ipusp\/wp-content\/uploads\/sites\/583\/2019\/09\/PPGH-USP.png\" alt=\"\" width=\"141\" height=\"110\" \/><a href=\"https:\/\/sites.usp.br\/labi-ipusp\/wp-content\/uploads\/sites\/583\/2019\/09\/fflch.png\" rel=\"lightbox[174]\"><img loading=\"lazy\" decoding=\"async\" class=\"alignleft size-medium wp-image-500\" src=\"https:\/\/sites.usp.br\/labi-ipusp\/wp-content\/uploads\/sites\/583\/2019\/09\/fflch-300x44.png\" sizes=\"(max-width: 300px) 100vw, 300px\" srcset=\"https:\/\/sites.usp.br\/labi-ipusp\/wp-content\/uploads\/sites\/583\/2019\/09\/fflch-300x44.png 300w, https:\/\/sites.usp.br\/labi-ipusp\/wp-content\/uploads\/sites\/583\/2019\/09\/fflch-768x112.png 768w, https:\/\/sites.usp.br\/labi-ipusp\/wp-content\/uploads\/sites\/583\/2019\/09\/fflch-400x59.png 400w, https:\/\/sites.usp.br\/labi-ipusp\/wp-content\/uploads\/sites\/583\/2019\/09\/fflch.png 984w\" alt=\"\" width=\"300\" height=\"44\" \/><\/a><\/p><p><img loading=\"lazy\" decoding=\"async\" class=\"wp-image-521 alignright\" src=\"https:\/\/sites.usp.br\/labi-ipusp\/wp-content\/uploads\/sites\/583\/2019\/09\/ip-usp-300x150.png\" sizes=\"(max-width: 152px) 100vw, 152px\" srcset=\"https:\/\/sites.usp.br\/labi-ipusp\/wp-content\/uploads\/sites\/583\/2019\/09\/ip-usp-300x150.png 300w, https:\/\/sites.usp.br\/labi-ipusp\/wp-content\/uploads\/sites\/583\/2019\/09\/ip-usp.png 400w\" alt=\"\" width=\"152\" height=\"76\" \/><a href=\"https:\/\/sites.usp.br\/labi-ipusp\/wp-content\/uploads\/sites\/583\/2019\/09\/POS-POS.jpg\" rel=\"lightbox[174]\"><img loading=\"lazy\" decoding=\"async\" class=\"wp-image-543 alignright\" src=\"https:\/\/sites.usp.br\/labi-ipusp\/wp-content\/uploads\/sites\/583\/2019\/09\/POS-POS-300x273.jpg\" sizes=\"(max-width: 107px) 100vw, 107px\" srcset=\"https:\/\/sites.usp.br\/labi-ipusp\/wp-content\/uploads\/sites\/583\/2019\/09\/POS-POS-300x273.jpg 300w, https:\/\/sites.usp.br\/labi-ipusp\/wp-content\/uploads\/sites\/583\/2019\/09\/POS-POS-400x364.jpg 400w, https:\/\/sites.usp.br\/labi-ipusp\/wp-content\/uploads\/sites\/583\/2019\/09\/POS-POS.jpg 410w\" alt=\"\" width=\"107\" height=\"98\" \/><\/a><\/p><p><a href=\"https:\/\/sites.usp.br\/labi-ipusp\/wp-content\/uploads\/sites\/583\/2019\/09\/psa-pos.jpg\" rel=\"lightbox[174]\"><img loading=\"lazy\" decoding=\"async\" class=\"wp-image-548 alignright\" src=\"https:\/\/sites.usp.br\/labi-ipusp\/wp-content\/uploads\/sites\/583\/2019\/09\/psa-pos-300x291.jpg\" sizes=\"(max-width: 96px) 100vw, 96px\" srcset=\"https:\/\/sites.usp.br\/labi-ipusp\/wp-content\/uploads\/sites\/583\/2019\/09\/psa-pos-300x291.jpg 300w, https:\/\/sites.usp.br\/labi-ipusp\/wp-content\/uploads\/sites\/583\/2019\/09\/psa-pos-45x45.jpg 45w, https:\/\/sites.usp.br\/labi-ipusp\/wp-content\/uploads\/sites\/583\/2019\/09\/psa-pos.jpg 340w\" alt=\"\" width=\"96\" height=\"94\" \/><\/a><a href=\"https:\/\/sites.usp.br\/labi-ipusp\/wp-content\/uploads\/sites\/583\/2019\/10\/FEUSPazul.jpg\" rel=\"lightbox[174]\"><img loading=\"lazy\" decoding=\"async\" class=\"wp-image-656 alignright\" src=\"https:\/\/sites.usp.br\/labi-ipusp\/wp-content\/uploads\/sites\/583\/2019\/10\/FEUSPazul-300x85.jpg\" sizes=\"(max-width: 148px) 100vw, 148px\" srcset=\"https:\/\/sites.usp.br\/labi-ipusp\/wp-content\/uploads\/sites\/583\/2019\/10\/FEUSPazul-300x85.jpg 300w, https:\/\/sites.usp.br\/labi-ipusp\/wp-content\/uploads\/sites\/583\/2019\/10\/FEUSPazul-768x217.jpg 768w, https:\/\/sites.usp.br\/labi-ipusp\/wp-content\/uploads\/sites\/583\/2019\/10\/FEUSPazul-1024x289.jpg 1024w, https:\/\/sites.usp.br\/labi-ipusp\/wp-content\/uploads\/sites\/583\/2019\/10\/FEUSPazul-400x113.jpg 400w, https:\/\/sites.usp.br\/labi-ipusp\/wp-content\/uploads\/sites\/583\/2019\/10\/FEUSPazul.jpg 1300w\" alt=\"\" width=\"148\" height=\"42\" \/><\/a><a href=\"https:\/\/sites.usp.br\/labi-ipusp\/wp-content\/uploads\/sites\/583\/2019\/09\/psa-pos.jpg\" rel=\"lightbox[174]\">\u00a0\u00a0<\/a><a href=\"https:\/\/sites.usp.br\/labi-ipusp\/wp-content\/uploads\/sites\/583\/2019\/09\/logo_PGEHA_cor.png\" rel=\"lightbox[174]\"><img loading=\"lazy\" decoding=\"async\" class=\"alignleft size-medium wp-image-573\" src=\"https:\/\/sites.usp.br\/labi-ipusp\/wp-content\/uploads\/sites\/583\/2019\/09\/logo_PGEHA_cor-300x46.png\" sizes=\"(max-width: 300px) 100vw, 300px\" srcset=\"https:\/\/sites.usp.br\/labi-ipusp\/wp-content\/uploads\/sites\/583\/2019\/09\/logo_PGEHA_cor-300x46.png 300w, https:\/\/sites.usp.br\/labi-ipusp\/wp-content\/uploads\/sites\/583\/2019\/09\/logo_PGEHA_cor-768x119.png 768w, https:\/\/sites.usp.br\/labi-ipusp\/wp-content\/uploads\/sites\/583\/2019\/09\/logo_PGEHA_cor-1024x158.png 1024w, https:\/\/sites.usp.br\/labi-ipusp\/wp-content\/uploads\/sites\/583\/2019\/09\/logo_PGEHA_cor-400x62.png 400w, https:\/\/sites.usp.br\/labi-ipusp\/wp-content\/uploads\/sites\/583\/2019\/09\/logo_PGEHA_cor.png 1571w\" alt=\"\" width=\"300\" height=\"46\" \/><\/a><\/p><\/div><\/div><\/div><\/div><\/div><\/div><div class=\"elementor-element elementor-element-61084e7 elementor-column elementor-col-66 elementor-top-column\" data-id=\"61084e7\" data-element_type=\"column\"><div class=\"elementor-column-wrap  elementor-element-populated\"><div class=\"elementor-widget-wrap\"><div class=\"elementor-element elementor-element-bd4fb60 elementor-widget elementor-widget-text-editor\" data-id=\"bd4fb60\" data-element_type=\"widget\" data-widget_type=\"text-editor.default\"><div class=\"elementor-widget-container\"><div class=\"elementor-text-editor elementor-clearfix\"><h3>\u00a0<\/h3><p><br \/><a href=\"https:\/\/www.capes.gov.br\/\"><b>Coordena\u00e7\u00e3o de Aperfei\u00e7oamento de Pessoal de N\u00edvel Superior \u2013 CAPES<\/b><\/a><\/p><p><strong>Faculdade de Educa\u00e7\u00e3o \u2013 Universidade de S\u00e3o Paulo \u2013 FE-USP<\/strong><br \/><br \/><a href=\"https:\/\/www.fflch.usp.br\/\"><b>Faculdade de Filosofia, Letras e Ci\u00eancias Humanas \u2013 Universidade de S\u00e3o Paulo \u2013\u00a0 FFLCH \u2013 USP \u2013 85 anos\u00a0<\/b><\/a><\/p><p><a href=\"http:\/\/www.ip.usp.br\/\"><b>Instituto de Psicologia \u2013 Universidade de S\u00e3o Paulo \u2013 IPUSP\u00a0<\/b><\/a><\/p><p><a href=\"http:\/\/www.ieb.usp.br\/category\/noticias\/academico\/pos-graduacao-academico\/\"><b>Programa de P\u00f3s-Gradua\u00e7\u00e3o em Estudos Brasileiros USP<\/b><\/a><\/p><p><a href=\"http:\/\/ppgh.fflch.usp.br\/\"><b>Programa de P\u00f3s-Gradua\u00e7\u00e3o em Geografia Humana USP<\/b><\/a><\/p><p><a href=\"http:\/\/www.prpg.usp.br\/index.php\/pt-br\/faca-pos-na-usp\/programas-de-pos-graduacao\/210-estetica-e-historia-da-arte\"><b>Programa de P\u00f3s-Gradua\u00e7\u00e3o Interunidades de Est\u00e9tica e Hist\u00f3ria da Arte USP<\/b><\/a><\/p><p><a href=\"http:\/\/www.ip.usp.br\/site\/pos_graduacao\/programa-de-pos-psicologia-escolar-e-do-desenvolvimento-psa\/\"><b>Programa de P\u00f3s-Gradua\u00e7\u00e3o em Psicologia Escolar e do Desenvolvimento Humano USP<\/b><\/a><\/p><p><a href=\"http:\/\/www.ip.usp.br\/site\/pos_graduacao\/programa-de-pos-psicologia-social-pst\/\"><b>Programa de P\u00f3s-Gradua\u00e7\u00e3o em Psicologia Social USP<\/b><\/a><\/p><\/div><\/div><\/div><\/div><\/div><\/div><\/div><\/div><\/section><section class=\"elementor-element elementor-element-6d55a99 elementor-section-boxed elementor-section-height-default elementor-section-height-default elementor-section elementor-top-section\" data-id=\"6d55a99\" data-element_type=\"section\"><div class=\"elementor-container elementor-column-gap-default\"><div class=\"elementor-row\"><div class=\"elementor-element elementor-element-ab02215 elementor-column elementor-col-100 elementor-top-column\" data-id=\"ab02215\" data-element_type=\"column\"><div class=\"elementor-column-wrap  elementor-element-populated\"><div class=\"elementor-widget-wrap\"><div class=\"elementor-element elementor-element-c84fe33 elementor-widget elementor-widget-text-editor\" data-id=\"c84fe33\" data-element_type=\"widget\" data-widget_type=\"text-editor.default\"><div class=\"elementor-widget-container\"><div class=\"elementor-text-editor elementor-clearfix\"><p><br \/><br \/><\/p><\/div><\/div><\/div><\/div><\/div><\/div><\/div><\/div><\/section><section class=\"elementor-element elementor-element-eef0561 elementor-section-boxed elementor-section-height-default elementor-section-height-default elementor-section elementor-top-section\" data-id=\"eef0561\" data-element_type=\"section\"><div class=\"elementor-container elementor-column-gap-default\"><div class=\"elementor-row\"><div class=\"elementor-element elementor-element-136d777 elementor-column elementor-col-33 elementor-top-column\" data-id=\"136d777\" data-element_type=\"column\"><div class=\"elementor-column-wrap  elementor-element-populated\"><div class=\"elementor-widget-wrap\"><div class=\"elementor-element elementor-element-99a154e elementor-widget elementor-widget-text-editor\" data-id=\"99a154e\" data-element_type=\"widget\" data-widget_type=\"text-editor.default\"><div class=\"elementor-widget-container\"><div class=\"elementor-text-editor elementor-clearfix\"><p><a href=\"https:\/\/sites.usp.br\/labi-ipusp\/wp-content\/uploads\/sites\/583\/2019\/10\/cabo-verde-lo.png\" rel=\"lightbox[174]\"><img loading=\"lazy\" decoding=\"async\" class=\"alignleft wp-image-669\" src=\"https:\/\/sites.usp.br\/labi-ipusp\/wp-content\/uploads\/sites\/583\/2019\/10\/cabo-verde-lo-300x143.png\" sizes=\"(max-width: 262px) 100vw, 262px\" srcset=\"https:\/\/sites.usp.br\/labi-ipusp\/wp-content\/uploads\/sites\/583\/2019\/10\/cabo-verde-lo-300x143.png 300w, https:\/\/sites.usp.br\/labi-ipusp\/wp-content\/uploads\/sites\/583\/2019\/10\/cabo-verde-lo-400x191.png 400w, https:\/\/sites.usp.br\/labi-ipusp\/wp-content\/uploads\/sites\/583\/2019\/10\/cabo-verde-lo.png 603w\" alt=\"\" width=\"262\" height=\"125\" \/><\/a><a href=\"https:\/\/sites.usp.br\/labi-ipusp\/wp-content\/uploads\/sites\/583\/2019\/09\/LOGO-ASA-SORES-SEM-FUNDO.png\" rel=\"lightbox[174]\"><img loading=\"lazy\" decoding=\"async\" class=\"alignleft wp-image-578\" src=\"https:\/\/sites.usp.br\/labi-ipusp\/wp-content\/uploads\/sites\/583\/2019\/09\/LOGO-ASA-SORES-SEM-FUNDO-300x156.png\" sizes=\"(max-width: 131px) 100vw, 131px\" srcset=\"https:\/\/sites.usp.br\/labi-ipusp\/wp-content\/uploads\/sites\/583\/2019\/09\/LOGO-ASA-SORES-SEM-FUNDO-300x156.png 300w, https:\/\/sites.usp.br\/labi-ipusp\/wp-content\/uploads\/sites\/583\/2019\/09\/LOGO-ASA-SORES-SEM-FUNDO-768x400.png 768w, https:\/\/sites.usp.br\/labi-ipusp\/wp-content\/uploads\/sites\/583\/2019\/09\/LOGO-ASA-SORES-SEM-FUNDO-400x208.png 400w, https:\/\/sites.usp.br\/labi-ipusp\/wp-content\/uploads\/sites\/583\/2019\/09\/LOGO-ASA-SORES-SEM-FUNDO.png 831w\" alt=\"\" width=\"131\" height=\"68\" \/><\/a><br \/><br \/><br \/><br \/><br \/><br \/><br \/><br \/><\/p><p><a href=\"https:\/\/sites.usp.br\/labi-ipusp\/wp-content\/uploads\/sites\/583\/2019\/09\/logoAmb-BresilHD-300dpi.jpg\" rel=\"lightbox[174]\"><img loading=\"lazy\" decoding=\"async\" class=\"alignleft wp-image-577\" src=\"https:\/\/sites.usp.br\/labi-ipusp\/wp-content\/uploads\/sites\/583\/2019\/09\/logoAmb-BresilHD-300dpi-290x300.jpg\" sizes=\"(max-width: 117px) 100vw, 117px\" srcset=\"https:\/\/sites.usp.br\/labi-ipusp\/wp-content\/uploads\/sites\/583\/2019\/09\/logoAmb-BresilHD-300dpi-290x300.jpg 290w, https:\/\/sites.usp.br\/labi-ipusp\/wp-content\/uploads\/sites\/583\/2019\/09\/logoAmb-BresilHD-300dpi-768x793.jpg 768w, https:\/\/sites.usp.br\/labi-ipusp\/wp-content\/uploads\/sites\/583\/2019\/09\/logoAmb-BresilHD-300dpi-991x1024.jpg 991w, https:\/\/sites.usp.br\/labi-ipusp\/wp-content\/uploads\/sites\/583\/2019\/09\/logoAmb-BresilHD-300dpi-400x413.jpg 400w, https:\/\/sites.usp.br\/labi-ipusp\/wp-content\/uploads\/sites\/583\/2019\/09\/logoAmb-BresilHD-300dpi.jpg 1211w\" alt=\"\" width=\"117\" height=\"121\" \/><\/a><a href=\"https:\/\/sites.usp.br\/labi-ipusp\/wp-content\/uploads\/sites\/583\/2019\/09\/logo-IFB-Brasil.jpg\" rel=\"lightbox[174]\"><img loading=\"lazy\" decoding=\"async\" class=\"alignleft wp-image-576\" src=\"https:\/\/sites.usp.br\/labi-ipusp\/wp-content\/uploads\/sites\/583\/2019\/09\/logo-IFB-Brasil-300x170.jpg\" sizes=\"(max-width: 141px) 100vw, 141px\" srcset=\"https:\/\/sites.usp.br\/labi-ipusp\/wp-content\/uploads\/sites\/583\/2019\/09\/logo-IFB-Brasil-300x170.jpg 300w, https:\/\/sites.usp.br\/labi-ipusp\/wp-content\/uploads\/sites\/583\/2019\/09\/logo-IFB-Brasil-310x174.jpg 310w, https:\/\/sites.usp.br\/labi-ipusp\/wp-content\/uploads\/sites\/583\/2019\/09\/logo-IFB-Brasil-400x227.jpg 400w, https:\/\/sites.usp.br\/labi-ipusp\/wp-content\/uploads\/sites\/583\/2019\/09\/logo-IFB-Brasil.jpg 525w\" alt=\"\" width=\"123\" height=\"70\" \/><\/a><\/p><\/div><\/div><\/div><\/div><\/div><\/div><div class=\"elementor-element elementor-element-f0f2345 elementor-column elementor-col-66 elementor-top-column\" data-id=\"f0f2345\" data-element_type=\"column\"><div class=\"elementor-column-wrap  elementor-element-populated\"><div class=\"elementor-widget-wrap\"><div class=\"elementor-element elementor-element-0259043 elementor-widget elementor-widget-text-editor\" data-id=\"0259043\" data-element_type=\"widget\" data-widget_type=\"text-editor.default\"><div class=\"elementor-widget-container\"><div class=\"elementor-text-editor elementor-clearfix\"><p><a href=\"https:\/\/www.asa.cv\/\"><b>ASA- Cabo Verde<\/b><\/a><\/p><p><a href=\"https:\/\/embaixadadecaboverde.pt\/\"><b>Embaixada de Cabo Verde em Portugal<\/b><\/a><\/p><p><a href=\"http:\/\/www.institutfrancaisdubresil.com.br\/\"><b><i>Institut Fran\u00e7ais<\/i><\/b><b>\u00a0 Brasil<\/b><\/a><\/p><p><a href=\"https:\/\/br.ambafrance.org\/-Portugais-\"><b>Embaixada da Fran\u00e7a no Brasil<\/b><\/a><\/p><p><a href=\"https:\/\/saopaulo.consulfrance.org\/-Portugues-\"><b>Consulado Geral da Fran\u00e7a em S\u00e3o Paulo<\/b><\/a><\/p><\/div><\/div><\/div><\/div><\/div><\/div><\/div><\/div><\/section><section class=\"elementor-element elementor-element-9fa32e6 elementor-section-boxed elementor-section-height-default elementor-section-height-default elementor-section elementor-top-section\" data-id=\"9fa32e6\" data-element_type=\"section\"><div class=\"elementor-container elementor-column-gap-default\"><div class=\"elementor-row\"><div class=\"elementor-element elementor-element-ae39905 elementor-column elementor-col-100 elementor-top-column\" data-id=\"ae39905\" data-element_type=\"column\"><div class=\"elementor-column-wrap  elementor-element-populated\"><div class=\"elementor-widget-wrap\"><div class=\"elementor-element elementor-element-bcb96f1 elementor-widget elementor-widget-text-editor\" data-id=\"bcb96f1\" data-element_type=\"widget\" data-widget_type=\"text-editor.default\"><div class=\"elementor-widget-container\"><div class=\"elementor-text-editor elementor-clearfix\" style=\"text-align: center;\"><a href=\"https:\/\/sites.usp.br\/labi-ipusp\/africas\/\">VOLTAR \u00c0 P\u00c1GINA PRINCIPAL<\/a><\/div><\/div><\/div><\/div><\/div><\/div><\/div><\/div><\/section>\t\t\t\t\t\t<\/div>\n\t\t\t\t<\/div>\n\t\t\t\t\t<\/div>\n\t\t<\/div>\n\t\t\t\t\t<\/div>\n\t\t<\/section>\n\t\t\t\t<\/div>\n\t\t","protected":false},"excerpt":{"rendered":"<p>Apoio Cultural \u00a0 Aparelha Luzia Biblioteca Mario de Andrade \u2013 BMA \u2013 Prefeitura Municipal de S\u00e3o Paulo\u00a0 N-1 Edi\u00e7\u00f5es Tapera Taper\u00e1 \u00a0 Apoio ao Evento \u00a0\u00a0 \u00a0 Coordena\u00e7\u00e3o de Aperfei\u00e7oamento de Pessoal de N\u00edvel Superior \u2013 CAPES Faculdade de Educa\u00e7\u00e3o \u2013 Universidade de S\u00e3o Paulo \u2013 FE-USP Faculdade de Filosofia, Letras e Ci\u00eancias Humanas \u2013 [&hellip;]<\/p>\n","protected":false},"author":1112,"featured_media":0,"parent":0,"menu_order":0,"comment_status":"closed","ping_status":"closed","template":"","meta":{"footnotes":"","_links_to":"","_links_to_target":""},"class_list":["post-344","page","type-page","status-publish","hentry"],"_links":{"self":[{"href":"https:\/\/sites.usp.br\/labi-ipusp\/wp-json\/wp\/v2\/pages\/344","targetHints":{"allow":["GET"]}}],"collection":[{"href":"https:\/\/sites.usp.br\/labi-ipusp\/wp-json\/wp\/v2\/pages"}],"about":[{"href":"https:\/\/sites.usp.br\/labi-ipusp\/wp-json\/wp\/v2\/types\/page"}],"author":[{"embeddable":true,"href":"https:\/\/sites.usp.br\/labi-ipusp\/wp-json\/wp\/v2\/users\/1112"}],"replies":[{"embeddable":true,"href":"https:\/\/sites.usp.br\/labi-ipusp\/wp-json\/wp\/v2\/comments?post=344"}],"version-history":[{"count":4,"href":"https:\/\/sites.usp.br\/labi-ipusp\/wp-json\/wp\/v2\/pages\/344\/revisions"}],"predecessor-version":[{"id":700,"href":"https:\/\/sites.usp.br\/labi-ipusp\/wp-json\/wp\/v2\/pages\/344\/revisions\/700"}],"wp:attachment":[{"href":"https:\/\/sites.usp.br\/labi-ipusp\/wp-json\/wp\/v2\/media?parent=344"}],"curies":[{"name":"wp","href":"https:\/\/api.w.org\/{rel}","templated":true}]}}