{"id":837,"date":"2022-05-03T10:59:01","date_gmt":"2022-05-03T12:59:01","guid":{"rendered":"https:\/\/sites.usp.br\/labi-ipusp\/?page_id=837"},"modified":"2022-07-28T16:38:55","modified_gmt":"2022-07-28T18:38:55","slug":"sobrelabi","status":"publish","type":"page","link":"https:\/\/sites.usp.br\/labi-ipusp\/sobrelabi\/","title":{"rendered":"Sobre o LABI"},"content":{"rendered":"<p><strong>Atividades Acad\u00eamicas<\/strong><\/p>\n<ul>\n<li>Semin\u00e1rios te\u00f3rico-metodol\u00f3gicos abordando as interlocu\u00e7\u00f5es entre a arte e as ci\u00eancias humanas em um debate interdisciplinar;<\/li>\n<li>Grupo de estudo sobre fenomenologia;<\/li>\n<li>Grupos de pr\u00e1ticas e imagens corporais;<\/li>\n<li>Pesquisas com as tem\u00e1ticas imagin\u00e1rio e mem\u00f3ria;<\/li>\n<li>Interc\u00e2mbios com institui\u00e7\u00f5es de ensino e pesquisa nacionais e internacionais.<\/li>\n<\/ul>\n<p><strong>Servi\u00e7os \u00e0 Comunidade<\/strong><\/p>\n<ul>\n<li>Entrevistas \u00e0 midia;<\/li>\n<li>Orienta\u00e7\u00e3o de estudos e leituras sobre imagin\u00e1rio, mem\u00f3ria e pesquisa participante ao p\u00fablico que procura o laborat\u00f3rio;<\/li>\n<li>Realiza\u00e7\u00e3o de palestras e participa\u00e7\u00e3o em eventos culturais.<\/li>\n<li>Promo\u00e7\u00e3o de Col\u00f3quios peri\u00f3dicos sobre Arte, com participa\u00e7\u00e3o de diferentes artistas e abertos ao p\u00fablico interessado.<\/li>\n<\/ul>\n<p><strong>Equipe<\/strong><\/p>\n<ul>\n<li><a href=\"http:\/\/buscatextual.cnpq.br\/buscatextual\/visualizacv.do?id=K4434821A4\">Beatriz Vianna Henry<\/a><\/li>\n<li><a href=\"http:\/\/buscatextual.cnpq.br\/buscatextual\/visualizacv.do?id=K4793549U9\">Christina Menna Barreto Cupertino<\/a><\/li>\n<li><a href=\"http:\/\/buscatextual.cnpq.br\/buscatextual\/visualizacv.do?id=K4781734H4\">Denise Dias Barros<\/a><\/li>\n<li>Fernando Milton de Almeida<\/li>\n<li>Helerina Aparecida Novo<\/li>\n<li><a href=\"http:\/\/buscatextual.cnpq.br\/buscatextual\/visualizacv.do;jsessionid=45728B915AC954E253A6ED299529C77A.buscatextual_3\">Lineu Norio Kohatsu<\/a> (Coordenador)<\/li>\n<li><a href=\"http:\/\/buscatextual.cnpq.br\/buscatextual\/visualizacv.do?id=K4219527E4\">Lu\u00eds Eduardo Fran\u00e7\u00e3o Jardim<\/a><\/li>\n<li><a href=\"http:\/\/buscatextual.cnpq.br\/buscatextual\/visualizacv.do?id=K4434854U1\">Luiz Hildebrando Lemos<\/a><\/li>\n<li><a href=\"http:\/\/www.ip.usp.br\/portal\/index.php?option=com_content&amp;view=article&amp;id=904%253Aprincipal&amp;catid=245&amp;Itemid=195&amp;lang=pt\">Maria Luisa Sandoval Schmidt<\/a><\/li>\n<li><a href=\"http:\/\/buscatextual.cnpq.br\/buscatextual\/visualizacv.do?id=K4785849E4\">Rita de C\u00e1ssia Monteiro<\/a><\/li>\n<li><a href=\"http:\/\/buscatextual.cnpq.br\/buscatextual\/visualizacv.do?id=K4708703D9&amp;tokenCaptchar=03AGdBq24pxG0WSl7ieAsSXBVXRJglIAsv6KugALItGrtEG24Uz94r_tsQbjnnVNR4Mj3WaeiNdkktqWVKe9aBs6j9UOAPUwB8HiAs_TwtIJItmVrGZMISV42DLE4P1F-O2zSX9SWQZZM3kwNAIMlSfMUpRoj6x-oPcSHs-AHyPCIzg0PSajSoG05lnr7dHFKMPVoltW4cEkkEjZHk6XsfgU2sUKdmurZfBEJCZbf9_1ab5LKpu0dd1Sq9uB1qtk42oxGB-jvmhjG5R1SIure6M2OBk0fAHVDh4b8sdF6eHWNYv4HiPWPdjK7LqGTISpHsrR1NX7_1F-RZpuKdhC5rgHt1MoQt9wjv4t3HY_kMrVZl5AUetfOvhT6XwgOY6bqBu75xa-kGmcHbxf9WuL-L1BMCny_kpA98my5q0-bQCR4KGW6MZ_WOLiOZaF4lx9F0f5yS38-l63eHdgW4VT6RuGtUxhuJ6-JPjA\">Robson Colosio<\/a> (t\u00e9cnico psic\u00f3logo)<\/li>\n<li>Rosane Viana<\/li>\n<li><a href=\"http:\/\/buscatextual.cnpq.br\/buscatextual\/visualizacv.do?id=K4226419D4\">Tatiana Freitas Stockler das Neves<\/a><\/li>\n<li><a href=\"http:\/\/buscatextual.cnpq.br\/buscatextual\/visualizacv.do?id=K4248459Z1\">Tiago Rodrigo Marin<\/a><\/li>\n<\/ul>\n<p>&nbsp;<\/p>\n","protected":false},"excerpt":{"rendered":"<p>Atividades Acad\u00eamicas Semin\u00e1rios te\u00f3rico-metodol\u00f3gicos abordando as interlocu\u00e7\u00f5es entre a arte e as ci\u00eancias humanas em um debate interdisciplinar; Grupo de estudo sobre fenomenologia; Grupos de pr\u00e1ticas e imagens corporais; Pesquisas com as tem\u00e1ticas imagin\u00e1rio e mem\u00f3ria; Interc\u00e2mbios com institui\u00e7\u00f5es de ensino e pesquisa nacionais e internacionais. Servi\u00e7os \u00e0 Comunidade Entrevistas \u00e0 midia; Orienta\u00e7\u00e3o de estudos [&hellip;]<\/p>\n","protected":false},"author":1112,"featured_media":0,"parent":0,"menu_order":0,"comment_status":"closed","ping_status":"closed","template":"","meta":{"footnotes":"","_links_to":"","_links_to_target":""},"class_list":["post-837","page","type-page","status-publish","hentry"],"_links":{"self":[{"href":"https:\/\/sites.usp.br\/labi-ipusp\/wp-json\/wp\/v2\/pages\/837","targetHints":{"allow":["GET"]}}],"collection":[{"href":"https:\/\/sites.usp.br\/labi-ipusp\/wp-json\/wp\/v2\/pages"}],"about":[{"href":"https:\/\/sites.usp.br\/labi-ipusp\/wp-json\/wp\/v2\/types\/page"}],"author":[{"embeddable":true,"href":"https:\/\/sites.usp.br\/labi-ipusp\/wp-json\/wp\/v2\/users\/1112"}],"replies":[{"embeddable":true,"href":"https:\/\/sites.usp.br\/labi-ipusp\/wp-json\/wp\/v2\/comments?post=837"}],"version-history":[{"count":3,"href":"https:\/\/sites.usp.br\/labi-ipusp\/wp-json\/wp\/v2\/pages\/837\/revisions"}],"predecessor-version":[{"id":851,"href":"https:\/\/sites.usp.br\/labi-ipusp\/wp-json\/wp\/v2\/pages\/837\/revisions\/851"}],"wp:attachment":[{"href":"https:\/\/sites.usp.br\/labi-ipusp\/wp-json\/wp\/v2\/media?parent=837"}],"curies":[{"name":"wp","href":"https:\/\/api.w.org\/{rel}","templated":true}]}}