{"id":1725,"date":"2021-02-24T21:16:27","date_gmt":"2021-02-25T00:16:27","guid":{"rendered":"https:\/\/sites.usp.br\/lbc\/?page_id=1725"},"modified":"2024-06-25T21:54:05","modified_gmt":"2024-06-26T00:54:05","slug":"divulgacao","status":"publish","type":"page","link":"https:\/\/sites.usp.br\/labicrono\/en\/divulgacao\/","title":{"rendered":"Communication"},"content":{"rendered":"\t\t<div data-elementor-type=\"wp-page\" data-elementor-id=\"1725\" class=\"elementor elementor-1725\" data-elementor-post-type=\"page\">\n\t\t\t\t\t\t<section class=\"elementor-section elementor-top-section elementor-element elementor-element-d57e3ba elementor-section-boxed elementor-section-height-default elementor-section-height-default\" data-id=\"d57e3ba\" data-element_type=\"section\">\n\t\t\t\t\t\t\t<div class=\"elementor-background-overlay\"><\/div>\n\t\t\t\t\t\t\t<div class=\"elementor-container elementor-column-gap-default\">\n\t\t\t\t\t<div class=\"elementor-column elementor-col-100 elementor-top-column elementor-element elementor-element-c3478a6\" data-id=\"c3478a6\" data-element_type=\"column\">\n\t\t\t<div class=\"elementor-widget-wrap elementor-element-populated\">\n\t\t\t\t\t\t<div class=\"elementor-element elementor-element-806d594 elementor-widget elementor-widget-text-editor\" data-id=\"806d594\" data-element_type=\"widget\" data-widget_type=\"text-editor.default\">\n\t\t\t\t<div class=\"elementor-widget-container\">\n\t\t\t\t\t\t\t<p><\/p>\n<p><strong>Communication<\/strong><\/p>\t\t\t\t\t\t<\/div>\n\t\t\t\t<\/div>\n\t\t\t\t<div class=\"elementor-element elementor-element-5b622ad elementor-widget elementor-widget-heading\" data-id=\"5b622ad\" data-element_type=\"widget\" data-widget_type=\"heading.default\">\n\t\t\t\t<div class=\"elementor-widget-container\">\n\t\t\t<h1 class=\"elementor-heading-title elementor-size-default\"><b>To watch<\/b><\/h1>\t\t<\/div>\n\t\t\t\t<\/div>\n\t\t\t\t<section class=\"elementor-section elementor-inner-section elementor-element elementor-element-0553185 elementor-section-boxed elementor-section-height-default elementor-section-height-default\" data-id=\"0553185\" data-element_type=\"section\">\n\t\t\t\t\t\t<div class=\"elementor-container elementor-column-gap-default\">\n\t\t\t\t\t<div class=\"elementor-column elementor-col-100 elementor-inner-column elementor-element elementor-element-91be340\" data-id=\"91be340\" data-element_type=\"column\">\n\t\t\t<div class=\"elementor-widget-wrap elementor-element-populated\">\n\t\t\t\t\t\t<div class=\"elementor-element elementor-element-d51be33 elementor-widget elementor-widget-video\" data-id=\"d51be33\" data-element_type=\"widget\" data-settings=\"{&quot;video_type&quot;:&quot;hosted&quot;,&quot;controls&quot;:&quot;yes&quot;}\" data-widget_type=\"video.default\">\n\t\t\t\t<div class=\"elementor-widget-container\">\n\t\t\t\t\t<div class=\"e-hosted-video elementor-wrapper elementor-open-inline\">\n\t\t\t\t\t<video class=\"elementor-video\" src=\"https:\/\/sites.usp.br\/labicrono\/wp-content\/uploads\/sites\/862\/2021\/05\/Video_CRILAR.mp4\" controls=\"\" preload=\"metadata\" controlsList=\"nodownload\" poster=\"https:\/\/sites.usp.br\/labicrono\/wp-content\/uploads\/sites\/862\/2024\/06\/Capavideolabicronosite.png\"><\/video>\n\t\t\t\t<\/div>\n\t\t\t\t<\/div>\n\t\t\t\t<\/div>\n\t\t\t\t<div class=\"elementor-element elementor-element-bf8733a elementor-widget elementor-widget-video\" data-id=\"bf8733a\" data-element_type=\"widget\" data-settings=\"{&quot;youtube_url&quot;:&quot;https:\\\/\\\/www.youtube.com\\\/watch?v=KTo5TWr3MI8&quot;,&quot;video_type&quot;:&quot;youtube&quot;,&quot;controls&quot;:&quot;yes&quot;}\" data-widget_type=\"video.default\">\n\t\t\t\t<div class=\"elementor-widget-container\">\n\t\t\t\t\t<div class=\"elementor-wrapper elementor-open-inline\">\n\t\t\t<div class=\"elementor-video\"><\/div>\t\t<\/div>\n\t\t\t\t<\/div>\n\t\t\t\t<\/div>\n\t\t\t\t<div class=\"elementor-element elementor-element-1a26a63 elementor-widget elementor-widget-text-editor\" data-id=\"1a26a63\" data-element_type=\"widget\" data-widget_type=\"text-editor.default\">\n\t\t\t\t<div class=\"elementor-widget-container\">\n\t\t\t\t\t\t\t<h5><strong>Pesquisa FAPESP<\/strong><\/h5><p><span style=\"font-weight: 400;\"> Learn more:<\/span><\/span><\/p><p><a href=\"https:\/\/revistapesquisa.fapesp.br\/en\/a-clock-that-works-in-the-dark\/\">https:\/\/revistapesquisa.fapesp.br\/en\/a-clock-that-works-in-the-dark\/<\/a><\/p><p><span style=\"font-weight: 400;\">(Language: English)<\/span><\/p>\t\t\t\t\t\t<\/div>\n\t\t\t\t<\/div>\n\t\t\t\t<div class=\"elementor-element elementor-element-c64f610 elementor-widget elementor-widget-heading\" data-id=\"c64f610\" data-element_type=\"widget\" data-widget_type=\"heading.default\">\n\t\t\t\t<div class=\"elementor-widget-container\">\n\t\t\t<h2 class=\"elementor-heading-title elementor-size-default\"> To read <\/h2>\t\t<\/div>\n\t\t\t\t<\/div>\n\t\t\t\t<div class=\"elementor-element elementor-element-88bf423 elementor-widget elementor-widget-text-editor\" data-id=\"88bf423\" data-element_type=\"widget\" data-widget_type=\"text-editor.default\">\n\t\t\t\t<div class=\"elementor-widget-container\">\n\t\t\t\t\t\t\t<h5><strong>Magazines <\/strong><\/h5><p><span style=\"font-weight: 400;\"> National Geographic Brasil, 04<span id=\"s2_1\">\/25\/2018, &#8220;<strong>Subterranean rodent switches day for night and intrigues Brazilian researchers<\/strong>&#8220;<\/span>\u00a0(Language: Portuguese)<\/span><\/span><\/p><h4><a href=\"https:\/\/www.nationalgeographicbrasil.com\/animais\/2018\/04\/habitos-de-roedor-intrigam-pesquisadores-brasileiros-tuco-tuco-usp\">https:\/\/www.nationalgeographicbrasil.com\/animais\/2018\/04\/habitos-de-roedor-intrigam-pesquisadores-brasileiros-tuco-tuco-usp<\/a><\/h4>\t\t\t\t\t\t<\/div>\n\t\t\t\t<\/div>\n\t\t\t\t\t<\/div>\n\t\t<\/div>\n\t\t\t\t\t<\/div>\n\t\t<\/section>\n\t\t\t\t<section class=\"elementor-section elementor-inner-section elementor-element elementor-element-8b9ca37 elementor-section-boxed elementor-section-height-default elementor-section-height-default\" data-id=\"8b9ca37\" data-element_type=\"section\">\n\t\t\t\t\t\t<div class=\"elementor-container elementor-column-gap-default\">\n\t\t\t\t\t<div class=\"elementor-column elementor-col-100 elementor-inner-column elementor-element elementor-element-42e6ae0\" data-id=\"42e6ae0\" data-element_type=\"column\">\n\t\t\t<div class=\"elementor-widget-wrap elementor-element-populated\">\n\t\t\t\t\t\t<div class=\"elementor-element elementor-element-024f0b9 elementor-widget elementor-widget-heading\" data-id=\"024f0b9\" data-element_type=\"widget\" data-widget_type=\"heading.default\">\n\t\t\t\t<div class=\"elementor-widget-container\">\n\t\t\t<h2 class=\"elementor-heading-title elementor-size-default\">To hear <\/h2>\t\t<\/div>\n\t\t\t\t<\/div>\n\t\t\t\t<div class=\"elementor-element elementor-element-21107ec elementor-widget elementor-widget-text-editor\" data-id=\"21107ec\" data-element_type=\"widget\" data-widget_type=\"text-editor.default\">\n\t\t\t\t<div class=\"elementor-widget-container\">\n\t\t\t\t\t\t\t<h2><span style=\"font-weight: 400; font-size: 1.6rem;\">Radio <\/span><\/h2><p><span style=\"font-weight: 400; font-size: 1.6rem;\">Interview with Radio Velazco 95.1 FM Anillaco, held on 07\/17\/2019, with the theme &#8220;<strong>Subterranean life<\/strong>&#8220;, this production was part of the series: &#8220;CRILAR al Aire&#8221;. Patricia Tachinardi and Jefferson Silva were interviewed. (Language: Spanish)<\/span><\/p>\t\t\t\t\t\t<\/div>\n\t\t\t\t<\/div>\n\t\t\t\t<div class=\"elementor-element elementor-element-4bd38ed elementor-widget elementor-widget-wp-widget-media_audio\" data-id=\"4bd38ed\" data-element_type=\"widget\" data-widget_type=\"wp-widget-media_audio.default\">\n\t\t\t\t<div class=\"elementor-widget-container\">\n\t\t\t<audio class=\"wp-audio-shortcode\" id=\"audio-1725-1\" preload=\"none\" style=\"width: 100%;\" controls=\"controls\"><source type=\"audio\/mpeg\" src=\"https:\/\/sites.usp.br\/labicrono\/wp-content\/uploads\/sites\/862\/2021\/02\/1-Radio-Velazco-Vida-Subterr\u00e1neo-Patricia-e-Jefferson-2.mp3?_=1\" \/><source type=\"audio\/mpeg\" src=\"https:\/\/sites.usp.br\/lbc\/wp-content\/uploads\/sites\/862\/2021\/02\/1-Radio-Velazco-Vida-Subterr\u00e1neo-Patricia-e-Jefferson-2.mp3?_=1\" \/><a href=\"https:\/\/sites.usp.br\/labicrono\/wp-content\/uploads\/sites\/862\/2021\/02\/1-Radio-Velazco-Vida-Subterr\u00e1neo-Patricia-e-Jefferson-2.mp3\">https:\/\/sites.usp.br\/labicrono\/wp-content\/uploads\/sites\/862\/2021\/02\/1-Radio-Velazco-Vida-Subterr\u00e1neo-Patricia-e-Jefferson-2.mp3<\/a><\/audio>\t\t<\/div>\n\t\t\t\t<\/div>\n\t\t\t\t<div class=\"elementor-element elementor-element-8c253dc elementor-widget elementor-widget-text-editor\" data-id=\"8c253dc\" data-element_type=\"widget\" data-widget_type=\"text-editor.default\">\n\t\t\t\t<div class=\"elementor-widget-container\">\n\t\t\t\t\t\t\t<p><span style=\"font-weight: 400; font-size: 1.6rem;\"><span id=\"s2_1\">Interview with Radio Velazco 95.1 FM Anillaco, held on 07\/25\/2019, with the theme &#8220;<b>Los ritmos de la vida<\/b>&#8220;, this production was part of the series: &#8220;CRILAR al Aire&#8221;.<\/span> <span id=\"s2_2\" style=\"font-weight: 400;\">Milene Jannetti and Giovane Improta were interviewed. (Language: Spanish)<\/span>\u00a0<\/p>\t\t\t\t\t\t<\/div>\n\t\t\t\t<\/div>\n\t\t\t\t<div class=\"elementor-element elementor-element-a87214d elementor-widget elementor-widget-wp-widget-media_audio\" data-id=\"a87214d\" data-element_type=\"widget\" data-widget_type=\"wp-widget-media_audio.default\">\n\t\t\t\t<div class=\"elementor-widget-container\">\n\t\t\t<audio class=\"wp-audio-shortcode\" id=\"audio-1725-2\" preload=\"none\" style=\"width: 100%;\" controls=\"controls\"><source type=\"audio\/mpeg\" src=\"https:\/\/sites.usp.br\/labicrono\/wp-content\/uploads\/sites\/862\/2021\/02\/2-Radio-Velazco-Ritmos-Biologicos-Milene-e-Giovane-2.mp3?_=2\" \/><source type=\"audio\/mpeg\" src=\"https:\/\/sites.usp.br\/lbc\/wp-content\/uploads\/sites\/862\/2021\/02\/2-Radio-Velazco-Ritmos-Biologicos-Milene-e-Giovane-2.mp3?_=2\" \/><a href=\"https:\/\/sites.usp.br\/labicrono\/wp-content\/uploads\/sites\/862\/2021\/02\/2-Radio-Velazco-Ritmos-Biologicos-Milene-e-Giovane-2.mp3\">https:\/\/sites.usp.br\/labicrono\/wp-content\/uploads\/sites\/862\/2021\/02\/2-Radio-Velazco-Ritmos-Biologicos-Milene-e-Giovane-2.mp3<\/a><\/audio>\t\t<\/div>\n\t\t\t\t<\/div>\n\t\t\t\t<div class=\"elementor-element elementor-element-64b8efd elementor-widget elementor-widget-text-editor\" data-id=\"64b8efd\" data-element_type=\"widget\" data-widget_type=\"text-editor.default\">\n\t\t\t\t<div class=\"elementor-widget-container\">\n\t\t\t\t\t\t\t<h2><span style=\"font-weight: 400; font-size: 1.6rem;\">Podcast<\/span><\/h2><p><span style=\"font-weight: 400; font-size: 1.6rem;\">&#8220;Al\u00f4, Ci\u00eancia?&#8221; Episode #028, with Prof. Gisele Oda<span style=\"font-weight: 400;\">\u00a0(Language: Portuguese)<\/span>\u00a0<\/p><p><blockquote class=\"wp-embedded-content\" data-secret=\"ucJoJaiujO\"><a href=\"https:\/\/alociencia.com.br\/podcast\/028-cronobiologia\/\">#028 Rel\u00f3gios Biol\u00f3gicos: Cronobiologia no Pr\u00eamio Nobel<\/a><\/blockquote><iframe class=\"wp-embedded-content\" sandbox=\"allow-scripts\" security=\"restricted\" style=\"position: absolute; clip: rect(1px, 1px, 1px, 1px);\" title=\"&#8220;#028 Rel\u00f3gios Biol\u00f3gicos: Cronobiologia no Pr\u00eamio Nobel&#8221; &#8212; Al\u00f4, Ci\u00eancia?\" src=\"https:\/\/alociencia.com.br\/podcast\/028-cronobiologia\/embed\/#?secret=hzt7uDL3Z1#?secret=ucJoJaiujO\" data-secret=\"ucJoJaiujO\" width=\"600\" height=\"338\" frameborder=\"0\" marginwidth=\"0\" marginheight=\"0\" scrolling=\"no\"><\/iframe><\/p>\t\t\t\t\t\t<\/div>\n\t\t\t\t<\/div>\n\t\t\t\t\t<\/div>\n\t\t<\/div>\n\t\t\t\t\t<\/div>\n\t\t<\/section>\n\t\t\t\t\t<\/div>\n\t\t<\/div>\n\t\t\t\t\t<\/div>\n\t\t<\/section>\n\t\t\t\t<\/div>\n\t\t","protected":false},"excerpt":{"rendered":"<p>Communication To watch https:\/\/sites.usp.br\/labicrono\/wp-content\/uploads\/sites\/862\/2021\/05\/Video_CRILAR.mp4https:\/\/www.youtube.com\/watch?v=KTo5TWr3MI8 Pesquisa FAPESP Learn more: https:\/\/revistapesquisa.fapesp.br\/en\/a-clock-that-works-in-the-dark\/ (Language: English) To read Magazines National Geographic Brasil, 04\/25\/2018, &#8220;Subterranean rodent switches day for night and intrigues Brazilian researchers&#8221;\u00a0(Language: Portuguese) https:\/\/www.nationalgeographicbrasil.com\/animais\/2018\/04\/habitos-de-roedor-intrigam-pesquisadores-brasileiros-tuco-tuco-usp To hear Radio Interview with Radio Velazco 95.1 FM Anillaco, held on 07\/17\/2019, with the theme &#8220;Subterranean life&#8220;, this production was part of the series:<a href=\"https:\/\/sites.usp.br\/labicrono\/en\/divulgacao\/\">[&#8230;]<\/a><\/p>\n","protected":false},"author":1200,"featured_media":0,"parent":0,"menu_order":0,"comment_status":"closed","ping_status":"closed","template":"elementor_header_footer","meta":{"footnotes":"","_links_to":"","_links_to_target":""},"class_list":["post-1725","page","type-page","status-publish","hentry"],"_links":{"self":[{"href":"https:\/\/sites.usp.br\/labicrono\/en\/wp-json\/wp\/v2\/pages\/1725","targetHints":{"allow":["GET"]}}],"collection":[{"href":"https:\/\/sites.usp.br\/labicrono\/en\/wp-json\/wp\/v2\/pages"}],"about":[{"href":"https:\/\/sites.usp.br\/labicrono\/en\/wp-json\/wp\/v2\/types\/page"}],"author":[{"embeddable":true,"href":"https:\/\/sites.usp.br\/labicrono\/en\/wp-json\/wp\/v2\/users\/1200"}],"replies":[{"embeddable":true,"href":"https:\/\/sites.usp.br\/labicrono\/en\/wp-json\/wp\/v2\/comments?post=1725"}],"version-history":[{"count":4,"href":"https:\/\/sites.usp.br\/labicrono\/en\/wp-json\/wp\/v2\/pages\/1725\/revisions"}],"predecessor-version":[{"id":2677,"href":"https:\/\/sites.usp.br\/labicrono\/en\/wp-json\/wp\/v2\/pages\/1725\/revisions\/2677"}],"wp:attachment":[{"href":"https:\/\/sites.usp.br\/labicrono\/en\/wp-json\/wp\/v2\/media?parent=1725"}],"curies":[{"name":"wp","href":"https:\/\/api.w.org\/{rel}","templated":true}]}}