{"id":64,"date":"2014-02-12T11:28:54","date_gmt":"2014-02-12T13:28:54","guid":{"rendered":"http:\/\/sites.usp.br\/lbc\/?page_id=64"},"modified":"2024-07-23T16:04:25","modified_gmt":"2024-07-23T19:04:25","slug":"pagina-2","status":"publish","type":"page","link":"https:\/\/sites.usp.br\/labicrono\/es\/","title":{"rendered":"P\u00e1gina principal"},"content":{"rendered":"\t\t<div data-elementor-type=\"wp-post\" data-elementor-id=\"64\" class=\"elementor elementor-64\" data-elementor-post-type=\"page\">\n\t\t\t\t\t\t<section class=\"elementor-section elementor-top-section elementor-element elementor-element-bcc6557 elementor-section-boxed elementor-section-height-default elementor-section-height-default\" data-id=\"bcc6557\" data-element_type=\"section\" data-settings=\"{&quot;background_background&quot;:&quot;classic&quot;}\">\n\t\t\t\t\t\t\t<div class=\"elementor-background-overlay\"><\/div>\n\t\t\t\t\t\t\t<div class=\"elementor-container elementor-column-gap-default\">\n\t\t\t\t\t<div class=\"elementor-column elementor-col-100 elementor-top-column elementor-element elementor-element-bdd3045\" data-id=\"bdd3045\" data-element_type=\"column\">\n\t\t\t<div class=\"elementor-widget-wrap elementor-element-populated\">\n\t\t\t\t\t\t<section class=\"elementor-section elementor-inner-section elementor-element elementor-element-d257a34 elementor-section-boxed elementor-section-height-default elementor-section-height-default\" data-id=\"d257a34\" data-element_type=\"section\">\n\t\t\t\t\t\t<div class=\"elementor-container elementor-column-gap-default\">\n\t\t\t\t\t<div class=\"elementor-column elementor-col-50 elementor-inner-column elementor-element elementor-element-cc46696\" data-id=\"cc46696\" data-element_type=\"column\">\n\t\t\t<div class=\"elementor-widget-wrap elementor-element-populated\">\n\t\t\t\t\t\t<div class=\"elementor-element elementor-element-15e5699 elementor-widget elementor-widget-image\" data-id=\"15e5699\" data-element_type=\"widget\" data-widget_type=\"image.default\">\n\t\t\t\t<div class=\"elementor-widget-container\">\n\t\t\t\t\t\t\t\t\t\t\t\t\t<img fetchpriority=\"high\" decoding=\"async\" width=\"512\" height=\"384\" src=\"https:\/\/sites.usp.br\/labicrono\/wp-content\/uploads\/sites\/862\/2021\/01\/Lab2.jpg\" class=\"attachment-large size-large wp-image-708\" alt=\"\" srcset=\"https:\/\/sites.usp.br\/labicrono\/wp-content\/uploads\/sites\/862\/2021\/01\/Lab2.jpg 512w, https:\/\/sites.usp.br\/labicrono\/wp-content\/uploads\/sites\/862\/2021\/01\/Lab2-300x225.jpg 300w, https:\/\/sites.usp.br\/labicrono\/wp-content\/uploads\/sites\/862\/2021\/01\/Lab2-80x60.jpg 80w, https:\/\/sites.usp.br\/labicrono\/wp-content\/uploads\/sites\/862\/2021\/01\/Lab2-400x300.jpg 400w\" sizes=\"(max-width: 512px) 100vw, 512px\" \/>\t\t\t\t\t\t\t\t\t\t\t\t\t<\/div>\n\t\t\t\t<\/div>\n\t\t\t\t\t<\/div>\n\t\t<\/div>\n\t\t\t\t<div class=\"elementor-column elementor-col-50 elementor-inner-column elementor-element elementor-element-19a7ca0\" data-id=\"19a7ca0\" data-element_type=\"column\">\n\t\t\t<div class=\"elementor-widget-wrap elementor-element-populated\">\n\t\t\t\t\t\t<div class=\"elementor-element elementor-element-dfb3aab elementor-widget elementor-widget-heading\" data-id=\"dfb3aab\" data-element_type=\"widget\" data-widget_type=\"heading.default\">\n\t\t\t\t<div class=\"elementor-widget-container\">\n\t\t\t<h3 class=\"elementor-heading-title elementor-size-xxl\"><br> Laboratorio de Cronobiologia Binacional \n<\/h3>\t\t<\/div>\n\t\t\t\t<\/div>\n\t\t\t\t<div class=\"elementor-element elementor-element-abec32b elementor-widget elementor-widget-heading\" data-id=\"abec32b\" data-element_type=\"widget\" data-widget_type=\"heading.default\">\n\t\t\t\t<div class=\"elementor-widget-container\">\n\t\t\t<h2 class=\"elementor-heading-title elementor-size-default\">Argentina\/Brasil <\/h2>\t\t<\/div>\n\t\t\t\t<\/div>\n\t\t\t\t\t<\/div>\n\t\t<\/div>\n\t\t\t\t\t<\/div>\n\t\t<\/section>\n\t\t\t\t\t<\/div>\n\t\t<\/div>\n\t\t\t\t\t<\/div>\n\t\t<\/section>\n\t\t\t\t<section class=\"elementor-section elementor-top-section elementor-element elementor-element-d6f4042 elementor-section-boxed elementor-section-height-default elementor-section-height-default\" data-id=\"d6f4042\" data-element_type=\"section\" data-settings=\"{&quot;background_background&quot;:&quot;classic&quot;}\">\n\t\t\t\t\t\t\t<div class=\"elementor-background-overlay\"><\/div>\n\t\t\t\t\t\t\t<div class=\"elementor-container elementor-column-gap-default\">\n\t\t\t\t\t<div class=\"elementor-column elementor-col-100 elementor-top-column elementor-element elementor-element-f08db1a\" data-id=\"f08db1a\" data-element_type=\"column\">\n\t\t\t<div class=\"elementor-widget-wrap elementor-element-populated\">\n\t\t\t\t\t\t<div class=\"elementor-element elementor-element-e0384f7 elementor-widget elementor-widget-text-editor\" data-id=\"e0384f7\" data-element_type=\"widget\" data-widget_type=\"text-editor.default\">\n\t\t\t\t<div class=\"elementor-widget-container\">\n\t\t\t\t\t\t\t<p><span style=\"font-weight: 400;\"> \u00a0<\/span>El <b>Laboratorio Binacional de Cronobiolog\u00eda<\/b><span style=\"font-weight: 400;\"> investiga la organizaci\u00f3n temporal de la fisiolog\u00eda y el comportamiento en tuco-tucos (<em>Ctenomys famosus<\/em>), roedores subterr\u00e1neos end\u00e9micos de Am\u00e9rica del Sur. El Laboratorio est\u00e1 ubicado en parte en el Centro de Investigaciones de La Rioja CRILAR-CONICET y en el Instituto de Biociencias de USP, resultado de la colaboraci\u00f3n entre la Dra. Veronica Valentinuzzi, de Argentina y la Dra. Gisele Oda, de Brasil. Desde 2008, la Dra. Gisele y estudiantes de pregrado, posgrado y posdoctorado de la Universidad de S\u00e3o Paulo viajan varias veces al a\u00f1o a CRILAR, donde vive y trabaja la Dra. Ver\u00f3nica. Por estar ubicado en el h\u00e1bitat natural de los tuco-tucos, en el desierto de Monte, el grupo ha desarrollado un estudio paralelo de <\/span><b>laboratorio<\/b><span style=\"font-weight: 400;\">, <\/span><b>arenas seminaturales<\/b><span style=\"font-weight: 400;\"> y de <\/span><b>vida libre<\/b><span style=\"font-weight: 400;\"> para estos mam\u00edferos subterr\u00e1neos, integrando Cronobiolog\u00eda, Metabolismo Energ\u00e9tico, Ecofisiolog\u00eda y Modelagem de Sistemas Din\u00e1micos.<\/span><\/p><blockquote><p><span style=\"font-weight: 400;\">Convenio CONICET &#8211; Instituto de Bioci\u00eancias (USP)<\/span><\/p><\/blockquote><blockquote><p><em><span style=\"font-weight: 400;\">CONVE-2024-70857227-APN-CONICET#JGM<\/span><\/em><\/p><p><span style=\"font-weight: 400;\">\u00a0 \u00a0 \u00a0 \u00a0 \u00a0 [download id=\u00bb2690&#8243; template=\u00bbtitle\u00bb]<\/span><\/p><\/blockquote>\t\t\t\t\t\t<\/div>\n\t\t\t\t<\/div>\n\t\t\t\t\t<\/div>\n\t\t<\/div>\n\t\t\t\t<div class=\"elementor-column elementor-col-100 elementor-top-column elementor-element elementor-element-8b7b731\" data-id=\"8b7b731\" data-element_type=\"column\">\n\t\t\t<div class=\"elementor-widget-wrap elementor-element-populated\">\n\t\t\t\t\t\t<div class=\"elementor-element elementor-element-685aba7 elementor-widget elementor-widget-image\" data-id=\"685aba7\" data-element_type=\"widget\" data-widget_type=\"image.default\">\n\t\t\t\t<div class=\"elementor-widget-container\">\n\t\t\t\t\t\t\t\t\t\t<figure class=\"wp-caption\">\n\t\t\t\t\t\t\t\t\t\t<img decoding=\"async\" width=\"640\" height=\"480\" src=\"https:\/\/sites.usp.br\/labicrono\/wp-content\/uploads\/sites\/862\/2021\/02\/PaginaInicial-1-1024x768.jpeg\" class=\"attachment-large size-large wp-image-1832\" alt=\"\" srcset=\"https:\/\/sites.usp.br\/labicrono\/wp-content\/uploads\/sites\/862\/2021\/02\/PaginaInicial-1-1024x768.jpeg 1024w, https:\/\/sites.usp.br\/labicrono\/wp-content\/uploads\/sites\/862\/2021\/02\/PaginaInicial-1-300x225.jpeg 300w, https:\/\/sites.usp.br\/labicrono\/wp-content\/uploads\/sites\/862\/2021\/02\/PaginaInicial-1-768x576.jpeg 768w, https:\/\/sites.usp.br\/labicrono\/wp-content\/uploads\/sites\/862\/2021\/02\/PaginaInicial-1-285x214.jpeg 285w, https:\/\/sites.usp.br\/labicrono\/wp-content\/uploads\/sites\/862\/2021\/02\/PaginaInicial-1-80x60.jpeg 80w, https:\/\/sites.usp.br\/labicrono\/wp-content\/uploads\/sites\/862\/2021\/02\/PaginaInicial-1-400x300.jpeg 400w, https:\/\/sites.usp.br\/labicrono\/wp-content\/uploads\/sites\/862\/2021\/02\/PaginaInicial-1.jpeg 1280w\" sizes=\"(max-width: 640px) 100vw, 640px\" \/>\t\t\t\t\t\t\t\t\t\t\t<figcaption class=\"widget-image-caption wp-caption-text\"> Veronica Valentinuzzi y Gisele Oda observando el primer tuco-tuco que se estableci\u00f3 exitosamente dentro de la arena, en 2009  <\/figcaption>\n\t\t\t\t\t\t\t\t\t\t<\/figure>\n\t\t\t\t\t\t\t<\/div>\n\t\t\t\t<\/div>\n\t\t\t\t\t<\/div>\n\t\t<\/div>\n\t\t\t\t\t<\/div>\n\t\t<\/section>\n\t\t\t\t<section class=\"elementor-section elementor-top-section elementor-element elementor-element-f3b26d9 elementor-section-boxed elementor-section-height-default elementor-section-height-default\" data-id=\"f3b26d9\" data-element_type=\"section\" data-settings=\"{&quot;background_background&quot;:&quot;classic&quot;}\">\n\t\t\t\t\t\t\t<div class=\"elementor-background-overlay\"><\/div>\n\t\t\t\t\t\t\t<div class=\"elementor-container elementor-column-gap-default\">\n\t\t\t\t\t<div class=\"elementor-column elementor-col-100 elementor-top-column elementor-element elementor-element-1aaf6f7\" data-id=\"1aaf6f7\" data-element_type=\"column\">\n\t\t\t<div class=\"elementor-widget-wrap elementor-element-populated\">\n\t\t\t\t\t\t<div class=\"elementor-element elementor-element-f154b7d elementor-widget elementor-widget-button\" data-id=\"f154b7d\" data-element_type=\"widget\" data-widget_type=\"button.default\">\n\t\t\t\t<div class=\"elementor-widget-container\">\n\t\t\t\t\t\t\t<div class=\"elementor-button-wrapper\">\n\t\t\t\t\t<a class=\"elementor-button elementor-button-link elementor-size-sm\" href=\"https:\/\/sites.usp.br\/labicrono\/linha-de-pesquisa\/\">\n\t\t\t\t\t\t<span class=\"elementor-button-content-wrapper\">\n\t\t\t\t\t\t<span class=\"elementor-button-icon\">\n\t\t\t\t<i aria-hidden=\"true\" class=\"fas fa-search\"><\/i>\t\t\t<\/span>\n\t\t\t\t\t\t\t\t\t<span class=\"elementor-button-text\">M\u00e1s informaci\u00f3n sobre nuestra investigaci\u00f3n<\/span>\n\t\t\t\t\t<\/span>\n\t\t\t\t\t<\/a>\n\t\t\t\t<\/div>\n\t\t\t\t\t\t<\/div>\n\t\t\t\t<\/div>\n\t\t\t\t\t<\/div>\n\t\t<\/div>\n\t\t\t\t\t<\/div>\n\t\t<\/section>\n\t\t\t\t<section class=\"elementor-section elementor-top-section elementor-element elementor-element-4e580ef elementor-section-boxed elementor-section-height-default elementor-section-height-default\" data-id=\"4e580ef\" data-element_type=\"section\" data-settings=\"{&quot;background_background&quot;:&quot;classic&quot;}\">\n\t\t\t\t\t\t<div class=\"elementor-container elementor-column-gap-default\">\n\t\t\t\t\t<div class=\"elementor-column elementor-col-100 elementor-top-column elementor-element elementor-element-813790d\" data-id=\"813790d\" data-element_type=\"column\">\n\t\t\t<div class=\"elementor-widget-wrap elementor-element-populated\">\n\t\t\t\t\t\t<div class=\"elementor-element elementor-element-07229ea elementor-search-form--skin-classic elementor-search-form--button-type-icon elementor-search-form--icon-search elementor-widget elementor-widget-search-form\" data-id=\"07229ea\" data-element_type=\"widget\" data-settings=\"{&quot;skin&quot;:&quot;classic&quot;}\" data-widget_type=\"search-form.default\">\n\t\t\t\t<div class=\"elementor-widget-container\">\n\t\t\t\t\t<search role=\"search\">\n\t\t\t<form class=\"elementor-search-form\" action=\"https:\/\/sites.usp.br\/labicrono\/es\" method=\"get\">\n\t\t\t\t\t\t\t\t\t\t\t\t<div class=\"elementor-search-form__container\">\n\t\t\t\t\t<label class=\"elementor-screen-only\" for=\"elementor-search-form-07229ea\">Search<\/label>\n\n\t\t\t\t\t\n\t\t\t\t\t<input id=\"elementor-search-form-07229ea\" placeholder=\"Buscar\" class=\"elementor-search-form__input\" type=\"search\" name=\"s\" value=\"\">\n\t\t\t\t\t\n\t\t\t\t\t\t\t\t\t\t\t<button class=\"elementor-search-form__submit\" type=\"submit\" aria-label=\"Search\">\n\t\t\t\t\t\t\t\t\t\t\t\t\t\t\t<i aria-hidden=\"true\" class=\"fas fa-search\"><\/i>\t\t\t\t\t\t\t\t<span class=\"elementor-screen-only\">Search<\/span>\n\t\t\t\t\t\t\t\t\t\t\t\t\t<\/button>\n\t\t\t\t\t\n\t\t\t\t\t\t\t\t\t<\/div>\n\t\t\t<\/form>\n\t\t<\/search>\n\t\t\t\t<\/div>\n\t\t\t\t<\/div>\n\t\t\t\t<div class=\"elementor-element elementor-element-9669d3d elementor-widget elementor-widget-text-editor\" data-id=\"9669d3d\" data-element_type=\"widget\" data-widget_type=\"text-editor.default\">\n\t\t\t\t<div class=\"elementor-widget-container\">\n\t\t\t\t\t\t\t<p><span style=\"vertical-align: inherit;\"><span style=\"vertical-align: inherit;\"><span style=\"vertical-align: inherit;\"><span style=\"vertical-align: inherit;\"><span style=\"vertical-align: inherit;\"><span style=\"vertical-align: inherit;\"><span style=\"vertical-align: inherit;\"><span style=\"vertical-align: inherit;\"><span style=\"vertical-align: inherit;\"><span style=\"vertical-align: inherit;\"><span style=\"vertical-align: inherit;\"><span style=\"vertical-align: inherit;\">\u00a0<\/span><\/span><\/span><\/span><\/span><\/span><\/span><\/span><\/span><\/span><\/span><\/span><\/p><p>LaBiCrono<\/p>\t\t\t\t\t\t<\/div>\n\t\t\t\t<\/div>\n\t\t\t\t\t<\/div>\n\t\t<\/div>\n\t\t\t\t\t<\/div>\n\t\t<\/section>\n\t\t\t\t<section class=\"elementor-section elementor-top-section elementor-element elementor-element-96fb314 elementor-section-boxed elementor-section-height-default elementor-section-height-default\" data-id=\"96fb314\" data-element_type=\"section\" data-settings=\"{&quot;background_background&quot;:&quot;classic&quot;}\">\n\t\t\t\t\t\t<div class=\"elementor-container elementor-column-gap-default\">\n\t\t\t\t\t<div class=\"elementor-column elementor-col-33 elementor-top-column elementor-element elementor-element-45c51c1\" data-id=\"45c51c1\" data-element_type=\"column\">\n\t\t\t<div class=\"elementor-widget-wrap elementor-element-populated\">\n\t\t\t\t\t\t<div class=\"elementor-element elementor-element-7325689 elementor-widget elementor-widget-image\" data-id=\"7325689\" data-element_type=\"widget\" data-widget_type=\"image.default\">\n\t\t\t\t<div class=\"elementor-widget-container\">\n\t\t\t\t\t\t\t\t\t\t\t\t\t<img decoding=\"async\" width=\"247\" height=\"300\" src=\"https:\/\/sites.usp.br\/labicrono\/wp-content\/uploads\/sites\/862\/2021\/01\/LBC_Logo-247x300.png\" class=\"attachment-medium size-medium wp-image-697\" alt=\"\" srcset=\"https:\/\/sites.usp.br\/labicrono\/wp-content\/uploads\/sites\/862\/2021\/01\/LBC_Logo-247x300.png 247w, https:\/\/sites.usp.br\/labicrono\/wp-content\/uploads\/sites\/862\/2021\/01\/LBC_Logo-400x486.png 400w, https:\/\/sites.usp.br\/labicrono\/wp-content\/uploads\/sites\/862\/2021\/01\/LBC_Logo.png 644w\" sizes=\"(max-width: 247px) 100vw, 247px\" \/>\t\t\t\t\t\t\t\t\t\t\t\t\t<\/div>\n\t\t\t\t<\/div>\n\t\t\t\t\t<\/div>\n\t\t<\/div>\n\t\t\t\t<div class=\"elementor-column elementor-col-33 elementor-top-column elementor-element elementor-element-8188eea\" data-id=\"8188eea\" data-element_type=\"column\">\n\t\t\t<div class=\"elementor-widget-wrap elementor-element-populated\">\n\t\t\t\t\t\t<section class=\"elementor-section elementor-inner-section elementor-element elementor-element-473f130 elementor-section-boxed elementor-section-height-default elementor-section-height-default\" data-id=\"473f130\" data-element_type=\"section\">\n\t\t\t\t\t\t<div class=\"elementor-container elementor-column-gap-default\">\n\t\t\t\t\t<div class=\"elementor-column elementor-col-50 elementor-inner-column elementor-element elementor-element-35a16eb\" data-id=\"35a16eb\" data-element_type=\"column\">\n\t\t\t<div class=\"elementor-widget-wrap elementor-element-populated\">\n\t\t\t\t\t\t<div class=\"elementor-element elementor-element-be90c30 elementor-widget elementor-widget-text-editor\" data-id=\"be90c30\" data-element_type=\"widget\" data-widget_type=\"text-editor.default\">\n\t\t\t\t<div class=\"elementor-widget-container\">\n\t\t\t\t\t\t\t<p>Argentina &#8211; CRILAR <\/p>\t\t\t\t\t\t<\/div>\n\t\t\t\t<\/div>\n\t\t\t\t<div class=\"elementor-element elementor-element-924bdc3 elementor-widget elementor-widget-text-editor\" data-id=\"924bdc3\" data-element_type=\"widget\" data-widget_type=\"text-editor.default\">\n\t\t\t\t<div class=\"elementor-widget-container\">\n\t\t\t\t\t\t\t<p>Centro Regional de Investigaciones Cient\u00edficas y Transferencia Tecnol\u00f3gica<\/p><p>Contacto: vvalentinuzzi@crilar-conicet.gob.ar<\/p>\t\t\t\t\t\t<\/div>\n\t\t\t\t<\/div>\n\t\t\t\t\t<\/div>\n\t\t<\/div>\n\t\t\t\t<div class=\"elementor-column elementor-col-50 elementor-inner-column elementor-element elementor-element-f40e197\" data-id=\"f40e197\" data-element_type=\"column\">\n\t\t\t<div class=\"elementor-widget-wrap elementor-element-populated\">\n\t\t\t\t\t\t<div class=\"elementor-element elementor-element-90cc057 elementor-widget elementor-widget-text-editor\" data-id=\"90cc057\" data-element_type=\"widget\" data-widget_type=\"text-editor.default\">\n\t\t\t\t<div class=\"elementor-widget-container\">\n\t\t\t\t\t\t\t<p>Brasil &#8211; IB USP <\/p>\t\t\t\t\t\t<\/div>\n\t\t\t\t<\/div>\n\t\t\t\t<div class=\"elementor-element elementor-element-22f5948 elementor-widget elementor-widget-text-editor\" data-id=\"22f5948\" data-element_type=\"widget\" data-widget_type=\"text-editor.default\">\n\t\t\t\t<div class=\"elementor-widget-container\">\n\t\t\t\t\t\t\t<p>Instituto de Bioci\u00eancias da Universiadade de S\u00e3o Paulo<\/p>\n<p>Contacto: gaoda@ib.usp.br<\/p>\t\t\t\t\t\t<\/div>\n\t\t\t\t<\/div>\n\t\t\t\t\t<\/div>\n\t\t<\/div>\n\t\t\t\t\t<\/div>\n\t\t<\/section>\n\t\t\t\t\t<\/div>\n\t\t<\/div>\n\t\t\t\t<div class=\"elementor-column elementor-col-33 elementor-top-column elementor-element elementor-element-81313ff\" data-id=\"81313ff\" data-element_type=\"column\">\n\t\t\t<div class=\"elementor-widget-wrap elementor-element-populated\">\n\t\t\t\t\t\t<section class=\"elementor-section elementor-inner-section elementor-element elementor-element-158516b elementor-section-boxed elementor-section-height-default elementor-section-height-default\" data-id=\"158516b\" data-element_type=\"section\">\n\t\t\t\t\t\t<div class=\"elementor-container elementor-column-gap-default\">\n\t\t\t\t\t<div class=\"elementor-column elementor-col-50 elementor-inner-column elementor-element elementor-element-a5be2af\" data-id=\"a5be2af\" data-element_type=\"column\">\n\t\t\t<div class=\"elementor-widget-wrap elementor-element-populated\">\n\t\t\t\t\t\t<div class=\"elementor-element elementor-element-2d92e13 elementor-widget elementor-widget-image\" data-id=\"2d92e13\" data-element_type=\"widget\" data-widget_type=\"image.default\">\n\t\t\t\t<div class=\"elementor-widget-container\">\n\t\t\t\t\t\t\t\t\t\t\t\t\t<img decoding=\"async\" src=\"https:\/\/sites.usp.br\/labicrono\/wp-content\/uploads\/sites\/862\/elementor\/thumbs\/CRILAR-p3ne8no17v581squmjfp8y7ckvjyov2wcf620cm3ec.png\" title=\"CRILAR\" alt=\"CRILAR\" loading=\"lazy\" \/>\t\t\t\t\t\t\t\t\t\t\t\t\t<\/div>\n\t\t\t\t<\/div>\n\t\t\t\t\t<\/div>\n\t\t<\/div>\n\t\t\t\t<div class=\"elementor-column elementor-col-50 elementor-inner-column elementor-element elementor-element-68027bc\" data-id=\"68027bc\" data-element_type=\"column\">\n\t\t\t<div class=\"elementor-widget-wrap elementor-element-populated\">\n\t\t\t\t\t\t<div class=\"elementor-element elementor-element-6b8e4c5 elementor-widget elementor-widget-image\" data-id=\"6b8e4c5\" data-element_type=\"widget\" data-widget_type=\"image.default\">\n\t\t\t\t<div class=\"elementor-widget-container\">\n\t\t\t\t\t\t\t\t\t\t\t\t\t<img decoding=\"async\" src=\"https:\/\/sites.usp.br\/labicrono\/wp-content\/uploads\/sites\/862\/elementor\/thumbs\/IBUSP-p3ne6ut6q82dders6ohsre2px1bcmojoqnp7yh9duk.png\" title=\"IBUSP\" alt=\"IBUSP\" loading=\"lazy\" \/>\t\t\t\t\t\t\t\t\t\t\t\t\t<\/div>\n\t\t\t\t<\/div>\n\t\t\t\t\t<\/div>\n\t\t<\/div>\n\t\t\t\t\t<\/div>\n\t\t<\/section>\n\t\t\t\t\t<\/div>\n\t\t<\/div>\n\t\t\t\t\t<\/div>\n\t\t<\/section>\n\t\t\t\t<\/div>\n\t\t","protected":false},"excerpt":{"rendered":"<p>Laboratorio de Cronobiologia Binacional Argentina\/Brasil \u00a0El Laboratorio Binacional de Cronobiolog\u00eda investiga la organizaci\u00f3n temporal de la fisiolog\u00eda y el comportamiento en tuco-tucos (Ctenomys famosus), roedores subterr\u00e1neos end\u00e9micos de Am\u00e9rica del Sur. El Laboratorio est\u00e1 ubicado en parte en el Centro de Investigaciones de La Rioja CRILAR-CONICET y en el Instituto de Biociencias de USP, resultado<a href=\"https:\/\/sites.usp.br\/labicrono\/es\/\">[&#8230;]<\/a><\/p>\n","protected":false},"author":1,"featured_media":0,"parent":0,"menu_order":0,"comment_status":"closed","ping_status":"closed","template":"elementor_header_footer","meta":{"footnotes":"","_links_to":"","_links_to_target":""},"class_list":["post-64","page","type-page","status-publish","hentry"],"_links":{"self":[{"href":"https:\/\/sites.usp.br\/labicrono\/es\/wp-json\/wp\/v2\/pages\/64","targetHints":{"allow":["GET"]}}],"collection":[{"href":"https:\/\/sites.usp.br\/labicrono\/es\/wp-json\/wp\/v2\/pages"}],"about":[{"href":"https:\/\/sites.usp.br\/labicrono\/es\/wp-json\/wp\/v2\/types\/page"}],"author":[{"embeddable":true,"href":"https:\/\/sites.usp.br\/labicrono\/es\/wp-json\/wp\/v2\/users\/1"}],"replies":[{"embeddable":true,"href":"https:\/\/sites.usp.br\/labicrono\/es\/wp-json\/wp\/v2\/comments?post=64"}],"version-history":[{"count":4,"href":"https:\/\/sites.usp.br\/labicrono\/es\/wp-json\/wp\/v2\/pages\/64\/revisions"}],"predecessor-version":[{"id":2700,"href":"https:\/\/sites.usp.br\/labicrono\/es\/wp-json\/wp\/v2\/pages\/64\/revisions\/2700"}],"wp:attachment":[{"href":"https:\/\/sites.usp.br\/labicrono\/es\/wp-json\/wp\/v2\/media?parent=64"}],"curies":[{"name":"wp","href":"https:\/\/api.w.org\/{rel}","templated":true}]}}