{"id":2858,"date":"2023-04-03T12:02:44","date_gmt":"2023-04-03T15:02:44","guid":{"rendered":"https:\/\/sites.usp.br\/labilita\/?page_id=2858"},"modified":"2023-05-22T15:04:12","modified_gmt":"2023-05-22T18:04:12","slug":"labilita","status":"publish","type":"page","link":"https:\/\/sites.usp.br\/labilita\/","title":{"rendered":"Labilita"},"content":{"rendered":"<p><strong>Docente Respons\u00e1vel: Profa. Dra. Gabriela Rezende<\/strong><\/p>\n<p style=\"text-align: justify;\">O grupo de pesquisa\u00a0<strong>Laborat\u00f3rio de Re(H)abilita\u00e7\u00e3o e do Desempenho Ocupacional (Labilita)\u00a0<\/strong>foi fundado em 2022, pela Profa. Dra. Gabriela Rezende junto ao Curso de Terapia Ocupacional da Faculdade de Medicina de Ribeir\u00e3o Preto \u2013 USP. Foi credenciado no Diret\u00f3rio de Grupos de Pesquisa do CNPq em mar\u00e7o de 2023.<\/p>\n<p style=\"text-align: justify;\">\u00c9 composto por docentes, alunos de gradua\u00e7\u00e3o e de p\u00f3s-gradua\u00e7\u00e3o, residentes e pesquisadores com interesse comum na linha de pesquisa: \u201cInova\u00e7\u00f5es em Reabilita\u00e7\u00e3o Funcional e Paliativa\u201d, com \u00eanfase em estudos em estudos e pesquisas cient\u00edficas relevantes para contribuir com o avan\u00e7o da ci\u00eancia, baseado em princ\u00edpios \u00e9ticos, de tal forma a assegurar o desenvolvimento t\u00e9cnico cient\u00edfico e assistencial nas \u00e1reas de reabilita\u00e7\u00e3o neurol\u00f3gica, ortop\u00e9dica, traumatol\u00f3gica, reumatol\u00f3gica, oncol\u00f3gica e cuidados paliativos. Al\u00e9m de atuar com inova\u00e7\u00f5es tecnol\u00f3gicas de alto custo, como rob\u00f3tica, neuromodula\u00e7\u00e3o, impress\u00e3o 3D e de baixo custo, tendo em vista a promo\u00e7\u00e3o de estudos envolvendo \u00f3rteses, pr\u00f3teses e meios de locomo\u00e7\u00e3o.<\/p>\n<p style=\"text-align: justify;\">Localiza-se no 1o andar do pr\u00e9dio do Departamento de Ci\u00eancias da Sa\u00fade. Est\u00e1 vinculado \u00e0 divis\u00e3o de Terapia Ocupacional do Departamento de Ci\u00eancias da Sa\u00fade da FMRP-USP e realiza reuni\u00f5es quinzenais.<\/p>\n<p style=\"text-align: justify;\">As atividades incluem: discuss\u00e3o e desenvolvimento de projetos de pesquisa, leitura e discuss\u00e3o de artigos cient\u00edficos, reuni\u00e3o com pesquisadores e especialistas, aulas e palestras, organiza\u00e7\u00e3o de eventos, dentre outras.<\/p>\n<p style=\"text-align: justify;\">Este laborat\u00f3rio de pesquisa, possibilita o desenvolvimento de:<\/p>\n<ul style=\"text-align: justify;\">\n<li>Modelos te\u00f3ricos e pesquisas em torno da linha de pesquisa;<\/li>\n<li>Interc\u00e2mbios com outros pesquisadores e profissionais de diversas institui\u00e7\u00f5es e servi\u00e7os, nacionais e internacionais, permitindo a cria\u00e7\u00e3o de novas parcerias entre nosso grupo de pesquisa e a comunidade e a gera\u00e7\u00e3o de pesquisas, atividades did\u00e1ticas e grupos de discuss\u00f5es;<\/li>\n<li>Um espa\u00e7o acad\u00eamico e de pesquisa sobre conhecimentos t\u00e9cnico-cient\u00edficos e atua\u00e7\u00e3o na \u00e1rea de reabilita\u00e7\u00e3o funcional e reabilita\u00e7\u00e3o paliativa.<\/li>\n<\/ul>\n<p style=\"text-align: justify;\">Dessa forma, espera-se que al\u00e9m dos avan\u00e7os relacionados aos aspectos acad\u00eamicos e de pesquisa, seja poss\u00edvel impactos no \u00e2mbito social de nossos projetos, por meio da promo\u00e7\u00e3o da assist\u00eancia qualificada, baseada em evid\u00eancia e inova\u00e7\u00f5es dos recursos terap\u00eauticos em reabilita\u00e7\u00e3o \u00e0 clientela atendida em diferentes servi\u00e7os ambulatoriais, hospitalares e de Cuidados Paliativos nos diferentes n\u00edveis de aten\u00e7\u00e3o \u00e0 sa\u00fade.<\/p>\n<p style=\"text-align: justify;\">\n","protected":false},"excerpt":{"rendered":"<p>Docente Respons\u00e1vel: Profa. Dra. Gabriela Rezende O grupo de pesquisa\u00a0Laborat\u00f3rio de Re(H)abilita\u00e7\u00e3o e do Desempenho Ocupacional (Labilita)\u00a0foi fundado em 2022, pela Profa. Dra. Gabriela Rezende junto ao Curso de Terapia Ocupacional da Faculdade de Medicina de Ribeir\u00e3o Preto \u2013 USP. Foi credenciado no Diret\u00f3rio de Grupos de Pesquisa do CNPq em mar\u00e7o de 2023. \u00c9 [&hellip;]<\/p>\n","protected":false},"author":635,"featured_media":0,"parent":0,"menu_order":0,"comment_status":"closed","ping_status":"closed","template":"","meta":{"_monsterinsights_skip_tracking":false,"_monsterinsights_sitenote_active":false,"_monsterinsights_sitenote_note":"","_monsterinsights_sitenote_category":0,"footnotes":"","_links_to":"","_links_to_target":""},"class_list":["post-2858","page","type-page","status-publish","hentry","entry"],"_links":{"self":[{"href":"https:\/\/sites.usp.br\/labilita\/wp-json\/wp\/v2\/pages\/2858","targetHints":{"allow":["GET"]}}],"collection":[{"href":"https:\/\/sites.usp.br\/labilita\/wp-json\/wp\/v2\/pages"}],"about":[{"href":"https:\/\/sites.usp.br\/labilita\/wp-json\/wp\/v2\/types\/page"}],"author":[{"embeddable":true,"href":"https:\/\/sites.usp.br\/labilita\/wp-json\/wp\/v2\/users\/635"}],"replies":[{"embeddable":true,"href":"https:\/\/sites.usp.br\/labilita\/wp-json\/wp\/v2\/comments?post=2858"}],"version-history":[{"count":4,"href":"https:\/\/sites.usp.br\/labilita\/wp-json\/wp\/v2\/pages\/2858\/revisions"}],"predecessor-version":[{"id":3024,"href":"https:\/\/sites.usp.br\/labilita\/wp-json\/wp\/v2\/pages\/2858\/revisions\/3024"}],"wp:attachment":[{"href":"https:\/\/sites.usp.br\/labilita\/wp-json\/wp\/v2\/media?parent=2858"}],"curies":[{"name":"wp","href":"https:\/\/api.w.org\/{rel}","templated":true}]}}