{"id":2889,"date":"2023-04-19T08:11:40","date_gmt":"2023-04-19T11:11:40","guid":{"rendered":"https:\/\/sites.usp.br\/labilita\/?page_id=2889"},"modified":"2023-04-19T08:11:40","modified_gmt":"2023-04-19T11:11:40","slug":"artigos","status":"publish","type":"page","link":"https:\/\/sites.usp.br\/labilita\/artigos\/","title":{"rendered":"Artigos"},"content":{"rendered":"<div class=\"artigo-completo\">\n<div class=\"layout-cell layout-cell-1 text-align-right\">\n<div class=\"layout-cell-pad-5 text-align-right\" style=\"text-align: justify;\"><\/div>\n<\/div>\n<div class=\"layout-cell layout-cell-11\">\n<ul style=\"list-style-type: square;\">\n<li class=\"layout-cell-pad-5\" style=\"text-align: justify;\">GOMES-FERRAZ, CRISTIANE APARECIDA ; <b>REZENDE, GABRIELA<\/b> ; FAGUNDES, AMANDA ANTUNES ; DE CARLO, MARYSIA MARA RODRIGUES DO PRADO. Assessment of total pain in people in oncologic palliative care: integrative literature review. Palliative Care and Social Practice, v. 16, p. 263235242211252, 2022.\n<div class=\"citado\"><\/div>\n<\/li>\n<\/ul>\n<\/div>\n<\/div>\n<div class=\"artigo-completo\">\n<div class=\"layout-cell layout-cell-11\">\n<ul style=\"list-style-type: square;\">\n<li class=\"layout-cell-pad-5\" style=\"text-align: justify;\"><b><a class=\"tooltip\" tabindex=\"106\" href=\"http:\/\/lattes.cnpq.br\/6043861435650782\" target=\"_blank\" rel=\"noopener\">REZENDE, GABRIELA<\/a><\/b>; GOMES-FERRAZ, CRISTIANE APARECIDA ; BACON, INGRID GIOVANNA FERREIRA IMBROINISI ; DE CARLO, MARYSIA MARA RODRIGUES DO PRADO . The importance of a continuum of rehabilitation from diagnosis of advanced cancer to palliative care. DISABILITY AND REHABILITATION<sup><img decoding=\"async\" id=\"09638288_2\" class=\"ajaxJCR jcrTip\" style=\"background: none 0px 0px repeat scroll transparent; border: 0px none; font-size: 11px; margin: 0px; padding: 0px; outline: none 0px; vertical-align: baseline; text-align: left;\" src=\"https:\/\/buscatextual.cnpq.br\/buscatextual\/images\/curriculo\/jcr.gif\" data-issn=\"09638288\" \/><\/sup>, v. ONLINE, p. 1-11, 2022.\n<div class=\"citado\"><\/div>\n<\/li>\n<\/ul>\n<\/div>\n<\/div>\n<div class=\"artigo-completo\" style=\"text-align: justify;\">\n<div class=\"layout-cell layout-cell-11\">\n<ul style=\"list-style-type: square;\">\n<li class=\"layout-cell-pad-5\">DE-CARLO, MARYSIA MARA RODRIGUES DO PRADO ; GOMES-FERRAZ, CRISTIANE APARECIDA ;\u00a0<b>REZENDE, GABRIELA<\/b>\u00a0; BUIN, LUCIANA ; MOREIRA, DIANA JASMIM AMAR ; SOUZA, KAROLINE LAZZAROTTO DE ; SACRAMENTO, ANGELA MARIA ; SANTOS, WALKYRIA DE ALMEIDA ; MENDES, PAULO VINICIUS BRAGA ; VENDRUSCULO-FANGEL, LETICIA MEDA . Diretrizes para a assist\u00eancia da terapia ocupacional na pandemia da COVID-19 e perspectivas p\u00f3s-pandemia. MEDICINA (RIBEIRAO PRETO. ONLINE), v. 53, p. 332-369, 2020.\n<div class=\"citado\"><\/div>\n<\/li>\n<\/ul>\n<\/div>\n<\/div>\n<div class=\"artigo-completo\">\n<div class=\"layout-cell layout-cell-11\">\n<ul style=\"list-style-type: square;\">\n<li class=\"layout-cell-pad-5\" style=\"text-align: justify;\">GOMES-FERRAZ, CRISTIANE APARECIDA ;\u00a0<b>REZENDE, GABRIELA<\/b>\u00a0; CARLO, MARYSIA MARA RODRIGUES DO PRADO DE . Uso de tecnologia de comunica\u00e7\u00e3o alternativa na avalia\u00e7\u00e3o da qualidade de vida de pacientes com c\u00e2ncer de cabe\u00e7a e pesco\u00e7o. Cadernos Brasileiros de Terapia Ocupacional<sup><img decoding=\"async\" id=\"25268910_4\" class=\"ajaxJCR jcrTip\" style=\"background: none 0px 0px repeat scroll transparent; border: 0px none; font-size: 11px; margin: 0px; padding: 0px; outline: none 0px; vertical-align: baseline; text-align: left;\" src=\"https:\/\/buscatextual.cnpq.br\/buscatextual\/images\/curriculo\/jcr.gif\" data-issn=\"25268910\" \/><\/sup>, v. 27, p. 61-71, 2019.\n<div class=\"citado\" style=\"text-align: justify;\"><\/div>\n<\/li>\n<\/ul>\n<\/div>\n<\/div>\n<div class=\"artigo-completo\" style=\"text-align: justify;\">\n<div class=\"layout-cell layout-cell-11\">\n<ul style=\"list-style-type: square;\">\n<li class=\"layout-cell-pad-5\"><b><a class=\"tooltip\" tabindex=\"110\" title=\"Clique para visualizar o curr\u00edculo\" href=\"http:\/\/lattes.cnpq.br\/6043861435650782\" target=\"_blank\" rel=\"noopener\">REZENDE, G.<\/a><\/b>; GOMES, C.A. ; RUGNO, F.C. ; EVA, G. ; LIMA, N.K.C. ; DE CARLO, M.M.R.P. . Burden on family caregivers of the elderly in oncologic palliative care. European Geriatric Medicine<sup><img decoding=\"async\" id=\"18787649_5\" class=\"ajaxJCR jcrTip\" style=\"background: none 0px 0px repeat scroll transparent; border: 0px none; font-size: 11px; margin: 0px; padding: 0px; outline: none 0px; vertical-align: baseline; text-align: left;\" src=\"https:\/\/buscatextual.cnpq.br\/buscatextual\/images\/curriculo\/jcr.gif\" data-issn=\"18787649\" \/><\/sup>, v. 8, p. 337-341, 2017.\n<div class=\"citado\"><b class=\"label-citacoes\">Cita\u00e7\u00f5es:<\/b><a class=\"citacaoTip\" href=\"https:\/\/www.webofscience.com\/api\/gateway?GWVersion=2&amp;SrcApp=PARTNER_APP&amp;SrcAuth=LinksAMR&amp;KeyUT=WOS:000410557100015&amp;DestLinkType=CitingArticles&amp;DestApp=ALL_WOS&amp;UsrCustomerID=83e8e710a8e621f095e069bfe7c1e2bd\" target=\"_blank\" rel=\"noopener\"><img decoding=\"async\" src=\"https:\/\/buscatextual.cnpq.br\/buscatextual\/images\/v2\/isi.gif\" \/><span class=\"numero-citacao\" data-tipo-ordenacao=\"1\">4<\/span><\/a><\/div>\n<\/li>\n<\/ul>\n<\/div>\n<\/div>\n<div class=\"artigo-completo\" style=\"text-align: justify;\">\n<div class=\"layout-cell layout-cell-11\">\n<ul style=\"list-style-type: square;\">\n<li class=\"layout-cell-pad-5\"><b><a class=\"tooltip\" tabindex=\"112\" title=\"Clique para visualizar o curr\u00edculo\" href=\"http:\/\/lattes.cnpq.br\/6043861435650782\" target=\"_blank\" rel=\"noopener\">REZENDE, GABRIELA<\/a><\/b>; GOMES, CRISTIANE A. ; RUGNO, FERNANDA C. ; CARVALHO, RENATA C. ; DE CARLO, MARYSIA M. R. P. . Caregivers burden in people in palliative care: an integrative literature review. Medicina (USP.FMRP), v. 49, p. 344-354, 2016.\n<div class=\"citado\"><\/div>\n<\/li>\n<\/ul>\n<\/div>\n<\/div>\n<div class=\"artigo-completo\">\n<div class=\"layout-cell layout-cell-11\">\n<ul style=\"list-style-type: square;\">\n<li class=\"layout-cell-pad-5\" style=\"text-align: justify;\">GOMES, CRISTIANE A. ; RUGNO, FERNANDA C. ;\u00a0<b>REZENDE, GABRIELA<\/b>\u00a0; CARDOSO, RENATA C. ; DE CARLO, MARYSIA M. R. P. . Alternative communication technology applied inlaryngectomized people due to head and neck cancer. Medicina (USP.FMRP), v. 49, p. 463-474, 2016.<\/li>\n<\/ul>\n<\/div>\n<\/div>\n","protected":false},"excerpt":{"rendered":"<p>GOMES-FERRAZ, CRISTIANE APARECIDA ; REZENDE, GABRIELA ; FAGUNDES, AMANDA ANTUNES ; DE CARLO, MARYSIA MARA RODRIGUES DO PRADO. Assessment of total pain in people in oncologic palliative care: integrative literature review. Palliative Care and Social Practice, v. 16, p. 263235242211252, 2022. REZENDE, GABRIELA; GOMES-FERRAZ, CRISTIANE APARECIDA ; BACON, INGRID GIOVANNA FERREIRA IMBROINISI ; DE CARLO, [&hellip;]<\/p>\n","protected":false},"author":23565,"featured_media":0,"parent":0,"menu_order":0,"comment_status":"closed","ping_status":"closed","template":"","meta":{"_monsterinsights_skip_tracking":false,"_monsterinsights_sitenote_active":false,"_monsterinsights_sitenote_note":"","_monsterinsights_sitenote_category":0,"footnotes":"","_links_to":"","_links_to_target":""},"class_list":["post-2889","page","type-page","status-publish","hentry","entry"],"_links":{"self":[{"href":"https:\/\/sites.usp.br\/labilita\/wp-json\/wp\/v2\/pages\/2889","targetHints":{"allow":["GET"]}}],"collection":[{"href":"https:\/\/sites.usp.br\/labilita\/wp-json\/wp\/v2\/pages"}],"about":[{"href":"https:\/\/sites.usp.br\/labilita\/wp-json\/wp\/v2\/types\/page"}],"author":[{"embeddable":true,"href":"https:\/\/sites.usp.br\/labilita\/wp-json\/wp\/v2\/users\/23565"}],"replies":[{"embeddable":true,"href":"https:\/\/sites.usp.br\/labilita\/wp-json\/wp\/v2\/comments?post=2889"}],"version-history":[{"count":2,"href":"https:\/\/sites.usp.br\/labilita\/wp-json\/wp\/v2\/pages\/2889\/revisions"}],"predecessor-version":[{"id":2891,"href":"https:\/\/sites.usp.br\/labilita\/wp-json\/wp\/v2\/pages\/2889\/revisions\/2891"}],"wp:attachment":[{"href":"https:\/\/sites.usp.br\/labilita\/wp-json\/wp\/v2\/media?parent=2889"}],"curies":[{"name":"wp","href":"https:\/\/api.w.org\/{rel}","templated":true}]}}