{"id":2897,"date":"2023-04-19T10:10:07","date_gmt":"2023-04-19T13:10:07","guid":{"rendered":"https:\/\/sites.usp.br\/labilita\/?page_id=2897"},"modified":"2023-05-22T14:52:55","modified_gmt":"2023-05-22T17:52:55","slug":"concluidos-2","status":"publish","type":"page","link":"https:\/\/sites.usp.br\/labilita\/concluidos-2\/","title":{"rendered":"Conclu\u00eddos"},"content":{"rendered":"<div class=\"layout-cell layout-cell-12 data-cell\">\n<div class=\"layout-cell layout-cell-3 text-align-right\">\n<ul style=\"list-style-type: square;\">\n<li class=\"layout-cell-pad-5 text-align-right\" style=\"text-align: justify;\"><b>2012 &#8211; 2015<\/b><\/li>\n<\/ul>\n<\/div>\n<div class=\"layout-cell layout-cell-9\" style=\"text-align: justify;\">\n<div class=\"layout-cell-pad-5\"><strong>&#8211; Assist\u00eancia a Pacientes em Cuidados Paliativos no Complexo do Hospital das Cl\u00ednicas da FMRP-USP e sua Integra\u00e7\u00e3o na Rede Assistencial de Sa\u00fade do Munic\u00edpio de Ribeir\u00e3o Preto<\/strong><\/div>\n<\/div>\n<div class=\"layout-cell layout-cell-3 text-align-right\" style=\"text-align: justify;\">\n<div class=\"layout-cell-pad-5 text-align-right\"><\/div>\n<\/div>\n<div class=\"layout-cell layout-cell-9\">\n<div class=\"layout-cell-pad-5\" style=\"text-align: justify;\">&#8211; Descri\u00e7\u00e3o: O envelhecimento populacional r\u00e1pido e o crescimento do n\u00famero de pessoas que vivem com doen\u00e7as cr\u00f4nicas t\u00eam gerado transforma\u00e7\u00f5es nos servi\u00e7os de aten\u00e7\u00e3o \u00e0 sa\u00fade da popula\u00e7\u00e3o. Os avan\u00e7os tecnol\u00f3gicos ocorridos nas \u00faltimas d\u00e9cadas proporcionaram um aumento na expectativa m\u00e9dia de vida da popula\u00e7\u00e3o geral, por\u00e9m n\u00e3o prepararam os servi\u00e7os de sa\u00fade, nem seus profissionais, para lidar com esse aumento da ocorr\u00eancia de doen\u00e7as cr\u00f4nico-degenerativas potencialmente fatais. H\u00e1 a necessidade de estabelecimento de pol\u00edticas p\u00fablicas sociais e de sa\u00fade dentro de um padr\u00e3o de qualidade que levem \u00e0 integralidade da assist\u00eancia e equidade na distribui\u00e7\u00e3o desses servi\u00e7os, atrav\u00e9s da consolida\u00e7\u00e3o do Sistema \u00fanico de Sa\u00fade no Brasil. H\u00e1 tamb\u00e9m a necessidade de integrar a assist\u00eancia em Cuidados Paliativos ao Sistema \u00danico de Sa\u00fade, a fim de permitir uma melhor organiza\u00e7\u00e3o dos servi\u00e7os e das a\u00e7\u00f5es voltadas para essa popula\u00e7\u00e3o. Este estudo justifica-se, portanto, pela necessidade do estabelecimento do perfil desse paciente e de crit\u00e9rios de demanda para Cuidados Paliativos. Este projeto possibilitar\u00e1 caracterizar, com maior confiabilidade, e avaliar qual a demanda de Cuidados Paliativos no complexo do Hospital das Cl\u00ednicas da FMRP-USP. Pretende-se contribuir para a constru\u00e7\u00e3o de a\u00e7\u00f5es para um melhor atendimento \u00e0 popula\u00e7\u00e3o em Cuidados Paliativos , particularmente no que diz respeito \u00e0 popula\u00e7\u00e3o atendida no complexo do HCFMRP-USP e em outros equipamentos de sa\u00fade do munic\u00edpio de Ribeir\u00e3o Preto.<br class=\"clear\" \/><br class=\"clear\" \/>&#8211; Alunos envolvidos: Gradua\u00e7\u00e3o: (0) \/ Mestrado acad\u00eamico: (4) .<br class=\"clear\" \/>&#8211; Integrantes: Gabriela Rezende &#8211; Integrante \/ Marysia Mara Rodrigues do Prado De Carlo &#8211; Coordenador \/ Cristiane Aparecida Gomes &#8211; Integrante \/ Milena Sanches Guadanhim &#8211; Integrante \/ Renata Carvalho Cardoso &#8211; Integrante \/ Nat\u00e1lia Cintra Faria &#8211; Integrante.<br class=\"clear\" \/>&#8211; Financiador(es): Funda\u00e7\u00e3o de Amparo \u00e0 Pesquisa do Estado de S\u00e3o Paulo &#8211; Bolsa.<\/div>\n<\/div>\n<p><a tabindex=\"93\" name=\"PP_O uso de atividades nos diferentes equipamentos de sa\u00fade mental na assist\u00eancia ao sujeito em sofrimento ps\u00edquico: uma revis\u00e3o sistem\u00e1tica da literatura\"><\/a><\/p>\n<div class=\"layout-cell layout-cell-3 text-align-right\">\n<ul style=\"list-style-type: square;\">\n<li class=\"layout-cell-pad-5 text-align-right\" style=\"text-align: justify;\"><b>2011 &#8211; 2012<\/b><\/li>\n<\/ul>\n<\/div>\n<div class=\"layout-cell layout-cell-9\" style=\"text-align: justify;\">\n<div class=\"layout-cell-pad-5\"><strong>&#8211; O uso de atividades nos diferentes equipamentos de sa\u00fade mental na assist\u00eancia ao sujeito em sofrimento ps\u00edquico: uma revis\u00e3o sistem\u00e1tica da literatura<\/strong><\/div>\n<\/div>\n<div class=\"layout-cell layout-cell-3 text-align-right\" style=\"text-align: justify;\">\n<div class=\"layout-cell-pad-5 text-align-right\"><\/div>\n<\/div>\n<div class=\"layout-cell layout-cell-9\" style=\"text-align: justify;\">\n<div class=\"layout-cell-pad-5\">&#8211; Descri\u00e7\u00e3o: Este projeto buscou identificar, na literatura especializada, as atividades empregadas como recursos terap\u00eauticos (e seus objetivos), utilizadas nos equipamentos de sa\u00fade mental.<br class=\"clear\" \/>&#8211; Alunos envolvidos: Gradua\u00e7\u00e3o: (1) \/ Doutorado: (1) .<br class=\"clear\" \/>&#8211; Integrantes: Gabriela Rezende &#8211; Integrante \/ Leonardo Martins Kebbe &#8211; Coordenador.<\/div>\n<\/div>\n<p><a tabindex=\"94\" name=\"PP_Um estudo sobre os egressos do curso de Terapia Ocupacional da Faculdade de Medicina de Ribeir\u00e3o Preto -USP\"><\/a><\/p>\n<div class=\"layout-cell layout-cell-3 text-align-right\" style=\"text-align: justify;\">\n<ul style=\"list-style-type: square;\">\n<li><b>2010 &#8211; 2011<\/b><\/li>\n<\/ul>\n<\/div>\n<div class=\"layout-cell layout-cell-9\" style=\"text-align: justify;\">\n<div class=\"layout-cell-pad-5\"><strong>&#8211; Um estudo sobre os egressos do curso de Terapia Ocupacional da Faculdade de Medicina de Ribeir\u00e3o Preto -USP<\/strong><\/div>\n<\/div>\n<div class=\"layout-cell layout-cell-3 text-align-right\" style=\"text-align: justify;\">\n<div class=\"layout-cell-pad-5 text-align-right\"><\/div>\n<\/div>\n<div class=\"layout-cell layout-cell-9\" style=\"text-align: justify;\">\n<div class=\"layout-cell-pad-5\" style=\"text-align: justify;\">&#8211; Descri\u00e7\u00e3o: Este projeto pretendeu fazer um levantamento da inser\u00e7\u00e3o dos egressos do Curso de Gradua\u00e7\u00e3o em Terapia Ocupacional da FMRP-USP, no per\u00edodo de 2002 a 2009; identificar como se deu esta inser\u00e7\u00e3o e analisar a percep\u00e7\u00e3o dos mesmos sobre os fatores que contribu\u00edram positivamente e negativamente para esta inser\u00e7\u00e3o.<br class=\"clear\" \/>&#8211; Alunos envolvidos: Gradua\u00e7\u00e3o: (1) \/ Doutorado: (1) .<br class=\"clear\" \/>&#8211; Integrantes: Gabriela Rezende &#8211; Integrante \/ Val\u00e9ria Meirelles Carril Elui &#8211; Coordenador.<br class=\"clear\" \/>&#8211; Financiador(es): Universidade de S\u00e3o Paulo &#8211; Bolsa.<\/div>\n<\/div>\n<p style=\"text-align: justify;\"><a tabindex=\"95\" name=\"PP_?Estrat\u00e9gias para a inser\u00e7\u00e3o social de pessoas com transtornos mentais: estudo bibliogr\u00e1fico?.\"><\/a><\/p>\n<div class=\"layout-cell layout-cell-3 text-align-right\" style=\"text-align: justify;\">\n<ul style=\"list-style-type: square;\">\n<li class=\"layout-cell-pad-5 text-align-right\"><b>2008 &#8211; 2009<\/b><\/li>\n<\/ul>\n<\/div>\n<div class=\"layout-cell layout-cell-9\" style=\"text-align: justify;\">\n<div class=\"layout-cell-pad-5\"><strong>&#8211; Estrat\u00e9gias para a inser\u00e7\u00e3o social de pessoas com transtornos mentais: estudo bibliogr\u00e1fico?.<\/strong><\/div>\n<\/div>\n<div class=\"layout-cell layout-cell-3 text-align-right\" style=\"text-align: justify;\">\n<div class=\"layout-cell-pad-5 text-align-right\"><\/div>\n<\/div>\n<div class=\"layout-cell layout-cell-9\" style=\"text-align: justify;\">\n<div class=\"layout-cell-pad-5\">&#8211; Descri\u00e7\u00e3o: Este trabalho pretendeu caracterizar as pr\u00e1ticas que profissionais da Sa\u00fade Mental empregam para com pessoas em sofrimento ps\u00edquico, visando sua participa\u00e7\u00e3o em atividades domiciliares e comunit\u00e1rias, posto ser esta uma das finalidades essenciais da Terapia Ocupacional em Sa\u00fade Mental.<br class=\"clear\" \/><br class=\"clear\" \/>&#8211; Alunos envolvidos: Gradua\u00e7\u00e3o: (1) \/ Doutorado: (1) .<br class=\"clear\" \/>&#8211; Integrantes: Gabriela Rezende &#8211; Integrante \/ Leonardo Martins Kebbe &#8211; Coordenador.<br class=\"clear\" \/>&#8211; Financiador(es): Conselho Nacional de Desenvolvimento Cient\u00edfico e Tecnol\u00f3gico &#8211; Bolsa.<\/div>\n<\/div>\n<\/div>\n<p style=\"text-align: justify;\">\n","protected":false},"excerpt":{"rendered":"<p>2012 &#8211; 2015 &#8211; Assist\u00eancia a Pacientes em Cuidados Paliativos no Complexo do Hospital das Cl\u00ednicas da FMRP-USP e sua Integra\u00e7\u00e3o na Rede Assistencial de Sa\u00fade do Munic\u00edpio de Ribeir\u00e3o Preto &#8211; Descri\u00e7\u00e3o: O envelhecimento populacional r\u00e1pido e o crescimento do n\u00famero de pessoas que vivem com doen\u00e7as cr\u00f4nicas t\u00eam gerado transforma\u00e7\u00f5es nos servi\u00e7os de [&hellip;]<\/p>\n","protected":false},"author":23565,"featured_media":0,"parent":0,"menu_order":0,"comment_status":"closed","ping_status":"closed","template":"","meta":{"_monsterinsights_skip_tracking":false,"_monsterinsights_sitenote_active":false,"_monsterinsights_sitenote_note":"","_monsterinsights_sitenote_category":0,"footnotes":"","_links_to":"","_links_to_target":""},"class_list":["post-2897","page","type-page","status-publish","hentry","entry"],"_links":{"self":[{"href":"https:\/\/sites.usp.br\/labilita\/wp-json\/wp\/v2\/pages\/2897","targetHints":{"allow":["GET"]}}],"collection":[{"href":"https:\/\/sites.usp.br\/labilita\/wp-json\/wp\/v2\/pages"}],"about":[{"href":"https:\/\/sites.usp.br\/labilita\/wp-json\/wp\/v2\/types\/page"}],"author":[{"embeddable":true,"href":"https:\/\/sites.usp.br\/labilita\/wp-json\/wp\/v2\/users\/23565"}],"replies":[{"embeddable":true,"href":"https:\/\/sites.usp.br\/labilita\/wp-json\/wp\/v2\/comments?post=2897"}],"version-history":[{"count":4,"href":"https:\/\/sites.usp.br\/labilita\/wp-json\/wp\/v2\/pages\/2897\/revisions"}],"predecessor-version":[{"id":3023,"href":"https:\/\/sites.usp.br\/labilita\/wp-json\/wp\/v2\/pages\/2897\/revisions\/3023"}],"wp:attachment":[{"href":"https:\/\/sites.usp.br\/labilita\/wp-json\/wp\/v2\/media?parent=2897"}],"curies":[{"name":"wp","href":"https:\/\/api.w.org\/{rel}","templated":true}]}}