{"id":179,"date":"2021-10-12T19:25:47","date_gmt":"2021-10-12T21:25:47","guid":{"rendered":"https:\/\/webdev.sites.usp.br\/labinfra\/?page_id=179"},"modified":"2022-11-09T16:25:11","modified_gmt":"2022-11-09T18:25:11","slug":"projetos","status":"publish","type":"page","link":"https:\/\/sites.usp.br\/labinfra\/projetos\/","title":{"rendered":"Projetos"},"content":{"rendered":"<div id=\"pl-179\"  class=\"panel-layout\" ><div id=\"pg-179-0\"  class=\"panel-grid panel-has-style\" ><div class=\"siteorigin-panels-stretch panel-row-style panel-row-style-for-179-0\" data-stretch-type=\"full-stretched\" ><div id=\"pgc-179-0-0\"  class=\"panel-grid-cell\" ><div id=\"panel-179-0-0-0\" class=\"so-panel widget widget_sow-hero panel-first-child panel-last-child\" data-index=\"0\" ><div\n\t\t\t\n\t\t\tclass=\"so-widget-sow-hero so-widget-sow-hero-default-8b9febeea61e-179 so-widget-fittext-wrapper\"\n\t\t\t data-fit-text-compressor=\"0.85\"\n\t\t>\t\t\t\t<div class=\"sow-slider-base\" style=\"display: none\" tabindex=\"0\">\n\t\t\t\t\t<ul\n\t\t\t\t\tclass=\"sow-slider-images\"\n\t\t\t\t\tdata-settings=\"{&quot;pagination&quot;:true,&quot;speed&quot;:800,&quot;timeout&quot;:8000,&quot;paused&quot;:false,&quot;pause_on_hover&quot;:false,&quot;swipe&quot;:true,&quot;nav_always_show_desktop&quot;:&quot;&quot;,&quot;nav_always_show_mobile&quot;:&quot;&quot;,&quot;breakpoint&quot;:&quot;780px&quot;,&quot;unmute&quot;:false,&quot;anchor&quot;:null}\"\n\t\t\t\t\tstyle=\"min-height: 150px\"\t\t\t\t\tdata-anchor-id=\"\"\n\t\t\t\t>\t\t<li class=\"sow-slider-image  sow-slider-image-cover\" style=\"visibility: visible;;background-color: #00558c\" >\n\t\t\t\t\t<div class=\"sow-slider-image-container\">\n\t\t\t<div class=\"sow-slider-image-wrapper\">\n\t\t\t\t<h5 style=\"text-align: center\">PROJETOS RECENTES<\/h5>\n\t\t\t<\/div>\n\t\t<\/div>\n\t\t<div class=\"sow-slider-image-overlay sow-slider-image-cover\" style=\"opacity: 0.5;background-image: url(https:\/\/sites.usp.br\/labinfra\/wp-content\/uploads\/sites\/1182\/2022\/10\/banner_projetos.jpg)\"  ><\/div>\t\t<\/li>\n\t\t<\/ul>\t\t\t\t<ol class=\"sow-slider-pagination\">\n\t\t\t\t\t\t\t\t\t\t\t<li><a href=\"#\" data-goto=\"0\" aria-label=\"Display slide 1\"><\/a><\/li>\n\t\t\t\t\t\t\t\t\t<\/ol>\n\n\t\t\t\t<div class=\"sow-slide-nav sow-slide-nav-next\">\n\t\t\t\t\t<a href=\"#\" data-goto=\"next\" aria-label=\"Next slide\" data-action=\"next\">\n\t\t\t\t\t\t<em class=\"sow-sld-icon-thin-right\"><\/em>\n\t\t\t\t\t<\/a>\n\t\t\t\t<\/div>\n\n\t\t\t\t<div class=\"sow-slide-nav sow-slide-nav-prev\">\n\t\t\t\t\t<a href=\"#\" data-goto=\"previous\" aria-label=\"Previous slide\" data-action=\"prev\">\n\t\t\t\t\t\t<em class=\"sow-sld-icon-thin-left\"><\/em>\n\t\t\t\t\t<\/a>\n\t\t\t\t<\/div>\n\t\t\t\t<\/div><\/div><\/div><\/div><\/div><\/div><div id=\"pg-179-1\"  class=\"panel-grid panel-no-style\" ><div id=\"pgc-179-1-0\"  class=\"panel-grid-cell panel-grid-cell-empty\" ><\/div><div id=\"pgc-179-1-1\"  class=\"panel-grid-cell panel-grid-cell-mobile-last\" ><div id=\"panel-179-1-1-0\" class=\"so-panel widget widget_sow-headline panel-first-child\" data-index=\"1\" ><div\n\t\t\t\n\t\t\tclass=\"so-widget-sow-headline so-widget-sow-headline-default-2b1d44ffeaae-179\"\n\t\t\t\n\t\t><div class=\"sow-headline-container \">\n\t\t\t\t\t\t\t<h3 class=\"sow-headline\">\n\t\t\t\t\t\tEm desenvolvimento\t\t\t\t\t\t<\/h3>\n\t\t\t\t\t\t\t\t\t\t\t<div class=\"decoration\">\n\t\t\t\t\t\t<div class=\"decoration-inside\"><\/div>\n\t\t\t\t\t<\/div>\n\t\t\t\t\t<\/div>\n<\/div><\/div><div id=\"panel-179-1-1-1\" class=\"so-panel widget widget_sow-editor panel-last-child\" data-index=\"2\" ><div\n\t\t\t\n\t\t\tclass=\"so-widget-sow-editor so-widget-sow-editor-base\"\n\t\t\t\n\t\t>\n<div class=\"siteorigin-widget-tinymce textwidget\">\n\t<p>Pesquisador CNPq N\u00edvel 1 A: <strong>\"Inspe\u00e7\u00e3o e Monitoramento de Obras de Arte Especiais por meio de T\u00e9cnicas Remotas e n\u00e3o Invasivas\"<\/strong>, Laborat\u00f3rio de Ensaios, Inspe\u00e7\u00e3o, Manuten\u00e7\u00e3o, Monitoramento e An\u00e1lise de Obras de Infraestrutura, Escola Polit\u00e9cnica da Universidade de S\u00e3o Paulo, 2022-Atual.<\/p>\n<p>Projeto de Pesquisa: <strong>\"Metodologia para avalia\u00e7\u00e3o de riscos de escorregamentos que causam danos \u00e0 ferrovia.\"<\/strong>, C\u00e1tedra Under Rail - C\u00e1tedra Under Rail - VALE. Laborat\u00f3rio de Ensaios, Inspe\u00e7\u00e3o, Manuten\u00e7\u00e3o, Monitoramento e An\u00e1lise de Obras de Infraestrutura, Escola Polit\u00e9cnica da Universidade de S\u00e3o Paulo, 2022-Atual. <a href=\"https:\/\/sites.usp.br\/labinfra\/projetos-recentes-1\/\">(Acesse o resumo)<\/a><\/p>\n<p>Projeto de Pesquisa;<strong> \"Tunnel 4.0: Aplica\u00e7\u00e3o da transforma\u00e7\u00e3o digital na inspe\u00e7\u00e3o, monitoramento, an\u00e1lise e diagn\u00f3stico de t\u00faneis ferrovi\u00e1rios\"<\/strong>, C\u00e1tedra Under Rail - VALE. Laborat\u00f3rio de Ensaios, Inspe\u00e7\u00e3o, Manuten\u00e7\u00e3o, Monitoramento e An\u00e1lise de Obras de Infraestrutura, Escola Polit\u00e9cnica da Universidade de S\u00e3o Paulo, 2022-Atual. (<a href=\"https:\/\/sites.usp.br\/labinfra\/projeto-3\/\">Acesse o resumo)<\/a><\/p>\n<p>Projeto de Pesquisa:<strong> \"Inspe\u00e7\u00e3o e Monitoramento de Obras de Arte Especiais por meio de T\u00e9cnicas Remotas e n\u00e3o Invasivas\"<\/strong>, C\u00e1tedra Under Rail - C\u00e1tedra Under Rail - VALE. Laborat\u00f3rio de Ensaios, Inspe\u00e7\u00e3o, Manuten\u00e7\u00e3o, Monitoramento e An\u00e1lise de Obras de Infraestrutura, Escola Polit\u00e9cnica da Universidade de S\u00e3o Paulo, 2019-Atual.<a href=\"https:\/\/sites.usp.br\/labinfra\/projeto-2\/\"> (Acesse o resumo)<\/a><\/p>\n<p>Projeto de Pesquisa: <strong>\"Avalia\u00e7\u00e3o do estado das Funda\u00e7\u00f5es de pontes Ferrovi\u00e1rias atrav\u00e9s de monitoramento e m\u00e9todos n\u00e3o destrutivos\"<\/strong>, C\u00e1tedra Under Rail - VALE. Laborat\u00f3rio de Ensaios, Inspe\u00e7\u00e3o, Manuten\u00e7\u00e3o, Monitoramento e An\u00e1lise de Obras de Infraestrutura, Escola Polit\u00e9cnica da Universidade de S\u00e3o Paulo, 2019-Atual.<\/p>\n<p>Projeto de Pesquisa:<strong>\"Aplica\u00e7\u00e3o de conceitos dos materiais n\u00e3o saturados para avaliar o desempenho de barragens antigas de terra e enrocamento\" <\/strong>Conselho Nacional de Desenvolvimento Cient\u00edfico e Tecnol\u00f3gico, Escola Polit\u00e9cnica da Universidade de S\u00e3o Paulo, 2019-Atual.<\/p>\n<\/div>\n<\/div><\/div><\/div><div id=\"pgc-179-1-2\"  class=\"panel-grid-cell panel-grid-cell-empty\" ><\/div><\/div><div id=\"pg-179-2\"  class=\"panel-grid panel-no-style\" ><div id=\"pgc-179-2-0\"  class=\"panel-grid-cell panel-grid-cell-empty\" ><\/div><div id=\"pgc-179-2-1\"  class=\"panel-grid-cell panel-grid-cell-mobile-last\" ><div id=\"panel-179-2-1-0\" class=\"so-panel widget widget_sow-editor panel-first-child panel-last-child\" data-index=\"3\" ><div\n\t\t\t\n\t\t\tclass=\"so-widget-sow-editor so-widget-sow-editor-base\"\n\t\t\t\n\t\t>\n<div class=\"siteorigin-widget-tinymce textwidget\">\n\t<p style=\"text-align: center;\"><strong>Clique sobre a imagem para ampli\u00e1-la<\/strong><\/p>\n<\/div>\n<\/div><\/div><\/div><div id=\"pgc-179-2-2\"  class=\"panel-grid-cell panel-grid-cell-empty\" ><\/div><\/div><div id=\"pg-179-3\"  class=\"panel-grid panel-no-style\" ><div id=\"pgc-179-3-0\"  class=\"panel-grid-cell\" ><div id=\"panel-179-3-0-0\" class=\"so-panel widget widget_sow-image-grid panel-first-child panel-last-child\" data-index=\"4\" ><div\n\t\t\t\n\t\t\tclass=\"so-widget-sow-image-grid so-widget-sow-image-grid-default-28221ba05cb8-179\"\n\t\t\t\n\t\t>\t<div\n\t\tclass=\"sow-image-grid-wrapper\"\n\t\tdata-max-width=\"300\"\t\tdata-max-height=\"300\"\t>\n\t\t\t\t\t<div class=\"sow-image-grid-image\">\n\t\t\t\t\t\t\t\t\t\t\t\t\t<a href=\"https:\/\/sites.usp.br\/labinfra\/wp-content\/uploads\/sites\/1182\/2022\/10\/IMG-20221017-WA0004.jpg\"\n\t\t\t\t\t>\n\t\t\t\t\t\t\t\t<img loading=\"lazy\" decoding=\"async\" width=\"300\" height=\"225\" src=\"https:\/\/sites.usp.br\/labinfra\/wp-content\/uploads\/sites\/1182\/2022\/10\/IMG-20221017-WA0004-300x225.jpg\" class=\"sow-image-grid-image_html\" alt=\"\" title=\"Teste\" srcset=\"https:\/\/sites.usp.br\/labinfra\/wp-content\/uploads\/sites\/1182\/2022\/10\/IMG-20221017-WA0004-300x225.jpg 300w, https:\/\/sites.usp.br\/labinfra\/wp-content\/uploads\/sites\/1182\/2022\/10\/IMG-20221017-WA0004-80x60.jpg 80w, https:\/\/sites.usp.br\/labinfra\/wp-content\/uploads\/sites\/1182\/2022\/10\/IMG-20221017-WA0004.jpg 393w\" sizes=\"auto, (max-width: 300px) 100vw, 300px\" \/>\t\t\t\t\t\t\t\t\t<\/a>\n\t\t\t\t\t\t\t\t\t\t\t<\/div>\n\t\t\t\t\t<div class=\"sow-image-grid-image\">\n\t\t\t\t\t\t\t\t\t\t\t\t\t<a href=\"https:\/\/sites.usp.br\/labinfra\/wp-content\/uploads\/sites\/1182\/2022\/10\/galeria2.jpg\"\n\t\t\t\t\t>\n\t\t\t\t\t\t\t\t<img loading=\"lazy\" decoding=\"async\" width=\"300\" height=\"225\" src=\"https:\/\/sites.usp.br\/labinfra\/wp-content\/uploads\/sites\/1182\/2022\/10\/galeria2-300x225.jpg\" class=\"sow-image-grid-image_html\" alt=\"\" title=\"\" srcset=\"https:\/\/sites.usp.br\/labinfra\/wp-content\/uploads\/sites\/1182\/2022\/10\/galeria2-300x225.jpg 300w, https:\/\/sites.usp.br\/labinfra\/wp-content\/uploads\/sites\/1182\/2022\/10\/galeria2-80x60.jpg 80w, https:\/\/sites.usp.br\/labinfra\/wp-content\/uploads\/sites\/1182\/2022\/10\/galeria2.jpg 393w\" sizes=\"auto, (max-width: 300px) 100vw, 300px\" \/>\t\t\t\t\t\t\t\t\t<\/a>\n\t\t\t\t\t\t\t\t\t\t\t<\/div>\n\t\t\t\t\t<div class=\"sow-image-grid-image\">\n\t\t\t\t\t\t\t\t\t\t\t\t\t<a href=\"https:\/\/sites.usp.br\/labinfra\/wp-content\/uploads\/sites\/1182\/2022\/10\/galeria3.jpg\"\n\t\t\t\t\t>\n\t\t\t\t\t\t\t\t<img loading=\"lazy\" decoding=\"async\" width=\"300\" height=\"225\" src=\"https:\/\/sites.usp.br\/labinfra\/wp-content\/uploads\/sites\/1182\/2022\/10\/galeria3-300x225.jpg\" class=\"sow-image-grid-image_html\" alt=\"\" title=\"\" srcset=\"https:\/\/sites.usp.br\/labinfra\/wp-content\/uploads\/sites\/1182\/2022\/10\/galeria3-300x225.jpg 300w, https:\/\/sites.usp.br\/labinfra\/wp-content\/uploads\/sites\/1182\/2022\/10\/galeria3-80x60.jpg 80w, https:\/\/sites.usp.br\/labinfra\/wp-content\/uploads\/sites\/1182\/2022\/10\/galeria3.jpg 393w\" sizes=\"auto, (max-width: 300px) 100vw, 300px\" \/>\t\t\t\t\t\t\t\t\t<\/a>\n\t\t\t\t\t\t\t\t\t\t\t<\/div>\n\t\t\t\t\t<div class=\"sow-image-grid-image\">\n\t\t\t\t\t\t\t\t\t\t\t\t\t<a href=\"https:\/\/sites.usp.br\/labinfra\/wp-content\/uploads\/sites\/1182\/2022\/10\/galeria4.jpg\"\n\t\t\t\t\t>\n\t\t\t\t\t\t\t\t<img loading=\"lazy\" decoding=\"async\" width=\"300\" height=\"225\" src=\"https:\/\/sites.usp.br\/labinfra\/wp-content\/uploads\/sites\/1182\/2022\/10\/galeria4-300x225.jpg\" class=\"sow-image-grid-image_html\" alt=\"\" title=\"\" srcset=\"https:\/\/sites.usp.br\/labinfra\/wp-content\/uploads\/sites\/1182\/2022\/10\/galeria4-300x225.jpg 300w, https:\/\/sites.usp.br\/labinfra\/wp-content\/uploads\/sites\/1182\/2022\/10\/galeria4-80x60.jpg 80w, https:\/\/sites.usp.br\/labinfra\/wp-content\/uploads\/sites\/1182\/2022\/10\/galeria4.jpg 393w\" sizes=\"auto, (max-width: 300px) 100vw, 300px\" \/>\t\t\t\t\t\t\t\t\t<\/a>\n\t\t\t\t\t\t\t\t\t\t\t<\/div>\n\t\t\t\t\t<div class=\"sow-image-grid-image\">\n\t\t\t\t\t\t\t\t\t\t\t\t\t<a href=\"https:\/\/sites.usp.br\/labinfra\/wp-content\/uploads\/sites\/1182\/2022\/10\/galeria9.jpg\"\n\t\t\t\t\t>\n\t\t\t\t\t\t\t\t<img loading=\"lazy\" decoding=\"async\" width=\"300\" height=\"225\" src=\"https:\/\/sites.usp.br\/labinfra\/wp-content\/uploads\/sites\/1182\/2022\/10\/galeria9-300x225.jpg\" class=\"sow-image-grid-image_html\" alt=\"\" title=\"\" srcset=\"https:\/\/sites.usp.br\/labinfra\/wp-content\/uploads\/sites\/1182\/2022\/10\/galeria9-300x225.jpg 300w, https:\/\/sites.usp.br\/labinfra\/wp-content\/uploads\/sites\/1182\/2022\/10\/galeria9-80x60.jpg 80w, https:\/\/sites.usp.br\/labinfra\/wp-content\/uploads\/sites\/1182\/2022\/10\/galeria9.jpg 393w\" sizes=\"auto, (max-width: 300px) 100vw, 300px\" \/>\t\t\t\t\t\t\t\t\t<\/a>\n\t\t\t\t\t\t\t\t\t\t\t<\/div>\n\t\t\t\t\t<div class=\"sow-image-grid-image\">\n\t\t\t\t\t\t\t\t\t\t\t\t\t<a href=\"https:\/\/sites.usp.br\/labinfra\/wp-content\/uploads\/sites\/1182\/2022\/10\/galeria6.jpg\"\n\t\t\t\t\t>\n\t\t\t\t\t\t\t\t<img loading=\"lazy\" decoding=\"async\" width=\"300\" height=\"225\" src=\"https:\/\/sites.usp.br\/labinfra\/wp-content\/uploads\/sites\/1182\/2022\/10\/galeria6-300x225.jpg\" class=\"sow-image-grid-image_html\" alt=\"\" title=\"\" srcset=\"https:\/\/sites.usp.br\/labinfra\/wp-content\/uploads\/sites\/1182\/2022\/10\/galeria6-300x225.jpg 300w, https:\/\/sites.usp.br\/labinfra\/wp-content\/uploads\/sites\/1182\/2022\/10\/galeria6-80x60.jpg 80w, https:\/\/sites.usp.br\/labinfra\/wp-content\/uploads\/sites\/1182\/2022\/10\/galeria6.jpg 393w\" sizes=\"auto, (max-width: 300px) 100vw, 300px\" \/>\t\t\t\t\t\t\t\t\t<\/a>\n\t\t\t\t\t\t\t\t\t\t\t<\/div>\n\t\t\t\t\t<div class=\"sow-image-grid-image\">\n\t\t\t\t\t\t\t\t\t\t\t\t\t<a href=\"http:\/\/Texto%20alternativo\"\n\t\t\t\t\t>\n\t\t\t\t\t\t\t\t<img loading=\"lazy\" decoding=\"async\" width=\"300\" height=\"225\" src=\"https:\/\/sites.usp.br\/labinfra\/wp-content\/uploads\/sites\/1182\/2022\/10\/galeria7-300x225.jpg\" class=\"sow-image-grid-image_html\" alt=\"\" title=\"\" srcset=\"https:\/\/sites.usp.br\/labinfra\/wp-content\/uploads\/sites\/1182\/2022\/10\/galeria7-300x225.jpg 300w, https:\/\/sites.usp.br\/labinfra\/wp-content\/uploads\/sites\/1182\/2022\/10\/galeria7-80x60.jpg 80w, https:\/\/sites.usp.br\/labinfra\/wp-content\/uploads\/sites\/1182\/2022\/10\/galeria7.jpg 393w\" sizes=\"auto, (max-width: 300px) 100vw, 300px\" \/>\t\t\t\t\t\t\t\t\t<\/a>\n\t\t\t\t\t\t\t\t\t\t\t<\/div>\n\t\t\t\t\t<div class=\"sow-image-grid-image\">\n\t\t\t\t\t\t\t\t\t\t\t\t\t<a href=\"https:\/\/sites.usp.br\/labinfra\/wp-content\/uploads\/sites\/1182\/2022\/10\/galeria8.jpg\"\n\t\t\t\t\t>\n\t\t\t\t\t\t\t\t<img loading=\"lazy\" decoding=\"async\" width=\"300\" height=\"225\" src=\"https:\/\/sites.usp.br\/labinfra\/wp-content\/uploads\/sites\/1182\/2022\/10\/galeria8-300x225.jpg\" class=\"sow-image-grid-image_html\" alt=\"\" title=\"\" srcset=\"https:\/\/sites.usp.br\/labinfra\/wp-content\/uploads\/sites\/1182\/2022\/10\/galeria8-300x225.jpg 300w, https:\/\/sites.usp.br\/labinfra\/wp-content\/uploads\/sites\/1182\/2022\/10\/galeria8-80x60.jpg 80w, https:\/\/sites.usp.br\/labinfra\/wp-content\/uploads\/sites\/1182\/2022\/10\/galeria8.jpg 393w\" sizes=\"auto, (max-width: 300px) 100vw, 300px\" \/>\t\t\t\t\t\t\t\t\t<\/a>\n\t\t\t\t\t\t\t\t\t\t\t<\/div>\n\t\t\t\t\t<div class=\"sow-image-grid-image\">\n\t\t\t\t\t\t\t\t\t\t\t\t\t<a href=\"https:\/\/sites.usp.br\/labinfra\/wp-content\/uploads\/sites\/1182\/2022\/10\/galeria9.jpg\"\n\t\t\t\t\t>\n\t\t\t\t\t\t\t\t<img loading=\"lazy\" decoding=\"async\" width=\"300\" height=\"225\" src=\"https:\/\/sites.usp.br\/labinfra\/wp-content\/uploads\/sites\/1182\/2022\/10\/galeria10-300x225.jpg\" class=\"sow-image-grid-image_html\" alt=\"\" title=\"\" srcset=\"https:\/\/sites.usp.br\/labinfra\/wp-content\/uploads\/sites\/1182\/2022\/10\/galeria10-300x225.jpg 300w, https:\/\/sites.usp.br\/labinfra\/wp-content\/uploads\/sites\/1182\/2022\/10\/galeria10-80x60.jpg 80w, https:\/\/sites.usp.br\/labinfra\/wp-content\/uploads\/sites\/1182\/2022\/10\/galeria10.jpg 393w\" sizes=\"auto, (max-width: 300px) 100vw, 300px\" \/>\t\t\t\t\t\t\t\t\t<\/a>\n\t\t\t\t\t\t\t\t\t\t\t<\/div>\n\t\t\t<\/div>\n<\/div><\/div><\/div><\/div><\/div>","protected":false},"excerpt":{"rendered":"<p>Pesquisador CNPq N\u00edvel 1 A: &#8220;Inspe\u00e7\u00e3o e Monitoramento de Obras de Arte Especiais por meio de T\u00e9cnicas Remotas e n\u00e3o Invasivas&#8221;, Laborat\u00f3rio de Ensaios, Inspe\u00e7\u00e3o, Manuten\u00e7\u00e3o, Monitoramento e An\u00e1lise de Obras de Infraestrutura, Escola Polit\u00e9cnica da Universidade de S\u00e3o Paulo, 2022-Atual. Projeto de Pesquisa: &#8220;Metodologia para avalia\u00e7\u00e3o de riscos de escorregamentos que causam danos \u00e0&hellip;<\/p>\n","protected":false},"author":21816,"featured_media":0,"parent":0,"menu_order":0,"comment_status":"closed","ping_status":"closed","template":"","meta":{"footnotes":"","_links_to":"","_links_to_target":""},"class_list":["post-179","page","type-page","status-publish","hentry","post"],"_links":{"self":[{"href":"https:\/\/sites.usp.br\/labinfra\/wp-json\/wp\/v2\/pages\/179","targetHints":{"allow":["GET"]}}],"collection":[{"href":"https:\/\/sites.usp.br\/labinfra\/wp-json\/wp\/v2\/pages"}],"about":[{"href":"https:\/\/sites.usp.br\/labinfra\/wp-json\/wp\/v2\/types\/page"}],"author":[{"embeddable":true,"href":"https:\/\/sites.usp.br\/labinfra\/wp-json\/wp\/v2\/users\/21816"}],"replies":[{"embeddable":true,"href":"https:\/\/sites.usp.br\/labinfra\/wp-json\/wp\/v2\/comments?post=179"}],"version-history":[{"count":5,"href":"https:\/\/sites.usp.br\/labinfra\/wp-json\/wp\/v2\/pages\/179\/revisions"}],"predecessor-version":[{"id":1539,"href":"https:\/\/sites.usp.br\/labinfra\/wp-json\/wp\/v2\/pages\/179\/revisions\/1539"}],"wp:attachment":[{"href":"https:\/\/sites.usp.br\/labinfra\/wp-json\/wp\/v2\/media?parent=179"}],"curies":[{"name":"wp","href":"https:\/\/api.w.org\/{rel}","templated":true}]}}