{"id":947,"date":"2022-10-21T09:03:34","date_gmt":"2022-10-21T11:03:34","guid":{"rendered":"https:\/\/sites.usp.br\/labinfra\/?page_id=947"},"modified":"2023-05-02T12:05:28","modified_gmt":"2023-05-02T14:05:28","slug":"sobre-os-ensaios","status":"publish","type":"page","link":"https:\/\/sites.usp.br\/labinfra\/sobre-os-ensaios\/","title":{"rendered":"Sobre o Laborat\u00f3rio"},"content":{"rendered":"<div id=\"pl-947\"  class=\"panel-layout\" ><div id=\"pg-947-0\"  class=\"panel-grid panel-has-style\" ><div class=\"siteorigin-panels-stretch panel-row-style panel-row-style-for-947-0\" data-stretch-type=\"full-stretched\" ><div id=\"pgc-947-0-0\"  class=\"panel-grid-cell\" ><div id=\"panel-947-0-0-0\" class=\"so-panel widget widget_sow-hero panel-first-child panel-last-child\" data-index=\"0\" ><div class=\"panel-widget-style panel-widget-style-for-947-0-0-0\" ><div\n\t\t\t\n\t\t\tclass=\"so-widget-sow-hero so-widget-sow-hero-default-b40f6ea0d3c9-947 so-widget-fittext-wrapper\"\n\t\t\t data-fit-text-compressor=\"0.85\"\n\t\t>\t\t\t\t<div class=\"sow-slider-base\" style=\"display: none\" tabindex=\"0\">\n\t\t\t\t\t<ul\n\t\t\t\t\tclass=\"sow-slider-images\"\n\t\t\t\t\tdata-settings=\"{&quot;pagination&quot;:true,&quot;speed&quot;:800,&quot;timeout&quot;:8000,&quot;paused&quot;:false,&quot;pause_on_hover&quot;:false,&quot;swipe&quot;:true,&quot;nav_always_show_desktop&quot;:&quot;&quot;,&quot;nav_always_show_mobile&quot;:&quot;&quot;,&quot;breakpoint&quot;:&quot;780px&quot;,&quot;unmute&quot;:false,&quot;anchor&quot;:null}\"\n\t\t\t\t\tstyle=\"min-height: 150px\"\t\t\t\t\tdata-anchor-id=\"\"\n\t\t\t\t>\t\t<li class=\"sow-slider-image  sow-slider-image-cover\" style=\"visibility: visible;;background-color: #00558c\" >\n\t\t\t\t\t<div class=\"sow-slider-image-container\">\n\t\t\t<div class=\"sow-slider-image-wrapper\">\n\t\t\t\t<h5 style=\"text-align: center\">LABORAT\u00d3RIO MULTIUSU\u00c1RIOS<\/h5>\t\t\t<\/div>\n\t\t<\/div>\n\t\t<div class=\"sow-slider-image-overlay sow-slider-image-cover\" style=\"opacity: 0.5;background-image: url(https:\/\/sites.usp.br\/labinfra\/wp-content\/uploads\/sites\/1182\/2023\/01\/banner_equipamentos.jpg)\"  ><\/div>\t\t<\/li>\n\t\t<\/ul>\t\t\t\t<ol class=\"sow-slider-pagination\">\n\t\t\t\t\t\t\t\t\t\t\t<li><a href=\"#\" data-goto=\"0\" aria-label=\"Display slide 1\"><\/a><\/li>\n\t\t\t\t\t\t\t\t\t<\/ol>\n\n\t\t\t\t<div class=\"sow-slide-nav sow-slide-nav-next\">\n\t\t\t\t\t<a href=\"#\" data-goto=\"next\" aria-label=\"Next slide\" data-action=\"next\">\n\t\t\t\t\t\t<em class=\"sow-sld-icon-thin-right\"><\/em>\n\t\t\t\t\t<\/a>\n\t\t\t\t<\/div>\n\n\t\t\t\t<div class=\"sow-slide-nav sow-slide-nav-prev\">\n\t\t\t\t\t<a href=\"#\" data-goto=\"previous\" aria-label=\"Previous slide\" data-action=\"prev\">\n\t\t\t\t\t\t<em class=\"sow-sld-icon-thin-left\"><\/em>\n\t\t\t\t\t<\/a>\n\t\t\t\t<\/div>\n\t\t\t\t<\/div><\/div><\/div><\/div><\/div><\/div><\/div><div id=\"pg-947-1\"  class=\"panel-grid panel-no-style\" ><div id=\"pgc-947-1-0\"  class=\"panel-grid-cell panel-grid-cell-empty\" ><\/div><div id=\"pgc-947-1-1\"  class=\"panel-grid-cell panel-grid-cell-mobile-last\" ><div id=\"panel-947-1-1-0\" class=\"so-panel widget widget_sow-headline panel-first-child\" data-index=\"1\" ><div class=\"panel-widget-style panel-widget-style-for-947-1-1-0\" ><div\n\t\t\t\n\t\t\tclass=\"so-widget-sow-headline so-widget-sow-headline-default-2b1d44ffeaae-947\"\n\t\t\t\n\t\t><div class=\"sow-headline-container \">\n\t\t\t\t\t\t\t<h3 class=\"sow-headline\">\n\t\t\t\t\t\tLAB INFRA: Laborat\u00f3rio de Ensaios, Inspe\u00e7\u00e3o, Manuten\u00e7\u00e3o, Monitoramento e An\u00e1lise de Obras de Infraestrutura\t\t\t\t\t\t<\/h3>\n\t\t\t\t\t\t\t\t\t\t\t<div class=\"decoration\">\n\t\t\t\t\t\t<div class=\"decoration-inside\"><\/div>\n\t\t\t\t\t<\/div>\n\t\t\t\t\t<\/div>\n<\/div><\/div><\/div><div id=\"panel-947-1-1-1\" class=\"so-panel widget widget_sow-editor panel-last-child\" data-index=\"2\" ><div\n\t\t\t\n\t\t\tclass=\"so-widget-sow-editor so-widget-sow-editor-base\"\n\t\t\t\n\t\t>\n<div class=\"siteorigin-widget-tinymce textwidget\">\n\t<p>O Lab Infra \u00e9 um laborat\u00f3rio de Ensaios que desenvolve projetos e servi\u00e7os para atender a demanda da Engenharia, focando em solu\u00e7\u00f5es inovadoras ou complexas e fazendo uso de tecnologias modernas para solucionar os problemas da infraestrutura e\u00a0contribuir com crescimento econ\u00f4mico do pa\u00eds.<\/p>\n<p>Alguns dos seus equipamentos s\u00e3o disponibilizados para a comunidade acad\u00eamica em <strong>Regime Multiusu\u00e1rio<\/strong> com compartilhamento de custos. A <strong>solicita\u00e7\u00e3o de ensaios<\/strong> dever\u00e1 ser realizada pelo <a href=\"https:\/\/uspmulti.prp.usp.br\/public\/centrais\/194\">site<\/a>, para an\u00e1lise da comiss\u00e3o coordenadora do Lab Infra.<\/p>\n<p>A capacidade de apoio \u00e0 comunidade \u00e9 limitada pela estrutura dispon\u00edvel, incluindo as agendas de uso dos diferentes equipamentos. Ser\u00e3o apoiados prioritariamente projetos coerentes com as linhas de pesquisa do grupo. Para projetos de grande m\u00e9rito cient\u00edfico e coer\u00eancia com as linhas de pesquisa desenvolvidas no laborat\u00f3rio, o grupo poder\u00e1 apoiar parcialmente ou totalmente os custos envolvidos nos ensaios. O Comit\u00ea de Usu\u00e1rios est\u00e1 encarregado de analisar e garantir a lisura dos procedimentos adotados e o acesso adequado da infraestrutura a usu\u00e1rios externos ao laborat\u00f3rio.<\/p>\n<\/div>\n<\/div><\/div><\/div><div id=\"pgc-947-1-2\"  class=\"panel-grid-cell panel-grid-cell-empty\" ><\/div><\/div><div id=\"pg-947-2\"  class=\"panel-grid panel-has-style\" ><div class=\"panel-row-style panel-row-style-for-947-2\" ><div id=\"pgc-947-2-0\"  class=\"panel-grid-cell\" ><div id=\"panel-947-2-0-0\" class=\"so-panel widget widget_sow-video panel-first-child panel-last-child\" data-index=\"3\" ><div\n\t\t\t\n\t\t\tclass=\"so-widget-sow-video so-widget-sow-video-default-f379b959fc93-947\"\n\t\t\t\n\t\t>\n<div class=\"sow-video-wrapper\n\">\n\t\t\t<video\n\t\t\tid=\"sow-player-1\" class=\"sow-video-widget\" preload=\"auto\" style=\"width:100%;height:100%;\" controls \t\t>\n\t\t\t\t\t\t\t<source type=\"video\/mp4\" src=\"https:\/\/sites.usp.br\/labinfra\/wp-content\/uploads\/sites\/1182\/2022\/12\/VID-20221215-WA0023.mp4\"\/>\n\t\t\t\t\t<\/video>\n\t<\/div>\n<\/div><\/div><\/div><div id=\"pgc-947-2-1\"  class=\"panel-grid-cell\" ><div id=\"panel-947-2-1-0\" class=\"so-panel widget widget_sow-image panel-first-child panel-last-child\" data-index=\"4\" ><div\n\t\t\t\n\t\t\tclass=\"so-widget-sow-image so-widget-sow-image-default-8b5b6f678277-947\"\n\t\t\t\n\t\t>\n<div class=\"sow-image-container\">\n\t\t<img \n\tsrc=\"https:\/\/sites.usp.br\/labinfra\/wp-content\/uploads\/sites\/1182\/2022\/12\/IMG-20221215-WA0024-1-400x537.jpg\" width=\"321.5\" height=\"431.5\" srcset=\"https:\/\/sites.usp.br\/labinfra\/wp-content\/uploads\/sites\/1182\/2022\/12\/IMG-20221215-WA0024-1-400x537.jpg 400w, https:\/\/sites.usp.br\/labinfra\/wp-content\/uploads\/sites\/1182\/2022\/12\/IMG-20221215-WA0024-1-224x300.jpg 224w, https:\/\/sites.usp.br\/labinfra\/wp-content\/uploads\/sites\/1182\/2022\/12\/IMG-20221215-WA0024-1.jpg 643w\" sizes=\"(max-width: 321px) 100vw, 321px\" title=\"IMG-20221215-WA0024 (1)\" alt=\"\" \t\tclass=\"so-widget-image\"\/>\n\t<\/div>\n\n<\/div><\/div><\/div><\/div><\/div><div id=\"pg-947-3\"  class=\"panel-grid panel-has-style\" ><div class=\"siteorigin-panels-stretch panel-row-style panel-row-style-for-947-3\" data-stretch-type=\"full\" ><div id=\"pgc-947-3-0\"  class=\"panel-grid-cell\" ><div id=\"panel-947-3-0-0\" class=\"so-panel widget widget_sow-button panel-first-child panel-last-child\" data-index=\"5\" ><div\n\t\t\t\n\t\t\tclass=\"so-widget-sow-button so-widget-sow-button-wire-467b4ba507eb-947\"\n\t\t\t\n\t\t><div class=\"ow-button-base ow-button-align-center\"\n>\n\t\t\t<a\n\t\t\t\t\thref=\"https:\/\/sites.usp.br\/labinfra\/wp-content\/uploads\/sites\/1182\/2022\/10\/Regimento_Lab_Infra.pdf\"\n\t\t\t\t\tclass=\"sowb-button ow-icon-placement-left ow-button-hover\" \t>\n\t\t<span>\n\t\t\t<span class=\"sow-icon-fontawesome sow-far\" data-sow-icon=\"&#xf1c1;\"\n\t\tstyle=\"color: #00558c\" \n\t\taria-hidden=\"true\"><\/span>\n\t\t\tBaixar Regimento\t\t<\/span>\n\t\t\t<\/a>\n\t<\/div>\n<\/div><\/div><\/div><\/div><\/div><\/div>","protected":false},"excerpt":{"rendered":"<p>O Lab Infra \u00e9 um laborat\u00f3rio de Ensaios que desenvolve projetos e servi\u00e7os para atender a demanda da Engenharia, focando em solu\u00e7\u00f5es inovadoras ou complexas e fazendo uso de tecnologias modernas para solucionar os problemas da infraestrutura e\u00a0contribuir com crescimento econ\u00f4mico do pa\u00eds. Alguns dos seus equipamentos s\u00e3o disponibilizados para a comunidade acad\u00eamica em Regime&hellip;<\/p>\n","protected":false},"author":23240,"featured_media":0,"parent":0,"menu_order":0,"comment_status":"closed","ping_status":"closed","template":"","meta":{"footnotes":"","_links_to":"","_links_to_target":""},"class_list":["post-947","page","type-page","status-publish","hentry","post"],"_links":{"self":[{"href":"https:\/\/sites.usp.br\/labinfra\/wp-json\/wp\/v2\/pages\/947","targetHints":{"allow":["GET"]}}],"collection":[{"href":"https:\/\/sites.usp.br\/labinfra\/wp-json\/wp\/v2\/pages"}],"about":[{"href":"https:\/\/sites.usp.br\/labinfra\/wp-json\/wp\/v2\/types\/page"}],"author":[{"embeddable":true,"href":"https:\/\/sites.usp.br\/labinfra\/wp-json\/wp\/v2\/users\/23240"}],"replies":[{"embeddable":true,"href":"https:\/\/sites.usp.br\/labinfra\/wp-json\/wp\/v2\/comments?post=947"}],"version-history":[{"count":5,"href":"https:\/\/sites.usp.br\/labinfra\/wp-json\/wp\/v2\/pages\/947\/revisions"}],"predecessor-version":[{"id":2113,"href":"https:\/\/sites.usp.br\/labinfra\/wp-json\/wp\/v2\/pages\/947\/revisions\/2113"}],"wp:attachment":[{"href":"https:\/\/sites.usp.br\/labinfra\/wp-json\/wp\/v2\/media?parent=947"}],"curies":[{"name":"wp","href":"https:\/\/api.w.org\/{rel}","templated":true}]}}