{"id":949,"date":"2022-10-21T09:04:44","date_gmt":"2022-10-21T11:04:44","guid":{"rendered":"https:\/\/sites.usp.br\/labinfra\/?page_id=949"},"modified":"2023-04-01T23:38:35","modified_gmt":"2023-04-02T01:38:35","slug":"equipamentos","status":"publish","type":"page","link":"https:\/\/sites.usp.br\/labinfra\/equipamentos\/","title":{"rendered":"Equipamentos"},"content":{"rendered":"<div id=\"pl-949\"  class=\"panel-layout\" ><div id=\"pg-949-0\"  class=\"panel-grid panel-has-style\" ><div class=\"siteorigin-panels-stretch panel-row-style panel-row-style-for-949-0\" data-stretch-type=\"full-stretched\" ><div id=\"pgc-949-0-0\"  class=\"panel-grid-cell\" ><div id=\"panel-949-0-0-0\" class=\"so-panel widget widget_sow-hero panel-first-child panel-last-child\" data-index=\"0\" ><div\n\t\t\t\n\t\t\tclass=\"so-widget-sow-hero so-widget-sow-hero-default-b40f6ea0d3c9-949 so-widget-fittext-wrapper\"\n\t\t\t data-fit-text-compressor=\"0.85\"\n\t\t>\t\t\t\t<div class=\"sow-slider-base\" style=\"display: none\" tabindex=\"0\">\n\t\t\t\t\t<ul\n\t\t\t\t\tclass=\"sow-slider-images\"\n\t\t\t\t\tdata-settings=\"{&quot;pagination&quot;:true,&quot;speed&quot;:800,&quot;timeout&quot;:8000,&quot;paused&quot;:false,&quot;pause_on_hover&quot;:false,&quot;swipe&quot;:true,&quot;nav_always_show_desktop&quot;:&quot;&quot;,&quot;nav_always_show_mobile&quot;:&quot;&quot;,&quot;breakpoint&quot;:&quot;780px&quot;,&quot;unmute&quot;:false,&quot;anchor&quot;:null}\"\n\t\t\t\t\tstyle=\"min-height: 150px\"\t\t\t\t\tdata-anchor-id=\"\"\n\t\t\t\t>\t\t<li class=\"sow-slider-image  sow-slider-image-cover\" style=\"visibility: visible;;background-color: #00558c\" >\n\t\t\t\t\t<div class=\"sow-slider-image-container\">\n\t\t\t<div class=\"sow-slider-image-wrapper\">\n\t\t\t\t<h5 style=\"text-align: center\">LISTA DE EQUIPAMENTOS<\/h5>\n\t\t\t<\/div>\n\t\t<\/div>\n\t\t<div class=\"sow-slider-image-overlay sow-slider-image-cover\" style=\"opacity: 0.5;background-image: url(https:\/\/sites.usp.br\/labinfra\/wp-content\/uploads\/sites\/1182\/2023\/01\/banner_equipamentos2-1.jpg)\"  ><\/div>\t\t<\/li>\n\t\t<\/ul>\t\t\t\t<ol class=\"sow-slider-pagination\">\n\t\t\t\t\t\t\t\t\t\t\t<li><a href=\"#\" data-goto=\"0\" aria-label=\"Display slide 1\"><\/a><\/li>\n\t\t\t\t\t\t\t\t\t<\/ol>\n\n\t\t\t\t<div class=\"sow-slide-nav sow-slide-nav-next\">\n\t\t\t\t\t<a href=\"#\" data-goto=\"next\" aria-label=\"Next slide\" data-action=\"next\">\n\t\t\t\t\t\t<em class=\"sow-sld-icon-thin-right\"><\/em>\n\t\t\t\t\t<\/a>\n\t\t\t\t<\/div>\n\n\t\t\t\t<div class=\"sow-slide-nav sow-slide-nav-prev\">\n\t\t\t\t\t<a href=\"#\" data-goto=\"previous\" aria-label=\"Previous slide\" data-action=\"prev\">\n\t\t\t\t\t\t<em class=\"sow-sld-icon-thin-left\"><\/em>\n\t\t\t\t\t<\/a>\n\t\t\t\t<\/div>\n\t\t\t\t<\/div><\/div><\/div><\/div><\/div><\/div><div id=\"pg-949-1\"  class=\"panel-grid panel-no-style\" ><div id=\"pgc-949-1-0\"  class=\"panel-grid-cell panel-grid-cell-empty\" ><\/div><div id=\"pgc-949-1-1\"  class=\"panel-grid-cell panel-grid-cell-mobile-last\" ><div id=\"panel-949-1-1-0\" class=\"so-panel widget widget_sow-headline panel-first-child panel-last-child\" data-index=\"1\" ><div\n\t\t\t\n\t\t\tclass=\"so-widget-sow-headline so-widget-sow-headline-default-d6db24c2db75-949\"\n\t\t\t\n\t\t><div class=\"sow-headline-container \">\n\t\t\t\t\t\t\t<h2 class=\"sow-headline\">\n\t\t\t\t\t\t\u00c1rea de Estrutura\t\t\t\t\t\t<\/h2>\n\t\t\t\t\t\t\t\t\t\t\t<div class=\"decoration\">\n\t\t\t\t\t\t<div class=\"decoration-inside\"><\/div>\n\t\t\t\t\t<\/div>\n\t\t\t\t\t<\/div>\n<\/div><\/div><\/div><div id=\"pgc-949-1-2\"  class=\"panel-grid-cell panel-grid-cell-empty\" ><\/div><\/div><div id=\"pg-949-2\"  class=\"panel-grid panel-no-style\" ><div id=\"pgc-949-2-0\"  class=\"panel-grid-cell panel-grid-cell-empty\" ><\/div><div id=\"pgc-949-2-1\"  class=\"panel-grid-cell panel-grid-cell-mobile-last\" ><div id=\"panel-949-2-1-0\" class=\"so-panel widget widget_sow-editor panel-first-child panel-last-child\" data-index=\"2\" ><div class=\"panel-widget-style panel-widget-style-for-949-2-1-0\" ><div\n\t\t\t\n\t\t\tclass=\"so-widget-sow-editor so-widget-sow-editor-base\"\n\t\t\t\n\t\t>\n<div class=\"siteorigin-widget-tinymce textwidget\">\n\t<p><a href=\"https:\/\/sites.usp.br\/labinfra\/wp-content\/uploads\/sites\/1182\/2022\/12\/equipamento56_L-scaled.jpg\">Atuador hidr\u00e1ulico<\/a><\/p>\n<p><a href=\"https:\/\/sites.usp.br\/labinfra\/wp-content\/uploads\/sites\/1182\/2023\/03\/Bomba_hidraulica_manual.jpg\">Bomba hidr\u00e1ulica manual simples<\/a><\/p>\n<p><a href=\"https:\/\/sites.usp.br\/labinfra\/wp-content\/uploads\/sites\/1182\/2023\/03\/Camara_Climatizada.jpg\">C\u00e2mara Climatizada<\/a><\/p>\n<p><a href=\"https:\/\/sites.usp.br\/labinfra\/wp-content\/uploads\/sites\/1182\/2023\/01\/equipamento31_L-scaled.jpg\">C\u00e2mera RDI Iris M para motion amplification com Notebbok DELL Latitude 5420 Intel I7, lente 6mm, lentes e acess\u00f3rios<\/a><\/p>\n<p><a href=\"https:\/\/sites.usp.br\/labinfra\/wp-content\/uploads\/sites\/1182\/2023\/03\/Celula_de_carga.jpg\">C\u00e9lula de carga<\/a><\/p>\n<p><a href=\"https:\/\/sites.usp.br\/labinfra\/wp-content\/uploads\/sites\/1182\/2023\/04\/Cilindro_hidraulico.jpg\">Cilindro hidr\u00e1ulico<\/a><\/p>\n<p><a href=\"https:\/\/sites.usp.br\/labinfra\/wp-content\/uploads\/sites\/1182\/2022\/12\/equipamento68_L-scaled.jpg\">Drone Matrice 300 RTK<\/a><\/p>\n<p><a href=\"https:\/\/sites.usp.br\/labinfra\/wp-content\/uploads\/sites\/1182\/2023\/03\/Empilhadeira-de-1-Tonelada.jpg\">Empilhadeira de 1 Tonelada<\/a><\/p>\n<p><a href=\"https:\/\/sites.usp.br\/labinfra\/wp-content\/uploads\/sites\/1182\/2023\/03\/esclerometroN.jpg\">Escler\u00f4metro Silver Schmidt, Modelo N<\/a><\/p>\n<p><a href=\"https:\/\/sites.usp.br\/labinfra\/wp-content\/uploads\/sites\/1182\/2023\/03\/FIFISH-V6-UNDERWATER-C-MERA.jpg\">Fifish V6 (Underwater camera)<\/a><\/p>\n<p><a href=\"https:\/\/sites.usp.br\/labinfra\/wp-content\/uploads\/sites\/1182\/2023\/04\/Fifish_V6_Sonar_2.jpg\">Fifish V6 (Underwater camera) + Sonar<\/a><\/p>\n<p><a href=\"https:\/\/sites.usp.br\/labinfra\/wp-content\/uploads\/sites\/1182\/2023\/03\/Gerador_branco_de_4500_W.jpg\">Gerador branco de 4500 W<\/a><\/p>\n<p><a href=\"https:\/\/sites.usp.br\/labinfra\/wp-content\/uploads\/sites\/1182\/2023\/03\/Gerador_Toyama.jpg\">Gerador Toyama de 900 W<\/a><\/p>\n<p><a href=\"https:\/\/sites.usp.br\/labinfra\/wp-content\/uploads\/sites\/1182\/2023\/03\/Instrumento_Ultrassonico_Pundit_Lab_plus.jpg\">Instrumento Ultrass\u00f4nico Pundit Lab plus<\/a><\/p>\n<p><a href=\"https:\/\/sites.usp.br\/labinfra\/wp-content\/uploads\/sites\/1182\/2023\/03\/IBIS_FS.jpg\">Kit para monitoramento de radar interferom\u00e9trico - IBIS FS<\/a><\/p>\n<p><a href=\"https:\/\/sites.usp.br\/labinfra\/wp-content\/uploads\/sites\/1182\/2023\/03\/Instron.jpg\">Maquina de Ensaio Instron<\/a><\/p>\n<p><a href=\"https:\/\/sites.usp.br\/labinfra\/wp-content\/uploads\/sites\/1182\/2023\/03\/Pacometro_Digital_Profoscope.jpg\">Pac\u00f4metro Digital Profoscope<\/a><\/p>\n<p><a href=\"https:\/\/sites.usp.br\/labinfra\/wp-content\/uploads\/sites\/1182\/2022\/12\/equipamento64_L-scaled.jpg\">P\u00f3rtico met\u00e1lico auto portante - capacidade 2TF<\/a><\/p>\n<p><a href=\"https:\/\/sites.usp.br\/labinfra\/wp-content\/uploads\/sites\/1182\/2023\/03\/Portico_metalico_2TF.jpg\">P\u00f3rtico met\u00e1lico auto portante - capacidade 2TF<\/a><\/p>\n<p><a href=\"https:\/\/sites.usp.br\/labinfra\/wp-content\/uploads\/sites\/1182\/2022\/12\/equipamento62_L-scaled.jpg\">P\u00f3rtico met\u00e1lico auto portante com capacidade de 80 TF est\u00e1tico\/din\u00e2mico (Vermelho)<\/a><\/p>\n<p><a href=\"https:\/\/sites.usp.br\/labinfra\/wp-content\/uploads\/sites\/1182\/2023\/04\/Portico_metalico_10TF_2.jpg\">P\u00f3rtico met\u00e1lico auto portante, com atuador est\u00e1tico e sistema hidr\u00e1ulico, capacidade 10 TF (Azul)<\/a><\/p>\n<p><a href=\"https:\/\/sites.usp.br\/labinfra\/wp-content\/uploads\/sites\/1182\/2023\/04\/PROFOMETER.jpg\">PROFOMETER 650 AI, com Kit para Profometer Corrosion (Upgrade), ROD ELECTRODE e ONE wheel elecrode<\/a><\/p>\n<p><a href=\"https:\/\/sites.usp.br\/labinfra\/wp-content\/uploads\/sites\/1182\/2022\/12\/equipamento67_L-scaled.jpg\">Servo controlador LYNX ODIN 1400 + ATMP<\/a><\/p>\n<p><a href=\"https:\/\/sites.usp.br\/labinfra\/wp-content\/uploads\/sites\/1182\/2022\/12\/equipamento27_L-scaled.jpg\">Servo controlador LYNX ODIN 1401<\/a><\/p>\n<p><a href=\"https:\/\/sites.usp.br\/labinfra\/wp-content\/uploads\/sites\/1182\/2022\/12\/equipamento29_L-scaled.jpg\">Sistema Acoustic Control Systems para transdutores ultrass\u00f4nicos<\/a><\/p>\n<p><a href=\"https:\/\/sites.usp.br\/labinfra\/wp-content\/uploads\/sites\/1182\/2022\/12\/equipamento18_L-scaled.jpg\">Sistema BDI de monitoramento wireless<\/a><\/p>\n<p><a href=\"https:\/\/sites.usp.br\/labinfra\/wp-content\/uploads\/sites\/1182\/2022\/12\/equipamento16_L-scaled.jpg\">Sistema Br\u00fcel &amp; Kjaer para monitoramento com sensores diversos<\/a><\/p>\n<p><a href=\"https:\/\/sites.usp.br\/labinfra\/wp-content\/uploads\/sites\/1182\/2022\/12\/equipamento66_L-scaled.jpg\">Sistema de arrefecimento<\/a><\/p>\n<p><a href=\"https:\/\/sites.usp.br\/labinfra\/wp-content\/uploads\/sites\/1182\/2023\/03\/Sistema_de_monitoramento_Geokon.jpg\">Sistema de monitoramento Geokon<\/a><\/p>\n<p><a href=\"https:\/\/sites.usp.br\/labinfra\/wp-content\/uploads\/sites\/1182\/2022\/12\/equipamento12_L-scaled.jpg\">Sistema HBM para transdutores de deslocamento<\/a><\/p>\n<p><a href=\"https:\/\/sites.usp.br\/labinfra\/wp-content\/uploads\/sites\/1182\/2023\/03\/Sistema_Kistler_para_acelerometros.jpg\">Sistema Kistler para aceler\u00f4metros<\/a><\/p>\n<p><a href=\"https:\/\/sites.usp.br\/labinfra\/wp-content\/uploads\/sites\/1182\/2023\/03\/Sistema_Level_Developments.jpg\">Sistema Level Developments para CDU - 224 - Inclin\u00f4metro 15\u00b0 e 3\u00b0<\/a><\/p>\n<p><a href=\"https:\/\/sites.usp.br\/labinfra\/wp-content\/uploads\/sites\/1182\/2022\/12\/equipamento30_L-scaled.jpg\">Sistema Micro Measurements (VISHAY) para medidas de deforma\u00e7\u00e3o<\/a><\/p>\n<p><a href=\"https:\/\/sites.usp.br\/labinfra\/wp-content\/uploads\/sites\/1182\/2022\/12\/equipamento11_L-scaled.jpg\">Sistema National Instruments para monitoramento com m\u00f3dulos de aquisi\u00e7\u00e3o e sensores<\/a><\/p>\n<p><a href=\"https:\/\/sites.usp.br\/labinfra\/wp-content\/uploads\/sites\/1182\/2022\/12\/equipamento13_L-scaled.jpg\">Sistema PCB para aceler\u00f4metros com Martelo de Excita\u00e7\u00e3o para Teste Din\u00e2mico<\/a><\/p>\n<p><a href=\"https:\/\/sites.usp.br\/labinfra\/wp-content\/uploads\/sites\/1182\/2022\/12\/equipamento40_L-scaled.jpg\">Suporte de medi\u00e7\u00e3o indireta (Ultrassom)<\/a><\/p>\n<p><a href=\"https:\/\/sites.usp.br\/labinfra\/wp-content\/uploads\/sites\/1182\/2022\/12\/equipamento39_L-scaled.jpg\">Yoke (Magnaflux)<\/a><\/p>\n<p>&nbsp;<\/p>\n<\/div>\n<\/div><\/div><\/div><\/div><div id=\"pgc-949-2-2\"  class=\"panel-grid-cell panel-grid-cell-empty\" ><\/div><\/div><div id=\"pg-949-3\"  class=\"panel-grid panel-has-style\" ><div class=\"so-rounded panel-row-style panel-row-style-for-949-3\" ><div id=\"pgc-949-3-0\"  class=\"panel-grid-cell panel-grid-cell-empty\" ><\/div><div id=\"pgc-949-3-1\"  class=\"panel-grid-cell panel-grid-cell-mobile-last\" ><div id=\"panel-949-3-1-0\" class=\"so-panel widget widget_sow-headline panel-first-child panel-last-child\" data-index=\"3\" ><div class=\"panel-widget-style panel-widget-style-for-949-3-1-0\" ><div\n\t\t\t\n\t\t\tclass=\"so-widget-sow-headline so-widget-sow-headline-default-d6db24c2db75-949\"\n\t\t\t\n\t\t><div class=\"sow-headline-container \">\n\t\t\t\t\t\t\t<h2 class=\"sow-headline\">\n\t\t\t\t\t\t\u00c1rea de Geotecnia\t\t\t\t\t\t<\/h2>\n\t\t\t\t\t\t\t\t\t\t\t<div class=\"decoration\">\n\t\t\t\t\t\t<div class=\"decoration-inside\"><\/div>\n\t\t\t\t\t<\/div>\n\t\t\t\t\t<\/div>\n<\/div><\/div><\/div><\/div><div id=\"pgc-949-3-2\"  class=\"panel-grid-cell panel-grid-cell-empty\" ><\/div><\/div><\/div><div id=\"pg-949-4\"  class=\"panel-grid panel-no-style\" ><div id=\"pgc-949-4-0\"  class=\"panel-grid-cell panel-grid-cell-empty\" ><\/div><div id=\"pgc-949-4-1\"  class=\"panel-grid-cell panel-grid-cell-mobile-last\" ><div id=\"panel-949-4-1-0\" class=\"so-panel widget widget_sow-editor panel-first-child panel-last-child\" data-index=\"4\" ><div\n\t\t\t\n\t\t\tclass=\"so-widget-sow-editor so-widget-sow-editor-base\"\n\t\t\t\n\t\t>\n<div class=\"siteorigin-widget-tinymce textwidget\">\n\t<p><a href=\"https:\/\/sites.usp.br\/labinfra\/wp-content\/uploads\/sites\/1182\/2022\/12\/equipamento5_L-scaled.jpg\">Drone Maviq 4<\/a><\/p>\n<p><a href=\"https:\/\/sites.usp.br\/labinfra\/wp-content\/uploads\/sites\/1182\/2022\/12\/equipamento2_L-scaled.jpg\">Equipamento triaxial para rocha<\/a><\/p>\n<p><a href=\"https:\/\/sites.usp.br\/labinfra\/wp-content\/uploads\/sites\/1182\/2023\/03\/esclerometroL.jpg\">Escler\u00f4metro Silver Schmidt, Modelo L<\/a><\/p>\n<p><a href=\"https:\/\/sites.usp.br\/labinfra\/wp-content\/uploads\/sites\/1182\/2022\/12\/equipamento7_L-scaled.jpg\">Estufa de secagem<\/a><\/p>\n<p><a href=\"https:\/\/sites.usp.br\/labinfra\/wp-content\/uploads\/sites\/1182\/2022\/12\/equipamento1_L-scaled.jpg\">Prensa de cisalhamento direto servo controlada para concreto e rocha<\/a><\/p>\n<p><a href=\"https:\/\/sites.usp.br\/labinfra\/wp-content\/uploads\/sites\/1182\/2022\/12\/equipamento3_L-scaled.jpg\">Prensa de cisalhamento direto servo controlada para interface solo-estrutura<\/a><\/p>\n<p><a href=\"https:\/\/sites.usp.br\/labinfra\/wp-content\/uploads\/sites\/1182\/2022\/12\/equipamento24_L-scaled.jpg\">PUNDIT PD8000 - Kit complementar e sofrtware<\/a><\/p>\n<p><a href=\"https:\/\/sites.usp.br\/labinfra\/wp-content\/uploads\/sites\/1182\/2022\/12\/equipamento4_L-scaled.jpg\">Scanner a laser terrestre FARO<\/a><\/p>\n<p><a href=\"https:\/\/sites.usp.br\/labinfra\/wp-content\/uploads\/sites\/1182\/2023\/03\/Triaxial_ciclico.jpg\">Triaxial n\u00e3o saturado c\u00edclico<\/a><\/p>\n<\/div>\n<\/div><\/div><\/div><div id=\"pgc-949-4-2\"  class=\"panel-grid-cell panel-grid-cell-empty\" ><\/div><\/div><\/div>","protected":false},"excerpt":{"rendered":"<p>LISTA DE EQUIPAMENTOS \u00c1rea de Estrutura Atuador hidr\u00e1ulico Bomba hidr\u00e1ulica manual simples C\u00e2mara Climatizada C\u00e2mera RDI Iris M para motion amplification com Notebbok DELL Latitude 5420 Intel I7, lente 6mm, lentes e acess\u00f3rios C\u00e9lula de carga Cilindro hidr\u00e1ulico Drone Matrice 300 RTK Empilhadeira de 1 Tonelada Escler\u00f4metro Silver Schmidt, Modelo N Fifish V6 (Underwater camera)&hellip;<\/p>\n","protected":false},"author":23240,"featured_media":0,"parent":0,"menu_order":0,"comment_status":"closed","ping_status":"closed","template":"","meta":{"footnotes":"","_links_to":"","_links_to_target":""},"class_list":["post-949","page","type-page","status-publish","hentry","post"],"_links":{"self":[{"href":"https:\/\/sites.usp.br\/labinfra\/wp-json\/wp\/v2\/pages\/949","targetHints":{"allow":["GET"]}}],"collection":[{"href":"https:\/\/sites.usp.br\/labinfra\/wp-json\/wp\/v2\/pages"}],"about":[{"href":"https:\/\/sites.usp.br\/labinfra\/wp-json\/wp\/v2\/types\/page"}],"author":[{"embeddable":true,"href":"https:\/\/sites.usp.br\/labinfra\/wp-json\/wp\/v2\/users\/23240"}],"replies":[{"embeddable":true,"href":"https:\/\/sites.usp.br\/labinfra\/wp-json\/wp\/v2\/comments?post=949"}],"version-history":[{"count":5,"href":"https:\/\/sites.usp.br\/labinfra\/wp-json\/wp\/v2\/pages\/949\/revisions"}],"predecessor-version":[{"id":2103,"href":"https:\/\/sites.usp.br\/labinfra\/wp-json\/wp\/v2\/pages\/949\/revisions\/2103"}],"wp:attachment":[{"href":"https:\/\/sites.usp.br\/labinfra\/wp-json\/wp\/v2\/media?parent=949"}],"curies":[{"name":"wp","href":"https:\/\/api.w.org\/{rel}","templated":true}]}}