{"id":196,"date":"2020-02-26T17:55:00","date_gmt":"2020-02-26T19:55:00","guid":{"rendered":"https:\/\/sites.usp.br\/labiqsc2\/?page_id=196"},"modified":"2020-03-25T12:15:52","modified_gmt":"2020-03-25T14:15:52","slug":"docencia","status":"publish","type":"page","link":"https:\/\/sites.usp.br\/labiqsc2\/publicacoes\/docencia\/","title":{"rendered":"Doc\u00eancia"},"content":{"rendered":"<p>Ao longo dos anos, a Prof. Sofia Nikolaou ministrou disciplinas relacionadas \u00e0 Qu\u00edmica de Coordena\u00e7\u00e3o, Qu\u00edmica Geral e T\u00e9cnicas Instrumentais de caracteriza\u00e7\u00e3o.<\/p>\n<p>Al\u00e9m da ministra\u00e7\u00e3o de disciplinas, at\u00e9 2020, supervisionou mais de 15 monitorias PAE (Programa de Aperfei\u00e7oamento de Ensino) e cerca de 10 monitorias volunt\u00e1rias.<\/p>\n","protected":false},"excerpt":{"rendered":"<p>Ao longo dos anos, a Prof. Sofia Nikolaou ministrou disciplinas relacionadas \u00e0 Qu\u00edmica de Coordena\u00e7\u00e3o, Qu\u00edmica Geral e T\u00e9cnicas Instrumentais&#46;&#46;&#46;<\/p>\n","protected":false},"author":21747,"featured_media":0,"parent":64,"menu_order":0,"comment_status":"closed","ping_status":"closed","template":"","meta":{"_monsterinsights_skip_tracking":false,"_monsterinsights_sitenote_active":false,"_monsterinsights_sitenote_note":"","_monsterinsights_sitenote_category":0,"footnotes":"","_links_to":"","_links_to_target":""},"class_list":["post-196","page","type-page","status-publish","hentry"],"_links":{"self":[{"href":"https:\/\/sites.usp.br\/labiqsc2\/wp-json\/wp\/v2\/pages\/196","targetHints":{"allow":["GET"]}}],"collection":[{"href":"https:\/\/sites.usp.br\/labiqsc2\/wp-json\/wp\/v2\/pages"}],"about":[{"href":"https:\/\/sites.usp.br\/labiqsc2\/wp-json\/wp\/v2\/types\/page"}],"author":[{"embeddable":true,"href":"https:\/\/sites.usp.br\/labiqsc2\/wp-json\/wp\/v2\/users\/21747"}],"replies":[{"embeddable":true,"href":"https:\/\/sites.usp.br\/labiqsc2\/wp-json\/wp\/v2\/comments?post=196"}],"version-history":[{"count":3,"href":"https:\/\/sites.usp.br\/labiqsc2\/wp-json\/wp\/v2\/pages\/196\/revisions"}],"predecessor-version":[{"id":387,"href":"https:\/\/sites.usp.br\/labiqsc2\/wp-json\/wp\/v2\/pages\/196\/revisions\/387"}],"up":[{"embeddable":true,"href":"https:\/\/sites.usp.br\/labiqsc2\/wp-json\/wp\/v2\/pages\/64"}],"wp:attachment":[{"href":"https:\/\/sites.usp.br\/labiqsc2\/wp-json\/wp\/v2\/media?parent=196"}],"curies":[{"name":"wp","href":"https:\/\/api.w.org\/{rel}","templated":true}]}}