{"id":242,"date":"2020-02-28T21:16:25","date_gmt":"2020-02-28T23:16:25","guid":{"rendered":"https:\/\/sites.usp.br\/labiqsc2\/?page_id=242"},"modified":"2025-11-30T09:34:27","modified_gmt":"2025-11-30T11:34:27","slug":"posgrad","status":"publish","type":"page","link":"https:\/\/sites.usp.br\/labiqsc2\/membros\/posgrad\/","title":{"rendered":"P\u00f3s-Graduandos"},"content":{"rendered":"<h1 style=\"text-align: center;\"><strong>P\u00f3s-Doutorado<\/strong><\/h1>\n<p><img loading=\"lazy\" decoding=\"async\" class=\"alignleft\" src=\"https:\/\/servicosweb.cnpq.br\/wspessoa\/servletrecuperafoto?tipo=1&amp;id=K8270058D5\" width=\"250\" height=\"250\" \/><\/p>\n<h3 style=\"text-align: left;\">Dr. Josias da Silveira Rocha<\/h3>\n<p>Licenciado em Qu\u00edmica pelo Instituto Federal de S\u00e3o Paulo (IFSP), Mestre e Doutor em Qu\u00edmica pela Universidade Federal de S\u00e3o Carlos (UFSCar). Atualmente desenvolve seu p\u00f3s-doutorado no Programa de P\u00f3s-gradua\u00e7\u00e3o em Qu\u00edmica da Faculdade de Filosofia, Ci\u00eancias e Letras de Ribeir\u00e3o Preto (PPGQ-RP), sob orienta\u00e7\u00e3o da Profa. Dra. Sofia Nikolaou, em um projeto que visa sintetizar, caracterizar e investigar a fotoqu\u00edmica e propriedades biol\u00f3gicas de complexos mononucleares de ferro com ligantes ciclometalados.<\/p>\n<p><a href=\"http:\/\/lattes.cnpq.br\/1157388662502143\">http:\/\/lattes.cnpq.br\/1157388662502143<\/a><\/p>\n<p>&nbsp;<\/p>\n<p>&nbsp;<\/p>\n<h1 style=\"text-align: center;\"><strong>Doutorado<\/strong><\/h1>\n<p>&nbsp;<\/p>\n<h3 style=\"text-align: left;\"><img loading=\"lazy\" decoding=\"async\" class=\"size-medium wp-image-685 alignright\" src=\"https:\/\/sites.usp.br\/labiqsc2\/wp-content\/uploads\/sites\/699\/2022\/08\/WhatsApp-Image-2022-08-29-at-12.50.46-PM-175x300.jpeg\" alt=\"\" width=\"175\" height=\"300\" srcset=\"https:\/\/sites.usp.br\/labiqsc2\/wp-content\/uploads\/sites\/699\/2022\/08\/WhatsApp-Image-2022-08-29-at-12.50.46-PM-175x300.jpeg 175w, https:\/\/sites.usp.br\/labiqsc2\/wp-content\/uploads\/sites\/699\/2022\/08\/WhatsApp-Image-2022-08-29-at-12.50.46-PM-349x600.jpeg 349w, https:\/\/sites.usp.br\/labiqsc2\/wp-content\/uploads\/sites\/699\/2022\/08\/WhatsApp-Image-2022-08-29-at-12.50.46-PM.jpeg 559w\" sizes=\"auto, (max-width: 175px) 100vw, 175px\" \/><\/h3>\n<h3 style=\"text-align: right;\">Ms. Hugo Elias Barbosa<\/h3>\n<p style=\"text-align: right;\">Bacharel em Qu\u00edmica com Habilita\u00e7\u00e3o em Qu\u00edmica Forense pela Faculdade de Filosofia, Ci\u00eancias e Letras de Ribeir\u00e3o Preto (FFCLRP-USP) e Mestre em Qu\u00edmica pelo Departamento de Qu\u00edmica da FFCLRP. Atualmente \u00e9 aluno de doutorado do Programa de P\u00f3s-gradua\u00e7\u00e3o em Qu\u00edmica da FFCLRP (PPGQ-RP), sob orienta\u00e7\u00e3o da Profa. Dra. Sofia Nikolaou , em um projeto que visa sintetizar, caracterizar e investigar a fotoqu\u00edmica e propriedades biol\u00f3gicas de complexos mononucleares de rut\u00eanio com derivados quinol\u00ednicos e \u00f3xido n\u00edtrico.<\/p>\n<p style=\"text-align: right;\"><a href=\"http:\/\/lattes.cnpq.br\/2806457543129543\">http:\/\/lattes.cnpq.br\/2806457543129543<\/a><\/p>\n<p>&nbsp;<\/p>\n<p>&nbsp;<\/p>\n<p>&nbsp;<\/p>\n<p>&nbsp;<\/p>\n<h3 style=\"text-align: left;\"><img loading=\"lazy\" decoding=\"async\" class=\"alignleft\" src=\"https:\/\/servicosweb.cnpq.br\/wspessoa\/servletrecuperafoto?tipo=1&amp;id=K8471236E9\" width=\"249\" height=\"277\" \/><\/h3>\n<h3 style=\"text-align: left;\">Amanda Batista Silva<\/h3>\n<p style=\"text-align: left;\">Bacharela em Qu\u00edmica pela Faculdade de Filosofia, Ci\u00eancias e Letras de Ribeir\u00e3o Preto (FFCLRP-USP). Atualmente \u00e9 aluna de doutorado do Programa de P\u00f3s-gradua\u00e7\u00e3o em Qu\u00edmica da FFCLRP (PPGQ-RP), sob orienta\u00e7\u00e3o da Profa. Dra. Sofia Nikolaou, em um projeto que visa sintetizar complexos assim\u00e9tricos com ligantes imidaz\u00f3licos e derivados, com NO e CO na posi\u00e7\u00e3o l\u00e1bil, tendo como foco estudos da reatividade da libera\u00e7\u00e3o desses \u00f3xidos frente a diferentes est\u00edmulos biocompat\u00edveis.<\/p>\n<p style=\"text-align: left;\"><a href=\"http:\/\/lattes.cnpq.br\/8475712453279242\">http:\/\/lattes.cnpq.br\/8475712453279242<\/a><\/p>\n<p>&nbsp;<\/p>\n<h3 style=\"text-align: left;\"><\/h3>\n<h3><\/h3>\n<p>&nbsp;<\/p>\n<h3 style=\"text-align: right;\"><strong>Luis Guilherme Alves do<\/strong><strong> Nascimento<img loading=\"lazy\" decoding=\"async\" class=\"alignright\" src=\"https:\/\/servicosweb.cnpq.br\/wspessoa\/servletrecuperafoto?tipo=1&amp;id=K2017704A1\" width=\"259\" height=\"294\" \/><\/strong><\/h3>\n<p style=\"text-align: right;\">Bacharel em Qu\u00edmica com Habilita\u00e7\u00e3o em Qu\u00edmica Forense pela Faculdade de Filosofia, Ci\u00eancias e Letras de Ribeir\u00e3o Preto (FFCLRP-USP). Atualmente \u00e9 aluno de doutorado do Programa de P\u00f3s-gradua\u00e7\u00e3o em Qu\u00edmica da FFCLRP (PPGQ-RP), sob orienta\u00e7\u00e3o da Profa. Dra. Sofia Nikolaou e co-orienta\u00e7\u00e3o do Prof. Dr. Andr\u00e9 Sarto Polo (UFABC), em um projeto que visa sintetizar, caracterizar e estudar as propriedades fotof\u00edsicas e fotoqu\u00edmicas de complexos tricarbon\u00edlicos de r\u00eanio(I) com ligantes N-heteroc\u00edclicos e naftalim\u00eddicos.<\/p>\n<p style=\"text-align: right;\"><a href=\"http:\/\/lattes.cnpq.br\/4182203515471285\">http:\/\/lattes.cnpq.br\/4182203515471285<\/a><\/p>\n<p>&nbsp;<\/p>\n<p>&nbsp;<\/p>\n<p>&nbsp;<\/p>\n<p>&nbsp;<\/p>\n<p><img loading=\"lazy\" decoding=\"async\" class=\"alignleft\" src=\"https:\/\/servicosweb.cnpq.br\/wspessoa\/servletrecuperafoto?tipo=1&amp;id=K2466498E7\" width=\"263\" height=\"246\" \/><\/p>\n<h3 style=\"text-align: left;\"><strong>Nicolle Azevedo Portela dos Santos<\/strong><\/h3>\n<p style=\"text-align: left;\">Bacharela em Qu\u00edmica pela Faculdade de Filosofia, Ci\u00eancias e Letras de Ribeir\u00e3o Preto (FFCLRP-USP). Atualmente \u00e9 aluna de doutorado do Programa de P\u00f3s-gradua\u00e7\u00e3o em Qu\u00edmica da FFCLRP (PPGQ-RP), sob orienta\u00e7\u00e3o da Profa. Dra. Sofia Nikolaou, em um projeto que visa sintetizar complexos trinucleares de rut\u00eanio com ligantes fenantrol\u00ednicos ortometalados. O projeto tamb\u00e9m visa\u00a0elucidar o mecanismo da rea\u00e7\u00e3o de ortometala\u00e7\u00e3o e estudar potenciais propriedades biol\u00f3gicas dos complexos-alvo.<\/p>\n<p style=\"text-align: left;\"><a href=\"http:\/\/lattes.cnpq.br\/0845260926524362\">http:\/\/lattes.cnpq.br\/0845260926524362<\/a><\/p>\n<h1><\/h1>\n<p>&nbsp;<\/p>\n<p>&nbsp;<\/p>\n<h3 style=\"text-align: left;\"><img loading=\"lazy\" decoding=\"async\" class=\"wp-image-775 alignright\" src=\"https:\/\/sites.usp.br\/labiqsc2\/wp-content\/uploads\/sites\/699\/2023\/10\/WhatsApp-Image-2023-10-10-at-09.34.53-1-scaled.jpeg\" alt=\"\" width=\"266\" height=\"354\" srcset=\"https:\/\/sites.usp.br\/labiqsc2\/wp-content\/uploads\/sites\/699\/2023\/10\/WhatsApp-Image-2023-10-10-at-09.34.53-1-scaled.jpeg 1920w, https:\/\/sites.usp.br\/labiqsc2\/wp-content\/uploads\/sites\/699\/2023\/10\/WhatsApp-Image-2023-10-10-at-09.34.53-1-225x300.jpeg 225w, https:\/\/sites.usp.br\/labiqsc2\/wp-content\/uploads\/sites\/699\/2023\/10\/WhatsApp-Image-2023-10-10-at-09.34.53-1-765x1020.jpeg 765w, https:\/\/sites.usp.br\/labiqsc2\/wp-content\/uploads\/sites\/699\/2023\/10\/WhatsApp-Image-2023-10-10-at-09.34.53-1-768x1024.jpeg 768w, https:\/\/sites.usp.br\/labiqsc2\/wp-content\/uploads\/sites\/699\/2023\/10\/WhatsApp-Image-2023-10-10-at-09.34.53-1-1152x1536.jpeg 1152w, https:\/\/sites.usp.br\/labiqsc2\/wp-content\/uploads\/sites\/699\/2023\/10\/WhatsApp-Image-2023-10-10-at-09.34.53-1-1536x2048.jpeg 1536w, https:\/\/sites.usp.br\/labiqsc2\/wp-content\/uploads\/sites\/699\/2023\/10\/WhatsApp-Image-2023-10-10-at-09.34.53-1-400x533.jpeg 400w\" sizes=\"auto, (max-width: 266px) 100vw, 266px\" \/><\/h3>\n<h3><\/h3>\n<h3 style=\"text-align: right;\">Bruno Faria Abrantes Pinheiro<\/h3>\n<p style=\"text-align: right;\">Bacharel em Qu\u00edmica pela Faculdade de Filosofia, Ci\u00eancias e Letras de Ribeir\u00e3o Preto (FFCLRP-USP). Atualmente \u00e9 aluno de doutorado do Programa de P\u00f3s-gradua\u00e7\u00e3o em Qu\u00edmica da FFCLRP (PPGQ-RP), sob orienta\u00e7\u00e3o da Profa. Dra. Sofia Nikolaou, em um projeto que visa sintetizar, caracterizar e estudar a qu\u00edmica \u00e1cido-base, al\u00e9m da potencial atividade biol\u00f3gica, de carboxilatos trinucleares de rut\u00eanio contendo ligantes imidazol e derivados.<\/p>\n<p style=\"text-align: right;\"><a href=\"http:\/\/lattes.cnpq.br\/6433921214455447\">http:\/\/lattes.cnpq.br\/6433921214455447<\/a><\/p>\n<h1 style=\"text-align: center;\"><\/h1>\n<h1><\/h1>\n<h1 style=\"text-align: center;\"><strong>Mestrado<\/strong><\/h1>\n<p>&nbsp;<\/p>\n<h3 class=\"nome\" style=\"text-align: left;\" tabindex=\"0\"><img loading=\"lazy\" decoding=\"async\" class=\"alignleft\" src=\"https:\/\/servicosweb.cnpq.br\/wspessoa\/servletrecuperafoto?tipo=1&amp;id=K2982384T1\" width=\"270\" height=\"270\" \/><\/h3>\n<h3 class=\"nome\" style=\"text-align: left;\" tabindex=\"0\">Pedro Henrique Oliveira Nazar<\/h3>\n<p style=\"text-align: left;\">Licenciado em Qu\u00edmica pela Faculdade de Filosofia, Ci\u00eancias e Letras de Ribeir\u00e3o Preto (FFCLRP-USP). Atualmente \u00e9 aluno de mestrado do Programa de P\u00f3s-gradua\u00e7\u00e3o em Qu\u00edmica da FFCLRP (PPGQ-RP), sob orienta\u00e7\u00e3o da Profa. Dra. Sofia Nikolaou, em um projeto que visa sintetizar, caracterizar e estudar as propriedades biol\u00f3gicas de complexos mononucleares de rut\u00eanio ciclometalados.<\/p>\n<p style=\"text-align: left;\"><a href=\"http:\/\/lattes.cnpq.br\/9155785115075953\">http:\/\/lattes.cnpq.br\/91557851<\/a><\/p>\n<p>&nbsp;<\/p>\n<p>&nbsp;<\/p>\n<p>&nbsp;<\/p>\n<p><img loading=\"lazy\" decoding=\"async\" class=\"wp-image-792 alignright\" src=\"https:\/\/sites.usp.br\/labiqsc2\/wp-content\/uploads\/sites\/699\/2025\/04\/Imagem-do-WhatsApp-de-2025-04-11-as-08.47.52_1f0432cf.jpg\" alt=\"\" width=\"252\" height=\"254\" srcset=\"https:\/\/sites.usp.br\/labiqsc2\/wp-content\/uploads\/sites\/699\/2025\/04\/Imagem-do-WhatsApp-de-2025-04-11-as-08.47.52_1f0432cf.jpg 896w, https:\/\/sites.usp.br\/labiqsc2\/wp-content\/uploads\/sites\/699\/2025\/04\/Imagem-do-WhatsApp-de-2025-04-11-as-08.47.52_1f0432cf-298x300.jpg 298w, https:\/\/sites.usp.br\/labiqsc2\/wp-content\/uploads\/sites\/699\/2025\/04\/Imagem-do-WhatsApp-de-2025-04-11-as-08.47.52_1f0432cf-150x150.jpg 150w, https:\/\/sites.usp.br\/labiqsc2\/wp-content\/uploads\/sites\/699\/2025\/04\/Imagem-do-WhatsApp-de-2025-04-11-as-08.47.52_1f0432cf-768x773.jpg 768w, https:\/\/sites.usp.br\/labiqsc2\/wp-content\/uploads\/sites\/699\/2025\/04\/Imagem-do-WhatsApp-de-2025-04-11-as-08.47.52_1f0432cf-160x160.jpg 160w, https:\/\/sites.usp.br\/labiqsc2\/wp-content\/uploads\/sites\/699\/2025\/04\/Imagem-do-WhatsApp-de-2025-04-11-as-08.47.52_1f0432cf-45x45.jpg 45w, https:\/\/sites.usp.br\/labiqsc2\/wp-content\/uploads\/sites\/699\/2025\/04\/Imagem-do-WhatsApp-de-2025-04-11-as-08.47.52_1f0432cf-400x403.jpg 400w\" sizes=\"auto, (max-width: 252px) 100vw, 252px\" \/><\/p>\n<h3 class=\"nome\" style=\"text-align: right;\" tabindex=\"0\">Nathan Campos Fernandes<\/h3>\n<p style=\"text-align: right;\">Licenciado em Qu\u00edmica pela Faculdade de Filosofia, Ci\u00eancias e Letras de Ribeir\u00e3o Preto (FFCLRP USP). Atualmente \u00e9 aluno de mestrado do Programa de P\u00f3s-gradua\u00e7\u00e3o em Qu\u00edmica da FFCLRP (PPGQ-RP), sob orienta\u00e7\u00e3o da Profa. Dra. Sofia Nikolaou, em um projeto que visa avaliar as metodologias de avalia\u00e7\u00e3o no ensino em Qu\u00edmica em n\u00edvel superior.<\/p>\n<p style=\"text-align: right;\"><a href=\"http:\/\/lattes.cnpq.br\/2674141964284730\">http:\/\/lattes.cnpq.br\/2674141964284730<\/a><\/p>\n","protected":false},"excerpt":{"rendered":"<p>P\u00f3s-Doutorado Dr. Josias da Silveira Rocha Licenciado em Qu\u00edmica pelo Instituto Federal de S\u00e3o Paulo (IFSP), Mestre e Doutor em&#46;&#46;&#46;<\/p>\n","protected":false},"author":21747,"featured_media":0,"parent":62,"menu_order":4,"comment_status":"closed","ping_status":"closed","template":"","meta":{"_monsterinsights_skip_tracking":false,"_monsterinsights_sitenote_active":false,"_monsterinsights_sitenote_note":"","_monsterinsights_sitenote_category":0,"footnotes":"","_links_to":"","_links_to_target":""},"class_list":["post-242","page","type-page","status-publish","hentry"],"_links":{"self":[{"href":"https:\/\/sites.usp.br\/labiqsc2\/wp-json\/wp\/v2\/pages\/242","targetHints":{"allow":["GET"]}}],"collection":[{"href":"https:\/\/sites.usp.br\/labiqsc2\/wp-json\/wp\/v2\/pages"}],"about":[{"href":"https:\/\/sites.usp.br\/labiqsc2\/wp-json\/wp\/v2\/types\/page"}],"author":[{"embeddable":true,"href":"https:\/\/sites.usp.br\/labiqsc2\/wp-json\/wp\/v2\/users\/21747"}],"replies":[{"embeddable":true,"href":"https:\/\/sites.usp.br\/labiqsc2\/wp-json\/wp\/v2\/comments?post=242"}],"version-history":[{"count":6,"href":"https:\/\/sites.usp.br\/labiqsc2\/wp-json\/wp\/v2\/pages\/242\/revisions"}],"predecessor-version":[{"id":812,"href":"https:\/\/sites.usp.br\/labiqsc2\/wp-json\/wp\/v2\/pages\/242\/revisions\/812"}],"up":[{"embeddable":true,"href":"https:\/\/sites.usp.br\/labiqsc2\/wp-json\/wp\/v2\/pages\/62"}],"wp:attachment":[{"href":"https:\/\/sites.usp.br\/labiqsc2\/wp-json\/wp\/v2\/media?parent=242"}],"curies":[{"name":"wp","href":"https:\/\/api.w.org\/{rel}","templated":true}]}}