{"id":245,"date":"2022-11-28T21:18:06","date_gmt":"2022-11-28T23:18:06","guid":{"rendered":"https:\/\/sites.usp.br\/labiqsc2\/?page_id=245"},"modified":"2025-12-01T11:48:38","modified_gmt":"2025-12-01T13:48:38","slug":"ics","status":"publish","type":"page","link":"https:\/\/sites.usp.br\/labiqsc2\/membros\/ics\/","title":{"rendered":"Inicia\u00e7\u00e3o Cient\u00edfica"},"content":{"rendered":"<p><img loading=\"lazy\" decoding=\"async\" class=\"size-medium wp-image-757 alignleft\" src=\"https:\/\/sites.usp.br\/labiqsc2\/wp-content\/uploads\/sites\/699\/2023\/09\/WhatsApp-Image-2023-09-18-at-20.17.02-254x300.jpeg\" alt=\"\" width=\"254\" height=\"300\" srcset=\"https:\/\/sites.usp.br\/labiqsc2\/wp-content\/uploads\/sites\/699\/2023\/09\/WhatsApp-Image-2023-09-18-at-20.17.02-254x300.jpeg 254w, https:\/\/sites.usp.br\/labiqsc2\/wp-content\/uploads\/sites\/699\/2023\/09\/WhatsApp-Image-2023-09-18-at-20.17.02-400x473.jpeg 400w, https:\/\/sites.usp.br\/labiqsc2\/wp-content\/uploads\/sites\/699\/2023\/09\/WhatsApp-Image-2023-09-18-at-20.17.02.jpeg 517w\" sizes=\"auto, (max-width: 254px) 100vw, 254px\" \/><\/p>\n<h3><\/h3>\n<h3>Thuany Galli Toledo<\/h3>\n<p>Graduanda em Qu\u00edmica pela FFCLRP-USP, bolsista PIBIC-CNPq,\u00a0 desenvolve projeto de pesquisa estudando a s\u00edntese e caracteriza\u00e7\u00e3o de um complexo mononuclear de rut\u00eanio(II) com dppz e tetrahidroisoquinolina.<\/p>\n<p><a href=\"http:\/\/lattes.cnpq.br\/2984128947855129\">http:\/\/lattes.cnpq.br\/2984128947855129<\/a><\/p>\n<p>&nbsp;<\/p>\n<p>&nbsp;<\/p>\n<p>&nbsp;<\/p>\n<p>&nbsp;<\/p>\n<p><img loading=\"lazy\" decoding=\"async\" class=\"wp-image-800 alignright\" src=\"https:\/\/sites.usp.br\/labiqsc2\/wp-content\/uploads\/sites\/699\/2025\/11\/Captura-de-tela-2025-11-28-133608.png\" alt=\"\" width=\"271\" height=\"274\" srcset=\"https:\/\/sites.usp.br\/labiqsc2\/wp-content\/uploads\/sites\/699\/2025\/11\/Captura-de-tela-2025-11-28-133608.png 793w, https:\/\/sites.usp.br\/labiqsc2\/wp-content\/uploads\/sites\/699\/2025\/11\/Captura-de-tela-2025-11-28-133608-297x300.png 297w, https:\/\/sites.usp.br\/labiqsc2\/wp-content\/uploads\/sites\/699\/2025\/11\/Captura-de-tela-2025-11-28-133608-768x776.png 768w, https:\/\/sites.usp.br\/labiqsc2\/wp-content\/uploads\/sites\/699\/2025\/11\/Captura-de-tela-2025-11-28-133608-45x45.png 45w, https:\/\/sites.usp.br\/labiqsc2\/wp-content\/uploads\/sites\/699\/2025\/11\/Captura-de-tela-2025-11-28-133608-400x404.png 400w\" sizes=\"auto, (max-width: 271px) 100vw, 271px\" \/><\/p>\n<h3><\/h3>\n<h3 style=\"text-align: right;\">Paola Russo Theobaldo<\/h3>\n<p style=\"text-align: right;\">Graduanda em Qu\u00edmica pela FFCLRP-USP, bolsista PUB-USP,\u00a0 desenvolve projeto de pesquisa estudando a s\u00edntese e caracteriza\u00e7\u00e3o de um complexo mononuclear de ferro(II) com ligantes ciclometalados e tetrahidroisoquinolina.<\/p>\n<p style=\"text-align: right;\"><a href=\"http:\/\/lattes.cnpq.br\/3130772712999804\">http:\/\/lattes.cnpq.br\/3130772712999804<\/a><\/p>\n<h3><\/h3>\n<p>&nbsp;<\/p>\n<p>&nbsp;<\/p>\n<p>&nbsp;<\/p>\n<p><img loading=\"lazy\" decoding=\"async\" class=\"wp-image-803 alignleft\" src=\"https:\/\/sites.usp.br\/labiqsc2\/wp-content\/uploads\/sites\/699\/2025\/11\/Captura-de-tela-2025-11-28-134701.png\" alt=\"\" width=\"292\" height=\"291\" srcset=\"https:\/\/sites.usp.br\/labiqsc2\/wp-content\/uploads\/sites\/699\/2025\/11\/Captura-de-tela-2025-11-28-134701.png 792w, https:\/\/sites.usp.br\/labiqsc2\/wp-content\/uploads\/sites\/699\/2025\/11\/Captura-de-tela-2025-11-28-134701-300x300.png 300w, https:\/\/sites.usp.br\/labiqsc2\/wp-content\/uploads\/sites\/699\/2025\/11\/Captura-de-tela-2025-11-28-134701-150x150.png 150w, https:\/\/sites.usp.br\/labiqsc2\/wp-content\/uploads\/sites\/699\/2025\/11\/Captura-de-tela-2025-11-28-134701-768x765.png 768w, https:\/\/sites.usp.br\/labiqsc2\/wp-content\/uploads\/sites\/699\/2025\/11\/Captura-de-tela-2025-11-28-134701-160x160.png 160w, https:\/\/sites.usp.br\/labiqsc2\/wp-content\/uploads\/sites\/699\/2025\/11\/Captura-de-tela-2025-11-28-134701-320x320.png 320w, https:\/\/sites.usp.br\/labiqsc2\/wp-content\/uploads\/sites\/699\/2025\/11\/Captura-de-tela-2025-11-28-134701-45x45.png 45w, https:\/\/sites.usp.br\/labiqsc2\/wp-content\/uploads\/sites\/699\/2025\/11\/Captura-de-tela-2025-11-28-134701-200x200.png 200w, https:\/\/sites.usp.br\/labiqsc2\/wp-content\/uploads\/sites\/699\/2025\/11\/Captura-de-tela-2025-11-28-134701-400x398.png 400w\" sizes=\"auto, (max-width: 292px) 100vw, 292px\" \/><\/p>\n<h3><\/h3>\n<h3>Livia Lopes do Amaral<\/h3>\n<p>Graduanda em Qu\u00edmica pela FFCLRP-USP, desenvolve projeto de pesquisa estudando a s\u00edntese e caracteriza\u00e7\u00e3o de um complexo mononuclear de ferro(II) com ligantes ciclometalados e tetrahidroisoquinolina.<\/p>\n<p><a href=\"https:\/\/lattes.cnpq.br\/8461452003868454\">https:\/\/lattes.cnpq.br\/8461452003868454<\/a><\/p>\n<p>&nbsp;<\/p>\n<p>&nbsp;<\/p>\n<p>&nbsp;<\/p>\n<p><img loading=\"lazy\" decoding=\"async\" class=\"size-full wp-image-804 alignright\" src=\"https:\/\/sites.usp.br\/labiqsc2\/wp-content\/uploads\/sites\/699\/2025\/11\/Captura-de-tela-2025-11-28-135257.png\" alt=\"\" width=\"301\" height=\"294\" srcset=\"https:\/\/sites.usp.br\/labiqsc2\/wp-content\/uploads\/sites\/699\/2025\/11\/Captura-de-tela-2025-11-28-135257.png 301w, https:\/\/sites.usp.br\/labiqsc2\/wp-content\/uploads\/sites\/699\/2025\/11\/Captura-de-tela-2025-11-28-135257-45x45.png 45w\" sizes=\"auto, (max-width: 301px) 100vw, 301px\" \/><\/p>\n<p>&nbsp;<\/p>\n<h3 style=\"text-align: right;\">Enrico Zanirato<\/h3>\n<p style=\"text-align: right;\">Graduando em Qu\u00edmica pela FFCLRP-USP, desenvolve projeto de pesquisa estudando a agrega\u00e7\u00e3o de naftalimidas em solu\u00e7\u00e3o.<\/p>\n<p style=\"text-align: right;\"><a href=\"http:\/\/lattes.cnpq.br\/4050428789475056\">http:\/\/lattes.cnpq.br\/4050428789475056<\/a><\/p>\n<p>&nbsp;<\/p>\n<p>&nbsp;<\/p>\n<p>&nbsp;<\/p>\n<p>&nbsp;<\/p>\n<p>&nbsp;<\/p>\n<p>&nbsp;<\/p>\n<h3><img loading=\"lazy\" decoding=\"async\" class=\"wp-image-802 alignleft\" style=\"font-size: 16px; font-weight: 400;\" src=\"https:\/\/sites.usp.br\/labiqsc2\/wp-content\/uploads\/sites\/699\/2025\/11\/Captura-de-tela-2025-11-28-134136.png\" alt=\"\" width=\"276\" height=\"276\" srcset=\"https:\/\/sites.usp.br\/labiqsc2\/wp-content\/uploads\/sites\/699\/2025\/11\/Captura-de-tela-2025-11-28-134136.png 796w, https:\/\/sites.usp.br\/labiqsc2\/wp-content\/uploads\/sites\/699\/2025\/11\/Captura-de-tela-2025-11-28-134136-300x300.png 300w, https:\/\/sites.usp.br\/labiqsc2\/wp-content\/uploads\/sites\/699\/2025\/11\/Captura-de-tela-2025-11-28-134136-150x150.png 150w, https:\/\/sites.usp.br\/labiqsc2\/wp-content\/uploads\/sites\/699\/2025\/11\/Captura-de-tela-2025-11-28-134136-768x767.png 768w, https:\/\/sites.usp.br\/labiqsc2\/wp-content\/uploads\/sites\/699\/2025\/11\/Captura-de-tela-2025-11-28-134136-160x160.png 160w, https:\/\/sites.usp.br\/labiqsc2\/wp-content\/uploads\/sites\/699\/2025\/11\/Captura-de-tela-2025-11-28-134136-320x320.png 320w, https:\/\/sites.usp.br\/labiqsc2\/wp-content\/uploads\/sites\/699\/2025\/11\/Captura-de-tela-2025-11-28-134136-45x45.png 45w, https:\/\/sites.usp.br\/labiqsc2\/wp-content\/uploads\/sites\/699\/2025\/11\/Captura-de-tela-2025-11-28-134136-200x200.png 200w, https:\/\/sites.usp.br\/labiqsc2\/wp-content\/uploads\/sites\/699\/2025\/11\/Captura-de-tela-2025-11-28-134136-400x399.png 400w\" sizes=\"auto, (max-width: 276px) 100vw, 276px\" \/><\/h3>\n<h3><\/h3>\n<h3 style=\"text-align: left;\">Vit\u00f3ria Fernandes<\/h3>\n<p style=\"text-align: left;\">Graduanda em Qu\u00edmica pela FFCLRP-USP, bolsista PUB-USP,\u00a0 desenvolve projeto de ensino estudando o pluralismo metodol\u00f3gico do ensino de liga\u00e7\u00f5es qu\u00edmicas no ensino superior.<\/p>\n<p><a href=\"http:\/\/lattes.cnpq.br\/9494792664005337\">http:\/\/lattes.cnpq.br\/9494792664005337<\/a><\/p>\n<h3 style=\"text-align: right;\"><\/h3>\n<p>&nbsp;<\/p>\n<p>&nbsp;<\/p>\n<p>&nbsp;<\/p>\n<p><img loading=\"lazy\" decoding=\"async\" class=\"wp-image-799 alignright\" style=\"font-size: 16px;\" src=\"https:\/\/sites.usp.br\/labiqsc2\/wp-content\/uploads\/sites\/699\/2025\/11\/Captura-de-tela-2025-11-28-132943.png\" alt=\"\" width=\"264\" height=\"262\" srcset=\"https:\/\/sites.usp.br\/labiqsc2\/wp-content\/uploads\/sites\/699\/2025\/11\/Captura-de-tela-2025-11-28-132943.png 791w, https:\/\/sites.usp.br\/labiqsc2\/wp-content\/uploads\/sites\/699\/2025\/11\/Captura-de-tela-2025-11-28-132943-300x298.png 300w, https:\/\/sites.usp.br\/labiqsc2\/wp-content\/uploads\/sites\/699\/2025\/11\/Captura-de-tela-2025-11-28-132943-150x150.png 150w, https:\/\/sites.usp.br\/labiqsc2\/wp-content\/uploads\/sites\/699\/2025\/11\/Captura-de-tela-2025-11-28-132943-768x763.png 768w, https:\/\/sites.usp.br\/labiqsc2\/wp-content\/uploads\/sites\/699\/2025\/11\/Captura-de-tela-2025-11-28-132943-160x160.png 160w, https:\/\/sites.usp.br\/labiqsc2\/wp-content\/uploads\/sites\/699\/2025\/11\/Captura-de-tela-2025-11-28-132943-45x45.png 45w, https:\/\/sites.usp.br\/labiqsc2\/wp-content\/uploads\/sites\/699\/2025\/11\/Captura-de-tela-2025-11-28-132943-400x397.png 400w\" sizes=\"auto, (max-width: 264px) 100vw, 264px\" \/><\/p>\n<h3><\/h3>\n<h3 style=\"text-align: right;\">Gabriela Galimbertti<\/h3>\n<p style=\"text-align: right;\">Graduanda em Qu\u00edmica pela FFCLRP-USP, bolsista PUB-USP,\u00a0 desenvolve projeto de extens\u00e3o trazendo alunos de ensino m\u00e9dio de Ribeir\u00e3o<\/p>\n","protected":false},"excerpt":{"rendered":"<p>Thuany Galli Toledo Graduanda em Qu\u00edmica pela FFCLRP-USP, bolsista PIBIC-CNPq,\u00a0 desenvolve projeto de pesquisa estudando a s\u00edntese e caracteriza\u00e7\u00e3o de&#46;&#46;&#46;<\/p>\n","protected":false},"author":21747,"featured_media":0,"parent":62,"menu_order":6,"comment_status":"closed","ping_status":"closed","template":"","meta":{"_monsterinsights_skip_tracking":false,"_monsterinsights_sitenote_active":false,"_monsterinsights_sitenote_note":"","_monsterinsights_sitenote_category":0,"footnotes":"","_links_to":"","_links_to_target":""},"class_list":["post-245","page","type-page","status-publish","hentry"],"_links":{"self":[{"href":"https:\/\/sites.usp.br\/labiqsc2\/wp-json\/wp\/v2\/pages\/245","targetHints":{"allow":["GET"]}}],"collection":[{"href":"https:\/\/sites.usp.br\/labiqsc2\/wp-json\/wp\/v2\/pages"}],"about":[{"href":"https:\/\/sites.usp.br\/labiqsc2\/wp-json\/wp\/v2\/types\/page"}],"author":[{"embeddable":true,"href":"https:\/\/sites.usp.br\/labiqsc2\/wp-json\/wp\/v2\/users\/21747"}],"replies":[{"embeddable":true,"href":"https:\/\/sites.usp.br\/labiqsc2\/wp-json\/wp\/v2\/comments?post=245"}],"version-history":[{"count":6,"href":"https:\/\/sites.usp.br\/labiqsc2\/wp-json\/wp\/v2\/pages\/245\/revisions"}],"predecessor-version":[{"id":825,"href":"https:\/\/sites.usp.br\/labiqsc2\/wp-json\/wp\/v2\/pages\/245\/revisions\/825"}],"up":[{"embeddable":true,"href":"https:\/\/sites.usp.br\/labiqsc2\/wp-json\/wp\/v2\/pages\/62"}],"wp:attachment":[{"href":"https:\/\/sites.usp.br\/labiqsc2\/wp-json\/wp\/v2\/media?parent=245"}],"curies":[{"name":"wp","href":"https:\/\/api.w.org\/{rel}","templated":true}]}}