{"id":246,"date":"2020-02-28T21:19:08","date_gmt":"2020-02-28T23:19:08","guid":{"rendered":"https:\/\/sites.usp.br\/labiqsc2\/?page_id=246"},"modified":"2025-11-30T11:12:20","modified_gmt":"2025-11-30T13:12:20","slug":"egressos","status":"publish","type":"page","link":"https:\/\/sites.usp.br\/labiqsc2\/membros\/egressos\/","title":{"rendered":"Egressos"},"content":{"rendered":"<div class=\"infpessoa\">\n<h3 class=\"nome\" tabindex=\"0\">Renan Ribeiro Bertoni<\/h3>\n<p>Desenho e desenvolvimento de um novo candidato a metalof\u00e1rmaco de rut\u00eanio com ligantes sin\u00e9rgicos. 2023. Mestrado em Qu\u00edmica &#8211; Faculdade de Filosofia, Ci\u00eancias e Letras de Ribeir\u00e3o Preto &#8211; USP, Funda\u00e7\u00e3o de Amparo \u00e0 Pesquisa do Estado de S\u00e3o Paulo. Orientadora: Sofia Nikolaou.<\/p>\n<p>&nbsp;<\/p>\n<h3 class=\"nome\" tabindex=\"0\">Ana Paula de Lima Batista<\/h3>\n<p tabindex=\"0\">Desenvolveu modelagem computacional de processos de convers\u00e3o de energia e mecanismos fotoqu\u00edmicos\/fotof\u00edsicos envolvendo complexos de metais de transi\u00e7\u00e3o. 2019-2022. P\u00f3s-Doutorado em Qu\u00edmica &#8211; Faculdade de Filosofia, Ci\u00eancias e Letras de Ribeir\u00e3o Preto &#8211; USP, Coordena\u00e7\u00e3o de Aperfei\u00e7oamento de Pessoal de N\u00edvel Superior, CAPES. Orientadora: Sofia Nikolaou.<\/p>\n<p tabindex=\"0\">\n<h3 class=\"nome\" tabindex=\"0\"><strong>S\u00e2mya da Silva Souza<\/strong><\/h3>\n<p>Investiga\u00e7\u00e3o espectrosc\u00f3pica de complexos de rut\u00eanio combinados a naftalimidas: fotorreatividade e solvatocromismo. 2021. Mestrado em Qu\u00edmica &#8211; Faculdade de Filosofia, Ci\u00eancias e Letras de Ribeir\u00e3o Preto &#8211; USP, Funda\u00e7\u00e3o de Amparo \u00e0 Pesquisa do Estado de S\u00e3o Paulo. Orientadora: Sofia Nikolaou.<\/p>\n<\/div>\n<p>&nbsp;<\/p>\n<h3>Douglas Braz Gon\u00e7alves Mateus<\/h3>\n<div class=\"infpessoa\">\n<p>N-(4-piridil)-1,8-naftalimida e sua combina\u00e7\u00e3o com um cluster trinuclear de rut\u00eanio: s\u00edntese, caracteriza\u00e7\u00e3o e investiga\u00e7\u00e3o espectrosc\u00f3pica. 2020. Mestrado em Qu\u00edmica &#8211; Faculdade de Filosofia, Ci\u00eancias e Letras de Ribeir\u00e3o Preto &#8211; USP, Conselho Nacional de Desenvolvimento Cient\u00edfico e Tecnol\u00f3gico. Orientadora: Sofia Nikolaou.<\/p>\n<p>&nbsp;<\/p>\n<h3><strong>Pedro Branco Hauch Chrispim<\/strong><\/h3>\n<\/div>\n<p style=\"text-align: left;\">Acetatos trinucleares de rut\u00eanio coordenados a ligantes fenanz\u00ednicos: estudo sobre s\u00edntese, reatividade, intera\u00e7\u00f5es com DNA e avalia\u00e7\u00e3o do potencial tripanocida. 2020. \u00a0Mestre em Ci\u00eancias\u00a0&#8211; Faculdade de Filosofia, Ci\u00eancias e Letras de Ribeir\u00e3o Preto &#8211; USP, Conselho Nacional de Desenvolvimento Cient\u00edfico e Tecnol\u00f3gico. Orientadora: Sofia Nikolaou.<\/p>\n<p>&nbsp;<\/p>\n<h3><strong>Bruna Possato<\/strong><\/h3>\n<p>Investiga\u00e7\u00e3o de nitrosilo complexos trinucleares de rut\u00eanio com ligantes azanaftalenos e suas intera\u00e7\u00f5es com algumas biomol\u00e9culas de interesse. 2017. Doutorado em Qu\u00edmica &#8211; Faculdade de Filosofia, Ci\u00eancias e Letras de Ribeir\u00e3o Preto &#8211; USP, Coordena\u00e7\u00e3o de Aperfei\u00e7oamento de Pessoal de N\u00edvel Superior. Orientadora: Sofia Nikolaou.<\/p>\n<p>&nbsp;<\/p>\n<h3><strong>Camila Fontes Neves da Silva<\/strong><\/h3>\n<p>Carboxilatos trinucleares de rut\u00eanio com ligantes intercaladores: estudo qu\u00edmico e de intera\u00e7\u00e3o com biomol\u00e9culas alvo. 2019. Doutorado em Qu\u00edmica &#8211; Faculdade de Filosofia, Ci\u00eancias e Letras de Ribeir\u00e3o Preto &#8211; USP, Funda\u00e7\u00e3o de Amparo \u00e0 Pesquisa do Estado de S\u00e3o Paulo. Orientadora: Sofia Nikolaou.<\/p>\n<p>Investiga\u00e7\u00e3o comparativa de liberados de NO e CO baseados em compostos trinucleares de rut\u00eanio. 2015. Mestrado em Qu\u00edmica &#8211; Faculdade de Filosofia, Ci\u00eancias e Letras de Ribeir\u00e3o Preto &#8211; USP, Funda\u00e7\u00e3o de Amparo \u00e0 Pesquisa do Estado de S\u00e3o Paulo. Orientadora: Sofia Nikolaou.<\/p>\n<p>&nbsp;<\/p>\n<h3><strong>Emmanuel Zimmerann Moreira<\/strong><\/h3>\n<p>S\u00edntese e Caracteriza\u00e7\u00e3o de pentafluoro-piridil-porfirinas substitu\u00eddas com complexos de rut\u00eanio. 2007. Mestrado em Qu\u00edmica &#8211; Faculdade de Filosofia, Ci\u00eancias e Letras de Ribeir\u00e3o Preto &#8211; USP, Funda\u00e7\u00e3o de Amparo \u00e0 Pesquisa do Estado de S\u00e3o Paulo. Coorientador: Sofia Nikolaou.<\/p>\n<p>&nbsp;<\/p>\n<h3><strong>Felipe Costa Claro Reis<\/strong><\/h3>\n<p>[Ru<sub>2<\/sub>O(CH<sub>3<\/sub>COO)<sub>2<\/sub>(py)<sub>4<\/sub>(THIQ)<sub>2<\/sub>](PF<sub>6<\/sub>)<sub>2<\/sub>: s\u00edntese, caracteriza\u00e7\u00e3o, cin\u00e9tica de troca de ligantes, compara\u00e7\u00e3o com complexo an\u00e1logo e estudos biol\u00f3gicos. 2019. Doutorado em Qu\u00edmica &#8211; Faculdade de Filosofia, Ci\u00eancias e Letras de Ribeir\u00e3o Preto &#8211; USP, Coordena\u00e7\u00e3o de Aperfei\u00e7oamento de Pessoal de N\u00edvel Superior. Orientador: Sofia Nikolaou.<\/p>\n<p>Investiga\u00e7\u00e3o qu\u00edmica de complexos de coordena\u00e7\u00e3o dos antibi\u00f3ticos enrofloxacina e cinoxacina combinados ao \u00edon Ru(III) e suas intera\u00e7\u00f5es com biomol\u00e9culas alvo. 2014. Mestrado em Qu\u00edmica &#8211; Faculdade de Filosofia, Ci\u00eancias e Letras de Ribeir\u00e3o Preto &#8211; USP, Coordena\u00e7\u00e3o de Aperfei\u00e7oamento de Pessoal de N\u00edvel Superior. Orientador: Sofia Nikolaou.<\/p>\n<p>&nbsp;<\/p>\n<h3><strong>Gabrielle Yumi Higashijima<\/strong><\/h3>\n<p>Estudo da cin\u00e9tica da rea\u00e7\u00e3o de nitrosilos complexos trinucleares de rut\u00eanio com \u00e1cido asc\u00f3rbico. 2018. Mestrado em Qu\u00edmica &#8211; Faculdade de Filosofia, Ci\u00eancias e Letras de Ribeir\u00e3o Preto &#8211; USP, Conselho Nacional de Desenvolvimento Cient\u00edfico e Tecnol\u00f3gico. Orientador: Sofia Nikolaou.<\/p>\n<p>&nbsp;<\/p>\n<h3><strong>Karina Dias<\/strong><\/h3>\n<p>S\u00edntese e caracteriza\u00e7\u00e3o dos compostos de inclus\u00e3o em beta-ciclodextrina e em compostos derivados de calix[n]arenos de complexos met\u00e1licos com flavon\u00f3ides. 2008. Doutorado em Qu\u00edmica &#8211; Faculdade de Filosofia, Ci\u00eancias e Letras de Ribeir\u00e3o Preto &#8211; USP, Conselho Nacional de Desenvolvimento Cient\u00edfico e Tecnol\u00f3gico. Coorientador: Sofia Nikolaou.<\/p>\n<p>Estudo da rela\u00e7\u00e3o estrutura e atividade antioxidante de compostos de inclus\u00e3o formados entre \u03b2-ciclodextrinas e complexos met\u00e1licos de resveratrol. 2010. P\u00f3s-doutorado &#8211; Faculdade de Ci\u00eancias Farmac\u00eauticas de Ribeir\u00e3o Preto Usp, Conselho Nacional de Desenvolvimento Cient\u00edfico e Tecnol\u00f3gico. Supervisor: Sofia Nikolaou.<\/p>\n<p>&nbsp;<\/p>\n<h3><strong>Lilian Pereira Franco<\/strong><\/h3>\n<p>Desenvolvimento de clusters assim\u00e9tricos de rut\u00eanio de f\u00f3rmula geral [Ru<sub>3<\/sub>O(CH<sub>3<\/sub>COO)<sub>6<\/sub>(L1)(L2)(NO)]<sup>n<\/sup> e estruturas estendidas: s\u00edntese, caracteriza\u00e7\u00e3o e avalia\u00e7\u00e3o da libera\u00e7\u00e3o de NO. 2014. P\u00f3s-doutorado &#8211; Faculdade de Filosofia, Ci\u00eancias e Letras de Ribeir\u00e3o Preto &#8211; USP, Conselho Nacional de Desenvolvimento Cient\u00edfico e Tecnol\u00f3gico. Supervisor: Sofia Nikolaou.<\/p>\n<p>&nbsp;<\/p>\n<h3><strong>M\u00e1rcia Kyioko Tanimoto<\/strong><\/h3>\n<p>A reatividade da fluoroquinolona ciprofloxacina com o metal de transi\u00e7\u00e3o rut\u00eanio. 2009. (Mestrado em Ci\u00eancias Farmac\u00eauticas) &#8211; Faculdade de Ci\u00eancias Farmac\u00eauticas de Ribeir\u00e3o Preto Usp, Coordena\u00e7\u00e3o de Aperfei\u00e7oamento de Pessoal de N\u00edvel Superior. Orientador: Sofia Nikolaou.<\/p>\n<p>&nbsp;<\/p>\n<h3><strong>Mariete Barbosa Moreira<\/strong><\/h3>\n<p>Complexos trinucleares de rut\u00eanio com ponte mu-oxo contendo ligantes nitrosilo e pirid\u00ednicos \u03c0-aceptores: S\u00edntese, Caracteriza\u00e7\u00e3o e Estudo de Intera\u00e7\u00e3o com Biomol\u00e9culas. 2016. Doutorado em Qu\u00edmica &#8211; Faculdade de Filosofia, Ci\u00eancias e Letras de Ribeir\u00e3o Preto &#8211; USP, Funda\u00e7\u00e3o de Amparo \u00e0 Pesquisa do Estado de S\u00e3o Paulo. Orientador: Sofia Nikolaou.<\/p>\n<p>&nbsp;<\/p>\n<h3><strong>Natacha Cacita<\/strong><\/h3>\n<p>S\u00edntese e caracteriza\u00e7\u00e3o de complexos binucleares de rut\u00eanio combinados \u00e0 anti-inflamat\u00f3rios n\u00e3o esteroidais, intera\u00e7\u00e3o com biomol\u00e9culas e estudo de seu potencial antial\u00e9rgico. 2018. Doutorado em Qu\u00edmica &#8211; Faculdade de Filosofia, Ci\u00eancias e Letras de Ribeir\u00e3o Preto &#8211; USP, Conselho Nacional de Desenvolvimento Cient\u00edfico e Tecnol\u00f3gico. Orientador: Sofia Nikolaou.<\/p>\n<p>Estudo de complexos trinucleares de rut\u00eanio como liberadores de \u00f3xido n\u00edtrico em meio aquoso. 2013. Mestrado em Qu\u00edmica &#8211; Faculdade de Filosofia, Ci\u00eancias e Letras de Ribeir\u00e3o Preto &#8211; USP, Coordena\u00e7\u00e3o de Aperfei\u00e7oamento de Pessoal de N\u00edvel Superior. Orientador: Sofia Nikolaou.<\/p>\n<p>&nbsp;<\/p>\n<h3><strong>Nat\u00e1lia Marcomini Perez<\/strong><\/h3>\n<p>Estudo da influ\u00eancia do meio na libera\u00e7\u00e3o controlada de mon\u00f3xido de carbono a partir de complexos trinucleares de rut\u00eanio. 2018. Mestrado em Qu\u00edmica &#8211; Faculdade de Filosofia, Ci\u00eancias e Letras de Ribeir\u00e3o Preto &#8211; USP, Coordena\u00e7\u00e3o de Aperfei\u00e7oamento de Pessoal de N\u00edvel Superior. Orientador: Sofia Nikolaou.<\/p>\n","protected":false},"excerpt":{"rendered":"<p>Renan Ribeiro Bertoni Desenho e desenvolvimento de um novo candidato a metalof\u00e1rmaco de rut\u00eanio com ligantes sin\u00e9rgicos. 2023. Mestrado em&#46;&#46;&#46;<\/p>\n","protected":false},"author":21747,"featured_media":0,"parent":62,"menu_order":6,"comment_status":"closed","ping_status":"closed","template":"","meta":{"_monsterinsights_skip_tracking":false,"_monsterinsights_sitenote_active":false,"_monsterinsights_sitenote_note":"","_monsterinsights_sitenote_category":0,"footnotes":"","_links_to":"","_links_to_target":""},"class_list":["post-246","page","type-page","status-publish","hentry"],"_links":{"self":[{"href":"https:\/\/sites.usp.br\/labiqsc2\/wp-json\/wp\/v2\/pages\/246","targetHints":{"allow":["GET"]}}],"collection":[{"href":"https:\/\/sites.usp.br\/labiqsc2\/wp-json\/wp\/v2\/pages"}],"about":[{"href":"https:\/\/sites.usp.br\/labiqsc2\/wp-json\/wp\/v2\/types\/page"}],"author":[{"embeddable":true,"href":"https:\/\/sites.usp.br\/labiqsc2\/wp-json\/wp\/v2\/users\/21747"}],"replies":[{"embeddable":true,"href":"https:\/\/sites.usp.br\/labiqsc2\/wp-json\/wp\/v2\/comments?post=246"}],"version-history":[{"count":4,"href":"https:\/\/sites.usp.br\/labiqsc2\/wp-json\/wp\/v2\/pages\/246\/revisions"}],"predecessor-version":[{"id":822,"href":"https:\/\/sites.usp.br\/labiqsc2\/wp-json\/wp\/v2\/pages\/246\/revisions\/822"}],"up":[{"embeddable":true,"href":"https:\/\/sites.usp.br\/labiqsc2\/wp-json\/wp\/v2\/pages\/62"}],"wp:attachment":[{"href":"https:\/\/sites.usp.br\/labiqsc2\/wp-json\/wp\/v2\/media?parent=246"}],"curies":[{"name":"wp","href":"https:\/\/api.w.org\/{rel}","templated":true}]}}