{"id":62,"date":"2014-02-12T11:28:30","date_gmt":"2014-02-12T13:28:30","guid":{"rendered":"http:\/\/sites.usp.br\/labiqsc2\/?page_id=62"},"modified":"2022-01-04T13:08:02","modified_gmt":"2022-01-04T15:08:02","slug":"membros","status":"publish","type":"page","link":"https:\/\/sites.usp.br\/labiqsc2\/membros\/","title":{"rendered":"Membros"},"content":{"rendered":"<p>Utilize os links abaixo para conhecer os membros do grupo LABiQSC\u00b2!<\/p>\n<h2><a href=\"https:\/\/sites.usp.br\/labiqsc2\/membros\/lider-do-grupo\/\">L\u00edder do Grupo<\/a><\/h2>\n<h2><a href=\"https:\/\/sites.usp.br\/labiqsc2\/membros\/posgrad\/\">P\u00f3s-graduandos<\/a><\/h2>\n<h2><a href=\"https:\/\/sites.usp.br\/labiqsc2\/membros\/ics\/\">Inicia\u00e7\u00e3o cient\u00edfica<\/a><\/h2>\n<h2><a href=\"https:\/\/sites.usp.br\/labiqsc2\/membros\/egressos\/\">Egressos do grupo<\/a><\/h2>\n<h2><a href=\"https:\/\/sites.usp.br\/labiqsc2\/membros\/trancamentos\/\">Trancamentos<\/a><\/h2>\n","protected":false},"excerpt":{"rendered":"<p>Utilize os links abaixo para conhecer os membros do grupo LABiQSC\u00b2! L\u00edder do Grupo P\u00f3s-graduandos Inicia\u00e7\u00e3o cient\u00edfica Egressos do grupo&#46;&#46;&#46;<\/p>\n","protected":false},"author":1,"featured_media":0,"parent":0,"menu_order":10,"comment_status":"closed","ping_status":"closed","template":"","meta":{"_monsterinsights_skip_tracking":false,"_monsterinsights_sitenote_active":false,"_monsterinsights_sitenote_note":"","_monsterinsights_sitenote_category":0,"footnotes":"","_links_to":"","_links_to_target":""},"class_list":["post-62","page","type-page","status-publish","hentry"],"_links":{"self":[{"href":"https:\/\/sites.usp.br\/labiqsc2\/wp-json\/wp\/v2\/pages\/62","targetHints":{"allow":["GET"]}}],"collection":[{"href":"https:\/\/sites.usp.br\/labiqsc2\/wp-json\/wp\/v2\/pages"}],"about":[{"href":"https:\/\/sites.usp.br\/labiqsc2\/wp-json\/wp\/v2\/types\/page"}],"author":[{"embeddable":true,"href":"https:\/\/sites.usp.br\/labiqsc2\/wp-json\/wp\/v2\/users\/1"}],"replies":[{"embeddable":true,"href":"https:\/\/sites.usp.br\/labiqsc2\/wp-json\/wp\/v2\/comments?post=62"}],"version-history":[{"count":5,"href":"https:\/\/sites.usp.br\/labiqsc2\/wp-json\/wp\/v2\/pages\/62\/revisions"}],"predecessor-version":[{"id":664,"href":"https:\/\/sites.usp.br\/labiqsc2\/wp-json\/wp\/v2\/pages\/62\/revisions\/664"}],"wp:attachment":[{"href":"https:\/\/sites.usp.br\/labiqsc2\/wp-json\/wp\/v2\/media?parent=62"}],"curies":[{"name":"wp","href":"https:\/\/api.w.org\/{rel}","templated":true}]}}