{"id":665,"date":"2022-01-04T13:14:11","date_gmt":"2022-01-04T15:14:11","guid":{"rendered":"https:\/\/sites.usp.br\/labiqsc2\/?page_id=665"},"modified":"2022-01-04T13:14:11","modified_gmt":"2022-01-04T15:14:11","slug":"trancamentos","status":"publish","type":"page","link":"https:\/\/sites.usp.br\/labiqsc2\/membros\/trancamentos\/","title":{"rendered":"Trancamentos"},"content":{"rendered":"<p><strong>Douglas Braz Gon\u00e7alves Mateus<\/strong><\/p>\n<p>N-(4-piridil)-1,8-naftalimida e sua combina\u00e7\u00e3o com um cluster trinuclear de rut\u00eanio: S\u00edntese, caracteriza\u00e7\u00e3o e investiga\u00e7\u00e3o espectrosc\u00f3pica. 2020. Mestre em Ci\u00eancias &#8211; Faculdade de Filosofia, Ci\u00eancias e Letras de Ribeir\u00e3o Preto &#8211; USP, Coordena\u00e7\u00e3o de Aperfei\u00e7oamento de Pessoal de N\u00edvel Superior. Orientadora: Sofia Nikolaou.<\/p>\n","protected":false},"excerpt":{"rendered":"<p>Douglas Braz Gon\u00e7alves Mateus N-(4-piridil)-1,8-naftalimida e sua combina\u00e7\u00e3o com um cluster trinuclear de rut\u00eanio: S\u00edntese, caracteriza\u00e7\u00e3o e investiga\u00e7\u00e3o espectrosc\u00f3pica. 2020.&#46;&#46;&#46;<\/p>\n","protected":false},"author":22692,"featured_media":0,"parent":62,"menu_order":2,"comment_status":"closed","ping_status":"closed","template":"","meta":{"_monsterinsights_skip_tracking":false,"_monsterinsights_sitenote_active":false,"_monsterinsights_sitenote_note":"","_monsterinsights_sitenote_category":0,"footnotes":"","_links_to":"","_links_to_target":""},"class_list":["post-665","page","type-page","status-publish","hentry"],"_links":{"self":[{"href":"https:\/\/sites.usp.br\/labiqsc2\/wp-json\/wp\/v2\/pages\/665","targetHints":{"allow":["GET"]}}],"collection":[{"href":"https:\/\/sites.usp.br\/labiqsc2\/wp-json\/wp\/v2\/pages"}],"about":[{"href":"https:\/\/sites.usp.br\/labiqsc2\/wp-json\/wp\/v2\/types\/page"}],"author":[{"embeddable":true,"href":"https:\/\/sites.usp.br\/labiqsc2\/wp-json\/wp\/v2\/users\/22692"}],"replies":[{"embeddable":true,"href":"https:\/\/sites.usp.br\/labiqsc2\/wp-json\/wp\/v2\/comments?post=665"}],"version-history":[{"count":1,"href":"https:\/\/sites.usp.br\/labiqsc2\/wp-json\/wp\/v2\/pages\/665\/revisions"}],"predecessor-version":[{"id":667,"href":"https:\/\/sites.usp.br\/labiqsc2\/wp-json\/wp\/v2\/pages\/665\/revisions\/667"}],"up":[{"embeddable":true,"href":"https:\/\/sites.usp.br\/labiqsc2\/wp-json\/wp\/v2\/pages\/62"}],"wp:attachment":[{"href":"https:\/\/sites.usp.br\/labiqsc2\/wp-json\/wp\/v2\/media?parent=665"}],"curies":[{"name":"wp","href":"https:\/\/api.w.org\/{rel}","templated":true}]}}