{"id":79,"date":"2014-02-24T16:51:20","date_gmt":"2014-02-24T18:51:20","guid":{"rendered":"http:\/\/sites.usp.br\/labiqsc2\/?page_id=79"},"modified":"2023-11-15T11:01:42","modified_gmt":"2023-11-15T13:01:42","slug":"home","status":"publish","type":"page","link":"https:\/\/sites.usp.br\/labiqsc2\/","title":{"rendered":"HOME"},"content":{"rendered":"<p style=\"text-align: center;\">\r\n\t<div class=\"slideshow_container slideshow_container_style-light\" style=\"height: 292px; \" data-slideshow-id=\"412\" data-style-name=\"style-light\" data-style-version=\"2.3.1\" >\r\n\r\n\t\t\t\t\t<div class=\"slideshow_loading_icon\"><\/div>\r\n\t\t\r\n\t\t<div class=\"slideshow_content\" style=\"display: none;\">\r\n\r\n\t\t\t<div class=\"slideshow_view\">\r\n\t\t\t\t<div class=\"slideshow_slide slideshow_slide_image\">\r\n\t\t\t\t\t\t\t\t\t\t\t<img src=\"https:\/\/sites.usp.br\/labiqsc2\/wp-content\/uploads\/sites\/699\/2016\/05\/WhatsApp-Image-2023-06-13-at-21.50.07.jpeg\" alt=\"WhatsApp Image 2023-06-13 at 21.50.07\" width=\"960\" height=\"1280\" \/>\r\n\t\t\t\t\t\t\t\t\t\t<div class=\"slideshow_description_box slideshow_transparent\">\r\n\t\t\t\t\t\t<div class=\"slideshow_title\">WhatsApp Image 2023-06-13 at 21.50.07<\/div>\t\t\t\t\t\t\t\t\t\t\t<\/div>\r\n\t\t\t\t<\/div>\r\n\r\n\t\t\t\t\t\t<div style=\"clear: both;\"><\/div><\/div><div class=\"slideshow_view\">\r\n\t\t\t\t<div class=\"slideshow_slide slideshow_slide_image\">\r\n\t\t\t\t\t\t\t\t\t\t\t<img src=\"https:\/\/sites.usp.br\/labiqsc2\/wp-content\/uploads\/sites\/699\/2020\/02\/WhatsApp-Image-2022-01-04-at-12.27.17.jpeg\" alt=\"WhatsApp Image 2022-01-04 at 12.27.17\" width=\"986\" height=\"737\" \/>\r\n\t\t\t\t\t\t\t\t\t\t<div class=\"slideshow_description_box slideshow_transparent\">\r\n\t\t\t\t\t\t<div class=\"slideshow_title\">WhatsApp Image 2022-01-04 at 12.27.17<\/div>\t\t\t\t\t\t\t\t\t\t\t<\/div>\r\n\t\t\t\t<\/div>\r\n\r\n\t\t\t\t\t\t<div style=\"clear: both;\"><\/div><\/div><div class=\"slideshow_view\">\r\n\t\t\t\t<div class=\"slideshow_slide slideshow_slide_image\">\r\n\t\t\t\t\t\t\t\t\t\t\t<img src=\"https:\/\/sites.usp.br\/labiqsc2\/wp-content\/uploads\/sites\/699\/2016\/05\/WhatsApp-Image-2022-12-14-at-10.32.05-1-e1687532754793.jpeg\" alt=\"WhatsApp Image 2022-12-14 at 10.32.05 (1)\" width=\"1200\" height=\"764\" \/>\r\n\t\t\t\t\t\t\t\t\t\t<div class=\"slideshow_description_box slideshow_transparent\">\r\n\t\t\t\t\t\t<div class=\"slideshow_title\">WhatsApp Image 2022-12-14 at 10.32.05 (1)<\/div>\t\t\t\t\t\t\t\t\t\t\t<\/div>\r\n\t\t\t\t<\/div>\r\n\r\n\t\t\t\t\t\t<div style=\"clear: both;\"><\/div><\/div><div class=\"slideshow_view\">\r\n\t\t\t\t<div class=\"slideshow_slide slideshow_slide_image\">\r\n\t\t\t\t\t\t\t\t\t\t\t<img src=\"https:\/\/sites.usp.br\/labiqsc2\/wp-content\/uploads\/sites\/699\/2016\/05\/WhatsApp-Image-2022-12-14-at-10.32.05.jpeg\" alt=\"WhatsApp Image 2022-12-14 at 10.32.05\" width=\"1152\" height=\"864\" \/>\r\n\t\t\t\t\t\t\t\t\t\t<div class=\"slideshow_description_box slideshow_transparent\">\r\n\t\t\t\t\t\t<div class=\"slideshow_title\">WhatsApp Image 2022-12-14 at 10.32.05<\/div>\t\t\t\t\t\t\t\t\t\t\t<\/div>\r\n\t\t\t\t<\/div>\r\n\r\n\t\t\t\t\t\t<div style=\"clear: both;\"><\/div><\/div><div class=\"slideshow_view\">\r\n\t\t\t\t<div class=\"slideshow_slide slideshow_slide_image\">\r\n\t\t\t\t\t\t\t\t\t\t\t<img src=\"https:\/\/sites.usp.br\/labiqsc2\/wp-content\/uploads\/sites\/699\/2016\/05\/WhatsApp-Image-2023-06-13-at-21.50.04-e1686705693285.jpeg\" alt=\"WhatsApp Image 2023-06-13 at 21.50.04\" width=\"1200\" height=\"1136\" \/>\r\n\t\t\t\t\t\t\t\t\t\t<div class=\"slideshow_description_box slideshow_transparent\">\r\n\t\t\t\t\t\t<div class=\"slideshow_title\">WhatsApp Image 2023-06-13 at 21.50.04<\/div>\t\t\t\t\t\t\t\t\t\t\t<\/div>\r\n\t\t\t\t<\/div>\r\n\r\n\t\t\t\t\t\t<div style=\"clear: both;\"><\/div><\/div><div class=\"slideshow_view\">\r\n\t\t\t\t<div class=\"slideshow_slide slideshow_slide_image\">\r\n\t\t\t\t\t\t\t\t\t\t\t<img src=\"https:\/\/sites.usp.br\/labiqsc2\/wp-content\/uploads\/sites\/699\/2016\/05\/labisc2cassi-scaled.jpg\" alt=\"labisc2cassi\" width=\"2560\" height=\"1438\" \/>\r\n\t\t\t\t\t\t\t\t\t\t<div class=\"slideshow_description_box slideshow_transparent\">\r\n\t\t\t\t\t\t<div class=\"slideshow_title\">labisc2cassi<\/div>\t\t\t\t\t\t\t\t\t\t\t<\/div>\r\n\t\t\t\t<\/div>\r\n\r\n\t\t\t\t\t\t<div style=\"clear: both;\"><\/div><\/div><div class=\"slideshow_view\">\r\n\t\t\t\t<div class=\"slideshow_slide slideshow_slide_image\">\r\n\t\t\t\t\t\t\t\t\t\t\t<img src=\"https:\/\/sites.usp.br\/labiqsc2\/wp-content\/uploads\/sites\/699\/2016\/05\/IMG-20191015-WA0000.jpg\" alt=\"IMG-20191015-WA0000\" width=\"1024\" height=\"768\" \/>\r\n\t\t\t\t\t\t\t\t\t\t<div class=\"slideshow_description_box slideshow_transparent\">\r\n\t\t\t\t\t\t<div class=\"slideshow_title\">IMG-20191015-WA0000<\/div>\t\t\t\t\t\t\t\t\t\t\t<\/div>\r\n\t\t\t\t<\/div>\r\n\r\n\t\t\t\t\t\t<div style=\"clear: both;\"><\/div><\/div>\r\n\t\t<\/div>\r\n\r\n\t\t<div class=\"slideshow_controlPanel slideshow_transparent\" style=\"display: none;\"><ul><li class=\"slideshow_togglePlay\" data-play-text=\"Acionar\" data-pause-text=\"Pausar\"><\/li><\/ul><\/div>\r\n\r\n\t\t<div class=\"slideshow_button slideshow_previous slideshow_transparent\" role=\"button\" data-previous-text=\"Anterior\" style=\"display: none;\"><\/div>\r\n\t\t<div class=\"slideshow_button slideshow_next slideshow_transparent\" role=\"button\" data-next-text=\"Pr\u00f3ximo\" style=\"display: none;\"><\/div>\r\n\r\n\t\t<div class=\"slideshow_pagination\" style=\"display: none;\" data-go-to-text=\"Ir para o slide\"><div class=\"slideshow_pagination_center\"><\/div><\/div>\r\n\r\n\t\t<!-- WordPress Slideshow Version 2.3.1 -->\r\n\r\n\t\t\t<\/div>\r\n\r\n<\/p>\n<p>O <strong>Laborat\u00f3rio de Atividade Biol\u00f3gica e Qu\u00edmica Supramolecular de Compostos de Coordena\u00e7\u00e3o &#8211; LABiQSC\u00b2<\/strong> fundamentalmente estuda qu\u00edmica de coordena\u00e7\u00e3o cl\u00e1ssica de complexos em solu\u00e7\u00e3o. Para tanto foca complexos de rut\u00eanio, desde o design de novas entidades, proposi\u00e7\u00e3o de novas rotas sint\u00e9ticas, investiga\u00e7\u00e3o de propriedades e aplica\u00e7\u00e3o em atividade biol\u00f3gica (desenvolvimento de novos metalo-f\u00e1rmacos para c\u00e2ncer e doen\u00e7as negligenciadas como Chagas) e qu\u00edmica supramolecular (desenvolvimento de estruturas estendidas e dispositivos para convers\u00e3o de energia). Utilizamos uma variedade de t\u00e9cnicas espectrosc\u00f3picas e eletroqu\u00edmicas e realizamos, em colabora\u00e7\u00e3o, uma s\u00e9rie de experimentos de cunho biol\u00f3gico (ensaios de metabolismo, atividade anti-c\u00e2ncer, atividade anti-al\u00e9rgica, atividade anti-parasit\u00e1ria). Recentemente, no ano de 2015, o grupo registrou um pedido de patente relacionada \u00e0 atividade anti-al\u00e9rgica de carboxilatos de rut\u00eanio.<\/p>\n","protected":false},"excerpt":{"rendered":"<p>O Laborat\u00f3rio de Atividade Biol\u00f3gica e Qu\u00edmica Supramolecular de Compostos de Coordena\u00e7\u00e3o &#8211; LABiQSC\u00b2 fundamentalmente estuda qu\u00edmica de coordena\u00e7\u00e3o cl\u00e1ssica&#46;&#46;&#46;<\/p>\n","protected":false},"author":1,"featured_media":0,"parent":0,"menu_order":6,"comment_status":"closed","ping_status":"closed","template":"","meta":{"_monsterinsights_skip_tracking":false,"_monsterinsights_sitenote_active":false,"_monsterinsights_sitenote_note":"","_monsterinsights_sitenote_category":0,"footnotes":"","_links_to":"","_links_to_target":""},"class_list":["post-79","page","type-page","status-publish","hentry"],"_links":{"self":[{"href":"https:\/\/sites.usp.br\/labiqsc2\/wp-json\/wp\/v2\/pages\/79","targetHints":{"allow":["GET"]}}],"collection":[{"href":"https:\/\/sites.usp.br\/labiqsc2\/wp-json\/wp\/v2\/pages"}],"about":[{"href":"https:\/\/sites.usp.br\/labiqsc2\/wp-json\/wp\/v2\/types\/page"}],"author":[{"embeddable":true,"href":"https:\/\/sites.usp.br\/labiqsc2\/wp-json\/wp\/v2\/users\/1"}],"replies":[{"embeddable":true,"href":"https:\/\/sites.usp.br\/labiqsc2\/wp-json\/wp\/v2\/comments?post=79"}],"version-history":[{"count":4,"href":"https:\/\/sites.usp.br\/labiqsc2\/wp-json\/wp\/v2\/pages\/79\/revisions"}],"predecessor-version":[{"id":413,"href":"https:\/\/sites.usp.br\/labiqsc2\/wp-json\/wp\/v2\/pages\/79\/revisions\/413"}],"wp:attachment":[{"href":"https:\/\/sites.usp.br\/labiqsc2\/wp-json\/wp\/v2\/media?parent=79"}],"curies":[{"name":"wp","href":"https:\/\/api.w.org\/{rel}","templated":true}]}}