{"id":1207,"date":"2020-04-17T11:15:10","date_gmt":"2020-04-17T14:15:10","guid":{"rendered":"http:\/\/sites.usp.br\/labmicro\/?page_id=1207"},"modified":"2023-06-29T10:46:26","modified_gmt":"2023-06-29T13:46:26","slug":"hugo-lopes-tavares","status":"publish","type":"page","link":"https:\/\/sites.usp.br\/labmicro\/hugo-lopes-tavares\/","title":{"rendered":"Hugo Lopes Tavares"},"content":{"rendered":"<p><a href=\"https:\/\/sites.usp.br\/labmicro\/wp-content\/uploads\/sites\/471\/2020\/04\/Hugo.png\">hltavares@usp.br<img fetchpriority=\"high\" decoding=\"async\" class=\"alignleft wp-image-1209\" src=\"https:\/\/sites.usp.br\/labmicro\/wp-content\/uploads\/sites\/471\/2020\/04\/Hugo-300x159.png\" alt=\"\" width=\"317\" height=\"168\" data-id=\"1209\" srcset=\"https:\/\/sites.usp.br\/labmicro\/wp-content\/uploads\/sites\/471\/2020\/04\/Hugo-300x159.png 300w, https:\/\/sites.usp.br\/labmicro\/wp-content\/uploads\/sites\/471\/2020\/04\/Hugo-768x407.png 768w, https:\/\/sites.usp.br\/labmicro\/wp-content\/uploads\/sites\/471\/2020\/04\/Hugo-400x212.png 400w, https:\/\/sites.usp.br\/labmicro\/wp-content\/uploads\/sites\/471\/2020\/04\/Hugo.png 886w\" sizes=\"(max-width: 317px) 100vw, 317px\" \/><\/a><\/p>\n<p style=\"text-align: justify;\">Bacharel em Arqueologia (2018) pela Universidade Federal do Oeste do Par\u00e1 (UFOPA), atua em pesquisas envolvendo s\u00edtios arqueol\u00f3gicos localizados na regi\u00e3o do alto Rio Tapaj\u00f3s desde o in\u00edcio da gradua\u00e7\u00e3o. Seus principais interesses de pesquisa s\u00e3o o processo de forma\u00e7\u00e3o das terras pretas de \u00edndio datadas do holoceno tardio, ecologia hist\u00f3rica e paleoecologia na Amaz\u00f4nia.<\/p>\n<p style=\"text-align: justify;\">Sua pesquisa, inserida no projeto &#8220;<a href=\"https:\/\/sites.usp.br\/labmicro\/pb\/pessoas-plantas-e-paisagens-na-amazonia\/\">Pessoas, plantas e paisagens na Amaz\u00f4nia<\/a>&#8220;, visa compreender o processo de modifica\u00e7\u00e3o paisag\u00edstica (forma\u00e7\u00e3o de solos e altera\u00e7\u00e3o da vegeta\u00e7\u00e3o) no s\u00edtio arqueol\u00f3gico Terra Preta do Mangabal utilizando m\u00e9todos da geoarqueologia (micromorfologia de solos) e da paleoecologia (an\u00e1lise de fit\u00f3litos), para observar quais aditivos minerais e org\u00e2nicos comp\u00f5em o solo e como a altera\u00e7\u00e3o destes por parte da ocupa\u00e7\u00e3o humana influenciou a vegeta\u00e7\u00e3o presente sobre o s\u00edtio arqueol\u00f3gico.<\/p>\n<p><em>With a Bachelors in Archaeology (2018) from the Federal University of Western Par\u00e1 (UFOPA), Hugo develops research involving archaeological sites localized in the upper Tapaj\u00f3s river since the beginning of his undergraduate. His principle research interests include the process of Late Holocene terra preta formation, historical ecology, and paleoecology in Amazonia. <\/em><em>His Masters research aims to understand the process of landscape modification (soil formation and vegetation change) at the Terra Preta do Mangabal archaeological site, using methods from geoarchaeology (soil micromorphology) and paleoecology (phytoliths) to observe which mineral and organic components compose the soil, and how their alteration by human occupation influenced the vegetation growing on the archaeological site.<\/em><\/p>\n<div id=\"attachment_1211\" style=\"width: 460px\" class=\"wp-caption alignleft\"><a href=\"https:\/\/sites.usp.br\/labmicro\/wp-content\/uploads\/sites\/471\/2020\/04\/Terra-preta-do-mangabal.png\"><img decoding=\"async\" aria-describedby=\"caption-attachment-1211\" class=\"wp-image-1211\" src=\"https:\/\/sites.usp.br\/labmicro\/wp-content\/uploads\/sites\/471\/2020\/04\/Terra-preta-do-mangabal-300x200.png\" alt=\"\" width=\"450\" height=\"300\" data-id=\"1211\" srcset=\"https:\/\/sites.usp.br\/labmicro\/wp-content\/uploads\/sites\/471\/2020\/04\/Terra-preta-do-mangabal-300x200.png 300w, https:\/\/sites.usp.br\/labmicro\/wp-content\/uploads\/sites\/471\/2020\/04\/Terra-preta-do-mangabal-768x512.png 768w, https:\/\/sites.usp.br\/labmicro\/wp-content\/uploads\/sites\/471\/2020\/04\/Terra-preta-do-mangabal-400x267.png 400w, https:\/\/sites.usp.br\/labmicro\/wp-content\/uploads\/sites\/471\/2020\/04\/Terra-preta-do-mangabal.png 886w\" sizes=\"(max-width: 450px) 100vw, 450px\" \/><\/a><p id=\"caption-attachment-1211\" class=\"wp-caption-text\">O s\u00edtio arqueol\u00f3gico Terra Preta do Mangabal (abaixo, \u00e0 esquerda) localiza-se na margem esquerda do alto curso do rio Tapaj\u00f3s, no sudoeste do estado Par\u00e1. Com cerca de 20 hectares de \u00e1rea e com datas entre os s\u00e9culos VIII e X, tem sido estudado desde 2010 por pesquisadoras e pesquisadores vinculados \u00e0 Universidade Federal do Oeste do Par\u00e1 (UFOPA), Universidade de Londres (UCL) e Universidade de S\u00e3o Paulo (USP) \/ <em>The archaeological site Terra Preta do Mangabal (bottom left) is located on the left margin of the upper course of the Tapaj\u00f3s river, southwestern Par\u00e1 state. With almost 20 hectares in area and with dates that fall between the 8<sup>th<\/sup> and 10<sup>th<\/sup> centuries A.D., it has been studied since 2010 by researchers at the Federal University of Par\u00e1 (UFOPA), University College London (UCL) and University of S\u00e3o Paulo (USP).<\/em><\/p><\/div>\n<div id=\"attachment_1267\" style=\"width: 460px\" class=\"wp-caption alignleft\"><a href=\"https:\/\/sites.usp.br\/labmicro\/wp-content\/uploads\/sites\/471\/2020\/04\/Terra-preta-do-Mangabal_2-scaled.jpg\"><img decoding=\"async\" aria-describedby=\"caption-attachment-1267\" class=\"wp-image-1267\" src=\"https:\/\/sites.usp.br\/labmicro\/wp-content\/uploads\/sites\/471\/2020\/04\/Terra-preta-do-Mangabal_2-300x225.jpg\" alt=\"\" width=\"450\" height=\"338\" data-id=\"1267\" srcset=\"https:\/\/sites.usp.br\/labmicro\/wp-content\/uploads\/sites\/471\/2020\/04\/Terra-preta-do-Mangabal_2-300x225.jpg 300w, https:\/\/sites.usp.br\/labmicro\/wp-content\/uploads\/sites\/471\/2020\/04\/Terra-preta-do-Mangabal_2-1024x768.jpg 1024w, https:\/\/sites.usp.br\/labmicro\/wp-content\/uploads\/sites\/471\/2020\/04\/Terra-preta-do-Mangabal_2-768x576.jpg 768w, https:\/\/sites.usp.br\/labmicro\/wp-content\/uploads\/sites\/471\/2020\/04\/Terra-preta-do-Mangabal_2-1536x1152.jpg 1536w, https:\/\/sites.usp.br\/labmicro\/wp-content\/uploads\/sites\/471\/2020\/04\/Terra-preta-do-Mangabal_2-2048x1536.jpg 2048w, https:\/\/sites.usp.br\/labmicro\/wp-content\/uploads\/sites\/471\/2020\/04\/Terra-preta-do-Mangabal_2-80x60.jpg 80w, https:\/\/sites.usp.br\/labmicro\/wp-content\/uploads\/sites\/471\/2020\/04\/Terra-preta-do-Mangabal_2-400x300.jpg 400w\" sizes=\"(max-width: 450px) 100vw, 450px\" \/><\/a><p id=\"caption-attachment-1267\" class=\"wp-caption-text\">Vegeta\u00e7\u00e3o do s\u00edtio Terra Preta do Mangabal, mostrnado o contato entre o campo e a floresta \/ <em>Vegetation of the Terra Preta do Mangabal site, showing the contact between open field and forest.<\/em><\/p><\/div>\n<p style=\"text-align: center;\">\n","protected":false},"excerpt":{"rendered":"<p>hltavares@usp.br Bacharel em Arqueologia (2018) pela Universidade Federal do Oeste do Par\u00e1 (UFOPA), atua em pesquisas envolvendo s\u00edtios arqueol\u00f3gicos localizados na regi\u00e3o do alto Rio Tapaj\u00f3s desde o in\u00edcio da gradua\u00e7\u00e3o. Seus principais interesses de pesquisa s\u00e3o o processo de forma\u00e7\u00e3o das terras pretas de \u00edndio datadas do holoceno tardio, ecologia hist\u00f3rica e paleoecologia na Amaz\u00f4nia. Sua pesquisa, inserida no projeto &#8220;Pessoas, plantas e paisagens na Amaz\u00f4nia&#8220;, visa compreender o processo de modifica\u00e7\u00e3o paisag\u00edstica (forma\u00e7\u00e3o de solos e altera\u00e7\u00e3o da vegeta\u00e7\u00e3o) no s\u00edtio arqueol\u00f3gico Terra Preta do Mangabal utilizando m\u00e9todos da geoarqueologia (micromorfologia de solos) e da paleoecologia (an\u00e1lise de fit\u00f3litos), para observar quais aditivos minerais e org\u00e2nicos comp\u00f5em o solo e como a altera\u00e7\u00e3o destes por parte da ocupa\u00e7\u00e3o humana influenciou a vegeta\u00e7\u00e3o presente sobre o s\u00edtio arqueol\u00f3gico. With a Bachelors in Archaeology (2018) from the Federal University of Western Par\u00e1 (UFOPA), Hugo develops research involving archaeological sites localized in the upper Tapaj\u00f3s river since the beginning of his undergraduate. His principle research interests include the process of Late Holocene terra preta formation, historical ecology, and paleoecology in Amazonia. His Masters research aims to understand the process of landscape modification (soil formation and vegetation change) at the Terra Preta [&#8230;]<\/p>\n","protected":false},"author":845,"featured_media":0,"parent":0,"menu_order":0,"comment_status":"closed","ping_status":"closed","template":"page-full.php","meta":{"_monsterinsights_skip_tracking":false,"_monsterinsights_sitenote_active":false,"_monsterinsights_sitenote_note":"","_monsterinsights_sitenote_category":0,"footnotes":"","_links_to":"","_links_to_target":""},"class_list":["post-1207","page","type-page","status-publish","hentry"],"_links":{"self":[{"href":"https:\/\/sites.usp.br\/labmicro\/wp-json\/wp\/v2\/pages\/1207","targetHints":{"allow":["GET"]}}],"collection":[{"href":"https:\/\/sites.usp.br\/labmicro\/wp-json\/wp\/v2\/pages"}],"about":[{"href":"https:\/\/sites.usp.br\/labmicro\/wp-json\/wp\/v2\/types\/page"}],"author":[{"embeddable":true,"href":"https:\/\/sites.usp.br\/labmicro\/wp-json\/wp\/v2\/users\/845"}],"replies":[{"embeddable":true,"href":"https:\/\/sites.usp.br\/labmicro\/wp-json\/wp\/v2\/comments?post=1207"}],"version-history":[{"count":5,"href":"https:\/\/sites.usp.br\/labmicro\/wp-json\/wp\/v2\/pages\/1207\/revisions"}],"predecessor-version":[{"id":2260,"href":"https:\/\/sites.usp.br\/labmicro\/wp-json\/wp\/v2\/pages\/1207\/revisions\/2260"}],"wp:attachment":[{"href":"https:\/\/sites.usp.br\/labmicro\/wp-json\/wp\/v2\/media?parent=1207"}],"curies":[{"name":"wp","href":"https:\/\/api.w.org\/{rel}","templated":true}]}}