{"id":1356,"date":"2020-04-21T19:53:13","date_gmt":"2020-04-21T22:53:13","guid":{"rendered":"http:\/\/sites.usp.br\/labmicro\/?page_id=1356"},"modified":"2025-09-01T13:15:46","modified_gmt":"2025-09-01T16:15:46","slug":"laboratorios","status":"publish","type":"page","link":"https:\/\/sites.usp.br\/labmicro\/laboratorios\/","title":{"rendered":"Laborat\u00f3rios \/ Laboratories"},"content":{"rendered":"<p style=\"text-align: justify;\">O LabMicro \u00e9 o primeiro Laborat\u00f3rio de Microarqueologia do Brasil, fundado em 2016 gra\u00e7as ao apoio financeiro da FAPESP pelo projeto <a href=\"https:\/\/sites.usp.br\/labmicro\/micromorfologia-das-primeiras-ocupacoes-humanas-na-america-do-sul\/\"><em>Micromorfologia das primeiras ocupa\u00e7\u00f5es humanas na Am\u00e9rica do Sul<\/em><\/a>. O projeto permitiu a aquisi\u00e7\u00e3o de modernos equipamentos de microscopia dispon\u00edveis para uso na nossa <a href=\"https:\/\/sites.usp.br\/labmicro\/sala-de-microscopia\/\">Sala de Microscopia<\/a>. Em 2019 o LabMicro acolhe o <a href=\"https:\/\/sites.usp.br\/labmicro\/laboratorio-de-microbotanica\/\">Laborat\u00f3rio de Microbot\u00e2nica<\/a>, tamb\u00e9m criado gra\u00e7as ao apoio da FAPESP pelo projeto <em><a href=\"https:\/\/sites.usp.br\/labmicro\/en\/pessoas-plantas-e-paisagens-na-amazonia\/\">Pessoas, Plantas e Paisagens<\/a><\/em>, que oferece um espa\u00e7o completo para an\u00e1lise de micro-restos bot\u00e2nicos. Em 2021 incorporamos um espectr\u00f4metro no infravermelho por transformada de Fourier (<a href=\"https:\/\/sites.usp.br\/labmicro\/ftir\/\">FTIR<\/a>) gra\u00e7as ao apoio da Funda\u00e7\u00e3o Alexander Von Humboldt para an\u00e1lise de sedimentos, cer\u00e2micas e l\u00edquidos. O LabMicro conta tamb\u00e9m com um laborat\u00f3rio especialmente dedicado \u00e0 <a href=\"https:\/\/sites.usp.br\/labmicro\/curadoria-curatorship\/\">curadoria<\/a> de materiais arqueol\u00f3gicos e um laborat\u00f3rio para prepara\u00e7\u00e3o de amostras para micromorfologia de solos.<\/p>\n<p><a href=\"https:\/\/sites.usp.br\/labmicro\/wp-content\/uploads\/sites\/471\/2025\/09\/IMG_0082-scaled.jpg\"><img decoding=\"async\" class=\"wp-image-2578 size-thumbnail alignleft\" src=\"https:\/\/sites.usp.br\/labmicro\/wp-content\/uploads\/sites\/471\/2025\/09\/IMG_0082-150x150.jpg\" alt=\"\" width=\"150\" height=\"150\" data-id=\"2578\" srcset=\"https:\/\/sites.usp.br\/labmicro\/wp-content\/uploads\/sites\/471\/2025\/09\/IMG_0082-150x150.jpg 150w, https:\/\/sites.usp.br\/labmicro\/wp-content\/uploads\/sites\/471\/2025\/09\/IMG_0082-45x45.jpg 45w, https:\/\/sites.usp.br\/labmicro\/wp-content\/uploads\/sites\/471\/2025\/09\/IMG_0082-200x200.jpg 200w\" sizes=\"(max-width: 150px) 100vw, 150px\" \/><\/a><a href=\"https:\/\/sites.usp.br\/labmicro\/wp-content\/uploads\/sites\/471\/2020\/04\/MAE7366-scaled.jpg\"><img decoding=\"async\" class=\"wp-image-1394 size-thumbnail alignleft\" src=\"https:\/\/sites.usp.br\/labmicro\/wp-content\/uploads\/sites\/471\/2020\/04\/MAE7366-150x150.jpg\" alt=\"\" width=\"150\" height=\"150\" data-id=\"1394\" srcset=\"https:\/\/sites.usp.br\/labmicro\/wp-content\/uploads\/sites\/471\/2020\/04\/MAE7366-150x150.jpg 150w, https:\/\/sites.usp.br\/labmicro\/wp-content\/uploads\/sites\/471\/2020\/04\/MAE7366-45x45.jpg 45w, https:\/\/sites.usp.br\/labmicro\/wp-content\/uploads\/sites\/471\/2020\/04\/MAE7366-200x200.jpg 200w\" sizes=\"(max-width: 150px) 100vw, 150px\" \/><\/a><\/p>\n<p><a href=\"https:\/\/sites.usp.br\/labmicro\/wp-content\/uploads\/sites\/471\/2020\/04\/Laboratorio-Microbotanica.jpg\"><img decoding=\"async\" class=\"wp-image-1371 size-thumbnail alignleft\" src=\"https:\/\/sites.usp.br\/labmicro\/wp-content\/uploads\/sites\/471\/2020\/04\/Laboratorio-Microbotanica-150x150.jpg\" alt=\"\" width=\"150\" height=\"150\" data-id=\"1371\" srcset=\"https:\/\/sites.usp.br\/labmicro\/wp-content\/uploads\/sites\/471\/2020\/04\/Laboratorio-Microbotanica-150x150.jpg 150w, https:\/\/sites.usp.br\/labmicro\/wp-content\/uploads\/sites\/471\/2020\/04\/Laboratorio-Microbotanica-45x45.jpg 45w, https:\/\/sites.usp.br\/labmicro\/wp-content\/uploads\/sites\/471\/2020\/04\/Laboratorio-Microbotanica-200x200.jpg 200w\" sizes=\"(max-width: 150px) 100vw, 150px\" \/><\/a><\/p>\n<p><a href=\"https:\/\/sites.usp.br\/labmicro\/wp-content\/uploads\/sites\/471\/2020\/04\/IMG_20200120_112721388_HDR-scaled.jpg\"><img loading=\"lazy\" decoding=\"async\" class=\"wp-image-1461 size-thumbnail alignleft\" src=\"https:\/\/sites.usp.br\/labmicro\/wp-content\/uploads\/sites\/471\/2020\/04\/IMG_20200120_112721388_HDR-150x150.jpg\" alt=\"\" width=\"150\" height=\"150\" data-id=\"1461\" srcset=\"https:\/\/sites.usp.br\/labmicro\/wp-content\/uploads\/sites\/471\/2020\/04\/IMG_20200120_112721388_HDR-150x150.jpg 150w, https:\/\/sites.usp.br\/labmicro\/wp-content\/uploads\/sites\/471\/2020\/04\/IMG_20200120_112721388_HDR-45x45.jpg 45w, https:\/\/sites.usp.br\/labmicro\/wp-content\/uploads\/sites\/471\/2020\/04\/IMG_20200120_112721388_HDR-200x200.jpg 200w\" sizes=\"(max-width: 150px) 100vw, 150px\" \/><\/a><a href=\"https:\/\/sites.usp.br\/labmicro\/wp-content\/uploads\/sites\/471\/2025\/09\/IMG_3647-scaled.jpg\"><img loading=\"lazy\" decoding=\"async\" class=\"wp-image-2577 size-thumbnail alignleft\" src=\"https:\/\/sites.usp.br\/labmicro\/wp-content\/uploads\/sites\/471\/2025\/09\/IMG_3647-150x150.jpg\" alt=\"\" width=\"150\" height=\"150\" data-id=\"2577\" srcset=\"https:\/\/sites.usp.br\/labmicro\/wp-content\/uploads\/sites\/471\/2025\/09\/IMG_3647-150x150.jpg 150w, https:\/\/sites.usp.br\/labmicro\/wp-content\/uploads\/sites\/471\/2025\/09\/IMG_3647-45x45.jpg 45w, https:\/\/sites.usp.br\/labmicro\/wp-content\/uploads\/sites\/471\/2025\/09\/IMG_3647-200x200.jpg 200w\" sizes=\"(max-width: 150px) 100vw, 150px\" \/><\/a><\/p>\n<p>&nbsp;<\/p>\n<p>&nbsp;<\/p>\n<p>&nbsp;<\/p>\n<p>&nbsp;<\/p>\n<p style=\"text-align: justify;\"><em>LabMicro is the first Microarchaeology laboratory in Brazil, founded in 2016 thanks to financial support from FAPESP from the project <a href=\"https:\/\/sites.usp.br\/labmicro\/en\/micromorfologia-das-primeiras-ocupacoes-humanas-na-america-do-sul\/\">Micromorphology of the first human occupations in South America<\/a>. The project allowed the acquisition of modern microscopy equipment available in our <a href=\"https:\/\/sites.usp.br\/labmicro\/en\/sala-de-microscopia\/\">Microscopy Room<\/a>. In 2019, LabMicro incorporated the <a href=\"https:\/\/sites.usp.br\/labmicro\/en\/laboratorio-de-microbotanica\/\">Microbotany Laboratory<\/a>, also created with funds from FAPESP from the project <a href=\"https:\/\/sites.usp.br\/labmicro\/en\/pessoas-plantas-e-paisagens-na-amazonia\/\">Peoples Plants and Landscapes<\/a>, which offers a fully equipped space for analyzing microbotanical remains. In 2021, we incorporated a Fourier transform infrared spectrometer (<a href=\"https:\/\/sites.usp.br\/labmicro\/ftir\/\">FTIR<\/a>) thanks to the support of the Alexander Von Humboldt Foundation for the analysis of sediments, ceramics, and liquids. LabMicro also includes a laboratory sepcifically dedicated to the <a href=\"https:\/\/sites.usp.br\/labmicro\/curadoria-curatorship\/\">curation<\/a> of archaeological materials, as well as a laboratory for the preparation of samples for soil micromorphology.<br \/>\n<\/em><\/p>\n<p>&nbsp;<\/p>\n","protected":false},"excerpt":{"rendered":"<p>O LabMicro \u00e9 o primeiro Laborat\u00f3rio de Microarqueologia do Brasil, fundado em 2016 gra\u00e7as ao apoio financeiro da FAPESP pelo projeto Micromorfologia das primeiras ocupa\u00e7\u00f5es humanas na Am\u00e9rica do Sul. O projeto permitiu a aquisi\u00e7\u00e3o de modernos equipamentos de microscopia dispon\u00edveis para uso na nossa Sala de Microscopia. Em 2019 o LabMicro acolhe o Laborat\u00f3rio de Microbot\u00e2nica, tamb\u00e9m criado gra\u00e7as ao apoio da FAPESP pelo projeto Pessoas, Plantas e Paisagens, que oferece um espa\u00e7o completo para an\u00e1lise de micro-restos bot\u00e2nicos. Em 2021 incorporamos um espectr\u00f4metro no infravermelho por transformada de Fourier (FTIR) gra\u00e7as ao apoio da Funda\u00e7\u00e3o Alexander Von Humboldt para an\u00e1lise de sedimentos, cer\u00e2micas e l\u00edquidos. O LabMicro conta tamb\u00e9m com um laborat\u00f3rio especialmente dedicado \u00e0 curadoria de materiais arqueol\u00f3gicos e um laborat\u00f3rio para prepara\u00e7\u00e3o de amostras para micromorfologia de solos. &nbsp; &nbsp; &nbsp; &nbsp; LabMicro is the first Microarchaeology laboratory in Brazil, founded in 2016 thanks to financial support from FAPESP from the project Micromorphology of the first human occupations in South America. The project allowed the acquisition of modern microscopy equipment available in our Microscopy Room. In 2019, LabMicro incorporated the Microbotany Laboratory, also created with funds from FAPESP from the project Peoples Plants and Landscapes, which [&#8230;]<\/p>\n","protected":false},"author":845,"featured_media":0,"parent":0,"menu_order":0,"comment_status":"closed","ping_status":"closed","template":"page-full.php","meta":{"_monsterinsights_skip_tracking":false,"_monsterinsights_sitenote_active":false,"_monsterinsights_sitenote_note":"","_monsterinsights_sitenote_category":0,"footnotes":"","_links_to":"","_links_to_target":""},"class_list":["post-1356","page","type-page","status-publish","hentry"],"_links":{"self":[{"href":"https:\/\/sites.usp.br\/labmicro\/wp-json\/wp\/v2\/pages\/1356","targetHints":{"allow":["GET"]}}],"collection":[{"href":"https:\/\/sites.usp.br\/labmicro\/wp-json\/wp\/v2\/pages"}],"about":[{"href":"https:\/\/sites.usp.br\/labmicro\/wp-json\/wp\/v2\/types\/page"}],"author":[{"embeddable":true,"href":"https:\/\/sites.usp.br\/labmicro\/wp-json\/wp\/v2\/users\/845"}],"replies":[{"embeddable":true,"href":"https:\/\/sites.usp.br\/labmicro\/wp-json\/wp\/v2\/comments?post=1356"}],"version-history":[{"count":5,"href":"https:\/\/sites.usp.br\/labmicro\/wp-json\/wp\/v2\/pages\/1356\/revisions"}],"predecessor-version":[{"id":2599,"href":"https:\/\/sites.usp.br\/labmicro\/wp-json\/wp\/v2\/pages\/1356\/revisions\/2599"}],"wp:attachment":[{"href":"https:\/\/sites.usp.br\/labmicro\/wp-json\/wp\/v2\/media?parent=1356"}],"curies":[{"name":"wp","href":"https:\/\/api.w.org\/{rel}","templated":true}]}}