{"id":1529,"date":"2020-04-27T14:36:42","date_gmt":"2020-04-27T17:36:42","guid":{"rendered":"http:\/\/sites.usp.br\/labmicro\/?page_id=1529"},"modified":"2025-09-01T11:49:27","modified_gmt":"2025-09-01T14:49:27","slug":"microbotanica-lab","status":"publish","type":"page","link":"https:\/\/sites.usp.br\/labmicro\/microbotanica-lab\/","title":{"rendered":"Microbot\u00e2nica \/ Microbotany lab"},"content":{"rendered":"<p>A sala de Microbot\u00e2nica, localizada no Bloco B do MAE\/USP, foi instalada em 2019 e \u00e9 um dos poucos lugares no Brasil dedicado a an\u00e1lises de fit\u00f3litos e gr\u00e3os de amidos na arqueologia. Conceitualizado para o processamento de amostras diversas, como artefatos, solos, sedimentos e material de refer\u00eancia, o laborat\u00f3rio tamb\u00e9m conta com dois espa\u00e7os \u2018semi-limpos\u2019, isolados da sala principal, para a amostragem e processamento de gr\u00e3os de amido arqueol\u00f3gicos, evitando a contamina\u00e7\u00e3o dos mesmos. Enquanto o atual foco de pesquisa est\u00e1 na Amaz\u00f4nia (pelo projeto <a href=\"https:\/\/sites.usp.br\/labmicro\/pessoas-plantas-e-paisagens-na-amazonia\/\">Pessoas Plantas e Paisagens<\/a>), o espa\u00e7o j\u00e1 vem treinando alunos com outros interesses e regi\u00f5es de pesquisa.<\/p>\n<p>Contato: <a href=\"https:\/\/sites.usp.br\/labmicro\/en\/jennifer-watling\/\">Profa. Dra. Jennifer Watling<\/a><\/p>\n<p><a href=\"https:\/\/sites.usp.br\/labmicro\/wp-content\/uploads\/sites\/471\/2020\/04\/Laboratorio-Microbotanica.jpg\"><img fetchpriority=\"high\" decoding=\"async\" class=\"alignleft wp-image-1371 size-medium\" src=\"https:\/\/sites.usp.br\/labmicro\/wp-content\/uploads\/sites\/471\/2020\/04\/Laboratorio-Microbotanica-300x225.jpg\" alt=\"\" width=\"300\" height=\"225\" data-id=\"1371\" srcset=\"https:\/\/sites.usp.br\/labmicro\/wp-content\/uploads\/sites\/471\/2020\/04\/Laboratorio-Microbotanica-300x225.jpg 300w, https:\/\/sites.usp.br\/labmicro\/wp-content\/uploads\/sites\/471\/2020\/04\/Laboratorio-Microbotanica-80x60.jpg 80w, https:\/\/sites.usp.br\/labmicro\/wp-content\/uploads\/sites\/471\/2020\/04\/Laboratorio-Microbotanica-400x300.jpg 400w, https:\/\/sites.usp.br\/labmicro\/wp-content\/uploads\/sites\/471\/2020\/04\/Laboratorio-Microbotanica.jpg 452w\" sizes=\"(max-width: 300px) 100vw, 300px\" \/><\/a><a href=\"https:\/\/sites.usp.br\/labmicro\/wp-content\/uploads\/sites\/471\/2020\/04\/IMG_20200120_112818024-scaled.jpg\"><img decoding=\"async\" class=\"alignleft wp-image-1460 size-medium\" src=\"https:\/\/sites.usp.br\/labmicro\/wp-content\/uploads\/sites\/471\/2020\/04\/IMG_20200120_112818024-300x225.jpg\" alt=\"\" width=\"300\" height=\"225\" data-id=\"1460\" srcset=\"https:\/\/sites.usp.br\/labmicro\/wp-content\/uploads\/sites\/471\/2020\/04\/IMG_20200120_112818024-300x225.jpg 300w, https:\/\/sites.usp.br\/labmicro\/wp-content\/uploads\/sites\/471\/2020\/04\/IMG_20200120_112818024-1024x768.jpg 1024w, https:\/\/sites.usp.br\/labmicro\/wp-content\/uploads\/sites\/471\/2020\/04\/IMG_20200120_112818024-768x576.jpg 768w, https:\/\/sites.usp.br\/labmicro\/wp-content\/uploads\/sites\/471\/2020\/04\/IMG_20200120_112818024-1536x1152.jpg 1536w, https:\/\/sites.usp.br\/labmicro\/wp-content\/uploads\/sites\/471\/2020\/04\/IMG_20200120_112818024-2048x1536.jpg 2048w, https:\/\/sites.usp.br\/labmicro\/wp-content\/uploads\/sites\/471\/2020\/04\/IMG_20200120_112818024-80x60.jpg 80w, https:\/\/sites.usp.br\/labmicro\/wp-content\/uploads\/sites\/471\/2020\/04\/IMG_20200120_112818024-400x300.jpg 400w\" sizes=\"(max-width: 300px) 100vw, 300px\" \/><\/a><\/p>\n<p>&nbsp;<\/p>\n<p>&nbsp;<\/p>\n<p>&nbsp;<\/p>\n<p>&nbsp;<\/p>\n<p>&nbsp;<\/p>\n<p>&nbsp;<\/p>\n<p><em>The Microbotany Laboratory was installed in 2019 and is one of few places in Brazil dedicated to the analysis of phytoliths and starch grains in archaeology. Conceptualized to process diverse types of samples such as artefacts, soils and sediments, and reference material, the laboratory also contains two \u201csemi-clean\u201d spaces, isolated from the main room, for the sampling and processing of archaeological starch grains, to avoid issues relating to their contamination. While the actual research focus of the lab is Amazonia (linked to the <a href=\"https:\/\/sites.usp.br\/labmicro\/en\/pessoas-plantas-e-paisagens-na-amazonia\/\">Peoples, Plants and Landscapes <\/a>project), it also hosts students with a range of other research interests and study regions.<\/em><\/p>\n","protected":false},"excerpt":{"rendered":"<p>A sala de Microbot\u00e2nica, localizada no Bloco B do MAE\/USP, foi instalada em 2019 e \u00e9 um dos poucos lugares no Brasil dedicado a an\u00e1lises de fit\u00f3litos e gr\u00e3os de amidos na arqueologia. Conceitualizado para o processamento de amostras diversas, como artefatos, solos, sedimentos e material de refer\u00eancia, o laborat\u00f3rio tamb\u00e9m conta com dois espa\u00e7os \u2018semi-limpos\u2019, isolados da sala principal, para a amostragem e processamento de gr\u00e3os de amido arqueol\u00f3gicos, evitando a contamina\u00e7\u00e3o dos mesmos. Enquanto o atual foco de pesquisa est\u00e1 na Amaz\u00f4nia (pelo projeto Pessoas Plantas e Paisagens), o espa\u00e7o j\u00e1 vem treinando alunos com outros interesses e regi\u00f5es de pesquisa. Contato: Profa. Dra. Jennifer Watling &nbsp; &nbsp; &nbsp; &nbsp; &nbsp; &nbsp; The Microbotany Laboratory was installed in 2019 and is one of few places in Brazil dedicated to the analysis of phytoliths and starch grains in archaeology. Conceptualized to process diverse types of samples such as artefacts, soils and sediments, and reference material, the laboratory also contains two \u201csemi-clean\u201d spaces, isolated from the main room, for the sampling and processing of archaeological starch grains, to avoid issues relating to their contamination. While the actual research focus of the lab is Amazonia (linked to the Peoples, Plants and [&#8230;]<\/p>\n","protected":false},"author":845,"featured_media":0,"parent":0,"menu_order":0,"comment_status":"closed","ping_status":"closed","template":"page-full.php","meta":{"_monsterinsights_skip_tracking":false,"_monsterinsights_sitenote_active":false,"_monsterinsights_sitenote_note":"","_monsterinsights_sitenote_category":0,"footnotes":"","_links_to":"","_links_to_target":""},"class_list":["post-1529","page","type-page","status-publish","hentry"],"_links":{"self":[{"href":"https:\/\/sites.usp.br\/labmicro\/wp-json\/wp\/v2\/pages\/1529","targetHints":{"allow":["GET"]}}],"collection":[{"href":"https:\/\/sites.usp.br\/labmicro\/wp-json\/wp\/v2\/pages"}],"about":[{"href":"https:\/\/sites.usp.br\/labmicro\/wp-json\/wp\/v2\/types\/page"}],"author":[{"embeddable":true,"href":"https:\/\/sites.usp.br\/labmicro\/wp-json\/wp\/v2\/users\/845"}],"replies":[{"embeddable":true,"href":"https:\/\/sites.usp.br\/labmicro\/wp-json\/wp\/v2\/comments?post=1529"}],"version-history":[{"count":4,"href":"https:\/\/sites.usp.br\/labmicro\/wp-json\/wp\/v2\/pages\/1529\/revisions"}],"predecessor-version":[{"id":2593,"href":"https:\/\/sites.usp.br\/labmicro\/wp-json\/wp\/v2\/pages\/1529\/revisions\/2593"}],"wp:attachment":[{"href":"https:\/\/sites.usp.br\/labmicro\/wp-json\/wp\/v2\/media?parent=1529"}],"curies":[{"name":"wp","href":"https:\/\/api.w.org\/{rel}","templated":true}]}}