{"id":1537,"date":"2020-04-27T14:39:23","date_gmt":"2020-04-27T17:39:23","guid":{"rendered":"http:\/\/sites.usp.br\/labmicro\/?page_id=1537"},"modified":"2025-09-01T11:48:06","modified_gmt":"2025-09-01T14:48:06","slug":"microscopia-lab","status":"publish","type":"page","link":"https:\/\/sites.usp.br\/labmicro\/microscopia-lab\/","title":{"rendered":"Microscopia \/ Microscopy lab"},"content":{"rendered":"<p>A Sala de Microscopia, localizada no Bloco B do MAE\/USP, conta com:<\/p>\n<p style=\"text-align: justify;\">&#8211; Microsc\u00f3pio petrogr\u00e1fico Leica 2700P<\/p>\n<p style=\"text-align: justify;\">&#8211; Microsc\u00f3pio biol\u00f3gicos Leica DM1000<\/p>\n<p style=\"text-align: justify;\">&#8211; Microsc\u00f3pio biol\u00f3gico Leica D750P com polarizador<\/p>\n<p style=\"text-align: justify;\">&#8211; Microsc\u00f3pio estereosc\u00f3pico Leica \u00a0S9i.<\/p>\n<p style=\"text-align: justify;\">Todos os microsc\u00f3pios possuem c\u00e2meras digitais acopladas para a captura e an\u00e1lise digital das imagens.<\/p>\n<p style=\"text-align: justify;\">Al\u00e9m dos equipamentos de microscopia, a sala conta com:<\/p>\n<p style=\"text-align: justify;\">&#8211; Escanner fotogr\u00e1fico Epson Perfection V800 de alta resolu\u00e7\u00e3o para digitaliza\u00e7\u00e3o de se\u00e7\u00f5es delgadas de micromorfologia.<\/p>\n<p>Contato: <a href=\"https:\/\/sites.usp.br\/labmicro\/en\/ximena-s-villagran\/\">Profa. Dra. Ximena S. Villagran<\/a><\/p>\n<p><a href=\"https:\/\/sites.usp.br\/labmicro\/wp-content\/uploads\/sites\/471\/2025\/09\/IMG_3639-scaled.jpg\"><img fetchpriority=\"high\" decoding=\"async\" class=\"alignleft wp-image-2573 size-medium\" src=\"https:\/\/sites.usp.br\/labmicro\/wp-content\/uploads\/sites\/471\/2025\/09\/IMG_3639-300x225.jpg\" alt=\"\" width=\"300\" height=\"225\" data-id=\"2573\" srcset=\"https:\/\/sites.usp.br\/labmicro\/wp-content\/uploads\/sites\/471\/2025\/09\/IMG_3639-300x225.jpg 300w, https:\/\/sites.usp.br\/labmicro\/wp-content\/uploads\/sites\/471\/2025\/09\/IMG_3639-1024x768.jpg 1024w, https:\/\/sites.usp.br\/labmicro\/wp-content\/uploads\/sites\/471\/2025\/09\/IMG_3639-768x576.jpg 768w, https:\/\/sites.usp.br\/labmicro\/wp-content\/uploads\/sites\/471\/2025\/09\/IMG_3639-1536x1152.jpg 1536w, https:\/\/sites.usp.br\/labmicro\/wp-content\/uploads\/sites\/471\/2025\/09\/IMG_3639-2048x1536.jpg 2048w, https:\/\/sites.usp.br\/labmicro\/wp-content\/uploads\/sites\/471\/2025\/09\/IMG_3639-80x60.jpg 80w, https:\/\/sites.usp.br\/labmicro\/wp-content\/uploads\/sites\/471\/2025\/09\/IMG_3639-400x300.jpg 400w\" sizes=\"(max-width: 300px) 100vw, 300px\" \/><\/a><a href=\"https:\/\/sites.usp.br\/labmicro\/wp-content\/uploads\/sites\/471\/2025\/09\/IMG_3647-scaled.jpg\"><img decoding=\"async\" class=\"wp-image-2577 size-medium alignleft\" src=\"https:\/\/sites.usp.br\/labmicro\/wp-content\/uploads\/sites\/471\/2025\/09\/IMG_3647-300x225.jpg\" alt=\"\" width=\"300\" height=\"225\" data-id=\"2577\" srcset=\"https:\/\/sites.usp.br\/labmicro\/wp-content\/uploads\/sites\/471\/2025\/09\/IMG_3647-300x225.jpg 300w, https:\/\/sites.usp.br\/labmicro\/wp-content\/uploads\/sites\/471\/2025\/09\/IMG_3647-1024x768.jpg 1024w, https:\/\/sites.usp.br\/labmicro\/wp-content\/uploads\/sites\/471\/2025\/09\/IMG_3647-768x576.jpg 768w, https:\/\/sites.usp.br\/labmicro\/wp-content\/uploads\/sites\/471\/2025\/09\/IMG_3647-1536x1152.jpg 1536w, https:\/\/sites.usp.br\/labmicro\/wp-content\/uploads\/sites\/471\/2025\/09\/IMG_3647-2048x1536.jpg 2048w, https:\/\/sites.usp.br\/labmicro\/wp-content\/uploads\/sites\/471\/2025\/09\/IMG_3647-80x60.jpg 80w, https:\/\/sites.usp.br\/labmicro\/wp-content\/uploads\/sites\/471\/2025\/09\/IMG_3647-400x300.jpg 400w\" sizes=\"(max-width: 300px) 100vw, 300px\" \/><\/a><\/p>\n<p>&nbsp;<\/p>\n<p>&nbsp;<\/p>\n<p>&nbsp;<\/p>\n<p>&nbsp;<\/p>\n<p>&nbsp;<\/p>\n<p>&nbsp;<\/p>\n<p><em>The Microscopy lab, located in Block B of MAE\/USP, contains:<\/em><\/p>\n<p><em>&#8211; Leica 2700P petrographic microscope<\/em><\/p>\n<p><em>&#8211; Leica DM1000 biological microscope<\/em><\/p>\n<p><em>&#8211; Leica D750P biological microscope<\/em><\/p>\n<p><em>&#8211; Leica S9i stereoscopic microscope.<\/em><\/p>\n<p><em>All of these are coupled to digital cameras for image capture and analysis.<\/em><\/p>\n<p><em>Alongside the microscopy equipment, the room also contains:<\/em><\/p>\n<p><em>&#8211; Epson Perfection V800 high-resolution photographic scanner for the digitalization of micromorphology thin sections.<\/em><\/p>\n<p><em>Contact: <a href=\"https:\/\/sites.usp.br\/labmicro\/en\/ximena-s-villagran\/\">Prof. Ximena S. Villagran<\/a><\/em><\/p>\n","protected":false},"excerpt":{"rendered":"<p>A Sala de Microscopia, localizada no Bloco B do MAE\/USP, conta com: &#8211; Microsc\u00f3pio petrogr\u00e1fico Leica 2700P &#8211; Microsc\u00f3pio biol\u00f3gicos Leica DM1000 &#8211; Microsc\u00f3pio biol\u00f3gico Leica D750P com polarizador &#8211; Microsc\u00f3pio estereosc\u00f3pico Leica \u00a0S9i. Todos os microsc\u00f3pios possuem c\u00e2meras digitais acopladas para a captura e an\u00e1lise digital das imagens. Al\u00e9m dos equipamentos de microscopia, a sala conta com: &#8211; Escanner fotogr\u00e1fico Epson Perfection V800 de alta resolu\u00e7\u00e3o para digitaliza\u00e7\u00e3o de se\u00e7\u00f5es delgadas de micromorfologia. Contato: Profa. Dra. Ximena S. Villagran &nbsp; &nbsp; &nbsp; &nbsp; &nbsp; &nbsp; The Microscopy lab, located in Block B of MAE\/USP, contains: &#8211; Leica 2700P petrographic microscope &#8211; Leica DM1000 biological microscope &#8211; Leica D750P biological microscope &#8211; Leica S9i stereoscopic microscope. All of these are coupled to digital cameras for image capture and analysis. Alongside the microscopy equipment, the room also contains: &#8211; Epson Perfection V800 high-resolution photographic scanner for the digitalization of micromorphology thin sections. Contact: Prof. Ximena S. Villagran<\/p>\n","protected":false},"author":845,"featured_media":0,"parent":0,"menu_order":0,"comment_status":"closed","ping_status":"closed","template":"page-full.php","meta":{"_monsterinsights_skip_tracking":false,"_monsterinsights_sitenote_active":false,"_monsterinsights_sitenote_note":"","_monsterinsights_sitenote_category":0,"footnotes":"","_links_to":"","_links_to_target":""},"class_list":["post-1537","page","type-page","status-publish","hentry"],"_links":{"self":[{"href":"https:\/\/sites.usp.br\/labmicro\/wp-json\/wp\/v2\/pages\/1537","targetHints":{"allow":["GET"]}}],"collection":[{"href":"https:\/\/sites.usp.br\/labmicro\/wp-json\/wp\/v2\/pages"}],"about":[{"href":"https:\/\/sites.usp.br\/labmicro\/wp-json\/wp\/v2\/types\/page"}],"author":[{"embeddable":true,"href":"https:\/\/sites.usp.br\/labmicro\/wp-json\/wp\/v2\/users\/845"}],"replies":[{"embeddable":true,"href":"https:\/\/sites.usp.br\/labmicro\/wp-json\/wp\/v2\/comments?post=1537"}],"version-history":[{"count":4,"href":"https:\/\/sites.usp.br\/labmicro\/wp-json\/wp\/v2\/pages\/1537\/revisions"}],"predecessor-version":[{"id":2592,"href":"https:\/\/sites.usp.br\/labmicro\/wp-json\/wp\/v2\/pages\/1537\/revisions\/2592"}],"wp:attachment":[{"href":"https:\/\/sites.usp.br\/labmicro\/wp-json\/wp\/v2\/media?parent=1537"}],"curies":[{"name":"wp","href":"https:\/\/api.w.org\/{rel}","templated":true}]}}