{"id":1735,"date":"2020-05-05T18:11:18","date_gmt":"2020-05-05T21:11:18","guid":{"rendered":"http:\/\/sites.usp.br\/labmicro\/?page_id=1735"},"modified":"2023-06-29T10:44:47","modified_gmt":"2023-06-29T13:44:47","slug":"haruan-straioto","status":"publish","type":"page","link":"https:\/\/sites.usp.br\/labmicro\/haruan-straioto\/","title":{"rendered":"Haruan Straioto"},"content":{"rendered":"<p><a href=\"https:\/\/sites.usp.br\/labmicro\/wp-content\/uploads\/sites\/471\/2020\/05\/fotocampo-scaled.jpg\"><img fetchpriority=\"high\" decoding=\"async\" class=\"alignleft wp-image-1736\" src=\"https:\/\/sites.usp.br\/labmicro\/wp-content\/uploads\/sites\/471\/2020\/05\/fotocampo-300x225.jpg\" alt=\"\" width=\"280\" height=\"210\" data-id=\"1736\" srcset=\"https:\/\/sites.usp.br\/labmicro\/wp-content\/uploads\/sites\/471\/2020\/05\/fotocampo-300x225.jpg 300w, https:\/\/sites.usp.br\/labmicro\/wp-content\/uploads\/sites\/471\/2020\/05\/fotocampo-1024x768.jpg 1024w, https:\/\/sites.usp.br\/labmicro\/wp-content\/uploads\/sites\/471\/2020\/05\/fotocampo-768x576.jpg 768w, https:\/\/sites.usp.br\/labmicro\/wp-content\/uploads\/sites\/471\/2020\/05\/fotocampo-1536x1152.jpg 1536w, https:\/\/sites.usp.br\/labmicro\/wp-content\/uploads\/sites\/471\/2020\/05\/fotocampo-2048x1536.jpg 2048w, https:\/\/sites.usp.br\/labmicro\/wp-content\/uploads\/sites\/471\/2020\/05\/fotocampo-80x60.jpg 80w, https:\/\/sites.usp.br\/labmicro\/wp-content\/uploads\/sites\/471\/2020\/05\/fotocampo-400x300.jpg 400w\" sizes=\"(max-width: 280px) 100vw, 280px\" \/><\/a><a href=\"mailto:hharuan@usp.br\">hharuan@usp.br<\/a><\/p>\n<p style=\"text-align: justified;\">Bacharel em Arqueologia (2017) pela Universidade Federal do Rio Grande \u2013 FURG, atua em pesquisas arqueol\u00f3gicas na regi\u00e3o da plan\u00edcie costeira do Rio Grande do Sul. Seus principais interesses est\u00e3o relacionados ao estudo tecnol\u00f3gico dos esquemas-operat\u00f3rios da produ\u00e7\u00e3o de instrumentos l\u00edticos.<\/p>\n<p>Em sua pesquisa analisa o material l\u00edtico de dois s\u00edtios arqueol\u00f3gicos em duna (RS-LS-14 e RS-LS-46) localizados na regi\u00e3o estuarina da Laguna dos Patos, no munic\u00edpio de Rio Grande. Atrav\u00e9s de uma abordagem tecnofuncional busca reconhecer os esquemas-operat\u00f3rios de produ\u00e7\u00e3o l\u00edtica compreendidos nas cole\u00e7\u00f5es, e qual a rela\u00e7\u00e3o destes esquemas-operat\u00f3rios identificados com o contexto arqueol\u00f3gico regional.<\/p>\n<p><em>Bachelor in Archaeology (2017) from the Federal University of Rio Grande \u2013 FURG, Haruan conducts archaeological research in the coastal plain of the State of Rio Grande do Sul. His main interests are related with the technological study of the sch\u00e8me-op\u00e9ratoire used in the production of stone artifacts. <\/em><em>In his Masters research he analyzes the lithic material of two archaeological sites on sand dunes (RS-LS-14 e RS-LS-46) located on the estuarine region of the Lagoa dos patos, Rio Grande. He uses a technofunctional approach to identify the sch\u00e8me-op\u00e9ratoires of stone tool production from both collections, and studies its relations with the regional archaeological context.<\/em><\/p>\n<div id=\"attachment_1739\" style=\"width: 460px\" class=\"wp-caption alignleft\"><a href=\"https:\/\/sites.usp.br\/labmicro\/wp-content\/uploads\/sites\/471\/2020\/05\/FOTO1-scaled.jpg\"><img decoding=\"async\" aria-describedby=\"caption-attachment-1739\" class=\"wp-image-1739\" src=\"https:\/\/sites.usp.br\/labmicro\/wp-content\/uploads\/sites\/471\/2020\/05\/FOTO1-300x225.jpg\" alt=\"\" width=\"450\" height=\"338\" data-id=\"1739\" srcset=\"https:\/\/sites.usp.br\/labmicro\/wp-content\/uploads\/sites\/471\/2020\/05\/FOTO1-300x225.jpg 300w, https:\/\/sites.usp.br\/labmicro\/wp-content\/uploads\/sites\/471\/2020\/05\/FOTO1-1024x768.jpg 1024w, https:\/\/sites.usp.br\/labmicro\/wp-content\/uploads\/sites\/471\/2020\/05\/FOTO1-768x576.jpg 768w, https:\/\/sites.usp.br\/labmicro\/wp-content\/uploads\/sites\/471\/2020\/05\/FOTO1-1536x1152.jpg 1536w, https:\/\/sites.usp.br\/labmicro\/wp-content\/uploads\/sites\/471\/2020\/05\/FOTO1-2048x1536.jpg 2048w, https:\/\/sites.usp.br\/labmicro\/wp-content\/uploads\/sites\/471\/2020\/05\/FOTO1-80x60.jpg 80w, https:\/\/sites.usp.br\/labmicro\/wp-content\/uploads\/sites\/471\/2020\/05\/FOTO1-400x300.jpg 400w\" sizes=\"(max-width: 450px) 100vw, 450px\" \/><\/a><p id=\"caption-attachment-1739\" class=\"wp-caption-text\">Imagem panor\u00e2mica do s\u00edtio arqueol\u00f3gico RS-LS-14 (&#8220;Morro do \u00cdndio&#8221;) localizado no cord\u00e3o de dunas pleistoc\u00eanicas da margem sudoeste da Laguna dos Patos. No canto direito exemplo do afloramento do material arqueol\u00f3gico no s\u00edtio.<\/p><\/div>\n<div id=\"attachment_1740\" style=\"width: 460px\" class=\"wp-caption alignleft\"><a href=\"https:\/\/sites.usp.br\/labmicro\/wp-content\/uploads\/sites\/471\/2020\/05\/FOTO2.jpg\"><img decoding=\"async\" aria-describedby=\"caption-attachment-1740\" class=\"wp-image-1740\" src=\"https:\/\/sites.usp.br\/labmicro\/wp-content\/uploads\/sites\/471\/2020\/05\/FOTO2-300x213.jpg\" alt=\"\" width=\"450\" height=\"319\" data-id=\"1740\" srcset=\"https:\/\/sites.usp.br\/labmicro\/wp-content\/uploads\/sites\/471\/2020\/05\/FOTO2-300x213.jpg 300w, https:\/\/sites.usp.br\/labmicro\/wp-content\/uploads\/sites\/471\/2020\/05\/FOTO2-400x284.jpg 400w, https:\/\/sites.usp.br\/labmicro\/wp-content\/uploads\/sites\/471\/2020\/05\/FOTO2.jpg 650w\" sizes=\"(max-width: 450px) 100vw, 450px\" \/><\/a><p id=\"caption-attachment-1740\" class=\"wp-caption-text\">Exemplos de materiais l\u00edticos das cole\u00e7\u00f5es estudadas demonstrando a diversidade de esquemas-operat\u00f3rios compreendidos nas cole\u00e7\u00f5es. Bolas de Boleadeira, artefato com semi-concavidade polida (&#8220;quebra-coquinho&#8221;), artefato com &#8220;sucos&#8221;\/canais de polimento, pontas bifaciais.<\/p><\/div>\n<p>&nbsp;<\/p>\n<p>&nbsp;<\/p>\n<p>&nbsp;<\/p>\n<p>&nbsp;<\/p>\n<p>&nbsp;<\/p>\n<p>&nbsp;<\/p>\n<p>&nbsp;<\/p>\n<p>&nbsp;<\/p>\n<p>&nbsp;<\/p>\n<p>&nbsp;<\/p>\n<p>&nbsp;<\/p>\n<p>&nbsp;<\/p>\n","protected":false},"excerpt":{"rendered":"<p>hharuan@usp.br Bacharel em Arqueologia (2017) pela Universidade Federal do Rio Grande \u2013 FURG, atua em pesquisas arqueol\u00f3gicas na regi\u00e3o da plan\u00edcie costeira do Rio Grande do Sul. Seus principais interesses est\u00e3o relacionados ao estudo tecnol\u00f3gico dos esquemas-operat\u00f3rios da produ\u00e7\u00e3o de instrumentos l\u00edticos. Em sua pesquisa analisa o material l\u00edtico de dois s\u00edtios arqueol\u00f3gicos em duna (RS-LS-14 e RS-LS-46) localizados na regi\u00e3o estuarina da Laguna dos Patos, no munic\u00edpio de Rio Grande. Atrav\u00e9s de uma abordagem tecnofuncional busca reconhecer os esquemas-operat\u00f3rios de produ\u00e7\u00e3o l\u00edtica compreendidos nas cole\u00e7\u00f5es, e qual a rela\u00e7\u00e3o destes esquemas-operat\u00f3rios identificados com o contexto arqueol\u00f3gico regional. Bachelor in Archaeology (2017) from the Federal University of Rio Grande \u2013 FURG, Haruan conducts archaeological research in the coastal plain of the State of Rio Grande do Sul. His main interests are related with the technological study of the sch\u00e8me-op\u00e9ratoire used in the production of stone artifacts. In his Masters research he analyzes the lithic material of two archaeological sites on sand dunes (RS-LS-14 e RS-LS-46) located on the estuarine region of the Lagoa dos patos, Rio Grande. He uses a technofunctional approach to identify the sch\u00e8me-op\u00e9ratoires of stone tool production from both collections, and studies its relations with the regional [&#8230;]<\/p>\n","protected":false},"author":845,"featured_media":0,"parent":0,"menu_order":0,"comment_status":"closed","ping_status":"closed","template":"page-full.php","meta":{"_monsterinsights_skip_tracking":false,"_monsterinsights_sitenote_active":false,"_monsterinsights_sitenote_note":"","_monsterinsights_sitenote_category":0,"footnotes":"","_links_to":"","_links_to_target":""},"class_list":["post-1735","page","type-page","status-publish","hentry"],"_links":{"self":[{"href":"https:\/\/sites.usp.br\/labmicro\/wp-json\/wp\/v2\/pages\/1735","targetHints":{"allow":["GET"]}}],"collection":[{"href":"https:\/\/sites.usp.br\/labmicro\/wp-json\/wp\/v2\/pages"}],"about":[{"href":"https:\/\/sites.usp.br\/labmicro\/wp-json\/wp\/v2\/types\/page"}],"author":[{"embeddable":true,"href":"https:\/\/sites.usp.br\/labmicro\/wp-json\/wp\/v2\/users\/845"}],"replies":[{"embeddable":true,"href":"https:\/\/sites.usp.br\/labmicro\/wp-json\/wp\/v2\/comments?post=1735"}],"version-history":[{"count":4,"href":"https:\/\/sites.usp.br\/labmicro\/wp-json\/wp\/v2\/pages\/1735\/revisions"}],"predecessor-version":[{"id":2259,"href":"https:\/\/sites.usp.br\/labmicro\/wp-json\/wp\/v2\/pages\/1735\/revisions\/2259"}],"wp:attachment":[{"href":"https:\/\/sites.usp.br\/labmicro\/wp-json\/wp\/v2\/media?parent=1735"}],"curies":[{"name":"wp","href":"https:\/\/api.w.org\/{rel}","templated":true}]}}