{"id":1870,"date":"2021-04-06T22:45:57","date_gmt":"2021-04-07T01:45:57","guid":{"rendered":"http:\/\/sites.usp.br\/labmicro\/?page_id=1870"},"modified":"2023-06-29T10:35:26","modified_gmt":"2023-06-29T13:35:26","slug":"daniela-ortega","status":"publish","type":"page","link":"https:\/\/sites.usp.br\/labmicro\/daniela-ortega\/","title":{"rendered":"Daniela Ortega"},"content":{"rendered":"<p><a href=\"https:\/\/sites.usp.br\/labmicro\/wp-content\/uploads\/sites\/471\/2021\/04\/1.-DANI-EM-CAMPO.jpg\"><img fetchpriority=\"high\" decoding=\"async\" class=\"size-medium wp-image-1871 alignleft\" src=\"https:\/\/sites.usp.br\/labmicro\/wp-content\/uploads\/sites\/471\/2021\/04\/1.-DANI-EM-CAMPO-240x300.jpg\" alt=\"\" width=\"240\" height=\"300\" data-id=\"1871\" \/><\/a><a href=\"mailto:daniela.d.ortega@upf.edu\">daniela.d.ortega@upf.edu<\/a><\/p>\n<p style=\"text-align: justified;\">Bacharel em Arqueologia pelo IGPA\/PUC-Goi\u00e1s (2016) e mestra em Arqueologia pela Universidade de S\u00e3o Paulo (MAE-USP). Atualmente \u00e9 estudante de doutorado na Universitat Pompeu Fabra (CaSEs\/UPF-Barcelona).<\/p>\n<p style=\"text-align: justified;\">Em sua pesquisa, analisa microvest\u00edgios bot\u00e2nicos (fit\u00f3litos e amido) de s\u00edtios arqueol\u00f3gicos do Brasil Central, como a Lapa do Santo. O objetivo \u00e9 encontrar evid\u00eancias do uso de plantas pelas popula\u00e7\u00f5es antigas, desde o Holoceno Inicial a per\u00edodos mais recentes. As an\u00e1lises s\u00e3o aplicadas a sedimentos, l\u00edticos e cer\u00e2micas e podem fornecer informa\u00e7\u00e3o sobre o uso desses artefatos, quais tipos de plantas essas sociedades usaram, por exemplo na dieta ou como lenha para fogueiras, dentre outras atividades culturais.<\/p>\n<p><em>Bachelor in Archaeology from IGPA\/PUC-Goi\u00e1s (2016) and Master in Archaeology from the University of S\u00e3o Paulo (MAE-USP), she is currently studying for a doctorate at Pompeu Fabra University (CaSE\/UPF-Barcelona).<\/em><\/p>\n<p><em>In her research, she analyses microbotanical remains (phytoliths and starch grains) from archaeological sites in Central Brazil, such as Lapa do Santo. The objective is to find evidence of plant use by these ancient populations, from the Early Holocene to recent times. The analyses are applied to sediments, lithics and ceramics and can provide information about the use of these artefacts and what types of plants theses societies used in their diet and other cultural activities.<\/em><\/p>\n<div id=\"attachment_1872\" style=\"width: 460px\" class=\"wp-caption alignleft\"><a href=\"https:\/\/sites.usp.br\/labmicro\/wp-content\/uploads\/sites\/471\/2021\/04\/2.-LAPA-DO-SANTO.jpg\"><img decoding=\"async\" aria-describedby=\"caption-attachment-1872\" class=\"wp-image-1872\" src=\"https:\/\/sites.usp.br\/labmicro\/wp-content\/uploads\/sites\/471\/2021\/04\/2.-LAPA-DO-SANTO-300x225.jpg\" alt=\"\" width=\"450\" height=\"337\" data-id=\"1872\" srcset=\"https:\/\/sites.usp.br\/labmicro\/wp-content\/uploads\/sites\/471\/2021\/04\/2.-LAPA-DO-SANTO-300x225.jpg 300w, https:\/\/sites.usp.br\/labmicro\/wp-content\/uploads\/sites\/471\/2021\/04\/2.-LAPA-DO-SANTO-1024x768.jpg 1024w, https:\/\/sites.usp.br\/labmicro\/wp-content\/uploads\/sites\/471\/2021\/04\/2.-LAPA-DO-SANTO-768x576.jpg 768w, https:\/\/sites.usp.br\/labmicro\/wp-content\/uploads\/sites\/471\/2021\/04\/2.-LAPA-DO-SANTO-80x60.jpg 80w, https:\/\/sites.usp.br\/labmicro\/wp-content\/uploads\/sites\/471\/2021\/04\/2.-LAPA-DO-SANTO-400x300.jpg 400w, https:\/\/sites.usp.br\/labmicro\/wp-content\/uploads\/sites\/471\/2021\/04\/2.-LAPA-DO-SANTO.jpg 1299w\" sizes=\"(max-width: 450px) 100vw, 450px\" \/><\/a><p id=\"caption-attachment-1872\" class=\"wp-caption-text\">S\u00edtio Arqueol\u00f3gico Lapa do Santo, localizado no munic\u00edpio de Matozinhos, na regi\u00e3o de Lagoa Santa (Minas Gerais). No s\u00edtio h\u00e1 evid\u00eancias de ocupa\u00e7\u00f5es humanas desde o per\u00edodo do Holoceno Inicial, como sepultamentos humanos, artefatos l\u00edticos, em osso, sedimentos provenientes da queima de lenha em fogueiras, carv\u00f5es, macro e micro restos bot\u00e2nicos, vest\u00edgios de fauna e grafismos rupestres. Etapa de campo realizada em 2016, coordenada pelo Dr. Andr\u00e9 Strauss<\/p><\/div>\n<div id=\"attachment_1873\" style=\"width: 460px\" class=\"wp-caption alignleft\"><a href=\"https:\/\/sites.usp.br\/labmicro\/wp-content\/uploads\/sites\/471\/2021\/04\/3.-MATERIAL-QUE-ANALISO.jpg\"><img decoding=\"async\" aria-describedby=\"caption-attachment-1873\" class=\"wp-image-1873\" src=\"https:\/\/sites.usp.br\/labmicro\/wp-content\/uploads\/sites\/471\/2021\/04\/3.-MATERIAL-QUE-ANALISO-300x217.jpg\" alt=\"\" width=\"450\" height=\"326\" data-id=\"1873\" srcset=\"https:\/\/sites.usp.br\/labmicro\/wp-content\/uploads\/sites\/471\/2021\/04\/3.-MATERIAL-QUE-ANALISO-300x217.jpg 300w, https:\/\/sites.usp.br\/labmicro\/wp-content\/uploads\/sites\/471\/2021\/04\/3.-MATERIAL-QUE-ANALISO-1024x742.jpg 1024w, https:\/\/sites.usp.br\/labmicro\/wp-content\/uploads\/sites\/471\/2021\/04\/3.-MATERIAL-QUE-ANALISO-768x556.jpg 768w, https:\/\/sites.usp.br\/labmicro\/wp-content\/uploads\/sites\/471\/2021\/04\/3.-MATERIAL-QUE-ANALISO-1536x1112.jpg 1536w, https:\/\/sites.usp.br\/labmicro\/wp-content\/uploads\/sites\/471\/2021\/04\/3.-MATERIAL-QUE-ANALISO-400x290.jpg 400w, https:\/\/sites.usp.br\/labmicro\/wp-content\/uploads\/sites\/471\/2021\/04\/3.-MATERIAL-QUE-ANALISO.jpg 1769w\" sizes=\"(max-width: 450px) 100vw, 450px\" \/><\/a><p id=\"caption-attachment-1873\" class=\"wp-caption-text\">Artefatos l\u00edticos da Lapa do Santo e microvest\u00edgios (fit\u00f3litos e amido) de plantas identificados em suas superf\u00edcies, preservados desde o per\u00edodo do Holoceno Inicial<\/p><\/div>\n<p>&nbsp;<\/p>\n<p>&nbsp;<\/p>\n<p>&nbsp;<\/p>\n<p>&nbsp;<\/p>\n<p>&nbsp;<\/p>\n<p>&nbsp;<\/p>\n<p>&nbsp;<\/p>\n<p>&nbsp;<\/p>\n<p>&nbsp;<\/p>\n<p>&nbsp;<\/p>\n<p>&nbsp;<\/p>\n<p>&nbsp;<\/p>\n<p>&nbsp;<\/p>\n<p>&nbsp;<\/p>\n<p>&nbsp;<\/p>\n<p>&nbsp;<\/p>\n<p>&nbsp;<\/p>\n<p>&nbsp;<\/p>\n<p>&nbsp;<\/p>\n<p>&nbsp;<\/p>\n","protected":false},"excerpt":{"rendered":"<p>daniela.d.ortega@upf.edu Bacharel em Arqueologia pelo IGPA\/PUC-Goi\u00e1s (2016) e mestra em Arqueologia pela Universidade de S\u00e3o Paulo (MAE-USP). Atualmente \u00e9 estudante de doutorado na Universitat Pompeu Fabra (CaSEs\/UPF-Barcelona). Em sua pesquisa, analisa microvest\u00edgios bot\u00e2nicos (fit\u00f3litos e amido) de s\u00edtios arqueol\u00f3gicos do Brasil Central, como a Lapa do Santo. O objetivo \u00e9 encontrar evid\u00eancias do uso de plantas pelas popula\u00e7\u00f5es antigas, desde o Holoceno Inicial a per\u00edodos mais recentes. As an\u00e1lises s\u00e3o aplicadas a sedimentos, l\u00edticos e cer\u00e2micas e podem fornecer informa\u00e7\u00e3o sobre o uso desses artefatos, quais tipos de plantas essas sociedades usaram, por exemplo na dieta ou como lenha para fogueiras, dentre outras atividades culturais. Bachelor in Archaeology from IGPA\/PUC-Goi\u00e1s (2016) and Master in Archaeology from the University of S\u00e3o Paulo (MAE-USP), she is currently studying for a doctorate at Pompeu Fabra University (CaSE\/UPF-Barcelona). In her research, she analyses microbotanical remains (phytoliths and starch grains) from archaeological sites in Central Brazil, such as Lapa do Santo. The objective is to find evidence of plant use by these ancient populations, from the Early Holocene to recent times. The analyses are applied to sediments, lithics and ceramics and can provide information about the use of these artefacts and what types of plants [&#8230;]<\/p>\n","protected":false},"author":22366,"featured_media":0,"parent":0,"menu_order":0,"comment_status":"closed","ping_status":"closed","template":"page-full.php","meta":{"_monsterinsights_skip_tracking":false,"_monsterinsights_sitenote_active":false,"_monsterinsights_sitenote_note":"","_monsterinsights_sitenote_category":0,"footnotes":"","_links_to":"","_links_to_target":""},"class_list":["post-1870","page","type-page","status-publish","hentry"],"_links":{"self":[{"href":"https:\/\/sites.usp.br\/labmicro\/wp-json\/wp\/v2\/pages\/1870","targetHints":{"allow":["GET"]}}],"collection":[{"href":"https:\/\/sites.usp.br\/labmicro\/wp-json\/wp\/v2\/pages"}],"about":[{"href":"https:\/\/sites.usp.br\/labmicro\/wp-json\/wp\/v2\/types\/page"}],"author":[{"embeddable":true,"href":"https:\/\/sites.usp.br\/labmicro\/wp-json\/wp\/v2\/users\/22366"}],"replies":[{"embeddable":true,"href":"https:\/\/sites.usp.br\/labmicro\/wp-json\/wp\/v2\/comments?post=1870"}],"version-history":[{"count":4,"href":"https:\/\/sites.usp.br\/labmicro\/wp-json\/wp\/v2\/pages\/1870\/revisions"}],"predecessor-version":[{"id":2252,"href":"https:\/\/sites.usp.br\/labmicro\/wp-json\/wp\/v2\/pages\/1870\/revisions\/2252"}],"wp:attachment":[{"href":"https:\/\/sites.usp.br\/labmicro\/wp-json\/wp\/v2\/media?parent=1870"}],"curies":[{"name":"wp","href":"https:\/\/api.w.org\/{rel}","templated":true}]}}