{"id":2004,"date":"2022-07-26T19:49:40","date_gmt":"2022-07-26T22:49:40","guid":{"rendered":"https:\/\/sites.usp.br\/labmicro\/?page_id=2004"},"modified":"2026-03-06T12:19:36","modified_gmt":"2026-03-06T15:19:36","slug":"ftir","status":"publish","type":"page","link":"https:\/\/sites.usp.br\/labmicro\/ftir\/","title":{"rendered":"FTIR"},"content":{"rendered":"<p>O LabMicro conta com um espectr\u00f4metro no infravermelho por transformada de Fourier (FTIR) adquirido com apoio da Funda\u00e7\u00e3o Alexander Von Humboldt, atrav\u00e9s do seu programa Alumni. O instrumento modelo Cary 630 da Agilent Technologies, com \u00f3tica de KBr, permite a coleta de espectros por reflect\u00e2ncia total atenuada (ATR) e pode ser usado em amostras de sedimentos, rochas, ossos, \u00f3leos etc.<\/p>\n<p>A tabela de pre\u00e7os est\u00e1 dispon\u00edvel na Central Multiusu\u00e1rios do MAE\/USP na <a href=\"https:\/\/uspmulti.prp.usp.br\/centrais\/public\/299\">Plataforma USP Multi<\/a>.<\/p>\n<p>Instru\u00e7\u00f5es para solicita\u00e7\u00e3o de uso do equipamento:<\/p>\n<ul>\n<li>Fazer a reserva pela <a href=\"https:\/\/uspmulti.prp.usp.br\/centrais\/public\/299\">Plataforma USP Multi<\/a>.<\/li>\n<li>Solicitar o formul\u00e1rio de cadastro de amostras por email a <a href=\"mailto:labmicromae@usp.br\">labmicromae@usp.br<\/a><\/li>\n<\/ul>\n<p><em>Contatos: <a href=\"https:\/\/sites.usp.br\/labmicro\/isabela-sodre\/\">Dra. Isabela Sodr\u00e9<\/a>; <a href=\"https:\/\/sites.usp.br\/labmicro\/pb\/ximena-s-villagran\/\">Prof.\u00a0 Ximena S. Villagran<\/a><\/em><\/p>\n<p><a href=\"https:\/\/sites.usp.br\/labmicro\/wp-content\/uploads\/sites\/471\/2025\/09\/IMG_3643-scaled.jpg\"><img fetchpriority=\"high\" decoding=\"async\" class=\"size-medium wp-image-2575 alignleft\" src=\"https:\/\/sites.usp.br\/labmicro\/wp-content\/uploads\/sites\/471\/2025\/09\/IMG_3643-300x225.jpg\" alt=\"\" width=\"300\" height=\"225\" data-id=\"2575\" srcset=\"https:\/\/sites.usp.br\/labmicro\/wp-content\/uploads\/sites\/471\/2025\/09\/IMG_3643-300x225.jpg 300w, https:\/\/sites.usp.br\/labmicro\/wp-content\/uploads\/sites\/471\/2025\/09\/IMG_3643-1024x768.jpg 1024w, https:\/\/sites.usp.br\/labmicro\/wp-content\/uploads\/sites\/471\/2025\/09\/IMG_3643-768x576.jpg 768w, https:\/\/sites.usp.br\/labmicro\/wp-content\/uploads\/sites\/471\/2025\/09\/IMG_3643-1536x1152.jpg 1536w, https:\/\/sites.usp.br\/labmicro\/wp-content\/uploads\/sites\/471\/2025\/09\/IMG_3643-2048x1536.jpg 2048w, https:\/\/sites.usp.br\/labmicro\/wp-content\/uploads\/sites\/471\/2025\/09\/IMG_3643-80x60.jpg 80w, https:\/\/sites.usp.br\/labmicro\/wp-content\/uploads\/sites\/471\/2025\/09\/IMG_3643-400x300.jpg 400w\" sizes=\"(max-width: 300px) 100vw, 300px\" \/><\/a><\/p>\n<p><a href=\"https:\/\/sites.usp.br\/labmicro\/wp-content\/uploads\/sites\/471\/2022\/07\/Cary-630.jpg\"><img decoding=\"async\" class=\"size-full wp-image-2006 alignleft\" src=\"https:\/\/sites.usp.br\/labmicro\/wp-content\/uploads\/sites\/471\/2022\/07\/Cary-630.jpg\" alt=\"\" width=\"234\" height=\"215\" data-id=\"2006\" \/><\/a><a href=\"https:\/\/sites.usp.br\/labmicro\/wp-content\/uploads\/sites\/471\/2020\/05\/fiderlogo.jpg\"><img decoding=\"async\" class=\"alignnone size-medium wp-image-1754\" src=\"https:\/\/sites.usp.br\/labmicro\/wp-content\/uploads\/sites\/471\/2020\/05\/fiderlogo-300x127.jpg\" alt=\"\" width=\"300\" height=\"127\" data-id=\"1754\" srcset=\"https:\/\/sites.usp.br\/labmicro\/wp-content\/uploads\/sites\/471\/2020\/05\/fiderlogo-300x127.jpg 300w, https:\/\/sites.usp.br\/labmicro\/wp-content\/uploads\/sites\/471\/2020\/05\/fiderlogo.jpg 650w, https:\/\/sites.usp.br\/labmicro\/wp-content\/uploads\/sites\/471\/2020\/05\/fiderlogo-400x170.jpg 400w\" sizes=\"(max-width: 300px) 100vw, 300px\" \/><\/a><\/p>\n<p>&nbsp;<\/p>\n<p>&nbsp;<\/p>\n<p>&nbsp;<\/p>\n<p><em>LabMicro has a Fourier Transform Infrared Spectrometer (FTIR) acquired with support from the Alexander Von Humboldt Foundation, through its Alumni program. Agilent Technologies&#8217; model Cary 630 instrument, with KBr optics, allows for the collection of spectra by attenuated total reflectance (ATR) and can be used on samples of sediments, rocks, bones, oils, etc.\u00a0<\/em><\/p>\n<p>&nbsp;<\/p>\n<p>&nbsp;<\/p>\n","protected":false},"excerpt":{"rendered":"<p>O LabMicro conta com um espectr\u00f4metro no infravermelho por transformada de Fourier (FTIR) adquirido com apoio da Funda\u00e7\u00e3o Alexander Von Humboldt, atrav\u00e9s do seu programa Alumni. O instrumento modelo Cary 630 da Agilent Technologies, com \u00f3tica de KBr, permite a coleta de espectros por reflect\u00e2ncia total atenuada (ATR) e pode ser usado em amostras de sedimentos, rochas, ossos, \u00f3leos etc. A tabela de pre\u00e7os est\u00e1 dispon\u00edvel na Central Multiusu\u00e1rios do MAE\/USP na Plataforma USP Multi. Instru\u00e7\u00f5es para solicita\u00e7\u00e3o de uso do equipamento: Fazer a reserva pela Plataforma USP Multi. Solicitar o formul\u00e1rio de cadastro de amostras por email a labmicromae@usp.br Contatos: Dra. Isabela Sodr\u00e9; Prof.\u00a0 Ximena S. Villagran &nbsp; &nbsp; &nbsp; LabMicro has a Fourier Transform Infrared Spectrometer (FTIR) acquired with support from the Alexander Von Humboldt Foundation, through its Alumni program. Agilent Technologies&#8217; model Cary 630 instrument, with KBr optics, allows for the collection of spectra by attenuated total reflectance (ATR) and can be used on samples of sediments, rocks, bones, oils, etc.\u00a0 &nbsp; &nbsp;<\/p>\n","protected":false},"author":22366,"featured_media":0,"parent":0,"menu_order":0,"comment_status":"closed","ping_status":"closed","template":"page-full.php","meta":{"_monsterinsights_skip_tracking":false,"_monsterinsights_sitenote_active":false,"_monsterinsights_sitenote_note":"","_monsterinsights_sitenote_category":0,"footnotes":"","_links_to":"","_links_to_target":""},"class_list":["post-2004","page","type-page","status-publish","hentry"],"_links":{"self":[{"href":"https:\/\/sites.usp.br\/labmicro\/wp-json\/wp\/v2\/pages\/2004","targetHints":{"allow":["GET"]}}],"collection":[{"href":"https:\/\/sites.usp.br\/labmicro\/wp-json\/wp\/v2\/pages"}],"about":[{"href":"https:\/\/sites.usp.br\/labmicro\/wp-json\/wp\/v2\/types\/page"}],"author":[{"embeddable":true,"href":"https:\/\/sites.usp.br\/labmicro\/wp-json\/wp\/v2\/users\/22366"}],"replies":[{"embeddable":true,"href":"https:\/\/sites.usp.br\/labmicro\/wp-json\/wp\/v2\/comments?post=2004"}],"version-history":[{"count":4,"href":"https:\/\/sites.usp.br\/labmicro\/wp-json\/wp\/v2\/pages\/2004\/revisions"}],"predecessor-version":[{"id":2622,"href":"https:\/\/sites.usp.br\/labmicro\/wp-json\/wp\/v2\/pages\/2004\/revisions\/2622"}],"wp:attachment":[{"href":"https:\/\/sites.usp.br\/labmicro\/wp-json\/wp\/v2\/media?parent=2004"}],"curies":[{"name":"wp","href":"https:\/\/api.w.org\/{rel}","templated":true}]}}