{"id":2294,"date":"2024-05-23T10:36:25","date_gmt":"2024-05-23T13:36:25","guid":{"rendered":"https:\/\/sites.usp.br\/labmicro\/?page_id=2294"},"modified":"2024-05-23T10:40:18","modified_gmt":"2024-05-23T13:40:18","slug":"keyla-m-r-frazao","status":"publish","type":"page","link":"https:\/\/sites.usp.br\/labmicro\/keyla-m-r-frazao\/","title":{"rendered":"Keyla M.R. Fraz\u00e3o"},"content":{"rendered":"<p><a href=\"https:\/\/sites.usp.br\/labmicro\/wp-content\/uploads\/sites\/471\/2024\/05\/IMG_5959-scaled.jpg\"><img decoding=\"async\" class=\"wp-image-2295 size-thumbnail alignleft\" src=\"https:\/\/sites.usp.br\/labmicro\/wp-content\/uploads\/sites\/471\/2024\/05\/IMG_5959-150x150.jpg\" alt=\"\" width=\"150\" height=\"150\" data-id=\"2295\" srcset=\"https:\/\/sites.usp.br\/labmicro\/wp-content\/uploads\/sites\/471\/2024\/05\/IMG_5959-150x150.jpg 150w, https:\/\/sites.usp.br\/labmicro\/wp-content\/uploads\/sites\/471\/2024\/05\/IMG_5959-45x45.jpg 45w, https:\/\/sites.usp.br\/labmicro\/wp-content\/uploads\/sites\/471\/2024\/05\/IMG_5959-200x200.jpg 200w\" sizes=\"(max-width: 150px) 100vw, 150px\" \/><\/a> <a href=\"mailto:keyla-frazao@hotmail.com\"><span class=\"gI\"><span class=\"qu\" tabindex=\"-1\" role=\"gridcell\" translate=\"no\"><span class=\"go\">keyla-frazao@usp.br<\/span><\/span><\/span><\/a><\/p>\n<p>Graduada em Arqueologia e Conserva\u00e7\u00e3o de Arte Rupestre (2015) pela Universidade Federal do Piau\u00ed, Especialista em Arqueologia, Gest\u00e3o e Educa\u00e7\u00e3o Patrimonial pelo Instituto Polit\u00e9cnico de Tomar (IPT\/ Portugal) (2017) e Mestra em Geoci\u00eancias (2018) pelo Museu Nacional da Universidade Federal do Rio de Janeiro. Desde 2017 \u00e9 Arque\u00f3loga no N\u00facleo de Pesquisas Arqueol\u00f3gicas do Instituto de Pesquisas Cient\u00edficas e Tecnol\u00f3gicas do Estado do Amap\u00e1 (NuPArq\/IEPA). Atua no \u00e2mbito de investiga\u00e7\u00f5es geoarqueol\u00f3gicas e possui interesse na aplica\u00e7\u00e3o de t\u00e9cnicas arqueom\u00e9tricas voltadas ao estudo tecnol\u00f3gico de vest\u00edgios cer\u00e2micos.<\/p>\n<p>Em seu projeto de doutorado, pretende investigar a variabilidade tecnol\u00f3gica de cole\u00e7\u00f5es cer\u00e2micas Arist\u00e9 provenientes de distintos contextos arqueol\u00f3gicos localizados na Costa Atl\u00e2ntica do Amap\u00e1, especificamente, na regi\u00e3o hidrogr\u00e1fica dos rios Cal\u00e7oene e Oiapoque. Espera-se, a partir da an\u00e1lise integrada de diferentes t\u00e9cnicas anal\u00edticas, explorar a hip\u00f3tese de que por tr\u00e1s da homogeneidade estil\u00edstica e tecnol\u00f3gica observada nas cer\u00e2micas da regi\u00e3o, seja poss\u00edvel reconhecer diferentes formas de produ\u00e7\u00e3o desses artefatos.<\/p>\n<p><em>Graduate in Archeology and Rock Art Conservation (2015) from the Federal University <\/em><em>of Piau\u00ed, Specialist in Archaeology, Management and Heritage Education from the <\/em><em>Polytechnic Institute of Tomar (IPT\/ Portugal) (2017) and Master in Geosciences (2018) <\/em><em>from the National University Museum Federal District of Rio de Janeiro. Since 2017 <\/em><em>she has been an Archaeologist at the Archaeological Research Center of the Institute <\/em><em>of Scientific and Technological Research of the State of Amap\u00e1 (NuPArq \/ IEPA). She <\/em><em>works in the scope of geoarchaeological investigations and is interested in the <\/em><em>application of archaeometric techniques aimed at the technological study of ceramic <\/em><em>remains.<\/em><\/p>\n<p><em>In her doctoral project, she intends to investigate the technological variability of Arist\u00e9 <\/em><em>ceramic collections from different archaeological contexts located on the Atlantic Coast <\/em><em>of Amap\u00e1, specifically, in the hydrographic region of the Cal\u00e7oene and Oiapoque rivers. <\/em><em>It is expected, from the integrated analysis of different analytical techniques, to explore <\/em><em>the hypothesis that behind the stylistic and technological homogeneity observed in the <\/em><em>region&#8217;s ceramics, it is possible to recognize different forms of production of these <\/em><em>artifacts.<\/em><\/p>\n<div id=\"attachment_2296\" style=\"width: 660px\" class=\"wp-caption alignnone\"><a href=\"https:\/\/sites.usp.br\/labmicro\/wp-content\/uploads\/sites\/471\/2024\/05\/20231221_170137-scaled.jpg\"><img fetchpriority=\"high\" decoding=\"async\" aria-describedby=\"caption-attachment-2296\" class=\"wp-image-2296 size-content\" src=\"https:\/\/sites.usp.br\/labmicro\/wp-content\/uploads\/sites\/471\/2024\/05\/20231221_170137-650x276.jpg\" alt=\"\" width=\"650\" height=\"276\" data-id=\"2296\" \/><\/a><p id=\"caption-attachment-2296\" class=\"wp-caption-text\">Registro do Solst\u00edcio de Inverno no S\u00edtio Megal\u00edtico Rego Grande 1, localizado no munic\u00edpio de Cal\u00e7oene, Amap\u00e1. Este contexto \u00e9 particular sob v\u00e1rios aspectos, sendo formado por estruturas megal\u00edticas monumentais que comportam um palimpsesto de diferentes tipos de deposi\u00e7\u00e3o. Apresenta m\u00faltiplas fun\u00e7\u00f5es, representadas pelo seu car\u00e1ter funer\u00e1rio, cerimonial e ritual\u00edstico, al\u00e9m de ser reconhecido como um espa\u00e7o astron\u00f4mico. Foto: Keyla Fraz\u00e3o (2023)<\/p><\/div>\n","protected":false},"excerpt":{"rendered":"<p>keyla-frazao@usp.br Graduada em Arqueologia e Conserva\u00e7\u00e3o de Arte Rupestre (2015) pela Universidade Federal do Piau\u00ed, Especialista em Arqueologia, Gest\u00e3o e Educa\u00e7\u00e3o Patrimonial pelo Instituto Polit\u00e9cnico de Tomar (IPT\/ Portugal) (2017) e Mestra em Geoci\u00eancias (2018) pelo Museu Nacional da Universidade Federal do Rio de Janeiro. Desde 2017 \u00e9 Arque\u00f3loga no N\u00facleo de Pesquisas Arqueol\u00f3gicas do Instituto de Pesquisas Cient\u00edficas e Tecnol\u00f3gicas do Estado do Amap\u00e1 (NuPArq\/IEPA). Atua no \u00e2mbito de investiga\u00e7\u00f5es geoarqueol\u00f3gicas e possui interesse na aplica\u00e7\u00e3o de t\u00e9cnicas arqueom\u00e9tricas voltadas ao estudo tecnol\u00f3gico de vest\u00edgios cer\u00e2micos. Em seu projeto de doutorado, pretende investigar a variabilidade tecnol\u00f3gica de cole\u00e7\u00f5es cer\u00e2micas Arist\u00e9 provenientes de distintos contextos arqueol\u00f3gicos localizados na Costa Atl\u00e2ntica do Amap\u00e1, especificamente, na regi\u00e3o hidrogr\u00e1fica dos rios Cal\u00e7oene e Oiapoque. Espera-se, a partir da an\u00e1lise integrada de diferentes t\u00e9cnicas anal\u00edticas, explorar a hip\u00f3tese de que por tr\u00e1s da homogeneidade estil\u00edstica e tecnol\u00f3gica observada nas cer\u00e2micas da regi\u00e3o, seja poss\u00edvel reconhecer diferentes formas de produ\u00e7\u00e3o desses artefatos. Graduate in Archeology and Rock Art Conservation (2015) from the Federal University of Piau\u00ed, Specialist in Archaeology, Management and Heritage Education from the Polytechnic Institute of Tomar (IPT\/ Portugal) (2017) and Master in Geosciences (2018) from the National University Museum Federal District of [&#8230;]<\/p>\n","protected":false},"author":845,"featured_media":0,"parent":0,"menu_order":0,"comment_status":"closed","ping_status":"closed","template":"page-full.php","meta":{"_monsterinsights_skip_tracking":false,"_monsterinsights_sitenote_active":false,"_monsterinsights_sitenote_note":"","_monsterinsights_sitenote_category":0,"footnotes":"","_links_to":"","_links_to_target":""},"class_list":["post-2294","page","type-page","status-publish","hentry"],"_links":{"self":[{"href":"https:\/\/sites.usp.br\/labmicro\/wp-json\/wp\/v2\/pages\/2294","targetHints":{"allow":["GET"]}}],"collection":[{"href":"https:\/\/sites.usp.br\/labmicro\/wp-json\/wp\/v2\/pages"}],"about":[{"href":"https:\/\/sites.usp.br\/labmicro\/wp-json\/wp\/v2\/types\/page"}],"author":[{"embeddable":true,"href":"https:\/\/sites.usp.br\/labmicro\/wp-json\/wp\/v2\/users\/845"}],"replies":[{"embeddable":true,"href":"https:\/\/sites.usp.br\/labmicro\/wp-json\/wp\/v2\/comments?post=2294"}],"version-history":[{"count":2,"href":"https:\/\/sites.usp.br\/labmicro\/wp-json\/wp\/v2\/pages\/2294\/revisions"}],"predecessor-version":[{"id":2300,"href":"https:\/\/sites.usp.br\/labmicro\/wp-json\/wp\/v2\/pages\/2294\/revisions\/2300"}],"wp:attachment":[{"href":"https:\/\/sites.usp.br\/labmicro\/wp-json\/wp\/v2\/media?parent=2294"}],"curies":[{"name":"wp","href":"https:\/\/api.w.org\/{rel}","templated":true}]}}