{"id":2301,"date":"2024-05-27T15:01:44","date_gmt":"2024-05-27T18:01:44","guid":{"rendered":"https:\/\/sites.usp.br\/labmicro\/?page_id=2301"},"modified":"2024-05-28T11:09:51","modified_gmt":"2024-05-28T14:09:51","slug":"gabriela-oppitz","status":"publish","type":"page","link":"https:\/\/sites.usp.br\/labmicro\/gabriela-oppitz\/","title":{"rendered":"Gabriela Oppitz"},"content":{"rendered":"<p><span class=\"gI\"><span class=\"qu\" tabindex=\"-1\" role=\"gridcell\" translate=\"no\"><span class=\"go\"><a href=\"https:\/\/sites.usp.br\/labmicro\/wp-content\/uploads\/sites\/471\/2024\/05\/WVES6157.jpg\"><img decoding=\"async\" class=\"size-thumbnail wp-image-2302 alignleft\" src=\"https:\/\/sites.usp.br\/labmicro\/wp-content\/uploads\/sites\/471\/2024\/05\/WVES6157-150x150.jpg\" alt=\"\" width=\"150\" height=\"150\" data-id=\"2302\" srcset=\"https:\/\/sites.usp.br\/labmicro\/wp-content\/uploads\/sites\/471\/2024\/05\/WVES6157-150x150.jpg 150w, https:\/\/sites.usp.br\/labmicro\/wp-content\/uploads\/sites\/471\/2024\/05\/WVES6157-45x45.jpg 45w, https:\/\/sites.usp.br\/labmicro\/wp-content\/uploads\/sites\/471\/2024\/05\/WVES6157-200x200.jpg 200w\" sizes=\"(max-width: 150px) 100vw, 150px\" \/><\/a><a href=\"mailto:gabriela.oppitz@usp.br\" target=\"_blank\" rel=\"noopener\">gabriela.oppitz@usp.br<\/a><\/span><\/span><\/span><\/p>\n<p>Graduada em Hist\u00f3ria pela Universidade Federal de Santa Catarina (2011), mestra em Arqueologia pelo Museu de Arqueologia e Etnologia da Universidade de S\u00e3o Paulo (2015) e mestra em Antropologia pela Stanford University (2019). Em seu projeto de doutorado, busca promover uma articula\u00e7\u00e3o entre passado e presente, inserindo os sambaquis do litoral catarinense na hist\u00f3ria ind\u00edgena a partir do estudo das rela\u00e7\u00f5es dos povos Guarani, Kaingang, Lakl\u00e3n\u00f5 Xokleng \u2013 e seus ancestrais \u2013 com os sambaquis, o litoral em si e o oceano. Entendendo a arqueologia como pr\u00e1tica situada que parte e se direciona para o presente, a pesquisa se d\u00e1 no entrela\u00e7amento entre fontes hist\u00f3ricas, etnogr\u00e1ficas e arqueol\u00f3gicas, envolvendo a an\u00e1lise de documentos hist\u00f3ricos, interlocu\u00e7\u00e3o com representantes dos povos Guarani, Lakl\u00e3n\u00f5 Xokleng e Kaingang, e an\u00e1lise micromorfol\u00f3gica e f\u00edsico-qu\u00edmica de sedimentos de um sambaqui costeiro do baixo vale do Itaja\u00ed e de um sambaqui fluvial do alto vale, al\u00e9m de an\u00e1lises isot\u00f3picas de estr\u00f4ncio, nitrog\u00eanio e carbono.<\/p>\n<p><em>B.A. in History from Universidade Federal de Santa Catarina (2011), M.A. in Archaeology from Universidade de S\u00e3o Paulo (2015), and M.A. in Anthropology from Stanford University (2019). In her doctoral project, she seeks to promote an articulation between past and present, inserting the shellmounds (sambaquis) of the coast of Santa Catarina into indigenous history by studying the relationships of the Guarani, Kaingang, and Lakl\u00e3n\u00f5 Xokleng peoples &#8211; and their ancestors &#8211; with the sambaquis, the coast itself and the ocean. Understanding archaeology as a situated practice that starts from and is oriented towards the present, her research takes place in the interweaving of historical, ethnographic and archaeological sources, involving the analysis of historical documents, dialogue with representatives of the Guarani, Lakl\u00e3n\u00f5 Xokleng, and Kaingang peoples, micromorphological and physical-chemical analysis of the sediments of a coastal sambaqui in the lower Itaja\u00ed valley and a fluvial sambaqui in the upper Itaja\u00ed valley, as well as isotopic analysis of strontium, nitrogen and carbon.<\/em><\/p>\n<div id=\"attachment_2305\" style=\"width: 310px\" class=\"wp-caption alignleft\"><a href=\"https:\/\/sites.usp.br\/labmicro\/wp-content\/uploads\/sites\/471\/2024\/05\/Foto2.jpeg\"><img fetchpriority=\"high\" decoding=\"async\" aria-describedby=\"caption-attachment-2305\" class=\"wp-image-2305 size-medium\" src=\"https:\/\/sites.usp.br\/labmicro\/wp-content\/uploads\/sites\/471\/2024\/05\/Foto2-300x225.jpeg\" alt=\"\" width=\"300\" height=\"225\" data-id=\"2305\" srcset=\"https:\/\/sites.usp.br\/labmicro\/wp-content\/uploads\/sites\/471\/2024\/05\/Foto2-300x225.jpeg 300w, https:\/\/sites.usp.br\/labmicro\/wp-content\/uploads\/sites\/471\/2024\/05\/Foto2-1024x768.jpeg 1024w, https:\/\/sites.usp.br\/labmicro\/wp-content\/uploads\/sites\/471\/2024\/05\/Foto2-768x576.jpeg 768w, https:\/\/sites.usp.br\/labmicro\/wp-content\/uploads\/sites\/471\/2024\/05\/Foto2-1536x1152.jpeg 1536w, https:\/\/sites.usp.br\/labmicro\/wp-content\/uploads\/sites\/471\/2024\/05\/Foto2-80x60.jpeg 80w, https:\/\/sites.usp.br\/labmicro\/wp-content\/uploads\/sites\/471\/2024\/05\/Foto2-400x300.jpeg 400w, https:\/\/sites.usp.br\/labmicro\/wp-content\/uploads\/sites\/471\/2024\/05\/Foto2.jpeg 2048w\" sizes=\"(max-width: 300px) 100vw, 300px\" \/><\/a><p id=\"caption-attachment-2305\" class=\"wp-caption-text\">Perfil estratigr\u00e1fico do sambaqui Pedra de Amolar, munic\u00edpio de Ilhota\/SC. Fonte: Acervo LEIA\/UFSC.<\/p><\/div>\n<div id=\"attachment_2304\" style=\"width: 310px\" class=\"wp-caption alignleft\"><a href=\"https:\/\/sites.usp.br\/labmicro\/wp-content\/uploads\/sites\/471\/2024\/05\/Foto1.jpeg\"><img decoding=\"async\" aria-describedby=\"caption-attachment-2304\" class=\"wp-image-2304 size-medium\" src=\"https:\/\/sites.usp.br\/labmicro\/wp-content\/uploads\/sites\/471\/2024\/05\/Foto1-300x225.jpeg\" alt=\"\" width=\"300\" height=\"225\" data-id=\"2304\" srcset=\"https:\/\/sites.usp.br\/labmicro\/wp-content\/uploads\/sites\/471\/2024\/05\/Foto1-300x225.jpeg 300w, https:\/\/sites.usp.br\/labmicro\/wp-content\/uploads\/sites\/471\/2024\/05\/Foto1-1024x768.jpeg 1024w, https:\/\/sites.usp.br\/labmicro\/wp-content\/uploads\/sites\/471\/2024\/05\/Foto1-768x576.jpeg 768w, https:\/\/sites.usp.br\/labmicro\/wp-content\/uploads\/sites\/471\/2024\/05\/Foto1-1536x1152.jpeg 1536w, https:\/\/sites.usp.br\/labmicro\/wp-content\/uploads\/sites\/471\/2024\/05\/Foto1-80x60.jpeg 80w, https:\/\/sites.usp.br\/labmicro\/wp-content\/uploads\/sites\/471\/2024\/05\/Foto1-400x300.jpeg 400w, https:\/\/sites.usp.br\/labmicro\/wp-content\/uploads\/sites\/471\/2024\/05\/Foto1.jpeg 2048w\" sizes=\"(max-width: 300px) 100vw, 300px\" \/><\/a><p id=\"caption-attachment-2304\" class=\"wp-caption-text\">Vista geral do sambaqui Pedra de Amolar, munic\u00edpio de Ilhota\/SC. Fonte: Acervo LEIA\/UFSC.<\/p><\/div>\n","protected":false},"excerpt":{"rendered":"<p>gabriela.oppitz@usp.br Graduada em Hist\u00f3ria pela Universidade Federal de Santa Catarina (2011), mestra em Arqueologia pelo Museu de Arqueologia e Etnologia da Universidade de S\u00e3o Paulo (2015) e mestra em Antropologia pela Stanford University (2019). Em seu projeto de doutorado, busca promover uma articula\u00e7\u00e3o entre passado e presente, inserindo os sambaquis do litoral catarinense na hist\u00f3ria ind\u00edgena a partir do estudo das rela\u00e7\u00f5es dos povos Guarani, Kaingang, Lakl\u00e3n\u00f5 Xokleng \u2013 e seus ancestrais \u2013 com os sambaquis, o litoral em si e o oceano. Entendendo a arqueologia como pr\u00e1tica situada que parte e se direciona para o presente, a pesquisa se d\u00e1 no entrela\u00e7amento entre fontes hist\u00f3ricas, etnogr\u00e1ficas e arqueol\u00f3gicas, envolvendo a an\u00e1lise de documentos hist\u00f3ricos, interlocu\u00e7\u00e3o com representantes dos povos Guarani, Lakl\u00e3n\u00f5 Xokleng e Kaingang, e an\u00e1lise micromorfol\u00f3gica e f\u00edsico-qu\u00edmica de sedimentos de um sambaqui costeiro do baixo vale do Itaja\u00ed e de um sambaqui fluvial do alto vale, al\u00e9m de an\u00e1lises isot\u00f3picas de estr\u00f4ncio, nitrog\u00eanio e carbono. B.A. in History from Universidade Federal de Santa Catarina (2011), M.A. in Archaeology from Universidade de S\u00e3o Paulo (2015), and M.A. in Anthropology from Stanford University (2019). In her doctoral project, she seeks to promote an articulation between past and present, inserting [&#8230;]<\/p>\n","protected":false},"author":845,"featured_media":0,"parent":0,"menu_order":0,"comment_status":"closed","ping_status":"closed","template":"page-full.php","meta":{"_monsterinsights_skip_tracking":false,"_monsterinsights_sitenote_active":false,"_monsterinsights_sitenote_note":"","_monsterinsights_sitenote_category":0,"footnotes":"","_links_to":"","_links_to_target":""},"class_list":["post-2301","page","type-page","status-publish","hentry"],"_links":{"self":[{"href":"https:\/\/sites.usp.br\/labmicro\/wp-json\/wp\/v2\/pages\/2301","targetHints":{"allow":["GET"]}}],"collection":[{"href":"https:\/\/sites.usp.br\/labmicro\/wp-json\/wp\/v2\/pages"}],"about":[{"href":"https:\/\/sites.usp.br\/labmicro\/wp-json\/wp\/v2\/types\/page"}],"author":[{"embeddable":true,"href":"https:\/\/sites.usp.br\/labmicro\/wp-json\/wp\/v2\/users\/845"}],"replies":[{"embeddable":true,"href":"https:\/\/sites.usp.br\/labmicro\/wp-json\/wp\/v2\/comments?post=2301"}],"version-history":[{"count":3,"href":"https:\/\/sites.usp.br\/labmicro\/wp-json\/wp\/v2\/pages\/2301\/revisions"}],"predecessor-version":[{"id":2308,"href":"https:\/\/sites.usp.br\/labmicro\/wp-json\/wp\/v2\/pages\/2301\/revisions\/2308"}],"wp:attachment":[{"href":"https:\/\/sites.usp.br\/labmicro\/wp-json\/wp\/v2\/media?parent=2301"}],"curies":[{"name":"wp","href":"https:\/\/api.w.org\/{rel}","templated":true}]}}