{"id":2318,"date":"2024-06-05T09:51:11","date_gmt":"2024-06-05T12:51:11","guid":{"rendered":"https:\/\/sites.usp.br\/labmicro\/?page_id=2318"},"modified":"2024-06-05T09:54:38","modified_gmt":"2024-06-05T12:54:38","slug":"natalya-pereira-pinheiro","status":"publish","type":"page","link":"https:\/\/sites.usp.br\/labmicro\/natalya-pereira-pinheiro\/","title":{"rendered":"Natalya Pereira Pinheiro"},"content":{"rendered":"<p><a href=\"https:\/\/sites.usp.br\/labmicro\/wp-content\/uploads\/sites\/471\/2024\/06\/Natalya.png\"><img decoding=\"async\" class=\"size-thumbnail wp-image-2319 alignleft\" src=\"https:\/\/sites.usp.br\/labmicro\/wp-content\/uploads\/sites\/471\/2024\/06\/Natalya-150x150.png\" alt=\"\" width=\"150\" height=\"150\" data-id=\"2319\" srcset=\"https:\/\/sites.usp.br\/labmicro\/wp-content\/uploads\/sites\/471\/2024\/06\/Natalya-150x150.png 150w, https:\/\/sites.usp.br\/labmicro\/wp-content\/uploads\/sites\/471\/2024\/06\/Natalya-45x45.png 45w, https:\/\/sites.usp.br\/labmicro\/wp-content\/uploads\/sites\/471\/2024\/06\/Natalya-200x200.png 200w\" sizes=\"(max-width: 150px) 100vw, 150px\" \/><\/a><a href=\"mailto:natpinheiro@usp.br\"><span class=\"gI\"><span class=\"qu\" tabindex=\"-1\" role=\"gridcell\" translate=\"no\"><span class=\"go\">natpinheiro@usp.br<\/span><\/span><\/span><\/a><\/p>\n<p>Graduada em Arqueologia (2018) pela Universidade Federal do Oeste do Par\u00e1 (UFOPA) e mestre em Arqueologia (2021) pela Universidade Federal de Sergipe. Desenvolve pesquisas arqueobot\u00e2nicas na Amaz\u00f4nia desde a gradua\u00e7\u00e3o, com foco em quest\u00f5es de domestica\u00e7\u00e3o de plantas, da paisagem e dieta.<\/p>\n<p>Meu projeto de pesquisa concentra-se na investiga\u00e7\u00e3o de uma poss\u00edvel unidade de habita\u00e7\u00e3o associada \u00e0 subtradi\u00e7\u00e3o ceramista Jatuarana (1.300 \u2013 400 cal. anos AP) no s\u00edtio arqueol\u00f3gico Teot\u00f4nio, situado no Sudoeste Amaz\u00f4nico. Por meio de an\u00e1lises de microvest\u00edgios arqueobot\u00e2nicos, o objetivo \u00e9 identificar os m\u00e9todos construtivos dessas habita\u00e7\u00f5es e compreender a din\u00e2mica da rela\u00e7\u00e3o entre as pessoas e o ambiente circundante.<\/p>\n<p><em>Graduated in Archaeology (2018) from the Federal University of Western Par\u00e1 (UFOPA) and earned a master&#8217;s degree in Archaeology (2021) from the Federal University of Sergipe. She has been conducting archaeobotanical research in the Amazon since her undergraduate studies, focusing on issues of plant domestication, landscape, and diet.<\/em><\/p>\n<p><em>Her research project focuses on investigating a possible habitation unit associated with the Jatuarana ceramic subtradition (1,300 \u2013 400 cal. years BP) at the Teot\u00f4nio archaeological site, located in Southwestern Amazonia. Through the analysis of archaeobotanical microremains, the goal is to identify the construction methods of these dwellings and to understand the dynamics of the relationship between the people and their surrounding environment.<\/em><\/p>\n<div id=\"attachment_2320\" style=\"width: 310px\" class=\"wp-caption alignnone\"><a href=\"https:\/\/sites.usp.br\/labmicro\/wp-content\/uploads\/sites\/471\/2024\/06\/Campo-Natalya.png\"><img fetchpriority=\"high\" decoding=\"async\" aria-describedby=\"caption-attachment-2320\" class=\"size-medium wp-image-2320\" src=\"https:\/\/sites.usp.br\/labmicro\/wp-content\/uploads\/sites\/471\/2024\/06\/Campo-Natalya-300x200.png\" alt=\"\" width=\"300\" height=\"200\" data-id=\"2320\" srcset=\"https:\/\/sites.usp.br\/labmicro\/wp-content\/uploads\/sites\/471\/2024\/06\/Campo-Natalya-300x200.png 300w, https:\/\/sites.usp.br\/labmicro\/wp-content\/uploads\/sites\/471\/2024\/06\/Campo-Natalya-768x512.png 768w, https:\/\/sites.usp.br\/labmicro\/wp-content\/uploads\/sites\/471\/2024\/06\/Campo-Natalya-400x267.png 400w, https:\/\/sites.usp.br\/labmicro\/wp-content\/uploads\/sites\/471\/2024\/06\/Campo-Natalya.png 886w\" sizes=\"(max-width: 300px) 100vw, 300px\" \/><\/a><p id=\"caption-attachment-2320\" class=\"wp-caption-text\">Escava\u00e7\u00e3o das unidades no s\u00edtio Teot\u00f4nio, pr\u00f3ximo da extinta cachoeira de nome hom\u00f4nimo no interior de Rond\u00f4nia. Foto: Acervo ARQUEOTROP.<\/p><\/div>\n","protected":false},"excerpt":{"rendered":"<p>natpinheiro@usp.br Graduada em Arqueologia (2018) pela Universidade Federal do Oeste do Par\u00e1 (UFOPA) e mestre em Arqueologia (2021) pela Universidade Federal de Sergipe. Desenvolve pesquisas arqueobot\u00e2nicas na Amaz\u00f4nia desde a gradua\u00e7\u00e3o, com foco em quest\u00f5es de domestica\u00e7\u00e3o de plantas, da paisagem e dieta. Meu projeto de pesquisa concentra-se na investiga\u00e7\u00e3o de uma poss\u00edvel unidade de habita\u00e7\u00e3o associada \u00e0 subtradi\u00e7\u00e3o ceramista Jatuarana (1.300 \u2013 400 cal. anos AP) no s\u00edtio arqueol\u00f3gico Teot\u00f4nio, situado no Sudoeste Amaz\u00f4nico. Por meio de an\u00e1lises de microvest\u00edgios arqueobot\u00e2nicos, o objetivo \u00e9 identificar os m\u00e9todos construtivos dessas habita\u00e7\u00f5es e compreender a din\u00e2mica da rela\u00e7\u00e3o entre as pessoas e o ambiente circundante. Graduated in Archaeology (2018) from the Federal University of Western Par\u00e1 (UFOPA) and earned a master&#8217;s degree in Archaeology (2021) from the Federal University of Sergipe. She has been conducting archaeobotanical research in the Amazon since her undergraduate studies, focusing on issues of plant domestication, landscape, and diet. Her research project focuses on investigating a possible habitation unit associated with the Jatuarana ceramic subtradition (1,300 \u2013 400 cal. years BP) at the Teot\u00f4nio archaeological site, located in Southwestern Amazonia. Through the analysis of archaeobotanical microremains, the goal is to identify the construction methods of these dwellings [&#8230;]<\/p>\n","protected":false},"author":845,"featured_media":0,"parent":0,"menu_order":0,"comment_status":"closed","ping_status":"closed","template":"page-full.php","meta":{"_monsterinsights_skip_tracking":false,"_monsterinsights_sitenote_active":false,"_monsterinsights_sitenote_note":"","_monsterinsights_sitenote_category":0,"footnotes":"","_links_to":"","_links_to_target":""},"class_list":["post-2318","page","type-page","status-publish","hentry"],"_links":{"self":[{"href":"https:\/\/sites.usp.br\/labmicro\/wp-json\/wp\/v2\/pages\/2318","targetHints":{"allow":["GET"]}}],"collection":[{"href":"https:\/\/sites.usp.br\/labmicro\/wp-json\/wp\/v2\/pages"}],"about":[{"href":"https:\/\/sites.usp.br\/labmicro\/wp-json\/wp\/v2\/types\/page"}],"author":[{"embeddable":true,"href":"https:\/\/sites.usp.br\/labmicro\/wp-json\/wp\/v2\/users\/845"}],"replies":[{"embeddable":true,"href":"https:\/\/sites.usp.br\/labmicro\/wp-json\/wp\/v2\/comments?post=2318"}],"version-history":[{"count":2,"href":"https:\/\/sites.usp.br\/labmicro\/wp-json\/wp\/v2\/pages\/2318\/revisions"}],"predecessor-version":[{"id":2322,"href":"https:\/\/sites.usp.br\/labmicro\/wp-json\/wp\/v2\/pages\/2318\/revisions\/2322"}],"wp:attachment":[{"href":"https:\/\/sites.usp.br\/labmicro\/wp-json\/wp\/v2\/media?parent=2318"}],"curies":[{"name":"wp","href":"https:\/\/api.w.org\/{rel}","templated":true}]}}