{"id":2385,"date":"2024-12-04T16:13:40","date_gmt":"2024-12-04T19:13:40","guid":{"rendered":"https:\/\/sites.usp.br\/labmicro\/?page_id=2385"},"modified":"2024-12-04T16:30:23","modified_gmt":"2024-12-04T19:30:23","slug":"2006-2009","status":"publish","type":"page","link":"https:\/\/sites.usp.br\/labmicro\/2006-2009\/","title":{"rendered":"2009\/2006"},"content":{"rendered":"<p><strong>2009<\/strong><\/p>\n<p>&nbsp;<\/p>\n<p style=\"text-align: left;\"><strong>Villagran, X.S.<\/strong> (2009). Micromorfologia de Dep\u00f3sitos Arqueol\u00f3gicos. Revista do Museu de Arqueologia e Etnologia, v. Sup. 8, p. 197-205. <a href=\"https:\/\/doi.org\/10.11606\/issn.2594-5939.revmaesupl.2009.113522\">https:\/\/doi.org\/10.11606\/issn.2594-5939.revmaesupl.2009.113522<\/a><\/p>\n<p style=\"text-align: left;\"><strong>Villagran, X.S.<\/strong>; Giannini, P.C.F; DeBlasis, P. (2009). Archaeofacies analysis: Using depositional attributes to identify anthropic processes of deposition in a monumental shell mound of Santa Catarina State, southern Brazil. Geoarchaeology, v. 24, p. 311-335. <a href=\"https:\/\/doi.org\/10.1002\/gea.20269\">https:\/\/doi.org\/10.1002\/gea.20269<\/a><\/p>\n<p style=\"text-align: left;\"><strong>Villagran, X.S.<\/strong>; DeBlasis, P.; Giannini, P.C.F. (2009) Primeros estudios micromorfol\u00f3gicos en sambaqu\u00eds brasile\u00f1os (sitio Jabuticabeira II, Estado de Santa Catarina). Intersecciones en Antropolog\u00eda, v.10, p.359 &#8211; 364, 2009. <a href=\"https:\/\/www.redalyc.org\/articulo.oa?id=179516759012\">https:\/\/www.redalyc.org\/articulo.oa?id=179516759012<\/a><\/p>\n<p style=\"text-align: left;\"><strong>Villagran, X.S.<\/strong> (2009). Micromorfologia de Dep\u00f3sitos Arqueol\u00f3gicos. Revista do Museu de Arqueologia e Etnologia, v. Sup. 8, p. 197-205. <a href=\"https:\/\/doi.org\/10.11606\/issn.2594-5939.revmaesupl.2009.113522\">https:\/\/doi.org\/10.11606\/issn.2594-5939.revmaesupl.2009.113522<\/a><\/p>\n<p>&nbsp;<\/p>\n<p><strong>2006<\/strong><\/p>\n<p><strong>Villagran, X.S.<\/strong> (2006). Existi\u00f3 la monumentalidad en tierra entre los cazadores-recolectores del Este uruguayo? Propuesta metodol\u00f3gica para el estudio de construcciones antr\u00f3picas en tierra. Arqueolog\u00eda Suramericana, v. 2, p. 263-290.<strong>2021<\/strong><\/p>\n","protected":false},"excerpt":{"rendered":"<p>2009 &nbsp; Villagran, X.S. (2009). Micromorfologia de Dep\u00f3sitos Arqueol\u00f3gicos. Revista do Museu de Arqueologia e Etnologia, v. Sup. 8, p. 197-205. https:\/\/doi.org\/10.11606\/issn.2594-5939.revmaesupl.2009.113522 Villagran, X.S.; Giannini, P.C.F; DeBlasis, P. (2009). Archaeofacies analysis: Using depositional attributes to identify anthropic processes of deposition in a monumental shell mound of Santa Catarina State, southern Brazil. Geoarchaeology, v. 24, p. 311-335. https:\/\/doi.org\/10.1002\/gea.20269 Villagran, X.S.; DeBlasis, P.; Giannini, P.C.F. (2009) Primeros estudios micromorfol\u00f3gicos en sambaqu\u00eds brasile\u00f1os (sitio Jabuticabeira II, Estado de Santa Catarina). Intersecciones en Antropolog\u00eda, v.10, p.359 &#8211; 364, 2009. https:\/\/www.redalyc.org\/articulo.oa?id=179516759012 Villagran, X.S. (2009). Micromorfologia de Dep\u00f3sitos Arqueol\u00f3gicos. Revista do Museu de Arqueologia e Etnologia, v. Sup. 8, p. 197-205. https:\/\/doi.org\/10.11606\/issn.2594-5939.revmaesupl.2009.113522 &nbsp; 2006 Villagran, X.S. (2006). Existi\u00f3 la monumentalidad en tierra entre los cazadores-recolectores del Este uruguayo? Propuesta metodol\u00f3gica para el estudio de construcciones antr\u00f3picas en tierra. Arqueolog\u00eda Suramericana, v. 2, p. 263-290.2021<\/p>\n","protected":false},"author":24403,"featured_media":0,"parent":0,"menu_order":0,"comment_status":"closed","ping_status":"closed","template":"","meta":{"_monsterinsights_skip_tracking":false,"_monsterinsights_sitenote_active":false,"_monsterinsights_sitenote_note":"","_monsterinsights_sitenote_category":0,"footnotes":"","_links_to":"","_links_to_target":""},"class_list":["post-2385","page","type-page","status-publish","hentry"],"_links":{"self":[{"href":"https:\/\/sites.usp.br\/labmicro\/wp-json\/wp\/v2\/pages\/2385","targetHints":{"allow":["GET"]}}],"collection":[{"href":"https:\/\/sites.usp.br\/labmicro\/wp-json\/wp\/v2\/pages"}],"about":[{"href":"https:\/\/sites.usp.br\/labmicro\/wp-json\/wp\/v2\/types\/page"}],"author":[{"embeddable":true,"href":"https:\/\/sites.usp.br\/labmicro\/wp-json\/wp\/v2\/users\/24403"}],"replies":[{"embeddable":true,"href":"https:\/\/sites.usp.br\/labmicro\/wp-json\/wp\/v2\/comments?post=2385"}],"version-history":[{"count":2,"href":"https:\/\/sites.usp.br\/labmicro\/wp-json\/wp\/v2\/pages\/2385\/revisions"}],"predecessor-version":[{"id":2388,"href":"https:\/\/sites.usp.br\/labmicro\/wp-json\/wp\/v2\/pages\/2385\/revisions\/2388"}],"wp:attachment":[{"href":"https:\/\/sites.usp.br\/labmicro\/wp-json\/wp\/v2\/media?parent=2385"}],"curies":[{"name":"wp","href":"https:\/\/api.w.org\/{rel}","templated":true}]}}