{"id":2390,"date":"2024-12-04T16:21:31","date_gmt":"2024-12-04T19:21:31","guid":{"rendered":"https:\/\/sites.usp.br\/labmicro\/?page_id=2390"},"modified":"2024-12-04T16:30:42","modified_gmt":"2024-12-04T19:30:42","slug":"2010-2","status":"publish","type":"page","link":"https:\/\/sites.usp.br\/labmicro\/2010-2\/","title":{"rendered":"2010"},"content":{"rendered":"<p>Giannini, P.C.F; <strong>Villagran, X.S.<\/strong>; Fornari, M.; Nascimento, D. R.; Menezes, P. M.L.; Tanaka, A.P.B.; Assuncao, D.C.; DeBlasis, P.; Amaral, P.G.C. (2010). Intera\u00e7\u00f5es entre evolu\u00e7\u00e3o sedimentar e ocupa\u00e7\u00e3o humana pr\u00e9-hist\u00f3rica na costa centro-sul de Santa Catarina. Boletim do Museu Paraense Em\u00edlio Goeldi. Ci\u00eancias Humanas, v. 5, p. 105-128. <a href=\"https:\/\/doi.org\/10.1590\/S1981-81222010000100008\">https:\/\/doi.org\/10.1590\/S1981-81222010000100008<\/a><\/p>\n<p>Iriarte J.; Glaser B.; <strong>Watling J.;<\/strong> Wainwright A.; Birk J.; Renard D.; Rostain S.; McKey D. (2010) Late Holocene Neotropical agricultural landscapes: phytolith and stable carbon isotope analysis of raised fields from French Guianan coastal savannahs. Journal of Archaeological Science, v.37, p.2984-2994. <a href=\"https:\/\/doi.org\/10.1016\/j.jas.2010.06.016\">https:\/\/doi.org\/10.1016\/j.jas.2010.06.016<\/a><\/p>\n<p>Klokler, D.; <strong>Villagran, X.S.<\/strong>; Giannini, P.C.F; Peixoto, S.; DeBlasis, P. (2010). Juntos na costa: zooarqueologia e geoarqueologia de sambaquis do litoral sul catarinense. Revista do Museu de Arqueologia e Etnologia, v. 20, p. 53-76. <a href=\"https:\/\/doi.org\/10.11606\/issn.2448-1750.revmae.2010.89910\">https:\/\/doi.org\/10.11606\/issn.2448-1750.revmae.2010.89910<\/a><\/p>\n<p style=\"text-align: left;\"><strong>Villagran, X.S.<\/strong> (2010). <em>Estratigrafias que falam: geoarqueologia de um sambaqui monumental. <\/em>S\u00e3o Paulo, Annablume Editora. pp. 205.<\/p>\n<p style=\"text-align: left;\"><strong>Villagran, X.S.<\/strong>; Klokler, D.; Nishida, P.; Gaspar, M.D.; DeBlasis, P. (2010) Lecturas estratigr\u00e1ficas: Arquitectura funer\u00e1ria y depositaci\u00f3n de res\u00edduos en el sambaqu\u00ed Jabuticabeira II. Latin American Antiquity, v.21, p.195 &#8211; 216. <a class=\"url doi\" href=\"https:\/\/doi.org\/10.7183\/1045-6635.21.2.195\" target=\"_blank\" rel=\"noopener noreferrer\" data-test-id=\"reviewDOILink\">https:\/\/doi.org\/10.7183\/1045-6635.21.2.195<\/a><\/p>\n","protected":false},"excerpt":{"rendered":"<p>Giannini, P.C.F; Villagran, X.S.; Fornari, M.; Nascimento, D. R.; Menezes, P. M.L.; Tanaka, A.P.B.; Assuncao, D.C.; DeBlasis, P.; Amaral, P.G.C. (2010). Intera\u00e7\u00f5es entre evolu\u00e7\u00e3o sedimentar e ocupa\u00e7\u00e3o humana pr\u00e9-hist\u00f3rica na costa centro-sul de Santa Catarina. Boletim do Museu Paraense Em\u00edlio Goeldi. Ci\u00eancias Humanas, v. 5, p. 105-128. https:\/\/doi.org\/10.1590\/S1981-81222010000100008 Iriarte J.; Glaser B.; Watling J.; Wainwright A.; Birk J.; Renard D.; Rostain S.; McKey D. (2010) Late Holocene Neotropical agricultural landscapes: phytolith and stable carbon isotope analysis of raised fields from French Guianan coastal savannahs. Journal of Archaeological Science, v.37, p.2984-2994. https:\/\/doi.org\/10.1016\/j.jas.2010.06.016 Klokler, D.; Villagran, X.S.; Giannini, P.C.F; Peixoto, S.; DeBlasis, P. (2010). Juntos na costa: zooarqueologia e geoarqueologia de sambaquis do litoral sul catarinense. Revista do Museu de Arqueologia e Etnologia, v. 20, p. 53-76. https:\/\/doi.org\/10.11606\/issn.2448-1750.revmae.2010.89910 Villagran, X.S. (2010). Estratigrafias que falam: geoarqueologia de um sambaqui monumental. S\u00e3o Paulo, Annablume Editora. pp. 205. Villagran, X.S.; Klokler, D.; Nishida, P.; Gaspar, M.D.; DeBlasis, P. (2010) Lecturas estratigr\u00e1ficas: Arquitectura funer\u00e1ria y depositaci\u00f3n de res\u00edduos en el sambaqu\u00ed Jabuticabeira II. Latin American Antiquity, v.21, p.195 &#8211; 216. https:\/\/doi.org\/10.7183\/1045-6635.21.2.195<\/p>\n","protected":false},"author":24403,"featured_media":0,"parent":0,"menu_order":0,"comment_status":"closed","ping_status":"closed","template":"","meta":{"_monsterinsights_skip_tracking":false,"_monsterinsights_sitenote_active":false,"_monsterinsights_sitenote_note":"","_monsterinsights_sitenote_category":0,"footnotes":"","_links_to":"","_links_to_target":""},"class_list":["post-2390","page","type-page","status-publish","hentry"],"_links":{"self":[{"href":"https:\/\/sites.usp.br\/labmicro\/wp-json\/wp\/v2\/pages\/2390","targetHints":{"allow":["GET"]}}],"collection":[{"href":"https:\/\/sites.usp.br\/labmicro\/wp-json\/wp\/v2\/pages"}],"about":[{"href":"https:\/\/sites.usp.br\/labmicro\/wp-json\/wp\/v2\/types\/page"}],"author":[{"embeddable":true,"href":"https:\/\/sites.usp.br\/labmicro\/wp-json\/wp\/v2\/users\/24403"}],"replies":[{"embeddable":true,"href":"https:\/\/sites.usp.br\/labmicro\/wp-json\/wp\/v2\/comments?post=2390"}],"version-history":[{"count":1,"href":"https:\/\/sites.usp.br\/labmicro\/wp-json\/wp\/v2\/pages\/2390\/revisions"}],"predecessor-version":[{"id":2391,"href":"https:\/\/sites.usp.br\/labmicro\/wp-json\/wp\/v2\/pages\/2390\/revisions\/2391"}],"wp:attachment":[{"href":"https:\/\/sites.usp.br\/labmicro\/wp-json\/wp\/v2\/media?parent=2390"}],"curies":[{"name":"wp","href":"https:\/\/api.w.org\/{rel}","templated":true}]}}