{"id":2393,"date":"2024-12-04T16:26:58","date_gmt":"2024-12-04T19:26:58","guid":{"rendered":"https:\/\/sites.usp.br\/labmicro\/?page_id=2393"},"modified":"2024-12-04T16:30:54","modified_gmt":"2024-12-04T19:30:54","slug":"2011-2","status":"publish","type":"page","link":"https:\/\/sites.usp.br\/labmicro\/2011-2\/","title":{"rendered":"2011"},"content":{"rendered":"<p style=\"text-align: left;\">Godino, I.B.; Alvarez, M.; Balbo, A.; Zurro, D.; Madella, M.; <strong>Villagran, X. S.<\/strong>; French, C. (2011). Towards high-resolution shell midden archaeology: experimental and ethnoarchaeology in Tierra del Fuego (Argentina). Quaternary International, v. 239, p. 125-134. <a href=\"https:\/\/doi.org\/10.1016\/j.quaint.2011.04.017\">https:\/\/doi.org\/10.1016\/j.quaint.2011.04.017<\/a><\/p>\n<p style=\"text-align: left;\"><strong>Villagran, X.S.<\/strong>; Balbo, A., Madella, M., Vila, A., Estevez, J. (2011). Experimental Micromorphology in Tierra del Fuego (Argentina): building a reference collection for the study of shell middens in cold climates. Journal of Archaeological Science, v.38, p.588 &#8211; 604. Impact factor: 2.139. <a href=\"https:\/\/doi.org\/10.1016\/j.jas.2010.10.013\">https:\/\/doi.org\/10.1016\/j.jas.2010.10.013<\/a><\/p>\n<p style=\"text-align: left;\"><strong>Villagran, X.S.<\/strong>; Balbo, A., Madella, M., Vila, A., Estevez, J. (2011). Stratigraphic and spatial variability in shell middens: microfacies identification at the ethnohistoric site Tunel VII (Tierra del Fuego, Argentina). Archaeological and Anthropological Sciences, v.3, p.357 &#8211; 378. <a href=\"https:\/\/doi.org\/10.1007\/s12520-011-0074-z\">https:\/\/doi.org\/10.1007\/s12520-011-0074-z<\/a><\/p>\n<p style=\"text-align: left;\"><strong>Villagran, X.S.<\/strong>; Klokler, D.; Peixoto, S.; DeBlasis, P.; Giannini, P.C.F. (2011). Building Coastal Landscapes: Zooarchaeology and Geoarchaeology of Brazilian Shell Mounds. The Journal of Island and Coastal Archaeology, v. 6, p. 211-234. <a href=\"https:\/\/doi.org\/10.1080\/15564894.2011.586087\">https:\/\/doi.org\/10.1080\/15564894.2011.586087<\/a><\/p>\n<p style=\"text-align: left;\"><strong>Villagran, X.S.<\/strong>; Schaefer, C.E.G.R. (2011). Geoarqueologia das primeiras ocupa\u00e7\u00f5es humanas na Antartica. Vest\u00edgios. Revista latino-americana de arqueologia hist\u00f3rica, v. 5, p. 115-136. <a href=\"https:\/\/doi.org\/10.31239\/vtg.v5i2.10653\">https:\/\/doi.org\/10.31239\/vtg.v5i2.10653<\/a><\/p>\n","protected":false},"excerpt":{"rendered":"<p>Godino, I.B.; Alvarez, M.; Balbo, A.; Zurro, D.; Madella, M.; Villagran, X. S.; French, C. (2011). Towards high-resolution shell midden archaeology: experimental and ethnoarchaeology in Tierra del Fuego (Argentina). Quaternary International, v. 239, p. 125-134. https:\/\/doi.org\/10.1016\/j.quaint.2011.04.017 Villagran, X.S.; Balbo, A., Madella, M., Vila, A., Estevez, J. (2011). Experimental Micromorphology in Tierra del Fuego (Argentina): building a reference collection for the study of shell middens in cold climates. Journal of Archaeological Science, v.38, p.588 &#8211; 604. Impact factor: 2.139. https:\/\/doi.org\/10.1016\/j.jas.2010.10.013 Villagran, X.S.; Balbo, A., Madella, M., Vila, A., Estevez, J. (2011). Stratigraphic and spatial variability in shell middens: microfacies identification at the ethnohistoric site Tunel VII (Tierra del Fuego, Argentina). Archaeological and Anthropological Sciences, v.3, p.357 &#8211; 378. https:\/\/doi.org\/10.1007\/s12520-011-0074-z Villagran, X.S.; Klokler, D.; Peixoto, S.; DeBlasis, P.; Giannini, P.C.F. (2011). Building Coastal Landscapes: Zooarchaeology and Geoarchaeology of Brazilian Shell Mounds. The Journal of Island and Coastal Archaeology, v. 6, p. 211-234. https:\/\/doi.org\/10.1080\/15564894.2011.586087 Villagran, X.S.; Schaefer, C.E.G.R. (2011). Geoarqueologia das primeiras ocupa\u00e7\u00f5es humanas na Antartica. Vest\u00edgios. Revista latino-americana de arqueologia hist\u00f3rica, v. 5, p. 115-136. https:\/\/doi.org\/10.31239\/vtg.v5i2.10653<\/p>\n","protected":false},"author":24403,"featured_media":0,"parent":0,"menu_order":0,"comment_status":"closed","ping_status":"closed","template":"","meta":{"_monsterinsights_skip_tracking":false,"_monsterinsights_sitenote_active":false,"_monsterinsights_sitenote_note":"","_monsterinsights_sitenote_category":0,"footnotes":"","_links_to":"","_links_to_target":""},"class_list":["post-2393","page","type-page","status-publish","hentry"],"_links":{"self":[{"href":"https:\/\/sites.usp.br\/labmicro\/wp-json\/wp\/v2\/pages\/2393","targetHints":{"allow":["GET"]}}],"collection":[{"href":"https:\/\/sites.usp.br\/labmicro\/wp-json\/wp\/v2\/pages"}],"about":[{"href":"https:\/\/sites.usp.br\/labmicro\/wp-json\/wp\/v2\/types\/page"}],"author":[{"embeddable":true,"href":"https:\/\/sites.usp.br\/labmicro\/wp-json\/wp\/v2\/users\/24403"}],"replies":[{"embeddable":true,"href":"https:\/\/sites.usp.br\/labmicro\/wp-json\/wp\/v2\/comments?post=2393"}],"version-history":[{"count":1,"href":"https:\/\/sites.usp.br\/labmicro\/wp-json\/wp\/v2\/pages\/2393\/revisions"}],"predecessor-version":[{"id":2394,"href":"https:\/\/sites.usp.br\/labmicro\/wp-json\/wp\/v2\/pages\/2393\/revisions\/2394"}],"wp:attachment":[{"href":"https:\/\/sites.usp.br\/labmicro\/wp-json\/wp\/v2\/media?parent=2393"}],"curies":[{"name":"wp","href":"https:\/\/api.w.org\/{rel}","templated":true}]}}