{"id":2398,"date":"2024-12-04T16:33:05","date_gmt":"2024-12-04T19:33:05","guid":{"rendered":"https:\/\/sites.usp.br\/labmicro\/?page_id=2398"},"modified":"2024-12-04T16:34:10","modified_gmt":"2024-12-04T19:34:10","slug":"2013-2012","status":"publish","type":"page","link":"https:\/\/sites.usp.br\/labmicro\/2013-2012\/","title":{"rendered":"2013\/2012"},"content":{"rendered":"<p style=\"text-align: left;\"><strong>2013<\/strong><\/p>\n<p>&nbsp;<\/p>\n<p style=\"text-align: left;\"><strong>Villagran, X.S.<\/strong> (2013) Estratigrafia e micro-estratigrafia de sambaquis In: Abordagens estrat\u00e9gicas em sambaquis.1 ed.Erechim: Habilis, p. 89-107.<\/p>\n<p style=\"text-align: left;\"><strong>Villagran, X.S.<\/strong> (2013) O que sabemos dos grupos construtores de sambaquis? Breve revis\u00e3o da arqueologia da costa sudeste do Brasil, dos primeiros sambaquis at\u00e9 a chegada da cer\u00e2mica J\u00ea. Revista do Museu de Arqueologia e Etnologia. , v.23, p.139 \u2013 154. <a href=\"https:\/\/doi.org\/10.11606\/issn.2448-1750.revmae.2013.107182\">https:\/\/doi.org\/10.11606\/issn.2448-1750.revmae.2013.107182<\/a><\/p>\n<p style=\"text-align: left;\"><strong>Villagran, X.S.<\/strong>; Gianotti, C. (2013). Earthen mound formation in the Uruguayan lowlands (South America): micromorphological analyses of the Pago Lindo archaeological complex. Journal of Archaeological Science, v. 40, p. 1093-1107. <a href=\"https:\/\/doi.org\/10.1016\/j.jas.2012.10.006\">https:\/\/doi.org\/10.1016\/j.jas.2012.10.006<\/a><\/p>\n<p style=\"text-align: left;\"><strong>Villagran, X.S.<\/strong>; Schaefer, Carlos E.G.R.; Ligouis, B. (2013). Living in the cold: Geoarchaeology of sealing sites from Byers Peninsula (Livingston Island, Antarctica). Quaternary International, v. 315, p. 184-199. <a href=\"https:\/\/doi.org\/10.1016\/j.quaint.2013.07.001\">https:\/\/doi.org\/10.1016\/j.quaint.2013.07.001<\/a><\/p>\n<p style=\"text-align: left;\"><strong>Watling, J<\/strong>.; Iriarte, J. (2013) Phytoliths from the coastal savannas of French Guiana. Quaternary International, v.287, p.162-180. <a href=\"https:\/\/doi.org\/10.1016\/j.quaint.2012.10.030\">https:\/\/doi.org\/10.1016\/j.quaint.2012.10.030<\/a><\/p>\n<p>&nbsp;<\/p>\n<p><strong>2012<\/strong><\/p>\n<p>&nbsp;<\/p>\n<p style=\"text-align: left;\">Forancelli Pacheco, M.L.A.; <strong>Villagran, X.S.<\/strong>; Martins, G.R. (2012). Macroscopic and microbiological alterations of bird and small mammal bones buried in a Cerrado biome (south western Brazil). Journal of Archaeological Science, v. 39, p. 1394-1400. <a href=\"https:\/\/doi.org\/10.1016\/j.jas.2011.10.024\">https:\/\/doi.org\/10.1016\/j.jas.2011.10.024<\/a><\/p>\n<p style=\"text-align: left;\">Iriarte J.; Power, M.; Rostain, S.; Mayle, F.E.; Jones, H.; <strong>Watling, J.; <\/strong>McKey, D. (2012) Fire-free land use in pre-1492 Amazonian savannas. Proceedings of the National Academy of Sciences USA, v.109, p.6473-6478. <a href=\"https:\/\/doi.org\/10.1073\/pnas.1201461109\">https:\/\/doi.org\/10.1073\/pnas.1201461109<\/a><\/p>\n<p>&nbsp;<\/p>\n","protected":false},"excerpt":{"rendered":"<p>2013 &nbsp; Villagran, X.S. (2013) Estratigrafia e micro-estratigrafia de sambaquis In: Abordagens estrat\u00e9gicas em sambaquis.1 ed.Erechim: Habilis, p. 89-107. Villagran, X.S. (2013) O que sabemos dos grupos construtores de sambaquis? Breve revis\u00e3o da arqueologia da costa sudeste do Brasil, dos primeiros sambaquis at\u00e9 a chegada da cer\u00e2mica J\u00ea. Revista do Museu de Arqueologia e Etnologia. , v.23, p.139 \u2013 154. https:\/\/doi.org\/10.11606\/issn.2448-1750.revmae.2013.107182 Villagran, X.S.; Gianotti, C. (2013). Earthen mound formation in the Uruguayan lowlands (South America): micromorphological analyses of the Pago Lindo archaeological complex. Journal of Archaeological Science, v. 40, p. 1093-1107. https:\/\/doi.org\/10.1016\/j.jas.2012.10.006 Villagran, X.S.; Schaefer, Carlos E.G.R.; Ligouis, B. (2013). Living in the cold: Geoarchaeology of sealing sites from Byers Peninsula (Livingston Island, Antarctica). Quaternary International, v. 315, p. 184-199. https:\/\/doi.org\/10.1016\/j.quaint.2013.07.001 Watling, J.; Iriarte, J. (2013) Phytoliths from the coastal savannas of French Guiana. Quaternary International, v.287, p.162-180. https:\/\/doi.org\/10.1016\/j.quaint.2012.10.030 &nbsp; 2012 &nbsp; Forancelli Pacheco, M.L.A.; Villagran, X.S.; Martins, G.R. (2012). Macroscopic and microbiological alterations of bird and small mammal bones buried in a Cerrado biome (south western Brazil). Journal of Archaeological Science, v. 39, p. 1394-1400. https:\/\/doi.org\/10.1016\/j.jas.2011.10.024 Iriarte J.; Power, M.; Rostain, S.; Mayle, F.E.; Jones, H.; Watling, J.; McKey, D. (2012) Fire-free land use in pre-1492 Amazonian savannas. Proceedings [&#8230;]<\/p>\n","protected":false},"author":24403,"featured_media":0,"parent":0,"menu_order":1,"comment_status":"closed","ping_status":"closed","template":"","meta":{"_monsterinsights_skip_tracking":false,"_monsterinsights_sitenote_active":false,"_monsterinsights_sitenote_note":"","_monsterinsights_sitenote_category":0,"footnotes":"","_links_to":"","_links_to_target":""},"class_list":["post-2398","page","type-page","status-publish","hentry"],"_links":{"self":[{"href":"https:\/\/sites.usp.br\/labmicro\/wp-json\/wp\/v2\/pages\/2398","targetHints":{"allow":["GET"]}}],"collection":[{"href":"https:\/\/sites.usp.br\/labmicro\/wp-json\/wp\/v2\/pages"}],"about":[{"href":"https:\/\/sites.usp.br\/labmicro\/wp-json\/wp\/v2\/types\/page"}],"author":[{"embeddable":true,"href":"https:\/\/sites.usp.br\/labmicro\/wp-json\/wp\/v2\/users\/24403"}],"replies":[{"embeddable":true,"href":"https:\/\/sites.usp.br\/labmicro\/wp-json\/wp\/v2\/comments?post=2398"}],"version-history":[{"count":1,"href":"https:\/\/sites.usp.br\/labmicro\/wp-json\/wp\/v2\/pages\/2398\/revisions"}],"predecessor-version":[{"id":2399,"href":"https:\/\/sites.usp.br\/labmicro\/wp-json\/wp\/v2\/pages\/2398\/revisions\/2399"}],"wp:attachment":[{"href":"https:\/\/sites.usp.br\/labmicro\/wp-json\/wp\/v2\/media?parent=2398"}],"curies":[{"name":"wp","href":"https:\/\/api.w.org\/{rel}","templated":true}]}}