{"id":2416,"date":"2024-12-04T16:45:52","date_gmt":"2024-12-04T19:45:52","guid":{"rendered":"https:\/\/sites.usp.br\/labmicro\/?page_id=2416"},"modified":"2024-12-04T16:45:52","modified_gmt":"2024-12-04T19:45:52","slug":"2018-2","status":"publish","type":"page","link":"https:\/\/sites.usp.br\/labmicro\/2018-2\/","title":{"rendered":"2018"},"content":{"rendered":"<p style=\"text-align: left;\">Lahaye, C.; Gu\u00e9rin, G.; GluchY, M.; Hatt\u00e9, C.; Fontugne, M.; Clemente-Conte, I.; Santos, J.C.; <strong>Villagran, X.S.<\/strong>; Da Costa, A.; Borges, C.; Guidon, N.; Bo\u00ebda, E. (2018) Another site, same old song: The Pleistocene-Holocene archaeological sequence of Toca da Janela da Barra do Antoni\u00e3o-North, Piau\u00ed, Brazil. Quaternary Geochronology, v.49, p.223 &#8211; 229. <a href=\"https:\/\/doi.org\/10.1016\/j.quageo.2018.03.006\">https:\/\/doi.org\/10.1016\/j.quageo.2018.03.006<\/a><\/p>\n<p style=\"text-align: left;\"><strong>Villagran, X.S.<\/strong>; Pessenda, L.C.; Valadares, H.A.; Atorre, T.; Erler, I.S.; Strauss, A.; Barioni, A.; Tognoli, A.; Duarte, C.; Bonfim, P.V.; Macario, K. (2018). Os primeiros povoadores do litoral norte do Esp\u00edrito Santo: uma nova abordagem na arqueologia de sambaquis capixabas. Boletim do Museu Paraense Em\u00edlio Goeldi \u2013 Ci\u00eancias Humanas, v.13, p.573 &#8211; 596. <a href=\"https:\/\/doi.org\/10.1590\/1981.81222018000300006\">https:\/\/doi.org\/10.1590\/1981.81222018000300006<\/a><\/p>\n<p style=\"text-align: left;\"><strong>Watling, J.;<\/strong> Shock, M.P.; Mongel\u00f3, G.Z.; Almeida, F.O.; Kater, T.; De Oliveira, P.E.; Neves, E.G. (2018) Direct archaeological evidence for southwestern Amazonia as an early plant domestication and food production centre. PloS One, v. 13, p.e0199868. <a href=\"https:\/\/doi.org\/10.1371\/journal.pone.0199868\">https:\/\/doi.org\/10.1371\/journal.pone.0199868<\/a><\/p>\n<p style=\"text-align: left;\"><strong>Watling, J.;<\/strong> Mayle, F.; Schaan, D. (2018) Historical ecology, human niche construction and landscape in pre-Columbian Amazonia: a case study of the geoglyph builders of Acre, Brazil. Journal of Anthropological Archaeology, v. 50, p.128-139. <a href=\"https:\/\/doi.org\/10.1016\/j.jaa.2018.05.001\">https:\/\/doi.org\/10.1016\/j.jaa.2018.05.001<\/a><\/p>\n","protected":false},"excerpt":{"rendered":"<p>Lahaye, C.; Gu\u00e9rin, G.; GluchY, M.; Hatt\u00e9, C.; Fontugne, M.; Clemente-Conte, I.; Santos, J.C.; Villagran, X.S.; Da Costa, A.; Borges, C.; Guidon, N.; Bo\u00ebda, E. (2018) Another site, same old song: The Pleistocene-Holocene archaeological sequence of Toca da Janela da Barra do Antoni\u00e3o-North, Piau\u00ed, Brazil. Quaternary Geochronology, v.49, p.223 &#8211; 229. https:\/\/doi.org\/10.1016\/j.quageo.2018.03.006 Villagran, X.S.; Pessenda, L.C.; Valadares, H.A.; Atorre, T.; Erler, I.S.; Strauss, A.; Barioni, A.; Tognoli, A.; Duarte, C.; Bonfim, P.V.; Macario, K. (2018). Os primeiros povoadores do litoral norte do Esp\u00edrito Santo: uma nova abordagem na arqueologia de sambaquis capixabas. Boletim do Museu Paraense Em\u00edlio Goeldi \u2013 Ci\u00eancias Humanas, v.13, p.573 &#8211; 596. https:\/\/doi.org\/10.1590\/1981.81222018000300006 Watling, J.; Shock, M.P.; Mongel\u00f3, G.Z.; Almeida, F.O.; Kater, T.; De Oliveira, P.E.; Neves, E.G. (2018) Direct archaeological evidence for southwestern Amazonia as an early plant domestication and food production centre. PloS One, v. 13, p.e0199868. https:\/\/doi.org\/10.1371\/journal.pone.0199868 Watling, J.; Mayle, F.; Schaan, D. (2018) Historical ecology, human niche construction and landscape in pre-Columbian Amazonia: a case study of the geoglyph builders of Acre, Brazil. Journal of Anthropological Archaeology, v. 50, p.128-139. https:\/\/doi.org\/10.1016\/j.jaa.2018.05.001<\/p>\n","protected":false},"author":24403,"featured_media":0,"parent":0,"menu_order":0,"comment_status":"closed","ping_status":"closed","template":"","meta":{"_monsterinsights_skip_tracking":false,"_monsterinsights_sitenote_active":false,"_monsterinsights_sitenote_note":"","_monsterinsights_sitenote_category":0,"footnotes":"","_links_to":"","_links_to_target":""},"class_list":["post-2416","page","type-page","status-publish","hentry"],"_links":{"self":[{"href":"https:\/\/sites.usp.br\/labmicro\/wp-json\/wp\/v2\/pages\/2416","targetHints":{"allow":["GET"]}}],"collection":[{"href":"https:\/\/sites.usp.br\/labmicro\/wp-json\/wp\/v2\/pages"}],"about":[{"href":"https:\/\/sites.usp.br\/labmicro\/wp-json\/wp\/v2\/types\/page"}],"author":[{"embeddable":true,"href":"https:\/\/sites.usp.br\/labmicro\/wp-json\/wp\/v2\/users\/24403"}],"replies":[{"embeddable":true,"href":"https:\/\/sites.usp.br\/labmicro\/wp-json\/wp\/v2\/comments?post=2416"}],"version-history":[{"count":1,"href":"https:\/\/sites.usp.br\/labmicro\/wp-json\/wp\/v2\/pages\/2416\/revisions"}],"predecessor-version":[{"id":2417,"href":"https:\/\/sites.usp.br\/labmicro\/wp-json\/wp\/v2\/pages\/2416\/revisions\/2417"}],"wp:attachment":[{"href":"https:\/\/sites.usp.br\/labmicro\/wp-json\/wp\/v2\/media?parent=2416"}],"curies":[{"name":"wp","href":"https:\/\/api.w.org\/{rel}","templated":true}]}}