{"id":2423,"date":"2024-12-04T16:54:33","date_gmt":"2024-12-04T19:54:33","guid":{"rendered":"https:\/\/sites.usp.br\/labmicro\/?page_id=2423"},"modified":"2024-12-04T16:54:33","modified_gmt":"2024-12-04T19:54:33","slug":"2020-2","status":"publish","type":"page","link":"https:\/\/sites.usp.br\/labmicro\/2020-2\/","title":{"rendered":"2020"},"content":{"rendered":"<p><span lang=\"EN-US\">Neves, E. G.,\u00a0<b>Watling, J.,<\/b>\u00a0Almeida, F. O.\u00a0<\/span><span lang=\"EN-US\">(2020):\u00a0<\/span><span lang=\"EN-US\">A arqueologia do alto Madeira no contexto arqueol\u00f3gico da Amaz\u00f4nia.<\/span><span lang=\"EN-US\">\u00a0<\/span><i><span lang=\"EN-US\">Boletim do Museu Paraense Em\u00edlio Goeldi: Ci\u00eancias Humanas,\u00a0<\/span><\/i><span lang=\"EN-US\">15 (2), e20190081. <a href=\"https:\/\/www.scielo.br\/j\/bgoeldi\/a\/Y6j4Km7cDBT99PLYPHg3Gyd\/?lang=pt\" target=\"_blank\" rel=\"noopener\" data-saferedirecturl=\"https:\/\/www.google.com\/url?q=https:\/\/www.scielo.br\/j\/bgoeldi\/a\/Y6j4Km7cDBT99PLYPHg3Gyd\/?lang%3Dpt&amp;source=gmail&amp;ust=1645794133418000&amp;usg=AOvVaw2okTHo3nJtXUU_PB3GLWHK\">https:\/\/www.scielo.br\/j\/<wbr \/>bgoeldi\/a\/<wbr \/>Y6j4Km7cDBT99PLYPHg3Gyd\/?lang=<wbr \/>pt<\/a><\/span><\/p>\n<p>Ardelean, C. F., Becerra-Valdivia, L., Pedersen, M. W., Schwenninger, J-L., Ovlatt, C. G., Mac\u00edas-Quintero, J. I., Arroyo-Cabrales, J., Sikora, M., Ocampo-D\u00edaz, Y. Z. E., Rublo-Cisneros, I. I., <strong>Watling, J.<\/strong>, Medeiros, V. B. de, De Oliveira, P. E., Barba-Pingar\u00f3n, L., Ortiz-Butr\u00f3n, A., Blancas-V\u00e1squez, J., Rivera-Gonz\u00e1lez, I., Sol\u00eds-Rosales, C., Rodr\u00edguez-Ceja, M., Gandy, D. A., Navarro-Gutierrez, Z., De La Rosa-D\u00edaz, J. J., Huerta-Arellano, V., Marroqu\u00edn-Fern\u00e1ndez, M. B., Mart\u00ednez-Riojas, L. M., L\u00f3pez-Jim\u00e9nez, A., Higham, T., Willerslev, E. (2020). Evidence of human occupation in Mexico around the Last Glacial Maximum. Nature, v. 584, p. 87-92, <a href=\"https:\/\/doi.org\/10.1038\/s41586-020-2509-0\">https:\/\/doi.org\/10.1038\/s41586-020-2509-0<\/a><\/p>\n<p>Calo, M. C., Rizzutto, M. A., Carmello-Guerreiro, S. M., Dias, C. S. B., <strong>Watling, J<\/strong>., Shock, M. P., Zimpel, C. A., Furquim, L. P., Pugliese, F., Neves, E. G. Correlation analysis of Light Microscopy and X-ray MicroCT imaging methods applied to archaeological plant remains\u2019 morphological attributes visualization. Scientific Reports, v. 10, 15105, <a href=\"https:\/\/doi.org\/10.1038\/s41598-020-71726-z\">https:\/\/doi.org\/10.1038\/s41598-020-71726-z<\/a>.<\/p>\n<p>Iriarte, J., Elliott, S., Maezumi, S. Y., Alves, D., Gonda, R., Robinson, M., de Souza, J. G., <strong>Watling, J.<\/strong>, Handley, J. (2020). The origins of Amazonian landscapes: plant cultivation, domestication and the spread of food production in tropical South America. Quaternary Science Reviews, v. 248, 106592, <a href=\"https:\/\/doi.org\/10.1016\/j.quascirev.2020.106582\">https:\/\/doi.org\/10.1016\/j.quascirev.2020.106582<\/a><\/p>\n<p>Kater, T., Almeida, F. O., Mongel\u00f3, G. Z., <strong>Watling, J.<\/strong>, Neves, E. G. (2020). Variabilidade estratigr\u00e1fica e especial de contextos cer\u00e2micos no S\u00edtio Teot\u00f4nio. Revista de Arqueologia Brasiliera<em>, <\/em>v. 33 (1), p. 198-220, <a href=\"http:\/\/dx.doi.org\/10.24885\/sab.v33i1.685\">http:\/\/dx.doi.org\/10.24885\/sab.v33i1.685<\/a><\/p>\n<p>Neves, E. G., <strong>Watling, J.,<\/strong> Almeida, F. O. A arqueologia do alto Madeira no contexto arqueol\u00f3gico da Amaz\u00f4nia. Boletim do Museu Paraense Em\u00edlio Goeldi: Ci\u00eancias Humanas<em>, <\/em>v.15 (2), e20190081, (2020). <a href=\"http:\/\/dx.doi.org\/10.1590\/2178-2547-bgoeldi-2019-0081\">http:\/\/dx.doi.org\/10.1590\/2178-2547-bgoeldi-2019-0081<\/a>.<\/p>\n<div class=\"page\" title=\"Page 11\">\n<div class=\"section\">\n<div class=\"layoutArea\">\n<div class=\"column\">\n<p>Strauss, A.; Rodrigues, I. M. M.; Baeta, A.; <strong>Villagran, X.S.<\/strong>; Alves, M.; Pugliese, F.; Bissaro Jr. M.; Oliveira, R.E.; Souza, G. N.; Bueno, L.; Souza, J. C. M.; Morrow, J. J.; Reinhard, K. J.; Hermenegildo, T.; Constantino, G.; Chim, E. N.; Santos, R. O.; Paiva, M.; Kipnis, R.; Neves, W. (2020). The archaeological record of Lagoa Santa (East-Central Brazil): from the Late Pleistocene to Historical times. In: Lagoa Santa karst: Brazil&#8217;s iconic karst region.1 ed.Cham: Springer Nature, 2020, p. 227-282.<\/p>\n<div class=\"layout-cell layout-cell-11\">\n<div class=\"layout-cell-pad-5\">Torrado, P. V. ; Chiapini, M. ; Cooper, M. ; <b>Villagran, X.S. <\/b>(2020) Micromorfologia de solos. In: Marlen Barros e Silva; Jos\u00e9 Francisco Lumbreras; Mauricio Rizzato Coelho; Virlei \u00c1lvaro de Oliveira. (Org.). Guia de campo da XIII Reuni\u00e3o Brasileira de Classifica\u00e7\u00e3o e Correla\u00e7\u00e3o de Solos : RCC do Maranh\u00e3o. 1ed.Bras\u00edlia: Embrapa Solos, pp. 525-613.<\/div>\n<\/div>\n<\/div>\n<\/div>\n<\/div>\n<\/div>\n<p><strong>Watling, J<\/strong>.; Almeida, F. O.; Kater, T.; Shock, M. P.; Mongel\u00f3, G. Z.; Neves, E. G. (2020). Arqueobot\u00e2nica de ocupa\u00e7\u00f5es ceramistas na Cachoeira de Teot\u00f4nio. Boletim do Museu Paraense Em\u00edlio Goeldi: Ci\u00eancias Humanas, 15 (2), e20190075, <a href=\"http:\/\/dx.doi.org\/10.1590\/2178-2547-bgoeldi-2019-0075\">http:\/\/dx.doi.org\/10.1590\/2178-2547-bgoeldi-2019-0075<\/a><\/p>\n<p><strong>Watling, J<\/strong>., Castro, M. T., Simon, M. F., Rodrigues, F., Brilhante, M., De Oliveira, P. E., Neves, E. G. (2020). Phytoliths from native plants and surface soils in the Upper Madeira basin, SW Amazonia, and their potential for paleoecological reconstruction. Quaternary International<em>, <\/em>550, p. 85-10, <a href=\"https:\/\/doi.org\/10.1016\/j.quaint.2020.03.045\">https:\/\/doi.org\/10.1016\/j.quaint.2020.03.045<\/a>.<\/p>\n","protected":false},"excerpt":{"rendered":"<p>Neves, E. G.,\u00a0Watling, J.,\u00a0Almeida, F. O.\u00a0(2020):\u00a0A arqueologia do alto Madeira no contexto arqueol\u00f3gico da Amaz\u00f4nia.\u00a0Boletim do Museu Paraense Em\u00edlio Goeldi: Ci\u00eancias Humanas,\u00a015 (2), e20190081. https:\/\/www.scielo.br\/j\/bgoeldi\/a\/Y6j4Km7cDBT99PLYPHg3Gyd\/?lang=pt Ardelean, C. F., Becerra-Valdivia, L., Pedersen, M. W., Schwenninger, J-L., Ovlatt, C. G., Mac\u00edas-Quintero, J. I., Arroyo-Cabrales, J., Sikora, M., Ocampo-D\u00edaz, Y. Z. E., Rublo-Cisneros, I. I., Watling, J., Medeiros, V. B. de, De Oliveira, P. E., Barba-Pingar\u00f3n, L., Ortiz-Butr\u00f3n, A., Blancas-V\u00e1squez, J., Rivera-Gonz\u00e1lez, I., Sol\u00eds-Rosales, C., Rodr\u00edguez-Ceja, M., Gandy, D. A., Navarro-Gutierrez, Z., De La Rosa-D\u00edaz, J. J., Huerta-Arellano, V., Marroqu\u00edn-Fern\u00e1ndez, M. B., Mart\u00ednez-Riojas, L. M., L\u00f3pez-Jim\u00e9nez, A., Higham, T., Willerslev, E. (2020). Evidence of human occupation in Mexico around the Last Glacial Maximum. Nature, v. 584, p. 87-92, https:\/\/doi.org\/10.1038\/s41586-020-2509-0 Calo, M. C., Rizzutto, M. A., Carmello-Guerreiro, S. M., Dias, C. S. B., Watling, J., Shock, M. P., Zimpel, C. A., Furquim, L. P., Pugliese, F., Neves, E. G. Correlation analysis of Light Microscopy and X-ray MicroCT imaging methods applied to archaeological plant remains\u2019 morphological attributes visualization. Scientific Reports, v. 10, 15105, https:\/\/doi.org\/10.1038\/s41598-020-71726-z. Iriarte, J., Elliott, S., Maezumi, S. Y., Alves, D., Gonda, R., Robinson, M., de Souza, J. G., Watling, J., Handley, J. (2020). The origins of Amazonian landscapes: plant cultivation, domestication and [&#8230;]<\/p>\n","protected":false},"author":24403,"featured_media":0,"parent":0,"menu_order":0,"comment_status":"closed","ping_status":"closed","template":"","meta":{"_monsterinsights_skip_tracking":false,"_monsterinsights_sitenote_active":false,"_monsterinsights_sitenote_note":"","_monsterinsights_sitenote_category":0,"footnotes":"","_links_to":"","_links_to_target":""},"class_list":["post-2423","page","type-page","status-publish","hentry"],"_links":{"self":[{"href":"https:\/\/sites.usp.br\/labmicro\/wp-json\/wp\/v2\/pages\/2423","targetHints":{"allow":["GET"]}}],"collection":[{"href":"https:\/\/sites.usp.br\/labmicro\/wp-json\/wp\/v2\/pages"}],"about":[{"href":"https:\/\/sites.usp.br\/labmicro\/wp-json\/wp\/v2\/types\/page"}],"author":[{"embeddable":true,"href":"https:\/\/sites.usp.br\/labmicro\/wp-json\/wp\/v2\/users\/24403"}],"replies":[{"embeddable":true,"href":"https:\/\/sites.usp.br\/labmicro\/wp-json\/wp\/v2\/comments?post=2423"}],"version-history":[{"count":1,"href":"https:\/\/sites.usp.br\/labmicro\/wp-json\/wp\/v2\/pages\/2423\/revisions"}],"predecessor-version":[{"id":2424,"href":"https:\/\/sites.usp.br\/labmicro\/wp-json\/wp\/v2\/pages\/2423\/revisions\/2424"}],"wp:attachment":[{"href":"https:\/\/sites.usp.br\/labmicro\/wp-json\/wp\/v2\/media?parent=2423"}],"curies":[{"name":"wp","href":"https:\/\/api.w.org\/{rel}","templated":true}]}}