{"id":2426,"date":"2024-12-04T17:01:37","date_gmt":"2024-12-04T20:01:37","guid":{"rendered":"https:\/\/sites.usp.br\/labmicro\/?page_id=2426"},"modified":"2024-12-04T17:01:37","modified_gmt":"2024-12-04T20:01:37","slug":"2021-2","status":"publish","type":"page","link":"https:\/\/sites.usp.br\/labmicro\/2021-2\/","title":{"rendered":"2021"},"content":{"rendered":"<div class=\"page\" title=\"Page 1\">\n<div class=\"layoutArea\">\n<div class=\"column\">\n<p><span lang=\"EN-US\">Furquim, L. P.,\u00a0<\/span><b><span lang=\"EN-US\">Watling, J.<\/span><\/b><span lang=\"EN-US\">, Hilbert, L. M., Shock, M. P., Prestes-Carneiro, G., Calo, C. M., Py-Daniel, A. R., Brand\u00e3o, K., Pugliese, F., Zimpel, C. A., Silva, C. A. da, Neves, E. G. (2021): Facing change through diversity: resilience and diversification of plant management strategies during the Mid to Late Holocene transition at the Monte Castelo shellmound, SW Amazonia.\u00a0<i>Quaternary,<\/i> 4(8). <a href=\"https:\/\/www.mdpi.com\/2571-550X\/4\/1\/8\" target=\"_blank\" rel=\"noopener\" data-saferedirecturl=\"https:\/\/www.google.com\/url?q=https:\/\/www.mdpi.com\/2571-550X\/4\/1\/8&amp;source=gmail&amp;ust=1645794133418000&amp;usg=AOvVaw0lg7g9El1ol_LOxBo2zUng\">https:\/\/www.mdpi.com\/2571-<wbr \/>550X\/4\/1\/8.<\/a><\/span><\/p>\n<p>Mendes dos Santos, G., Cangassu, D., Furquim, L. P.,\u00a0<b>Watling, J.,<\/b>\u00a0Neves, E. G. (2021): P\u00e3o-de-\u00edndio e massas vegetais: elos entre passado e presente na Amaz\u00f4nia ind\u00edgena.\u00a0<i><span lang=\"EN-US\">Boletim do Museu Paraense Em\u00edlio Goeldi: Ci\u00eancias Humanas<\/span><\/i><b><span lang=\"EN-US\">,\u00a0<\/span><\/b><span lang=\"EN-US\">16(1), e202000012 (<a href=\"https:\/\/www.scielo.br\/j\/bgoeldi\/a\/Z6dysJxTVxznJmhwN4fNkKQ\/abstract\/?lang=pt\" target=\"_blank\" rel=\"noopener\" data-saferedirecturl=\"https:\/\/www.google.com\/url?q=https:\/\/www.scielo.br\/j\/bgoeldi\/a\/Z6dysJxTVxznJmhwN4fNkKQ\/abstract\/?lang%3Dpt&amp;source=gmail&amp;ust=1645794133418000&amp;usg=AOvVaw0jkm76BlZ1mASAJno2k6Sx\">https:\/\/www.scielo.br\/j\/<wbr \/>bgoeldi\/a\/<wbr \/>Z6dysJxTVxznJmhwN4fNkKQ\/<wbr \/>abstract\/?lang=pt<\/a>)<\/span><\/p>\n<p>Silva, F. M. da, Shock, M. P., Prestes-Carneiro, G., Silva, L. A. da, Silva, E. G. da, Costa, E. H. dos S., Py-Daniel, A. R.,\u00a0<b>Watling, J.:<\/b>\u00a0Flautas, banhas e caxiris: os gestos e os materiais perec\u00edveis do passado resgatados no presente.\u00a0<span lang=\"EN-US\"><i>Revista de Arqueologia Brasileira.\u00a0<\/i>34(3)<i>\u00a0(<\/i><\/span><a href=\"https:\/\/doi.org\/10.24885\/sab.v34i3.935\" target=\"_blank\" rel=\"noopener\" data-saferedirecturl=\"https:\/\/www.google.com\/url?q=https:\/\/doi.org\/10.24885\/sab.v34i3.935&amp;source=gmail&amp;ust=1645794133418000&amp;usg=AOvVaw3LqITVVwJ6z4hS_jhzt5BA\">https:\/\/doi.org\/10.24885\/sab.<wbr \/>v34i3.935<\/a>)<\/p>\n<p><strong>Villagran, X.S.<\/strong>; Flores, C.; Olgu\u00edn, L.; Rebolledo, S.; Dur\u00e1n, V.; Sandoval, C.; Andrade, P.; Borie, C.; Guendon, J-L.; Salazar, D. (2021). Microstratigraphy and faunal records from a shell midden on the hyperarid coast of the Atacama Desert (Taltal, Chile). In: South American Contributions to World Archaeology, Sonia Archila &amp; Mariano Bonomo (Eds.), Sringer: One World Archaeology. pp. 249-281. <a href=\"https:\/\/doi.org\/10.1007\/978-3-030-73998-0_10\">https:\/\/doi.org\/10.1007\/978-3-030-73998-0_10<\/a><\/p>\n<p><strong>Villagran, X.S.<\/strong>, Hartmann, G.A., Stahlschmidt, M., Heinrich, S., Gluchy, M.F., Hatte\u0301, C., Lahaye, C., Griggo, C., Pe\u0301rez, A.,\u00a0 Melo Ramos, M.P., Straioto, H., Santos, J., Trindade, R.I.F., Strauss, A., Guidon, N. &amp; Bo\u0308eda, E. (2021). Formation Processes of the Late Pleistocene Site Toca da Janela da Barra do Antonia\u0303o \u2013 Piaui\u0301 (Brazil). PaleoAmerica 7(3): 260-279. <a href=\"https:\/\/doi.org\/10.1080\/20555563.2021.1931744\">https:\/\/doi.org\/10.1080\/20555563.2021.1931744<\/a><\/p>\n<\/div>\n<\/div>\n<\/div>\n<p>Bo\u00ebda, E., Ramos, M., P\u00e9rez, A., Hatt\u00e9, C., Lahaye, C., Pino, M., H\u00e9risson, D., Clemente-Conte, I., Fontugne, M., Gu\u00e9rin, G., <strong>Villagran, X.<\/strong>, Santos, J. C., Costa, L., Germond, L., Ahmed-Delacroix, N. E., Da Costa, A., Borges, C., Hoeltz, S., Felice, G., Gluchy, M., van Havre, G., Griggo, C., Lucas, L., de Souza, I., Viana, S., Strauss, A., Kerner, J. and Guidon, N. (2021). 24.0 kyr cal BP stone artefact from Vale da Pedra Furada, Piau\u00ed, Brazil: Techno-functional analysis. <i>PLoS One<\/i> <b>16<\/b>: e0247965. <a href=\"https:\/\/doi.org\/10.1371\/journal.pone.0247965\">https:\/\/doi.org\/10.1371\/journal.pone.0247965<\/a><\/p>\n","protected":false},"excerpt":{"rendered":"<p>Furquim, L. P.,\u00a0Watling, J., Hilbert, L. M., Shock, M. P., Prestes-Carneiro, G., Calo, C. M., Py-Daniel, A. R., Brand\u00e3o, K., Pugliese, F., Zimpel, C. A., Silva, C. A. da, Neves, E. G. (2021): Facing change through diversity: resilience and diversification of plant management strategies during the Mid to Late Holocene transition at the Monte Castelo shellmound, SW Amazonia.\u00a0Quaternary, 4(8). https:\/\/www.mdpi.com\/2571-550X\/4\/1\/8. Mendes dos Santos, G., Cangassu, D., Furquim, L. P.,\u00a0Watling, J.,\u00a0Neves, E. G. (2021): P\u00e3o-de-\u00edndio e massas vegetais: elos entre passado e presente na Amaz\u00f4nia ind\u00edgena.\u00a0Boletim do Museu Paraense Em\u00edlio Goeldi: Ci\u00eancias Humanas,\u00a016(1), e202000012 (https:\/\/www.scielo.br\/j\/bgoeldi\/a\/Z6dysJxTVxznJmhwN4fNkKQ\/abstract\/?lang=pt) Silva, F. M. da, Shock, M. P., Prestes-Carneiro, G., Silva, L. A. da, Silva, E. G. da, Costa, E. H. dos S., Py-Daniel, A. R.,\u00a0Watling, J.:\u00a0Flautas, banhas e caxiris: os gestos e os materiais perec\u00edveis do passado resgatados no presente.\u00a0Revista de Arqueologia Brasileira.\u00a034(3)\u00a0(https:\/\/doi.org\/10.24885\/sab.v34i3.935) Villagran, X.S.; Flores, C.; Olgu\u00edn, L.; Rebolledo, S.; Dur\u00e1n, V.; Sandoval, C.; Andrade, P.; Borie, C.; Guendon, J-L.; Salazar, D. (2021). Microstratigraphy and faunal records from a shell midden on the hyperarid coast of the Atacama Desert (Taltal, Chile). In: South American Contributions to World Archaeology, Sonia Archila &amp; Mariano Bonomo (Eds.), Sringer: One World Archaeology. pp. 249-281. https:\/\/doi.org\/10.1007\/978-3-030-73998-0_10 Villagran, X.S., Hartmann, G.A., [&#8230;]<\/p>\n","protected":false},"author":24403,"featured_media":0,"parent":0,"menu_order":0,"comment_status":"closed","ping_status":"closed","template":"","meta":{"_monsterinsights_skip_tracking":false,"_monsterinsights_sitenote_active":false,"_monsterinsights_sitenote_note":"","_monsterinsights_sitenote_category":0,"footnotes":"","_links_to":"","_links_to_target":""},"class_list":["post-2426","page","type-page","status-publish","hentry"],"_links":{"self":[{"href":"https:\/\/sites.usp.br\/labmicro\/wp-json\/wp\/v2\/pages\/2426","targetHints":{"allow":["GET"]}}],"collection":[{"href":"https:\/\/sites.usp.br\/labmicro\/wp-json\/wp\/v2\/pages"}],"about":[{"href":"https:\/\/sites.usp.br\/labmicro\/wp-json\/wp\/v2\/types\/page"}],"author":[{"embeddable":true,"href":"https:\/\/sites.usp.br\/labmicro\/wp-json\/wp\/v2\/users\/24403"}],"replies":[{"embeddable":true,"href":"https:\/\/sites.usp.br\/labmicro\/wp-json\/wp\/v2\/comments?post=2426"}],"version-history":[{"count":1,"href":"https:\/\/sites.usp.br\/labmicro\/wp-json\/wp\/v2\/pages\/2426\/revisions"}],"predecessor-version":[{"id":2427,"href":"https:\/\/sites.usp.br\/labmicro\/wp-json\/wp\/v2\/pages\/2426\/revisions\/2427"}],"wp:attachment":[{"href":"https:\/\/sites.usp.br\/labmicro\/wp-json\/wp\/v2\/media?parent=2426"}],"curies":[{"name":"wp","href":"https:\/\/api.w.org\/{rel}","templated":true}]}}