{"id":2430,"date":"2024-12-04T17:06:41","date_gmt":"2024-12-04T20:06:41","guid":{"rendered":"https:\/\/sites.usp.br\/labmicro\/?page_id=2430"},"modified":"2024-12-04T17:06:41","modified_gmt":"2024-12-04T20:06:41","slug":"2022-2","status":"publish","type":"page","link":"https:\/\/sites.usp.br\/labmicro\/2022-2\/","title":{"rendered":"2022"},"content":{"rendered":"<p>Lombardo, U., Arroyo-Kalin, M., Schmidt, M., Huisman, H., Lima, H. P., de Paula Moraes, C., Neves, E. G., Clement, C. R., Aires da Fonseca, J., de Almeida, F. O., Vieira Alho, C. F. B., Bronk Ramsey, C., Brown, G. G., Cavallini, M. S., Lima da Costa, M., Cunha, L., dos Anjos, L. H. C., Denevan, W. M., Fausto, C., Fernandes Caromano, C., Fontana, A., Franchetto, B., Glaser, B., Heckenberger, M. J., Hecht, S., Honorato, V., Jarosch, K. A., Braga Junqueira, A., Kater, T., Tamanaha, E. K., Kuyper, T. W., Lehmann, J., Madella, M., Maezumi, S. Y., Matthews Cascon, L., Mayle, F. E., McKey, D., Moraes, B., Morcote-R\u00edos, G., Palheta Barbosa, C. A., Magalh\u00e3es, M. P., Prestes-Carneiro, G., Pugliese, F., Pupim, F. N., Raczka, M. F., Py-Daniel, A. R., Riris, P., Cigaran da Rocha, B., Rodrigues, L., Rostain, S., Macedo, R. S., Shock, M. P., Sprafke, T., Stampanoni Bassi, F., Valle, R., Vidal-Torrado, P., <strong>Villagr\u00e1n, X. S., Watling, J.<\/strong>, Weber, S. L. and Teixeira, W. G. (2022). Evidence confirms an anthropic origin of Amazonian Dark Earths. <em>Nature Communications<\/em> 13: 3444. <a href=\"https:\/\/doi.org\/10.1038\/s41467-022-31064-2\">https:\/\/doi.org\/10.1038\/s41467-022-31064-2<\/a><\/p>\n<p><strong>Villagran, X. S.<\/strong>, Alves, M. L., Kater, T., Silva, K. B. V. da, Batalla, N., Costa, M. da, Costa, J., Erler, D. M. A., Ferreira, M. P., Magon, P., Reys, A. C. dos, Straioto, H., Tognoli, A. R., Strauss, A., Lama, E. A. del, Martins, L., Teixeira-Bastos, M., Neves, E. G., Zimpel, C. and Pugliese, F. (2022). Petrografia de cer\u00e2micas da fase Bacabal (sambaqui Monte Castelo): um dos mais antigos usos de cauixi na Amaz\u00f4nia. <i>Boletim do Museu Paraense Em\u00edlio Goeldi. Ci\u00eancias Humanas<\/i> 17: 1. <a href=\"https:\/\/doi.org\/10.1590\/2178-2547-BGOELDI-2020-0120\">https:\/\/doi.org\/10.1590\/2178-2547-BGOELDI-2020-0120<\/a><\/p>\n<p>Salazar, D., Easton, G., Goff, J., Guendon, J. L., Gonz\u00e1lez-Alfaro, J., Andrade, P., <strong>Villagr\u00e1n, X.<\/strong>, Fuentes, M., Le\u00f3n, T., Abad, M., Izquierdo, T., Power, X., Sitzia, L., \u00c1lvarez, G., Villalobos, A., Olgu\u00edn, L., Yrarr\u00e1zaval, S., Gonz\u00e1lez, G., Flores, C., Borie, C., Castro, V. and Campos, J. (2022). Did a 3800-year-old M w ~9.5 earthquake trigger major social disruption in the Atacama Desert? <i>Sci. Adv.<\/i> 8: 14. <a href=\"https:\/\/doi.org\/10.1126\/sciadv.abm2996\">https:\/\/doi.org\/10.1126\/sciadv.abm2996<\/a><\/p>\n<p><strong>Villagran, X.S.<\/strong>; Rodriguez, M.; Bentos Pereira, H.; Gianotti, C.; Sotelo, M.; del Pueto, L. (2022). Absence of bones in archaeological sites from the southeast of Uruguay: Taphonomy or human behavior? <em>Geoarchaeology<\/em>. <a href=\"https:\/\/doi.org\/10.1002\/gea.21906\">https:\/\/doi.org\/10.1002\/gea.21906<\/a><\/p>\n","protected":false},"excerpt":{"rendered":"<p>Lombardo, U., Arroyo-Kalin, M., Schmidt, M., Huisman, H., Lima, H. P., de Paula Moraes, C., Neves, E. G., Clement, C. R., Aires da Fonseca, J., de Almeida, F. O., Vieira Alho, C. F. B., Bronk Ramsey, C., Brown, G. G., Cavallini, M. S., Lima da Costa, M., Cunha, L., dos Anjos, L. H. C., Denevan, W. M., Fausto, C., Fernandes Caromano, C., Fontana, A., Franchetto, B., Glaser, B., Heckenberger, M. J., Hecht, S., Honorato, V., Jarosch, K. A., Braga Junqueira, A., Kater, T., Tamanaha, E. K., Kuyper, T. W., Lehmann, J., Madella, M., Maezumi, S. Y., Matthews Cascon, L., Mayle, F. E., McKey, D., Moraes, B., Morcote-R\u00edos, G., Palheta Barbosa, C. A., Magalh\u00e3es, M. P., Prestes-Carneiro, G., Pugliese, F., Pupim, F. N., Raczka, M. F., Py-Daniel, A. R., Riris, P., Cigaran da Rocha, B., Rodrigues, L., Rostain, S., Macedo, R. S., Shock, M. P., Sprafke, T., Stampanoni Bassi, F., Valle, R., Vidal-Torrado, P., Villagr\u00e1n, X. S., Watling, J., Weber, S. L. and Teixeira, W. G. (2022). Evidence confirms an anthropic origin of Amazonian Dark Earths. Nature Communications 13: 3444. https:\/\/doi.org\/10.1038\/s41467-022-31064-2 Villagran, X. S., Alves, M. L., Kater, T., Silva, K. B. V. da, Batalla, N., Costa, M. da, Costa, J., [&#8230;]<\/p>\n","protected":false},"author":24403,"featured_media":0,"parent":0,"menu_order":0,"comment_status":"closed","ping_status":"closed","template":"","meta":{"_monsterinsights_skip_tracking":false,"_monsterinsights_sitenote_active":false,"_monsterinsights_sitenote_note":"","_monsterinsights_sitenote_category":0,"footnotes":"","_links_to":"","_links_to_target":""},"class_list":["post-2430","page","type-page","status-publish","hentry"],"_links":{"self":[{"href":"https:\/\/sites.usp.br\/labmicro\/wp-json\/wp\/v2\/pages\/2430","targetHints":{"allow":["GET"]}}],"collection":[{"href":"https:\/\/sites.usp.br\/labmicro\/wp-json\/wp\/v2\/pages"}],"about":[{"href":"https:\/\/sites.usp.br\/labmicro\/wp-json\/wp\/v2\/types\/page"}],"author":[{"embeddable":true,"href":"https:\/\/sites.usp.br\/labmicro\/wp-json\/wp\/v2\/users\/24403"}],"replies":[{"embeddable":true,"href":"https:\/\/sites.usp.br\/labmicro\/wp-json\/wp\/v2\/comments?post=2430"}],"version-history":[{"count":1,"href":"https:\/\/sites.usp.br\/labmicro\/wp-json\/wp\/v2\/pages\/2430\/revisions"}],"predecessor-version":[{"id":2431,"href":"https:\/\/sites.usp.br\/labmicro\/wp-json\/wp\/v2\/pages\/2430\/revisions\/2431"}],"wp:attachment":[{"href":"https:\/\/sites.usp.br\/labmicro\/wp-json\/wp\/v2\/media?parent=2430"}],"curies":[{"name":"wp","href":"https:\/\/api.w.org\/{rel}","templated":true}]}}