{"id":2434,"date":"2024-12-04T17:13:41","date_gmt":"2024-12-04T20:13:41","guid":{"rendered":"https:\/\/sites.usp.br\/labmicro\/?page_id=2434"},"modified":"2024-12-04T18:04:47","modified_gmt":"2024-12-04T21:04:47","slug":"2023-2","status":"publish","type":"page","link":"https:\/\/sites.usp.br\/labmicro\/2023-2\/","title":{"rendered":"2023"},"content":{"rendered":"<p><strong>2023<\/strong><\/p>\n<p>Fernandes Caromano, C.; Sereni Murrieta, R.S.; <strong>Villagran X.S<\/strong>. Igniting life. Habitus, v. 20, p. 477-509, 2023. <a href=\"https:\/\/doi.org\/10.18224\/hab.v20i2.12733\">https:\/\/doi.org\/10.18224\/hab.v20i2.12733<\/a><\/p>\n<p>Ferraz, T.; <strong>Villagran X.S.<\/strong>; N\u00e4gele, K.; Radzevi\u010d Barbosa Lemes, R.; Salazar-Garc\u00eda, D.C.; Wesolowski, V.; Lopes Alves, M.; Bastos, M.; Rapp Py-Daniel, A.; Pinto Lima, HELENA ; Mendes Cardoso, J.; Estevam, R.; Liryo, A.; Guimar\u00e3es, G.M.; Figuti, L.; Eggers, S.; Plens, C.R.; Azevedo Erler, D.M.; Valadares Costa, H.A.; Da Silva Erler, I.; Koole, E.; Henriques, G.; Solari, A.; Martin, G., et al. Genomic history of coastal societies from eastern South America. Nature Ecology &amp; Evolution, v. 1, p. 1-28, 2023. <a href=\"https:\/\/doi.org\/10.1038\/s41559-023-02114-9\">https:\/\/doi.org\/10.1038\/s41559-023-02114-9<\/a><\/p>\n<p>Ortega, D. D.; Madella, M.; Souza, J. G.; <strong>Villagran X.S<\/strong>. Exploitation, management and cultivation of plants by Holocene populations of the Cerrado of Brazil (South America). In: Colonese, A.C., Milheira, R.G.. (Org.). Historical ecology and landscape archaeology in lowland South America. 1ed. Cham: Springer, 2023, v. 1, p. 219-241. <a href=\"https:\/\/doi.org\/10.1007\/978-3-031-32284-6_10\">https:\/\/doi.org\/10.1007\/978-3-031-32284-6_10<\/a><\/p>\n<p>Schmidt, M.J.; Goldberg, S.L.; Heckenberger M.; Fausto, C.; Franchetto, B.; <strong>Watling, J.<\/strong>; Lima, H.; Moraes, B.; Dorshow, W.B.; Toney, J.; Kuikuro, K.; Waura, K.; Kuikuro, H.; Kuikuro, T.W.; Kuikuro, T.; Kuikuro, Y.; Kuikuro, A.; Teixeira, W.; Rocha, B.; Honorato, V.; Tavares, H.; Magalh\u00e3es, M.; Barbosa, C.A.; Fonseca, J.A.; Mendes, J.; Alleoni, L.R.F.; Cerri, C.E.P.; Arroyo-Kalin, M.; Neves, E.; Perron, T. (2023): Intentional creation of carbon-rich dark earth soils in the Amazon. Sci. Adv., 9, eadh8499. <a href=\"https:\/\/doi.org\/10.1126\/sciadv.adh8499\">https:\/\/doi.org\/10.1126\/sciadv.adh8499<\/a><\/p>\n<p><strong>Watling, J. <\/strong>(2023): As ecologias na arqueologia: bases te\u00f3ricas para o estudo das intera\u00e7\u00f5es entre pessoas e o ambiente. R. Museu. Arq. Etn., 30, 163-172. <a href=\"https:\/\/doi.org\/10.11606\/issn.2448-1750.revmae.2023.205026\">https:\/\/doi.org\/10.11606\/issn.2448-1750.revmae.2023.205026<\/a><\/p>\n<p><strong>Watling, J.<\/strong>; Schmidt, M.; Heckenberger, M.; Lima, H.; Moraes, B.; Waura, K.; Kuikuro, T.W.; Kuikuro, U.; Kuikuro, A. (2023): Assessing charcoal and phytolith signals for pre-Columbian land-use based on modern indigenous activity areas in the Upper Xingu, Amazonia. The Holocene, 33(10), 1176-1185. <a href=\"https:\/\/doi.org\/10.1177\/09596836231183066\">https:\/\/doi.org\/10.1177\/09596836231183066<\/a><\/p>\n<p>Will, M.; Jerardino, A.; <strong>Villagran X.S.<\/strong>; Green, A.; Erlandson, J.M. Editorial: Living on the edge-interdisciplinary perspectives on coastal and marine ecosystems in human prehistory. Frontiers in Earth Science, v. 11, p. 1-2, 2023. <a href=\"https:\/\/doi.org\/10.3389\/feart.2023.1209842\">https:\/\/doi.org\/10.3389\/feart.2023.1209842<\/a><\/p>\n","protected":false},"excerpt":{"rendered":"<p>2023 Fernandes Caromano, C.; Sereni Murrieta, R.S.; Villagran X.S. Igniting life. Habitus, v. 20, p. 477-509, 2023. https:\/\/doi.org\/10.18224\/hab.v20i2.12733 Ferraz, T.; Villagran X.S.; N\u00e4gele, K.; Radzevi\u010d Barbosa Lemes, R.; Salazar-Garc\u00eda, D.C.; Wesolowski, V.; Lopes Alves, M.; Bastos, M.; Rapp Py-Daniel, A.; Pinto Lima, HELENA ; Mendes Cardoso, J.; Estevam, R.; Liryo, A.; Guimar\u00e3es, G.M.; Figuti, L.; Eggers, S.; Plens, C.R.; Azevedo Erler, D.M.; Valadares Costa, H.A.; Da Silva Erler, I.; Koole, E.; Henriques, G.; Solari, A.; Martin, G., et al. Genomic history of coastal societies from eastern South America. Nature Ecology &amp; Evolution, v. 1, p. 1-28, 2023. https:\/\/doi.org\/10.1038\/s41559-023-02114-9 Ortega, D. D.; Madella, M.; Souza, J. G.; Villagran X.S. Exploitation, management and cultivation of plants by Holocene populations of the Cerrado of Brazil (South America). In: Colonese, A.C., Milheira, R.G.. (Org.). Historical ecology and landscape archaeology in lowland South America. 1ed. Cham: Springer, 2023, v. 1, p. 219-241. https:\/\/doi.org\/10.1007\/978-3-031-32284-6_10 Schmidt, M.J.; Goldberg, S.L.; Heckenberger M.; Fausto, C.; Franchetto, B.; Watling, J.; Lima, H.; Moraes, B.; Dorshow, W.B.; Toney, J.; Kuikuro, K.; Waura, K.; Kuikuro, H.; Kuikuro, T.W.; Kuikuro, T.; Kuikuro, Y.; Kuikuro, A.; Teixeira, W.; Rocha, B.; Honorato, V.; Tavares, H.; Magalh\u00e3es, M.; Barbosa, C.A.; Fonseca, J.A.; Mendes, J.; Alleoni, L.R.F.; [&#8230;]<\/p>\n","protected":false},"author":24403,"featured_media":0,"parent":0,"menu_order":0,"comment_status":"closed","ping_status":"closed","template":"","meta":{"_monsterinsights_skip_tracking":false,"_monsterinsights_sitenote_active":false,"_monsterinsights_sitenote_note":"","_monsterinsights_sitenote_category":0,"footnotes":"","_links_to":"","_links_to_target":""},"class_list":["post-2434","page","type-page","status-publish","hentry"],"_links":{"self":[{"href":"https:\/\/sites.usp.br\/labmicro\/wp-json\/wp\/v2\/pages\/2434","targetHints":{"allow":["GET"]}}],"collection":[{"href":"https:\/\/sites.usp.br\/labmicro\/wp-json\/wp\/v2\/pages"}],"about":[{"href":"https:\/\/sites.usp.br\/labmicro\/wp-json\/wp\/v2\/types\/page"}],"author":[{"embeddable":true,"href":"https:\/\/sites.usp.br\/labmicro\/wp-json\/wp\/v2\/users\/24403"}],"replies":[{"embeddable":true,"href":"https:\/\/sites.usp.br\/labmicro\/wp-json\/wp\/v2\/comments?post=2434"}],"version-history":[{"count":2,"href":"https:\/\/sites.usp.br\/labmicro\/wp-json\/wp\/v2\/pages\/2434\/revisions"}],"predecessor-version":[{"id":2459,"href":"https:\/\/sites.usp.br\/labmicro\/wp-json\/wp\/v2\/pages\/2434\/revisions\/2459"}],"wp:attachment":[{"href":"https:\/\/sites.usp.br\/labmicro\/wp-json\/wp\/v2\/media?parent=2434"}],"curies":[{"name":"wp","href":"https:\/\/api.w.org\/{rel}","templated":true}]}}