{"id":2456,"date":"2024-12-04T17:46:04","date_gmt":"2024-12-04T20:46:04","guid":{"rendered":"https:\/\/sites.usp.br\/labmicro\/?page_id=2456"},"modified":"2024-12-04T18:24:20","modified_gmt":"2024-12-04T21:24:20","slug":"2024-2","status":"publish","type":"page","link":"https:\/\/sites.usp.br\/labmicro\/2024-2\/","title":{"rendered":"2024"},"content":{"rendered":"<p>Levis, C., Flores, B.M., Jo\u00e3o Vitor Campos-Silva, Peroni, N., Staal, A., Ma\u00edra C. G. Padgurschi, Wetherbee Dorshow, Moraes, B., Schmidt, M., Taku Wate Kuikuro, Huke Kuikuro, Kumessi Wauja, Kalutata Kuikuro, Afukaka Kuikuro, Fausto, C., Franchetto, B., <strong>Watling, J.<\/strong>, Lima, H., Heckenberger, M. and Clement, C.R. (2024). Contributions of human cultures to biodiversity and ecosystem conservation.\u00a0<i>Nature ecology &amp; evolution<\/i>. v. 8, p. 866-879.<a href=\"https:\/\/doi.org\/10.1038\/s41559-024-02356-1\"> https:\/\/doi.org\/10.1038\/s41559-024-02356-1\u00a0<\/a><\/p>\n<p>Goldberg, S.L., Schmidt, M.J., Himmelstein, J.D., Heckenberger, M., Franchetto, B., Lima, H., <strong>Watling, J.<\/strong>, Moraes, B., Dorshow, W.B., Fausto, C., Kumessi Waura, Huke Kuikuro, Taku Wate Kuikuro, Afukaka Kuikuro and Perron, J.T. (2024). Widespread Amazonian dark earth in the Xingu Indigenous Territory.\u00a0<i>Nature Sustainability<\/i>. v. X&#8217;, p. 1. <a href=\"https:\/\/doi.org\/10.1038\/s41893-024-01399-3\">https:\/\/doi.org\/10.1038\/s41893-024-01399-3<\/a><\/p>\n<p><span class=\"author\">Lozada-Mendieta,\u00a0N.<\/span>, &amp;\u00a0<strong><span class=\"author\">Villagran,\u00a0X. S.<\/span><\/strong>\u00a0(<span class=\"pubYear\">2024<\/span>).\u00a0<span class=\"articleTitle\">Ceramic archaeometric studies in the Amazon and Caribbean regions: A review<\/span>.\u00a0<i>Archaeometry<\/i>,\u00a0<span class=\"pageFirst\">1<\/span>\u2013<span class=\"pageLast\">17<\/span>.\u00a0<a class=\"linkBehavior\" href=\"https:\/\/doi.org\/10.1111\/arcm.13003\">https:\/\/doi.org\/10.1111\/arcm.13003<\/a><\/p>\n<p>Jessica Mendes Cardoso, Fabiana Merencio, <strong>Villagran, X.<\/strong>, Wesolowski, V., Estevam, R., Fuller, B.T., DeBlasis, P., Pierre-Gilson, S., Dana\u00e9 Guiserix, M\u00e9jean, P., Levy Figuti, Farias, D., Guimaraes, G., Strauss, A. and Klervia Jaouen (2024). Late shellmound occupation in southern Brazil: A multi-proxy study of the Galheta IV archaeological site.\u00a0<i>PloS one<\/i>, 19(3), pp.e0300684\u2013e0300684. <a href=\"https:\/\/doi.org\/10.1371\/journal.pone.0300684\">https:\/\/doi.org\/10.1371\/journal.pone.0300684<\/a><\/p>\n<p>Cereijo, C.C., Gazz\u00e1n, N., <strong>Villagran, X.S.<\/strong>, Gianotti, C. and Puerto, L. del (2024). Tecnolog\u00edas constructivas de la arquitectura monticular ind\u00edgena de la regi\u00f3n de India Muerta (Rocha, Uruguay). Procesos de formaci\u00f3n del sitio Isla de los Talitas.\u00a0<i>Boletim do Museu Paraense Em\u00edlio Goeldi. Ci\u00eancias Humanas<\/i>, 19(2). <a href=\"https:\/\/doi.org\/10.1590\/2178-2547-bgoeldi-2023-0064\">https:\/\/doi.org\/10.1590\/2178-2547-bgoeldi-2023-0064<\/a><\/p>\n","protected":false},"excerpt":{"rendered":"<p>Levis, C., Flores, B.M., Jo\u00e3o Vitor Campos-Silva, Peroni, N., Staal, A., Ma\u00edra C. G. Padgurschi, Wetherbee Dorshow, Moraes, B., Schmidt, M., Taku Wate Kuikuro, Huke Kuikuro, Kumessi Wauja, Kalutata Kuikuro, Afukaka Kuikuro, Fausto, C., Franchetto, B., Watling, J., Lima, H., Heckenberger, M. and Clement, C.R. (2024). Contributions of human cultures to biodiversity and ecosystem conservation.\u00a0Nature ecology &amp; evolution. v. 8, p. 866-879. https:\/\/doi.org\/10.1038\/s41559-024-02356-1\u00a0 Goldberg, S.L., Schmidt, M.J., Himmelstein, J.D., Heckenberger, M., Franchetto, B., Lima, H., Watling, J., Moraes, B., Dorshow, W.B., Fausto, C., Kumessi Waura, Huke Kuikuro, Taku Wate Kuikuro, Afukaka Kuikuro and Perron, J.T. (2024). Widespread Amazonian dark earth in the Xingu Indigenous Territory.\u00a0Nature Sustainability. v. X&#8217;, p. 1. https:\/\/doi.org\/10.1038\/s41893-024-01399-3 Lozada-Mendieta,\u00a0N., &amp;\u00a0Villagran,\u00a0X. S.\u00a0(2024).\u00a0Ceramic archaeometric studies in the Amazon and Caribbean regions: A review.\u00a0Archaeometry,\u00a01\u201317.\u00a0https:\/\/doi.org\/10.1111\/arcm.13003 Jessica Mendes Cardoso, Fabiana Merencio, Villagran, X., Wesolowski, V., Estevam, R., Fuller, B.T., DeBlasis, P., Pierre-Gilson, S., Dana\u00e9 Guiserix, M\u00e9jean, P., Levy Figuti, Farias, D., Guimaraes, G., Strauss, A. and Klervia Jaouen (2024). Late shellmound occupation in southern Brazil: A multi-proxy study of the Galheta IV archaeological site.\u00a0PloS one, 19(3), pp.e0300684\u2013e0300684. https:\/\/doi.org\/10.1371\/journal.pone.0300684 Cereijo, C.C., Gazz\u00e1n, N., Villagran, X.S., Gianotti, C. and Puerto, L. del (2024). Tecnolog\u00edas constructivas de la arquitectura monticular ind\u00edgena de la regi\u00f3n de [&#8230;]<\/p>\n","protected":false},"author":24403,"featured_media":0,"parent":0,"menu_order":0,"comment_status":"closed","ping_status":"closed","template":"","meta":{"_monsterinsights_skip_tracking":false,"_monsterinsights_sitenote_active":false,"_monsterinsights_sitenote_note":"","_monsterinsights_sitenote_category":0,"footnotes":"","_links_to":"","_links_to_target":""},"class_list":["post-2456","page","type-page","status-publish","hentry"],"_links":{"self":[{"href":"https:\/\/sites.usp.br\/labmicro\/wp-json\/wp\/v2\/pages\/2456","targetHints":{"allow":["GET"]}}],"collection":[{"href":"https:\/\/sites.usp.br\/labmicro\/wp-json\/wp\/v2\/pages"}],"about":[{"href":"https:\/\/sites.usp.br\/labmicro\/wp-json\/wp\/v2\/types\/page"}],"author":[{"embeddable":true,"href":"https:\/\/sites.usp.br\/labmicro\/wp-json\/wp\/v2\/users\/24403"}],"replies":[{"embeddable":true,"href":"https:\/\/sites.usp.br\/labmicro\/wp-json\/wp\/v2\/comments?post=2456"}],"version-history":[{"count":3,"href":"https:\/\/sites.usp.br\/labmicro\/wp-json\/wp\/v2\/pages\/2456\/revisions"}],"predecessor-version":[{"id":2461,"href":"https:\/\/sites.usp.br\/labmicro\/wp-json\/wp\/v2\/pages\/2456\/revisions\/2461"}],"wp:attachment":[{"href":"https:\/\/sites.usp.br\/labmicro\/wp-json\/wp\/v2\/media?parent=2456"}],"curies":[{"name":"wp","href":"https:\/\/api.w.org\/{rel}","templated":true}]}}