{"id":2463,"date":"2024-12-06T09:42:56","date_gmt":"2024-12-06T12:42:56","guid":{"rendered":"https:\/\/sites.usp.br\/labmicro\/?page_id=2463"},"modified":"2024-12-06T10:35:59","modified_gmt":"2024-12-06T13:35:59","slug":"nicolas-batalla","status":"publish","type":"page","link":"https:\/\/sites.usp.br\/labmicro\/nicolas-batalla\/","title":{"rendered":"Nicol\u00e1s Batalla"},"content":{"rendered":"<p><a href=\"https:\/\/sites.usp.br\/labmicro\/wp-content\/uploads\/sites\/471\/2024\/12\/nicolas.jpg\"><img fetchpriority=\"high\" decoding=\"async\" class=\" wp-image-2467 alignleft\" src=\"https:\/\/sites.usp.br\/labmicro\/wp-content\/uploads\/sites\/471\/2024\/12\/nicolas-225x300.jpg\" alt=\"\" width=\"270\" height=\"360\" data-id=\"2467\" srcset=\"https:\/\/sites.usp.br\/labmicro\/wp-content\/uploads\/sites\/471\/2024\/12\/nicolas-225x300.jpg 225w, https:\/\/sites.usp.br\/labmicro\/wp-content\/uploads\/sites\/471\/2024\/12\/nicolas-400x534.jpg 400w, https:\/\/sites.usp.br\/labmicro\/wp-content\/uploads\/sites\/471\/2024\/12\/nicolas.jpg 512w\" sizes=\"(max-width: 270px) 100vw, 270px\" \/><\/a><\/p>\n<p>arnico.batalla@usp.br<\/p>\n<p>Formado em Ci\u00eancias Antropol\u00f3gicas pela Universidade da Rep\u00fablica no Uruguai, Mestre (2018) e Doutor (2023) em Arqueologia pela Universidade de S\u00e3o Paulo, Nicol\u00e1s estuda os processos de forma\u00e7\u00e3o de s\u00edtios arqueol\u00f3gicos usando ferramentas geoarqueol\u00f3gicas como a micromorfologia e t\u00e9cnicas geoqu\u00edmicas.<\/p>\n<p>Na sua pesquisa de p\u00f3s-doutorado, dando continuidade a um interesse de pesquisa iniciado no doutorado, Nicol\u00e1s estuda processos de forma\u00e7\u00e3o em s\u00edtios arqueol\u00f3gicos abrigados. Ele visa comparar, por meio de an\u00e1lises de alta resolu\u00e7\u00e3o da estratigrafia como a micromorfologia arqueol\u00f3gica e t\u00e9cnicas de an\u00e1lise qu\u00edmica em se\u00e7\u00e3o delgada (e.g. micro-FTIR), os impactos que as diferentes din\u00e2micas de ocupa\u00e7\u00e3o ind\u00edgena tiveram no registro sedimentar ao longo do tempo no Brasil Central, desde o Pleistoceno-Holoceno at\u00e9 a diversifica\u00e7\u00e3o das tradi\u00e7\u00f5es ceramistas do Holoceno M\u00e9dio e Tardio.<\/p>\n<p>&nbsp;<\/p>\n<p><em>Bachelor in Anthropological Sciences from the University of the Republic, Uruguay, he holds a Master\u2019s (2018) and PhD (2023) degree in Archaeology from S\u00e3o Paulo University. Nicol\u00e1s studies archaeological site formation processes using geoarchaeological approaches based on micromorphology and geochemical techniques.<\/em><\/p>\n<p><em>In his postdoctoral research, Nicol\u00e1s is studying formation processes in cave and rockshelter settings. By using high-resolution stratigraphic analyses such as archaeological micromorphology and chemical techniques applied to thin sections (e.g. micro-FTIR), he seeks to compare the impacts that indigenous populations, from the Pleistocene-Holocene transition to the ceramic diversification of the mid-to-late-Holocene, had on the formation of the sedimentary record of Central Brazil.<\/em><\/p>\n<div id=\"attachment_2468\" style=\"width: 403px\" class=\"wp-caption alignleft\"><a href=\"https:\/\/sites.usp.br\/labmicro\/wp-content\/uploads\/sites\/471\/2024\/12\/nicolas2.jpg\"><img decoding=\"async\" aria-describedby=\"caption-attachment-2468\" class=\" wp-image-2468\" src=\"https:\/\/sites.usp.br\/labmicro\/wp-content\/uploads\/sites\/471\/2024\/12\/nicolas2-300x225.jpg\" alt=\"\" width=\"393\" height=\"295\" data-id=\"2468\" srcset=\"https:\/\/sites.usp.br\/labmicro\/wp-content\/uploads\/sites\/471\/2024\/12\/nicolas2-300x225.jpg 300w, https:\/\/sites.usp.br\/labmicro\/wp-content\/uploads\/sites\/471\/2024\/12\/nicolas2-768x576.jpg 768w, https:\/\/sites.usp.br\/labmicro\/wp-content\/uploads\/sites\/471\/2024\/12\/nicolas2-80x60.jpg 80w, https:\/\/sites.usp.br\/labmicro\/wp-content\/uploads\/sites\/471\/2024\/12\/nicolas2-400x300.jpg 400w, https:\/\/sites.usp.br\/labmicro\/wp-content\/uploads\/sites\/471\/2024\/12\/nicolas2.jpg 937w\" sizes=\"(max-width: 393px) 100vw, 393px\" \/><\/a><p id=\"caption-attachment-2468\" class=\"wp-caption-text\">Vista da paisagem de cristas rochosas onde se insere o s\u00edtio Gruta do Gentio II, no norte de MG, uma das duas cavidades com ocupa\u00e7\u00e3o humana estudadas<\/p><\/div>\n<div id=\"attachment_2469\" style=\"width: 235px\" class=\"wp-caption alignright\"><a href=\"https:\/\/sites.usp.br\/labmicro\/wp-content\/uploads\/sites\/471\/2024\/12\/nicolas3.jpg\"><img decoding=\"async\" aria-describedby=\"caption-attachment-2469\" class=\" wp-image-2469\" src=\"https:\/\/sites.usp.br\/labmicro\/wp-content\/uploads\/sites\/471\/2024\/12\/nicolas3-225x300.jpg\" alt=\"\" width=\"225\" height=\"300\" data-id=\"2469\" srcset=\"https:\/\/sites.usp.br\/labmicro\/wp-content\/uploads\/sites\/471\/2024\/12\/nicolas3-225x300.jpg 225w, https:\/\/sites.usp.br\/labmicro\/wp-content\/uploads\/sites\/471\/2024\/12\/nicolas3-400x534.jpg 400w, https:\/\/sites.usp.br\/labmicro\/wp-content\/uploads\/sites\/471\/2024\/12\/nicolas3.jpg 625w\" sizes=\"(max-width: 225px) 100vw, 225px\" \/><\/a><p id=\"caption-attachment-2469\" class=\"wp-caption-text\">An\u00e1lise de se\u00e7\u00f5es delgadas de sedimento dos s\u00edtios arqueol\u00f3gicos ao microsc\u00f3pio petrogr\u00e1fico<\/p><\/div>\n","protected":false},"excerpt":{"rendered":"<p>arnico.batalla@usp.br Formado em Ci\u00eancias Antropol\u00f3gicas pela Universidade da Rep\u00fablica no Uruguai, Mestre (2018) e Doutor (2023) em Arqueologia pela Universidade de S\u00e3o Paulo, Nicol\u00e1s estuda os processos de forma\u00e7\u00e3o de s\u00edtios arqueol\u00f3gicos usando ferramentas geoarqueol\u00f3gicas como a micromorfologia e t\u00e9cnicas geoqu\u00edmicas. Na sua pesquisa de p\u00f3s-doutorado, dando continuidade a um interesse de pesquisa iniciado no doutorado, Nicol\u00e1s estuda processos de forma\u00e7\u00e3o em s\u00edtios arqueol\u00f3gicos abrigados. Ele visa comparar, por meio de an\u00e1lises de alta resolu\u00e7\u00e3o da estratigrafia como a micromorfologia arqueol\u00f3gica e t\u00e9cnicas de an\u00e1lise qu\u00edmica em se\u00e7\u00e3o delgada (e.g. micro-FTIR), os impactos que as diferentes din\u00e2micas de ocupa\u00e7\u00e3o ind\u00edgena tiveram no registro sedimentar ao longo do tempo no Brasil Central, desde o Pleistoceno-Holoceno at\u00e9 a diversifica\u00e7\u00e3o das tradi\u00e7\u00f5es ceramistas do Holoceno M\u00e9dio e Tardio. &nbsp; Bachelor in Anthropological Sciences from the University of the Republic, Uruguay, he holds a Master\u2019s (2018) and PhD (2023) degree in Archaeology from S\u00e3o Paulo University. Nicol\u00e1s studies archaeological site formation processes using geoarchaeological approaches based on micromorphology and geochemical techniques. In his postdoctoral research, Nicol\u00e1s is studying formation processes in cave and rockshelter settings. By using high-resolution stratigraphic analyses such as archaeological micromorphology and chemical techniques applied to thin sections (e.g. micro-FTIR), he [&#8230;]<\/p>\n","protected":false},"author":24403,"featured_media":0,"parent":0,"menu_order":0,"comment_status":"closed","ping_status":"closed","template":"page-full.php","meta":{"_monsterinsights_skip_tracking":false,"_monsterinsights_sitenote_active":false,"_monsterinsights_sitenote_note":"","_monsterinsights_sitenote_category":0,"footnotes":"","_links_to":"","_links_to_target":""},"class_list":["post-2463","page","type-page","status-publish","hentry"],"_links":{"self":[{"href":"https:\/\/sites.usp.br\/labmicro\/wp-json\/wp\/v2\/pages\/2463","targetHints":{"allow":["GET"]}}],"collection":[{"href":"https:\/\/sites.usp.br\/labmicro\/wp-json\/wp\/v2\/pages"}],"about":[{"href":"https:\/\/sites.usp.br\/labmicro\/wp-json\/wp\/v2\/types\/page"}],"author":[{"embeddable":true,"href":"https:\/\/sites.usp.br\/labmicro\/wp-json\/wp\/v2\/users\/24403"}],"replies":[{"embeddable":true,"href":"https:\/\/sites.usp.br\/labmicro\/wp-json\/wp\/v2\/comments?post=2463"}],"version-history":[{"count":5,"href":"https:\/\/sites.usp.br\/labmicro\/wp-json\/wp\/v2\/pages\/2463\/revisions"}],"predecessor-version":[{"id":2475,"href":"https:\/\/sites.usp.br\/labmicro\/wp-json\/wp\/v2\/pages\/2463\/revisions\/2475"}],"wp:attachment":[{"href":"https:\/\/sites.usp.br\/labmicro\/wp-json\/wp\/v2\/media?parent=2463"}],"curies":[{"name":"wp","href":"https:\/\/api.w.org\/{rel}","templated":true}]}}