{"id":2489,"date":"2025-01-21T16:56:19","date_gmt":"2025-01-21T19:56:19","guid":{"rendered":"https:\/\/sites.usp.br\/labmicro\/?page_id=2489"},"modified":"2026-03-05T11:39:06","modified_gmt":"2026-03-05T14:39:06","slug":"isabela-sodre","status":"publish","type":"page","link":"https:\/\/sites.usp.br\/labmicro\/isabela-sodre\/","title":{"rendered":"Isabela Sodr\u00e9"},"content":{"rendered":"<p><img fetchpriority=\"high\" decoding=\"async\" class=\" wp-image-2491 alignleft\" src=\"https:\/\/sites.usp.br\/labmicro\/wp-content\/uploads\/sites\/471\/2025\/01\/Foto-Isa-300x251.png\" alt=\"\" width=\"330\" height=\"276\" data-id=\"2491\" srcset=\"https:\/\/sites.usp.br\/labmicro\/wp-content\/uploads\/sites\/471\/2025\/01\/Foto-Isa-300x251.png 300w, https:\/\/sites.usp.br\/labmicro\/wp-content\/uploads\/sites\/471\/2025\/01\/Foto-Isa-768x644.png 768w, https:\/\/sites.usp.br\/labmicro\/wp-content\/uploads\/sites\/471\/2025\/01\/Foto-Isa-400x335.png 400w, https:\/\/sites.usp.br\/labmicro\/wp-content\/uploads\/sites\/471\/2025\/01\/Foto-Isa.png 940w\" sizes=\"(max-width: 330px) 100vw, 330px\" \/><\/p>\n<p><strong>Dr. Isabela Sodr\u00e9<\/strong><\/p>\n<p><strong>T\u00e9cnica do laborat\u00f3rio<\/strong><\/p>\n<p>isodre@usp.br<\/p>\n<p>Bacharela em Qu\u00edmica com habilita\u00e7\u00e3o em Qu\u00edmica Forense pela Universidade de S\u00e3o Paulo (FFCLRP-USP), com Mestrado e Doutorado em F\u00edsico-Qu\u00edmica (IQ-USP), especializando-se em espectroscopia vibracional (Raman e FTIR) aplicada no estudo de bens do Patrim\u00f4nio Cultural. Nesse percurso, teve experi\u00eancia na caracteriza\u00e7\u00e3o de uma ampla gama de materiais no contexto de bens culturais, como no estudo de propriedades de pigmentos minerais, caracteriza\u00e7\u00e3o de materiais pict\u00f3ricos, investiga\u00e7\u00e3o de mecanismos de degrada\u00e7\u00e3o, e caracteriza\u00e7\u00e3o de argamassas de terra (arquitetura em terra). Realizou Doutorado Sandu\u00edche na Leicester University (Reino Unido) e est\u00e1gio de curta dura\u00e7\u00e3o no Laborat\u00f3rio de Heran\u00e7a Cultural, Estudos e Salvaguarda (HERCULES) da Universidade de \u00c9vora (Portugal).<\/p>\n<p>Atualmente, \u00e9 T\u00e9cnica Especialista e Laborat\u00f3rios no LabMicro e foi bolsista pelo Programa de Apoio \u00e0 Fixa\u00e7\u00e3o de Jovens Doutores da FAPESP\/CNPq, tamb\u00e9m no LabMicro, com o projeto de\u00a0 p\u00f3s-doutorado &#8220;Microarqueologia de fogueiras em contextos tropicais por microscopia FTIR em alta resolu\u00e7\u00e3o&#8221;. A pesquisa tem como principal objetivo desenvolver uma metodologia baseada em espectroscopia vibracional para a detec\u00e7\u00e3o de vest\u00edgios de queima em baixa temperatura para corroborar a ocorr\u00eancia de fogueiras antr\u00f3picas de dif\u00edcil detec\u00e7\u00e3o.<\/p>\n<p><em>Bachelor in Chemistry with an habilitation in Forensic Chemistry from the University of S\u00e3o Paulo (FFCLRP-USP), holds a Master&#8217;s and a PhD in Physical Chemistry (IQ-USP), specializing in vibrational spectroscopy (Raman and FTIR) applied to the study of Cultural Heritage assets. In the course of it, had experience at characterization of a wide range of materials in the context of cultural heritage, like in the study of the qualities of mineral pigments, characterization of pictorial materials, investigation of degradation mechanisms and earth mortar labeling (architecture on land). Made a sandwich doctorate at Leicester University (UK) and a short-term intership at the HERCULES Laboratory from University of \u00c9vora (Portugal).<\/em><\/p>\n<p><em>Currently, she acts as laboratory technitian at LabMicro and had a scholarship by the Support Program of Attachment of Young Doctors of FAPESP\/CNPq also at LabMicro, with the post-doctorate project &#8220;Microarchaeology of campfires in tropical contexts by high resolution FTIR microscopy&#8221;. The research lead objetive is to mature a methodology based on vibrational spectroscopy for detection of traces of low temperature burning to corroborate the ocorruncy of low detection anthropic campfires.<\/em><\/p>\n<div id=\"attachment_2490\" style=\"width: 526px\" class=\"wp-caption aligncenter\"><a href=\"https:\/\/sites.usp.br\/labmicro\/wp-content\/uploads\/sites\/471\/2025\/01\/Fotografia_palestraMAS-opcao2-scaled.jpg\"><img decoding=\"async\" aria-describedby=\"caption-attachment-2490\" class=\" wp-image-2490\" src=\"https:\/\/sites.usp.br\/labmicro\/wp-content\/uploads\/sites\/471\/2025\/01\/Fotografia_palestraMAS-opcao2-300x169.jpg\" alt=\"\" width=\"516\" height=\"291\" data-id=\"2490\" srcset=\"https:\/\/sites.usp.br\/labmicro\/wp-content\/uploads\/sites\/471\/2025\/01\/Fotografia_palestraMAS-opcao2-300x169.jpg 300w, https:\/\/sites.usp.br\/labmicro\/wp-content\/uploads\/sites\/471\/2025\/01\/Fotografia_palestraMAS-opcao2-1024x576.jpg 1024w, https:\/\/sites.usp.br\/labmicro\/wp-content\/uploads\/sites\/471\/2025\/01\/Fotografia_palestraMAS-opcao2-768x432.jpg 768w, https:\/\/sites.usp.br\/labmicro\/wp-content\/uploads\/sites\/471\/2025\/01\/Fotografia_palestraMAS-opcao2-1536x864.jpg 1536w, https:\/\/sites.usp.br\/labmicro\/wp-content\/uploads\/sites\/471\/2025\/01\/Fotografia_palestraMAS-opcao2-2048x1152.jpg 2048w, https:\/\/sites.usp.br\/labmicro\/wp-content\/uploads\/sites\/471\/2025\/01\/Fotografia_palestraMAS-opcao2-310x174.jpg 310w, https:\/\/sites.usp.br\/labmicro\/wp-content\/uploads\/sites\/471\/2025\/01\/Fotografia_palestraMAS-opcao2-400x225.jpg 400w\" sizes=\"(max-width: 516px) 100vw, 516px\" \/><\/a><p id=\"caption-attachment-2490\" class=\"wp-caption-text\">Microsc\u00f3pio de espectroscopia de absor\u00e7\u00e3o no infravermelho (FTIR) empregado no mapeamento de l\u00e2minas delgadas de sedimentos para a investiga\u00e7\u00e3o de eventos de queima em vest\u00edgios de fogueiras antr\u00f3picas.<\/p><\/div>\n<p>&nbsp;<\/p>\n","protected":false},"excerpt":{"rendered":"<p>Dr. Isabela Sodr\u00e9 T\u00e9cnica do laborat\u00f3rio isodre@usp.br Bacharela em Qu\u00edmica com habilita\u00e7\u00e3o em Qu\u00edmica Forense pela Universidade de S\u00e3o Paulo (FFCLRP-USP), com Mestrado e Doutorado em F\u00edsico-Qu\u00edmica (IQ-USP), especializando-se em espectroscopia vibracional (Raman e FTIR) aplicada no estudo de bens do Patrim\u00f4nio Cultural. Nesse percurso, teve experi\u00eancia na caracteriza\u00e7\u00e3o de uma ampla gama de materiais no contexto de bens culturais, como no estudo de propriedades de pigmentos minerais, caracteriza\u00e7\u00e3o de materiais pict\u00f3ricos, investiga\u00e7\u00e3o de mecanismos de degrada\u00e7\u00e3o, e caracteriza\u00e7\u00e3o de argamassas de terra (arquitetura em terra). Realizou Doutorado Sandu\u00edche na Leicester University (Reino Unido) e est\u00e1gio de curta dura\u00e7\u00e3o no Laborat\u00f3rio de Heran\u00e7a Cultural, Estudos e Salvaguarda (HERCULES) da Universidade de \u00c9vora (Portugal). Atualmente, \u00e9 T\u00e9cnica Especialista e Laborat\u00f3rios no LabMicro e foi bolsista pelo Programa de Apoio \u00e0 Fixa\u00e7\u00e3o de Jovens Doutores da FAPESP\/CNPq, tamb\u00e9m no LabMicro, com o projeto de\u00a0 p\u00f3s-doutorado &#8220;Microarqueologia de fogueiras em contextos tropicais por microscopia FTIR em alta resolu\u00e7\u00e3o&#8221;. A pesquisa tem como principal objetivo desenvolver uma metodologia baseada em espectroscopia vibracional para a detec\u00e7\u00e3o de vest\u00edgios de queima em baixa temperatura para corroborar a ocorr\u00eancia de fogueiras antr\u00f3picas de dif\u00edcil detec\u00e7\u00e3o. Bachelor in Chemistry with an habilitation in Forensic Chemistry from the University [&#8230;]<\/p>\n","protected":false},"author":24403,"featured_media":0,"parent":0,"menu_order":0,"comment_status":"closed","ping_status":"closed","template":"page-full.php","meta":{"_monsterinsights_skip_tracking":false,"_monsterinsights_sitenote_active":false,"_monsterinsights_sitenote_note":"","_monsterinsights_sitenote_category":0,"footnotes":"","_links_to":"","_links_to_target":""},"class_list":["post-2489","page","type-page","status-publish","hentry"],"_links":{"self":[{"href":"https:\/\/sites.usp.br\/labmicro\/wp-json\/wp\/v2\/pages\/2489","targetHints":{"allow":["GET"]}}],"collection":[{"href":"https:\/\/sites.usp.br\/labmicro\/wp-json\/wp\/v2\/pages"}],"about":[{"href":"https:\/\/sites.usp.br\/labmicro\/wp-json\/wp\/v2\/types\/page"}],"author":[{"embeddable":true,"href":"https:\/\/sites.usp.br\/labmicro\/wp-json\/wp\/v2\/users\/24403"}],"replies":[{"embeddable":true,"href":"https:\/\/sites.usp.br\/labmicro\/wp-json\/wp\/v2\/comments?post=2489"}],"version-history":[{"count":4,"href":"https:\/\/sites.usp.br\/labmicro\/wp-json\/wp\/v2\/pages\/2489\/revisions"}],"predecessor-version":[{"id":2619,"href":"https:\/\/sites.usp.br\/labmicro\/wp-json\/wp\/v2\/pages\/2489\/revisions\/2619"}],"wp:attachment":[{"href":"https:\/\/sites.usp.br\/labmicro\/wp-json\/wp\/v2\/media?parent=2489"}],"curies":[{"name":"wp","href":"https:\/\/api.w.org\/{rel}","templated":true}]}}