{"id":2542,"date":"2025-08-08T12:30:43","date_gmt":"2025-08-08T15:30:43","guid":{"rendered":"https:\/\/sites.usp.br\/labmicro\/?page_id=2542"},"modified":"2025-08-13T14:59:08","modified_gmt":"2025-08-13T17:59:08","slug":"fabiola-cota","status":"publish","type":"page","link":"https:\/\/sites.usp.br\/labmicro\/fabiola-cota\/","title":{"rendered":"Fab\u00edola Cota"},"content":{"rendered":"<p><a href=\"https:\/\/sites.usp.br\/labmicro\/wp-content\/uploads\/sites\/471\/2025\/08\/CAU_2.jpg\"><img fetchpriority=\"high\" decoding=\"async\" class=\" wp-image-2545 alignleft\" src=\"https:\/\/sites.usp.br\/labmicro\/wp-content\/uploads\/sites\/471\/2025\/08\/CAU_2-300x225.jpg\" alt=\"\" width=\"277\" height=\"208\" data-id=\"2545\" srcset=\"https:\/\/sites.usp.br\/labmicro\/wp-content\/uploads\/sites\/471\/2025\/08\/CAU_2-300x225.jpg 300w, https:\/\/sites.usp.br\/labmicro\/wp-content\/uploads\/sites\/471\/2025\/08\/CAU_2-1024x768.jpg 1024w, https:\/\/sites.usp.br\/labmicro\/wp-content\/uploads\/sites\/471\/2025\/08\/CAU_2-768x576.jpg 768w, https:\/\/sites.usp.br\/labmicro\/wp-content\/uploads\/sites\/471\/2025\/08\/CAU_2-80x60.jpg 80w, https:\/\/sites.usp.br\/labmicro\/wp-content\/uploads\/sites\/471\/2025\/08\/CAU_2-400x300.jpg 400w, https:\/\/sites.usp.br\/labmicro\/wp-content\/uploads\/sites\/471\/2025\/08\/CAU_2.jpg 1280w\" sizes=\"(max-width: 277px) 100vw, 277px\" \/><\/a><\/p>\n<p>Mestranda do Programa de P\u00f3s-gradua\u00e7\u00e3o em Arqueologia do Museu de Arqueologia e Etnologia da Universidade de S\u00e3o Paulo. Integrante do Laborat\u00f3rio de Microarqueologia, desenvolve pesquisas arqueobot\u00e2nicas, na regi\u00e3o de Monte Alegre, Par\u00e1. Seu projeto de mestrado tem como objetivo indicar o uso de plantas pelas popula\u00e7\u00f5es que povoaram a Caverna da Pedra Pintada \u2013 um dos s\u00edtios mais antigos da Amaz\u00f4nia \u2013 e o s\u00edtio Cau\u00e7\u00fa, por meio da extra\u00e7\u00e3o, identifica\u00e7\u00e3o e an\u00e1lise de fit\u00f3litos.<\/p>\n<p><em>Master&#8217;s in the Program of Post-Graduation in Archaeology at the Museum of Archaeology and Etnology of the University of S\u00e3o Paulo. She&#8217;s a member of the Microarchaeology Laboratory, develops researches in archaebotany, in the region of Monte Alegre, Par\u00e1. Her master&#8217;s project aims to indicate the use of plants by the populations that populated the &#8220;Caverna da Pedra Pintada&#8221; &#8211; one of the most ancient sites of Amazon &#8211; and the site &#8220;Cau\u00e7\u00fa&#8221;, through extraction, identification and analysis of the phytoliths.<\/em><\/p>\n<p>&nbsp;<\/p>\n<p><a href=\"https:\/\/sites.usp.br\/labmicro\/wp-content\/uploads\/sites\/471\/2025\/08\/MTA_1.jpg\"><img decoding=\"async\" class=\"wp-image-2544 alignright\" src=\"https:\/\/sites.usp.br\/labmicro\/wp-content\/uploads\/sites\/471\/2025\/08\/MTA_1-793x1024.jpg\" alt=\"\" width=\"378\" height=\"488\" data-id=\"2544\" srcset=\"https:\/\/sites.usp.br\/labmicro\/wp-content\/uploads\/sites\/471\/2025\/08\/MTA_1-793x1024.jpg 793w, https:\/\/sites.usp.br\/labmicro\/wp-content\/uploads\/sites\/471\/2025\/08\/MTA_1-232x300.jpg 232w, https:\/\/sites.usp.br\/labmicro\/wp-content\/uploads\/sites\/471\/2025\/08\/MTA_1-768x991.jpg 768w, https:\/\/sites.usp.br\/labmicro\/wp-content\/uploads\/sites\/471\/2025\/08\/MTA_1-400x516.jpg 400w, https:\/\/sites.usp.br\/labmicro\/wp-content\/uploads\/sites\/471\/2025\/08\/MTA_1.jpg 991w\" sizes=\"(max-width: 378px) 100vw, 378px\" \/><\/a><\/p>\n<p><a href=\"https:\/\/sites.usp.br\/labmicro\/wp-content\/uploads\/sites\/471\/2025\/08\/CPP_1.jpg\"><img decoding=\"async\" class=\"wp-image-2546 alignleft\" src=\"https:\/\/sites.usp.br\/labmicro\/wp-content\/uploads\/sites\/471\/2025\/08\/CPP_1.jpg\" alt=\"\" width=\"509\" height=\"417\" data-id=\"2546\" srcset=\"https:\/\/sites.usp.br\/labmicro\/wp-content\/uploads\/sites\/471\/2025\/08\/CPP_1.jpg 824w, https:\/\/sites.usp.br\/labmicro\/wp-content\/uploads\/sites\/471\/2025\/08\/CPP_1-300x246.jpg 300w, https:\/\/sites.usp.br\/labmicro\/wp-content\/uploads\/sites\/471\/2025\/08\/CPP_1-768x629.jpg 768w, https:\/\/sites.usp.br\/labmicro\/wp-content\/uploads\/sites\/471\/2025\/08\/CPP_1-400x328.jpg 400w\" sizes=\"(max-width: 509px) 100vw, 509px\" \/><\/a><\/p>\n","protected":false},"excerpt":{"rendered":"<p>Mestranda do Programa de P\u00f3s-gradua\u00e7\u00e3o em Arqueologia do Museu de Arqueologia e Etnologia da Universidade de S\u00e3o Paulo. Integrante do Laborat\u00f3rio de Microarqueologia, desenvolve pesquisas arqueobot\u00e2nicas, na regi\u00e3o de Monte Alegre, Par\u00e1. Seu projeto de mestrado tem como objetivo indicar o uso de plantas pelas popula\u00e7\u00f5es que povoaram a Caverna da Pedra Pintada \u2013 um dos s\u00edtios mais antigos da Amaz\u00f4nia \u2013 e o s\u00edtio Cau\u00e7\u00fa, por meio da extra\u00e7\u00e3o, identifica\u00e7\u00e3o e an\u00e1lise de fit\u00f3litos. Master&#8217;s in the Program of Post-Graduation in Archaeology at the Museum of Archaeology and Etnology of the University of S\u00e3o Paulo. She&#8217;s a member of the Microarchaeology Laboratory, develops researches in archaebotany, in the region of Monte Alegre, Par\u00e1. Her master&#8217;s project aims to indicate the use of plants by the populations that populated the &#8220;Caverna da Pedra Pintada&#8221; &#8211; one of the most ancient sites of Amazon &#8211; and the site &#8220;Cau\u00e7\u00fa&#8221;, through extraction, identification and analysis of the phytoliths. &nbsp;<\/p>\n","protected":false},"author":24403,"featured_media":0,"parent":0,"menu_order":0,"comment_status":"closed","ping_status":"closed","template":"page-full.php","meta":{"_monsterinsights_skip_tracking":false,"_monsterinsights_sitenote_active":false,"_monsterinsights_sitenote_note":"","_monsterinsights_sitenote_category":0,"footnotes":"","_links_to":"","_links_to_target":""},"class_list":["post-2542","page","type-page","status-publish","hentry"],"_links":{"self":[{"href":"https:\/\/sites.usp.br\/labmicro\/wp-json\/wp\/v2\/pages\/2542","targetHints":{"allow":["GET"]}}],"collection":[{"href":"https:\/\/sites.usp.br\/labmicro\/wp-json\/wp\/v2\/pages"}],"about":[{"href":"https:\/\/sites.usp.br\/labmicro\/wp-json\/wp\/v2\/types\/page"}],"author":[{"embeddable":true,"href":"https:\/\/sites.usp.br\/labmicro\/wp-json\/wp\/v2\/users\/24403"}],"replies":[{"embeddable":true,"href":"https:\/\/sites.usp.br\/labmicro\/wp-json\/wp\/v2\/comments?post=2542"}],"version-history":[{"count":3,"href":"https:\/\/sites.usp.br\/labmicro\/wp-json\/wp\/v2\/pages\/2542\/revisions"}],"predecessor-version":[{"id":2557,"href":"https:\/\/sites.usp.br\/labmicro\/wp-json\/wp\/v2\/pages\/2542\/revisions\/2557"}],"wp:attachment":[{"href":"https:\/\/sites.usp.br\/labmicro\/wp-json\/wp\/v2\/media?parent=2542"}],"curies":[{"name":"wp","href":"https:\/\/api.w.org\/{rel}","templated":true}]}}