{"id":2552,"date":"2025-08-13T14:55:26","date_gmt":"2025-08-13T17:55:26","guid":{"rendered":"https:\/\/sites.usp.br\/labmicro\/?page_id=2552"},"modified":"2025-08-13T14:59:29","modified_gmt":"2025-08-13T17:59:29","slug":"cristian-olivares","status":"publish","type":"page","link":"https:\/\/sites.usp.br\/labmicro\/cristian-olivares\/","title":{"rendered":"Cristi\u00e1n Olivares"},"content":{"rendered":"<p><a href=\"https:\/\/sites.usp.br\/labmicro\/wp-content\/uploads\/sites\/471\/2025\/08\/cristian.jpg\"><img fetchpriority=\"high\" decoding=\"async\" class=\"size-medium wp-image-2553 alignleft\" src=\"https:\/\/sites.usp.br\/labmicro\/wp-content\/uploads\/sites\/471\/2025\/08\/cristian-225x300.jpg\" alt=\"\" width=\"225\" height=\"300\" data-id=\"2553\" srcset=\"https:\/\/sites.usp.br\/labmicro\/wp-content\/uploads\/sites\/471\/2025\/08\/cristian-225x300.jpg 225w, https:\/\/sites.usp.br\/labmicro\/wp-content\/uploads\/sites\/471\/2025\/08\/cristian-400x534.jpg 400w, https:\/\/sites.usp.br\/labmicro\/wp-content\/uploads\/sites\/471\/2025\/08\/cristian.jpg 427w\" sizes=\"(max-width: 225px) 100vw, 225px\" \/><\/a><\/p>\n<p><a href=\"mailto:cristian.olivares1989@usp.br\">cristian.olivares1989@usp.br<\/a> \u2013 Laborat\u00f3rio de Microarqueologia (LabMicro)\/Arqueobot\u00e2nica<\/p>\n<p>&nbsp;<\/p>\n<p>Graduado em Hist\u00f3ria (2011), com especializa\u00e7\u00e3o em Pedagogia para Profissionais (2015) pela Universidad Alberto Hurtado (Chile) e Mestre em Arqueologia pela Universidade Federal de Sergipe (2018). Em seu mestrado trabalhou com an\u00e1lises iconogr\u00e1ficas em cole\u00e7\u00f5es de caba\u00e7as pirogravadas do Norte do Chile durante o Per\u00edodo Intermedi\u00e1rio Tardio (1000 \u2013 1430 EC) e sua rela\u00e7\u00e3o com ente\u00f3genos no registro arqueol\u00f3gico andino.<\/p>\n<p>Atualmente, em seu doutorado investiga a presen\u00e7a de microvest\u00edgios bot\u00e2nicos (gr\u00e3os de amido) dos res\u00edduos aderidos \u00e0s paredes internas e fundo de caba\u00e7as pirografadas (<em>Lagenaria siceraria<\/em>) provenientes do Deserto do Atacama, Chile. Sua an\u00e1lise visa identificar as plantas e subst\u00e2ncias existentes no interior das caba\u00e7as oriundas de diferentes comunidades (<em>ayllus<\/em>), para entender seus usos e formas de sociabilidade na vida cotidiana e\/ou ritual.<\/p>\n<div id=\"attachment_2554\" style=\"width: 234px\" class=\"wp-caption alignright\"><a href=\"https:\/\/sites.usp.br\/labmicro\/wp-content\/uploads\/sites\/471\/2025\/08\/cristian-2.jpg\"><img decoding=\"async\" aria-describedby=\"caption-attachment-2554\" class=\"size-full wp-image-2554\" src=\"https:\/\/sites.usp.br\/labmicro\/wp-content\/uploads\/sites\/471\/2025\/08\/cristian-2.jpg\" alt=\"\" width=\"224\" height=\"298\" data-id=\"2554\" \/><\/a><p id=\"caption-attachment-2554\" class=\"wp-caption-text\">Mirante do Pukar\u00e1 de Quitor, vista do R\u00edo Loa &#8211; San Pedro de Atacama, Chile.<\/p><\/div>\n<p><em>Graduated in History (2011) and in Pedagogy for Professionals (2015) from Alberto Hurtado University (Chile). Master&#8217;s degree in Archaeology from the Federal University of Sergipe (2018). For his master&#8217;s degree, he analyzed iconographic collections of pyrographed gourds from Northern Chile during the Late Intermediate Period (1000\u20131430 CE) and their relationship with entheogens in the Andean archaeological record.<\/em><\/p>\n<p><em>Currently, his doctoral thesis is investigating the presence of botanical microtraces (starch grains) from residues adhered to the interior walls and bottoms of pyrographed gourds (Lagenaria siceraria) from the Atacama Desert, Chile. His analysis aims to identify the plants and substances found inside the gourds from different communities (ayllus) to understand their uses and forms of sociability in daily life and\/or ritual.<\/em><\/p>\n","protected":false},"excerpt":{"rendered":"<p>cristian.olivares1989@usp.br \u2013 Laborat\u00f3rio de Microarqueologia (LabMicro)\/Arqueobot\u00e2nica &nbsp; Graduado em Hist\u00f3ria (2011), com especializa\u00e7\u00e3o em Pedagogia para Profissionais (2015) pela Universidad Alberto Hurtado (Chile) e Mestre em Arqueologia pela Universidade Federal de Sergipe (2018). Em seu mestrado trabalhou com an\u00e1lises iconogr\u00e1ficas em cole\u00e7\u00f5es de caba\u00e7as pirogravadas do Norte do Chile durante o Per\u00edodo Intermedi\u00e1rio Tardio (1000 \u2013 1430 EC) e sua rela\u00e7\u00e3o com ente\u00f3genos no registro arqueol\u00f3gico andino. Atualmente, em seu doutorado investiga a presen\u00e7a de microvest\u00edgios bot\u00e2nicos (gr\u00e3os de amido) dos res\u00edduos aderidos \u00e0s paredes internas e fundo de caba\u00e7as pirografadas (Lagenaria siceraria) provenientes do Deserto do Atacama, Chile. Sua an\u00e1lise visa identificar as plantas e subst\u00e2ncias existentes no interior das caba\u00e7as oriundas de diferentes comunidades (ayllus), para entender seus usos e formas de sociabilidade na vida cotidiana e\/ou ritual. Mirante do Pukar\u00e1 de Quitor, vista do R\u00edo Loa &#8211; San Pedro de Atacama, Chile. Graduated in History (2011) and in Pedagogy for Professionals (2015) from Alberto Hurtado University (Chile). Master&#8217;s degree in Archaeology from the Federal University of Sergipe (2018). For his master&#8217;s degree, he analyzed iconographic collections of pyrographed gourds from Northern Chile during the Late Intermediate Period (1000\u20131430 CE) and their relationship with entheogens in the Andean [&#8230;]<\/p>\n","protected":false},"author":24403,"featured_media":0,"parent":0,"menu_order":0,"comment_status":"closed","ping_status":"closed","template":"page-full.php","meta":{"_monsterinsights_skip_tracking":false,"_monsterinsights_sitenote_active":false,"_monsterinsights_sitenote_note":"","_monsterinsights_sitenote_category":0,"footnotes":"","_links_to":"","_links_to_target":""},"class_list":["post-2552","page","type-page","status-publish","hentry"],"_links":{"self":[{"href":"https:\/\/sites.usp.br\/labmicro\/wp-json\/wp\/v2\/pages\/2552","targetHints":{"allow":["GET"]}}],"collection":[{"href":"https:\/\/sites.usp.br\/labmicro\/wp-json\/wp\/v2\/pages"}],"about":[{"href":"https:\/\/sites.usp.br\/labmicro\/wp-json\/wp\/v2\/types\/page"}],"author":[{"embeddable":true,"href":"https:\/\/sites.usp.br\/labmicro\/wp-json\/wp\/v2\/users\/24403"}],"replies":[{"embeddable":true,"href":"https:\/\/sites.usp.br\/labmicro\/wp-json\/wp\/v2\/comments?post=2552"}],"version-history":[{"count":2,"href":"https:\/\/sites.usp.br\/labmicro\/wp-json\/wp\/v2\/pages\/2552\/revisions"}],"predecessor-version":[{"id":2558,"href":"https:\/\/sites.usp.br\/labmicro\/wp-json\/wp\/v2\/pages\/2552\/revisions\/2558"}],"wp:attachment":[{"href":"https:\/\/sites.usp.br\/labmicro\/wp-json\/wp\/v2\/media?parent=2552"}],"curies":[{"name":"wp","href":"https:\/\/api.w.org\/{rel}","templated":true}]}}