{"id":2587,"date":"2025-09-01T11:43:40","date_gmt":"2025-09-01T14:43:40","guid":{"rendered":"https:\/\/sites.usp.br\/labmicro\/?page_id=2587"},"modified":"2025-09-01T11:45:23","modified_gmt":"2025-09-01T14:45:23","slug":"curadoria-curatorship","status":"publish","type":"page","link":"https:\/\/sites.usp.br\/labmicro\/curadoria-curatorship\/","title":{"rendered":"Curadoria\/ Curatorship"},"content":{"rendered":"<p>O LabMicro conta um espa\u00e7o exclusivamente reservado para curadoria de materiais arqueol\u00f3gicos. O espa\u00e7o conta com peneiras granulom\u00e9tricas, pias para lavagem de materiais, estruturas de secagem e balan\u00e7as.<\/p>\n<p><a href=\"https:\/\/sites.usp.br\/labmicro\/wp-content\/uploads\/sites\/471\/2025\/09\/IMG_3641-scaled.jpg\"><img fetchpriority=\"high\" decoding=\"async\" class=\"size-medium wp-image-2574 alignleft\" src=\"https:\/\/sites.usp.br\/labmicro\/wp-content\/uploads\/sites\/471\/2025\/09\/IMG_3641-300x225.jpg\" alt=\"\" width=\"300\" height=\"225\" data-id=\"2574\" srcset=\"https:\/\/sites.usp.br\/labmicro\/wp-content\/uploads\/sites\/471\/2025\/09\/IMG_3641-300x225.jpg 300w, https:\/\/sites.usp.br\/labmicro\/wp-content\/uploads\/sites\/471\/2025\/09\/IMG_3641-1024x768.jpg 1024w, https:\/\/sites.usp.br\/labmicro\/wp-content\/uploads\/sites\/471\/2025\/09\/IMG_3641-768x576.jpg 768w, https:\/\/sites.usp.br\/labmicro\/wp-content\/uploads\/sites\/471\/2025\/09\/IMG_3641-1536x1152.jpg 1536w, https:\/\/sites.usp.br\/labmicro\/wp-content\/uploads\/sites\/471\/2025\/09\/IMG_3641-2048x1536.jpg 2048w, https:\/\/sites.usp.br\/labmicro\/wp-content\/uploads\/sites\/471\/2025\/09\/IMG_3641-80x60.jpg 80w, https:\/\/sites.usp.br\/labmicro\/wp-content\/uploads\/sites\/471\/2025\/09\/IMG_3641-400x300.jpg 400w\" sizes=\"(max-width: 300px) 100vw, 300px\" \/><\/a><a href=\"https:\/\/sites.usp.br\/labmicro\/wp-content\/uploads\/sites\/471\/2025\/09\/IMG_3645-scaled.jpg\"><img decoding=\"async\" class=\"size-medium wp-image-2576 alignleft\" src=\"https:\/\/sites.usp.br\/labmicro\/wp-content\/uploads\/sites\/471\/2025\/09\/IMG_3645-300x225.jpg\" alt=\"\" width=\"300\" height=\"225\" data-id=\"2576\" srcset=\"https:\/\/sites.usp.br\/labmicro\/wp-content\/uploads\/sites\/471\/2025\/09\/IMG_3645-300x225.jpg 300w, https:\/\/sites.usp.br\/labmicro\/wp-content\/uploads\/sites\/471\/2025\/09\/IMG_3645-1024x768.jpg 1024w, https:\/\/sites.usp.br\/labmicro\/wp-content\/uploads\/sites\/471\/2025\/09\/IMG_3645-768x576.jpg 768w, https:\/\/sites.usp.br\/labmicro\/wp-content\/uploads\/sites\/471\/2025\/09\/IMG_3645-1536x1152.jpg 1536w, https:\/\/sites.usp.br\/labmicro\/wp-content\/uploads\/sites\/471\/2025\/09\/IMG_3645-2048x1536.jpg 2048w, https:\/\/sites.usp.br\/labmicro\/wp-content\/uploads\/sites\/471\/2025\/09\/IMG_3645-80x60.jpg 80w, https:\/\/sites.usp.br\/labmicro\/wp-content\/uploads\/sites\/471\/2025\/09\/IMG_3645-400x300.jpg 400w\" sizes=\"(max-width: 300px) 100vw, 300px\" \/><\/a><\/p>\n<p>&nbsp;<\/p>\n<p>&nbsp;<\/p>\n<p>&nbsp;<\/p>\n<p>&nbsp;<\/p>\n<p>&nbsp;<\/p>\n<p>&nbsp;<\/p>\n<p><em>LabMicro has a space exclusively reserved for the curation of archaeological materials. The space is equipped with sieves, sinks for washing materials, drying structures, and scales.<\/em><\/p>\n","protected":false},"excerpt":{"rendered":"<p>O LabMicro conta um espa\u00e7o exclusivamente reservado para curadoria de materiais arqueol\u00f3gicos. O espa\u00e7o conta com peneiras granulom\u00e9tricas, pias para lavagem de materiais, estruturas de secagem e balan\u00e7as. &nbsp; &nbsp; &nbsp; &nbsp; &nbsp; &nbsp; LabMicro has a space exclusively reserved for the curation of archaeological materials. The space is equipped with sieves, sinks for washing materials, drying structures, and scales.<\/p>\n","protected":false},"author":845,"featured_media":0,"parent":0,"menu_order":0,"comment_status":"closed","ping_status":"closed","template":"page-full.php","meta":{"_monsterinsights_skip_tracking":false,"_monsterinsights_sitenote_active":false,"_monsterinsights_sitenote_note":"","_monsterinsights_sitenote_category":0,"footnotes":"","_links_to":"","_links_to_target":""},"class_list":["post-2587","page","type-page","status-publish","hentry"],"_links":{"self":[{"href":"https:\/\/sites.usp.br\/labmicro\/wp-json\/wp\/v2\/pages\/2587","targetHints":{"allow":["GET"]}}],"collection":[{"href":"https:\/\/sites.usp.br\/labmicro\/wp-json\/wp\/v2\/pages"}],"about":[{"href":"https:\/\/sites.usp.br\/labmicro\/wp-json\/wp\/v2\/types\/page"}],"author":[{"embeddable":true,"href":"https:\/\/sites.usp.br\/labmicro\/wp-json\/wp\/v2\/users\/845"}],"replies":[{"embeddable":true,"href":"https:\/\/sites.usp.br\/labmicro\/wp-json\/wp\/v2\/comments?post=2587"}],"version-history":[{"count":1,"href":"https:\/\/sites.usp.br\/labmicro\/wp-json\/wp\/v2\/pages\/2587\/revisions"}],"predecessor-version":[{"id":2588,"href":"https:\/\/sites.usp.br\/labmicro\/wp-json\/wp\/v2\/pages\/2587\/revisions\/2588"}],"wp:attachment":[{"href":"https:\/\/sites.usp.br\/labmicro\/wp-json\/wp\/v2\/media?parent=2587"}],"curies":[{"name":"wp","href":"https:\/\/api.w.org\/{rel}","templated":true}]}}