{"id":2603,"date":"2025-10-22T16:50:31","date_gmt":"2025-10-22T19:50:31","guid":{"rendered":"https:\/\/sites.usp.br\/labmicro\/?page_id=2603"},"modified":"2025-10-22T16:55:51","modified_gmt":"2025-10-22T19:55:51","slug":"sara-reed","status":"publish","type":"page","link":"https:\/\/sites.usp.br\/labmicro\/sara-reed\/","title":{"rendered":"Sara Eliana Reed"},"content":{"rendered":"<p>Graduada em Arqueologia (2022) pela Barnard College de Columbia University, Sara tem uma forma\u00e7\u00e3o em trabalhos de contrato no Noroeste Pac\u00edfico e projetos colaborativos no Sudoeste dos EUA, com \u00eanfase em forma\u00e7\u00e3o e manejo de paisagens ind\u00edgenas.<\/p>\n<p>Em seu mestrado, Sara trabalha com a agrofloresta da Amaz\u00f4nia do Holoceno M\u00e9dio e Tardio, investigando o papel do fogo no manejo de plantas e a cria\u00e7\u00e3o das florestas e paisagens antr\u00f3picas. O projeto dela analisa os restos de fogo, tamb\u00e9m conhecidos como &#8220;sinais de queima&#8221;, preservados nas terras pretas ind\u00edgenas (TPI) do s\u00edtio Teot\u00f4nio no Alto Rio Madeira (RO).<\/p>\n<div><i>With a bachelor&#8217;s degree in archaeology from Barnard College of Columbia University (2022), Sara has worked between contract jobs in the Pacific Northwest and collaborative projects in the Southwestern United States, with a focus on Indigenous landscape-making and stewardship. For her masters project, Sara studies the agroforestry of the Amazon of the mid- to late Holocene, examining the role of fire in the management of plants and the formation of anthropogenic forests and landscapes. Her work analyzes the fire byproducts, or &#8220;fire signals,&#8221; preserved in the Amazonian Dark Earths (ADEs) of the Teot\u00f4nio archaeological site on the Upper Madeira River (state\u00a0of\u00a0Rond\u00f4nia).<\/i><\/div>\n<div><\/div>\n<div>\n<div id=\"attachment_2604\" style=\"width: 310px\" class=\"wp-caption alignleft\"><a href=\"https:\/\/sites.usp.br\/labmicro\/wp-content\/uploads\/sites\/471\/2025\/10\/Teotonio.jpg\"><img fetchpriority=\"high\" decoding=\"async\" aria-describedby=\"caption-attachment-2604\" class=\"size-medium wp-image-2604\" src=\"https:\/\/sites.usp.br\/labmicro\/wp-content\/uploads\/sites\/471\/2025\/10\/Teotonio-300x270.jpg\" alt=\"\" width=\"300\" height=\"270\" data-id=\"2604\" srcset=\"https:\/\/sites.usp.br\/labmicro\/wp-content\/uploads\/sites\/471\/2025\/10\/Teotonio-300x270.jpg 300w, https:\/\/sites.usp.br\/labmicro\/wp-content\/uploads\/sites\/471\/2025\/10\/Teotonio-1024x922.jpg 1024w, https:\/\/sites.usp.br\/labmicro\/wp-content\/uploads\/sites\/471\/2025\/10\/Teotonio-768x691.jpg 768w, https:\/\/sites.usp.br\/labmicro\/wp-content\/uploads\/sites\/471\/2025\/10\/Teotonio-400x360.jpg 400w, https:\/\/sites.usp.br\/labmicro\/wp-content\/uploads\/sites\/471\/2025\/10\/Teotonio.jpg 1080w\" sizes=\"(max-width: 300px) 100vw, 300px\" \/><\/a><p id=\"caption-attachment-2604\" class=\"wp-caption-text\">Escava\u00e7\u00e3o no s\u00edtio Teot\u00f4nio (RO) em 2025<\/p><\/div>\n<div id=\"attachment_2605\" style=\"width: 238px\" class=\"wp-caption alignright\"><a href=\"https:\/\/sites.usp.br\/labmicro\/wp-content\/uploads\/sites\/471\/2025\/10\/Texas.jpg\"><img decoding=\"async\" aria-describedby=\"caption-attachment-2605\" class=\"size-medium wp-image-2605\" src=\"https:\/\/sites.usp.br\/labmicro\/wp-content\/uploads\/sites\/471\/2025\/10\/Texas-228x300.jpg\" alt=\"\" width=\"228\" height=\"300\" data-id=\"2605\" srcset=\"https:\/\/sites.usp.br\/labmicro\/wp-content\/uploads\/sites\/471\/2025\/10\/Texas-228x300.jpg 228w, https:\/\/sites.usp.br\/labmicro\/wp-content\/uploads\/sites\/471\/2025\/10\/Texas-778x1024.jpg 778w, https:\/\/sites.usp.br\/labmicro\/wp-content\/uploads\/sites\/471\/2025\/10\/Texas-768x1011.jpg 768w, https:\/\/sites.usp.br\/labmicro\/wp-content\/uploads\/sites\/471\/2025\/10\/Texas-1167x1536.jpg 1167w, https:\/\/sites.usp.br\/labmicro\/wp-content\/uploads\/sites\/471\/2025\/10\/Texas-400x526.jpg 400w, https:\/\/sites.usp.br\/labmicro\/wp-content\/uploads\/sites\/471\/2025\/10\/Texas.jpg 1215w\" sizes=\"(max-width: 228px) 100vw, 228px\" \/><\/a><p id=\"caption-attachment-2605\" class=\"wp-caption-text\">Prospec\u00e7\u00e3o no Texas Panhandle (EUA)<\/p><\/div>\n<\/div>\n","protected":false},"excerpt":{"rendered":"<p>Graduada em Arqueologia (2022) pela Barnard College de Columbia University, Sara tem uma forma\u00e7\u00e3o em trabalhos de contrato no Noroeste Pac\u00edfico e projetos colaborativos no Sudoeste dos EUA, com \u00eanfase em forma\u00e7\u00e3o e manejo de paisagens ind\u00edgenas. Em seu mestrado, Sara trabalha com a agrofloresta da Amaz\u00f4nia do Holoceno M\u00e9dio e Tardio, investigando o papel do fogo no manejo de plantas e a cria\u00e7\u00e3o das florestas e paisagens antr\u00f3picas. O projeto dela analisa os restos de fogo, tamb\u00e9m conhecidos como &#8220;sinais de queima&#8221;, preservados nas terras pretas ind\u00edgenas (TPI) do s\u00edtio Teot\u00f4nio no Alto Rio Madeira (RO). With a bachelor&#8217;s degree in archaeology from Barnard College of Columbia University (2022), Sara has worked between contract jobs in the Pacific Northwest and collaborative projects in the Southwestern United States, with a focus on Indigenous landscape-making and stewardship. For her masters project, Sara studies the agroforestry of the Amazon of the mid- to late Holocene, examining the role of fire in the management of plants and the formation of anthropogenic forests and landscapes. Her work analyzes the fire byproducts, or &#8220;fire signals,&#8221; preserved in the Amazonian Dark Earths (ADEs) of the Teot\u00f4nio archaeological site on the Upper Madeira River (state\u00a0of\u00a0Rond\u00f4nia). Escava\u00e7\u00e3o no [&#8230;]<\/p>\n","protected":false},"author":24403,"featured_media":0,"parent":0,"menu_order":0,"comment_status":"closed","ping_status":"closed","template":"page-full.php","meta":{"_monsterinsights_skip_tracking":false,"_monsterinsights_sitenote_active":false,"_monsterinsights_sitenote_note":"","_monsterinsights_sitenote_category":0,"footnotes":"","_links_to":"","_links_to_target":""},"class_list":["post-2603","page","type-page","status-publish","hentry"],"_links":{"self":[{"href":"https:\/\/sites.usp.br\/labmicro\/wp-json\/wp\/v2\/pages\/2603","targetHints":{"allow":["GET"]}}],"collection":[{"href":"https:\/\/sites.usp.br\/labmicro\/wp-json\/wp\/v2\/pages"}],"about":[{"href":"https:\/\/sites.usp.br\/labmicro\/wp-json\/wp\/v2\/types\/page"}],"author":[{"embeddable":true,"href":"https:\/\/sites.usp.br\/labmicro\/wp-json\/wp\/v2\/users\/24403"}],"replies":[{"embeddable":true,"href":"https:\/\/sites.usp.br\/labmicro\/wp-json\/wp\/v2\/comments?post=2603"}],"version-history":[{"count":1,"href":"https:\/\/sites.usp.br\/labmicro\/wp-json\/wp\/v2\/pages\/2603\/revisions"}],"predecessor-version":[{"id":2606,"href":"https:\/\/sites.usp.br\/labmicro\/wp-json\/wp\/v2\/pages\/2603\/revisions\/2606"}],"wp:attachment":[{"href":"https:\/\/sites.usp.br\/labmicro\/wp-json\/wp\/v2\/media?parent=2603"}],"curies":[{"name":"wp","href":"https:\/\/api.w.org\/{rel}","templated":true}]}}