{"id":2627,"date":"2026-05-13T12:10:18","date_gmt":"2026-05-13T15:10:18","guid":{"rendered":"https:\/\/sites.usp.br\/labmicro\/?page_id=2627"},"modified":"2026-05-15T15:20:52","modified_gmt":"2026-05-15T18:20:52","slug":"2025-2","status":"publish","type":"page","link":"https:\/\/sites.usp.br\/labmicro\/2025-2\/","title":{"rendered":"2025"},"content":{"rendered":"<div class=\"artigo-completo\">\n<div class=\"layout-cell layout-cell-11\"><span class=\"transform\">Bentley, Mckenzie R. ; Becerra-Valdivia, Lorena ; Kater, Thiago ; Furquim, Laura Pereira ; <b>Watling, Jennifer<\/b> ; Almeida, Fernando ; Brand\u00e3o, Kelly ; Chivall, David ; Pereira Pinheiro, Nat\u00e1lya Cristiana ; Linscott, Bethan ; Ma, Qian ; Mongel\u00f3, Guilherme ; Shock, Myrtle P. ; Sawakuchi, Andr\u00e9 Oliveira ; Mayle, Francis ; G\u00f3es Neves, Eduardo ; Bronk Ramsey, Christopher . Redefining SW Amazonian chronologies and pottery use at the Teot\u00f4nio site. Journal of Archaeological Science, v. 183, p. 106393, 2025.<\/span><\/div>\n<\/div>\n<div class=\"artigo-completo\">\n<div class=\"layout-cell layout-cell-11\"><span class=\"transform\">Lombardo, Umberto ; Hilbert, Lautaro ; Bentley, Mckenzie ; Bronk Ramsey, Christopher ; Dudgeon, Kate ; Gaitan-Roca, Albert ; Iriarte, Jos\u00e9 ; Mej\u00eda Ram\u00f3n, Andr\u00e9s G. ; Quezada, Sergio ; Raczka, Marco ; <b>Watling, Jennifer G.<\/b> ; Neves, Eduardo ; Mayle, Francis . Maize monoculture supported pre-Columbian urbanism in southwestern Amazonia. Nature, v. 639, p. 119-123, 2025.<\/span><\/div>\n<\/div>\n<p>Cleghorn, Naomi E. ; <strong>Villagr\u00e1n, Ximena<\/strong> ; Saktura, Rosaria B.K. ; Jacobs, Zenobia . Knysna Eastern Heads Cave 1 &#8211; Stratigraphy, chronology, and archaeological find density from MIS 3 to MIS 1 on the edge of the Palaeo-Agulhas Plain (south coast, South Africa). Quaternary Science Reviews, v. 351, p. 109180, 2025.<\/p>\n<p>Valadares Costa, Henrique Ant\u00f4nio ; <strong>Villagr\u00e1n, Ximena<\/strong> . Arqueologia dos Botocudos no Esp\u00edrito Santo. Revista de Arqueologia (Sociedade de Arqueologia Brasileira. Impresso), v. 38, p. 50-74, 2025.<\/p>\n<p>Colonese, Andre Carlo ; Mcgrath, Krista Michelle ; Fossile, Thiago ; Toso, Alice ; Bandeira, Dione da Rocha ; Monter, Tatiane Kuss da Silveira ; <strong>Villagr\u00e1n, Ximena Suarez<\/strong> ; Iriarte, Jos\u00e9 ; Ferreira, Jessica ; S\u00e1, Julio Cesar de Cesar ; Borba, Fernanda Mara ; Alves, Maria Cristina ; Veiga, Roberta Meyer. New insights into the formation process and chronology of the Sambaqui Morro do Ouro, Joinville, Santa Catarina, Brazil. Boletim do Museu Paraense Em\u00edlio Goeldi. s\u00e9rie Ci\u00eancias Humanas, v. 20, p. e20240031, 2025.<\/p>\n<p><strong>Villagr\u00e1n, Ximena Suarez<\/strong>; Brand\u00e3o, Kelly ; Mariano, Mayara ; Batalla, Nicol\u00e1s ; Silva, Rosicler Theodoro da ; Rubin, J\u00falio Cezar Rubin de ; Tizuka, Michelle Mayumi . Apresenta\u00e7\u00e3o do dossi\u00ea &#8211; Vis\u00f5es da geoarqueologia na Am\u00e9rica Latina: trabalhos apresentados no 10\u00b0 DIG-GEGAL-. Revista do Museu de Arqueologia e Etnologia, v. 44, p. 1-5, 2025.<\/p>\n<p>Brand\u00e3o, Kelly ; Furquim, Laura ; Cangussu, Daniel ; Strauss, Andr\u00e9 ; Mendes dos Santos, Gilton; Neves, Eduardo Goes ; <strong>Villagran, Ximena S<\/strong>. . Multidimensional analysis of indigenous bread from the Brazilian Amazon. Frontiers in Environmental Archaeology, v. 4, p. fearc.2025.1631, 2025.<\/p>\n","protected":false},"excerpt":{"rendered":"<p>Bentley, Mckenzie R. ; Becerra-Valdivia, Lorena ; Kater, Thiago ; Furquim, Laura Pereira ; Watling, Jennifer ; Almeida, Fernando ; Brand\u00e3o, Kelly ; Chivall, David ; Pereira Pinheiro, Nat\u00e1lya Cristiana ; Linscott, Bethan ; Ma, Qian ; Mongel\u00f3, Guilherme ; Shock, Myrtle P. ; Sawakuchi, Andr\u00e9 Oliveira ; Mayle, Francis ; G\u00f3es Neves, Eduardo ; Bronk Ramsey, Christopher . Redefining SW Amazonian chronologies and pottery use at the Teot\u00f4nio site. Journal of Archaeological Science, v. 183, p. 106393, 2025. Lombardo, Umberto ; Hilbert, Lautaro ; Bentley, Mckenzie ; Bronk Ramsey, Christopher ; Dudgeon, Kate ; Gaitan-Roca, Albert ; Iriarte, Jos\u00e9 ; Mej\u00eda Ram\u00f3n, Andr\u00e9s G. ; Quezada, Sergio ; Raczka, Marco ; Watling, Jennifer G. ; Neves, Eduardo ; Mayle, Francis . Maize monoculture supported pre-Columbian urbanism in southwestern Amazonia. Nature, v. 639, p. 119-123, 2025. Cleghorn, Naomi E. ; Villagr\u00e1n, Ximena ; Saktura, Rosaria B.K. ; Jacobs, Zenobia . Knysna Eastern Heads Cave 1 &#8211; Stratigraphy, chronology, and archaeological find density from MIS 3 to MIS 1 on the edge of the Palaeo-Agulhas Plain (south coast, South Africa). Quaternary Science Reviews, v. 351, p. 109180, 2025. Valadares Costa, Henrique Ant\u00f4nio ; Villagr\u00e1n, Ximena . Arqueologia dos Botocudos no Esp\u00edrito [&#8230;]<\/p>\n","protected":false},"author":24403,"featured_media":0,"parent":0,"menu_order":0,"comment_status":"closed","ping_status":"closed","template":"","meta":{"_monsterinsights_skip_tracking":false,"_monsterinsights_sitenote_active":false,"_monsterinsights_sitenote_note":"","_monsterinsights_sitenote_category":0,"footnotes":"","_links_to":"","_links_to_target":""},"class_list":["post-2627","page","type-page","status-publish","hentry"],"_links":{"self":[{"href":"https:\/\/sites.usp.br\/labmicro\/wp-json\/wp\/v2\/pages\/2627","targetHints":{"allow":["GET"]}}],"collection":[{"href":"https:\/\/sites.usp.br\/labmicro\/wp-json\/wp\/v2\/pages"}],"about":[{"href":"https:\/\/sites.usp.br\/labmicro\/wp-json\/wp\/v2\/types\/page"}],"author":[{"embeddable":true,"href":"https:\/\/sites.usp.br\/labmicro\/wp-json\/wp\/v2\/users\/24403"}],"replies":[{"embeddable":true,"href":"https:\/\/sites.usp.br\/labmicro\/wp-json\/wp\/v2\/comments?post=2627"}],"version-history":[{"count":4,"href":"https:\/\/sites.usp.br\/labmicro\/wp-json\/wp\/v2\/pages\/2627\/revisions"}],"predecessor-version":[{"id":2632,"href":"https:\/\/sites.usp.br\/labmicro\/wp-json\/wp\/v2\/pages\/2627\/revisions\/2632"}],"wp:attachment":[{"href":"https:\/\/sites.usp.br\/labmicro\/wp-json\/wp\/v2\/media?parent=2627"}],"curies":[{"name":"wp","href":"https:\/\/api.w.org\/{rel}","templated":true}]}}