{"id":819,"date":"2019-11-06T16:19:38","date_gmt":"2019-11-06T19:19:38","guid":{"rendered":"http:\/\/sites.usp.br\/labmicro\/?page_id=819"},"modified":"2026-03-05T11:32:40","modified_gmt":"2026-03-05T14:32:40","slug":"equipe","status":"publish","type":"page","link":"https:\/\/sites.usp.br\/labmicro\/equipe\/","title":{"rendered":"Equipe \/ Team"},"content":{"rendered":"<h4><strong>Coordenadora da \u00e1rea de Geoarqueologia e Petrografia Cer\u00e2mica \/ Geoarchaeology and Ceramic Petrography:\u00a0<\/strong><\/h4>\n<p><a href=\"http:\/\/sites.usp.br\/labmicro\/ximena-s-villagran\/\">Profa. Dra. Ximena S. Villagran<\/a><\/p>\n<h4><strong>Coordenadora da \u00e1rea de Arqueobot\u00e2nica \/ Archaeobotany:<\/strong><\/h4>\n<p><a href=\"https:\/\/sites.usp.br\/labmicro\/jennifer-watling\/\">Profa. Dra. Jennifer Watling<\/a><\/p>\n<h4>T\u00e9cnica do Laborat\u00f3rio<\/h4>\n<p><a href=\"https:\/\/sites.usp.br\/labmicro\/isabela-sodre\/\">Dra. Isabela Sodr\u00e9<\/a><\/p>\n<h4>Professores Seniores \/ Senior Professors:<\/h4>\n<p><a href=\"https:\/\/sites.usp.br\/labmicro\/?page_id=2502&amp;preview=true\">Profa. Dra. Dalva L. A. de Faria<\/a><\/p>\n<h4><strong>P\u00f3s-doutorado \/ Post-doctorate researchers<br \/>\n<\/strong><\/h4>\n<ul>\n<li><a href=\"https:\/\/sites.usp.br\/labmicro\/nicolas-batalla\/\">Nicol\u00e1s Batalla<\/a><\/li>\n<li>Sonia Domingos Pom<\/li>\n<\/ul>\n<h4 style=\"text-align: left;\"><strong>Doutorado \/ Ph.D. students:<\/strong><\/h4>\n<ul>\n<li><a href=\"http:\/\/sites.usp.br\/labmicro\/carla-bica\/\">Carla Bica<\/a><\/li>\n<\/ul>\n<div class=\"page\" title=\"Page 1\">\n<div class=\"layoutArea\">\n<div class=\"column\">\n<p>Perspectivas culturales y ambientales integradoras de las tierras bajas del litoral atla\u0301ntico meridional: la pesca entre los grupos constructores de monti\u0301culos del este de Uruguay y sur de Brasil (Holoceno medio y tardi\u0301o). <em>Orientadora: Ximena S. Villagran<\/em><\/p>\n<\/div>\n<\/div>\n<\/div>\n<ul>\n<li><a href=\"http:\/\/sites.usp.br\/labmicro\/daniela-ortega\/\">Daniela Ortega<\/a><\/li>\n<\/ul>\n<div class=\"page\" title=\"Page 1\">\n<div class=\"layoutArea\">\n<div class=\"column\">\n<p>Arqueobot\u00e2nica no Brasil Central: o uso e processamento de recursos bot\u00e2nicos por sociedades no Cerrado. <em>Orientadores: Marco Madella (UPF-Barcelona), Ximena S. Villagran<\/em><\/p>\n<p><em>Archaeobotany in Central Brazil: the use and processing of botanical resources by cerrado societies. Supervisors: Marco Madella (UPF-Barcelona), Ximena S. Villagran<\/em><\/p>\n<ul>\n<li><a href=\"https:\/\/sites.usp.br\/labmicro\/keyla-m-r-frazao\/\">Keyla M.R. Fraz\u00e3o<\/a><\/li>\n<\/ul>\n<p>Entre uniformidades e heterogeneidades: arqueometria aplicada ao estudo da cer\u00e2mica Arist\u00e9 na Costa Atl\u00e2ntica do Amap\u00e1. <em>Orientadora: Ximena S. Villagran<\/em><\/p>\n<p><em>Between uniformities and heterogeneities: archeometry applied to the study of Arist\u00e9 ceramics on the Atlantic Coast of Amap\u00e1. Supervisor: Ximena S. Villagran<\/em><\/p>\n<ul>\n<li><a href=\"https:\/\/sites.usp.br\/labmicro\/gabriela-oppitz\/\">Gabriela Oppitz<\/a><\/li>\n<\/ul>\n<p>Os sambaquis na hist\u00f3ria ind\u00edgena: articulando passado e presente no litoral catarinense. <em>Orientadora: Ximena S. Villagran<\/em><\/p>\n<p><em>The sambaquis in indigenous history: articulating past and present in the coast Santa Catarina. Supervisor: Ximena S. Villagran<br \/>\n<\/em><\/p>\n<ul>\n<li><a href=\"https:\/\/sites.usp.br\/labmicro\/natalya-pereira-pinheiro\/\">Nat\u00e1lya Pereira Pinheiro<\/a><\/li>\n<\/ul>\n<p>A casa e suas plantas: Arqueobot\u00e2nica de uma habita\u00e7\u00e3o no s\u00edtio Teot\u00f4nio, alto rio Madeira. <em>Orientadora: Jennifer Watling<\/em><\/p>\n<p><em>The House and its Plants: Archaeobotany of a Dwelling at the Teot\u00f4nio Site, Upper Madeira River. Supervisor: Jennifer Watling<\/em><\/p>\n<ul>\n<li><a href=\"https:\/\/sites.usp.br\/labmicro\/natalia-de-oliveira-tavares\/\">Natalia de Oliveira Tavares<\/a><\/li>\n<\/ul>\n<p>Plantas, paisagem e dieta: arqueobot\u00e2nica e paleoecologia de Construtores de Cerritos no sul do Brasil. <em>Orientadora: Jennifer Watling<\/em><\/p>\n<p><em>Plants, landscape and diet: archaeobotany and paleoecology of earthen mound builders from Southern Brazil. Supervisor: Jennifer Watling<\/em><\/p>\n<\/div>\n<\/div>\n<\/div>\n<ul>\n<li><a href=\"https:\/\/sites.usp.br\/labmicro\/cristian-olivares\/\">Cristi\u00e1n Olivares Acu\u00f1a<\/a><\/li>\n<\/ul>\n<p>&nbsp;<\/p>\n<h4><strong>Mestrado \/ Master students<\/strong><\/h4>\n<ul>\n<li><a href=\"https:\/\/sites.usp.br\/labmicro\/vitor-santos-nunes\/\">Vitor Santos Nunes<\/a><\/li>\n<\/ul>\n<p>Geoarqueologia de sambaquis do litoral norte do Esp\u00edrito Santo: an\u00e1lise de microf\u00e1cies arqueol\u00f3gicas (Linhares &#8211; ES). <em>Orientadora: Ximena S. Villagran<\/em><\/p>\n<p><em>Geoarchaeology of shellmounds on the northern coast of Esp\u00edrito Santo: archaeological microfacies analysis (Linhares &#8211; ES). Supervisor: Ximena S. Villagran<\/em><\/p>\n<ul>\n<li><a href=\"https:\/\/sites.usp.br\/labmicro\/daniella-gusmao-baroni\/\">Daniella Gusm\u00e3o Baroni<\/a><\/li>\n<\/ul>\n<p>Processos de forma\u00e7\u00e3o de abrigos rochosos dos s\u00edtios arqueol\u00f3gicos da Serra do Iui\u00fa &#8211; Bahia. <em>Orientadora: Ximena S. Villagran<\/em><\/p>\n<p><em>Formation processes of rock shelters in the archaeological sites of Serra do Iui\u00fa &#8211; Bahia. Supervisor: Ximena S. Villagran<\/em><\/p>\n<ul>\n<li><a href=\"https:\/\/sites.usp.br\/labmicro\/sandra-pandelo\/\">Sandra Rodrigues Pandel\u00f3<\/a><\/li>\n<\/ul>\n<div>\n<p>Plantas, saberes ancestrais e cultura material e imaterial no Alto Rio Madeira<i>. Orientadora: Jennifer Watling<\/i><\/p>\n<\/div>\n<div><i>Plants, ancestral knowledge and material and immaterial culture in the Upper Madeira River. Supervisor: Jennifer Watling<\/i><\/div>\n<ul>\n<li><a href=\"https:\/\/sites.usp.br\/labmicro\/fabiola-cota\/\">Fab\u00edola Sanches Cota<\/a><\/li>\n<\/ul>\n<p>An\u00e1lise de Fit\u00f3litos como indicadores do uso de recursos bot\u00e2nicos durante o Holoceno na Caverna da Pedra Pintada e no s\u00edtio Cau\u00e7\u00fa. Orientadora:<em> Jennifer Watling.<\/em><\/p>\n<p><em>Analysis of phytoliths as indicators of the use of botanical recourses during the Holocene at Caverna da Pedra Pintada and the site Cau\u00e7\u00fa. Supervisor: Jennifer Watling.<\/em><\/p>\n<ul>\n<li><a href=\"https:\/\/sites.usp.br\/labmicro\/sara-reed\/\">Sara Eliana Reed<\/a><\/li>\n<\/ul>\n<p>Orientadora:<em> Jennifer Watling.<\/em><\/p>\n<p><em>Supervisor: Jennifer Watling.<\/em><\/p>\n<p>&nbsp;<\/p>\n<h4><strong>Estagi\u00e1rios\/as \/ Interns<br \/>\n<\/strong><\/h4>\n<p>Gabriela Forjaz Rezk<\/p>\n<p>Pedro Antonio Sallum Feitosa<\/p>\n<h4><\/h4>\n<h4><strong>Alumni<\/strong><\/h4>\n<ul>\n<li>Anya Iris Schmidt Cunha (IGc\/USP)<\/li>\n<\/ul>\n<p>Cole\u00e7\u00e3o de refer\u00eancia para caracteriza\u00e7\u00e3o dos restos vegetais queimados nos sedimentos do s\u00edtio Lapa do Santo (Lagoa Santa, Minas Gerais). Treinamento T\u00e9cnico. <em>Supervisora: Ximena S. Villagran<\/em><\/p>\n<ul>\n<li>Daniela Ortega<\/li>\n<\/ul>\n<p>Microvest\u00edgios bot\u00e2nicos em artefatos l\u00edticos do s\u00edtio Lapa do Santo (Lagoa Santa, Minas Gerais) &#8211; Mestrado. <em>Orientadoras: Ximena S. Villagran, C\u00e9lia Boyadjian (Museu Nacional\/ UFRJ)<\/em><\/p>\n<ul>\n<li><a href=\"https:\/\/sites.usp.br\/labmicro\/pb\/haruan-straioto\/\">Haruan Straioto<\/a><\/li>\n<\/ul>\n<p>Sistemas tecnol\u00f3gicos na margem ocidental inferior da Lagoa dos Patos: Abordagem tecnofuncional sobre os vest\u00edgios l\u00edticos dos s\u00edtios RS-LS-14 e RS-LS-11. <em>Orientadora: Ximena S. Villagran<\/em><\/p>\n<ul>\n<li>Isabela da Silva M\u00fcller<\/li>\n<\/ul>\n<p>Arqueologia Guarani no litoral central de Santa Catarina &#8211; Mestrado. <em>Orientadora: Ximena S. Villagran<\/em><\/p>\n<ul>\n<li><a href=\"http:\/\/sites.usp.br\/labmicro\/joseane-pereira-da-silva\/\">Joseane Pereira da Silva<\/a><\/li>\n<\/ul>\n<p>Entre plantas e pessoas: an\u00e1lises de microvest\u00edgios bot\u00e2nicos de contextos funer\u00e1rios do sambaqui Monte Castelo, M\u00e9dio Guapor\u00e9\/RO. <em>Orientadora: Jennifer Watling<\/em><\/p>\n<p><em>Between plants and people: analysis of micobotanical remains from funerary contexts of the Monte Castelo shellmound, Middle Guapor\u00e9\/RO. Supervisor: Jennifer Watling<\/em><\/p>\n<ul>\n<li><a href=\"https:\/\/sites.usp.br\/labmicro\/hugo-lopes-tavares\/\">Hugo Lopes Tavares<\/a><\/li>\n<\/ul>\n<p>Estudo geoarqueol\u00f3gico da forma\u00e7\u00e3o das terras pretas e da paisagem no s\u00edtio arqueol\u00f3gico Terra Preta do Mangabal, regi\u00e3o do alto rio Tapaj\u00f3s. <em>Orientadora: Jennifer Watling; Co-orientadora: Ximena S. Villagran<\/em><\/p>\n<p><em>Geoarchaeological study of terra preta and landscape formation at the Terra Preta do Mangabal archaeological site, Upper Tapaj\u00f3s river. Supervisor: Jennifer Watling<\/em><\/p>\n<ul>\n<li><a href=\"http:\/\/sites.usp.br\/labmicro\/mayara-mariano\/\">Mayara Mariano<\/a><\/li>\n<\/ul>\n<p>Geoarqueologia de concheiros na FLONA de Caxiuan\u00e3 (Amaz\u00f4nia &#8211; PA). <em>Orientadora: Ximena S. Villagran<\/em><\/p>\n<p><em>Geoarchaeology of shellmounds in the FLONA of Caxiuan\u00e3 (Amazonia \u2013 Par\u00e1). Supervisor: Ximena S. Villagran<\/em><\/p>\n<ul>\n<li><a href=\"https:\/\/sites.usp.br\/labmicro\/kelly-brandao-vaz-da-silva\/\">Kelly Brand\u00e3o Vaz da Silva<\/a><\/li>\n<\/ul>\n<p>O registro arqueossedimentar da presen\u00e7a humana na Amaz\u00f4nia: um olhar atrav\u00e9s da micromorfologia de solos e t\u00e9cnicas complementares. <em>Orientadora: Ximena S. Villagran<\/em><\/p>\n<p><em>The archaeosedimentary record of human presence in Amazonia: a view from soil micromorphology and complementary techniques. Supervisor: Ximena S. Villagran<\/em><\/p>\n<ul>\n<li><a href=\"http:\/\/sites.usp.br\/labmicro\/laura-pereira-furquim\/\">Laura Pereira Furquim<\/a><\/li>\n<\/ul>\n<p>Rela\u00e7\u00f5es em Movimento: uma arqueologia dos padr\u00f5es de cultivo e mobilidade no sudoeste amaz\u00f4nico, do ano 1.000 ao presente. <em>Orientador: Eduardo G. Neves; Co-orientador: Gilton Mendes dos Santos<\/em> <em>(UFAM)<\/em><\/p>\n<p><em>Moving Relations: an archaeology of cultivation and mobility patterns in southwestern Amazon from 1.000 A.D. to the present. Supervisor: Eduardo G. Neves; Co-supervisor: Gilton Mendes dos Santos (UFAM)<\/em><\/p>\n<h4><strong>Pesquisadores\/as associados\/as \/ Associate researchers:<\/strong><\/h4>\n<p>Dra. Kelly Brand\u00e3o (Instituto Mamirau\u00e1) &#8211; membro fundador<\/p>\n<p>Profa. Dra. Ver\u00f4nica Wesolowski (MAE\/USP)<\/p>\n<p>Prof. Dr. Eduardo G. Neves (MAE\/USP)<\/p>\n<p>Prof. Dr. Andr\u00e9 Strauss (MAE\/USP)<\/p>\n<p>Dr. M\u00e1rcio Teixeira-Bastos (FFLCH\/USP)<\/p>\n","protected":false},"excerpt":{"rendered":"<p>Coordenadora da \u00e1rea de Geoarqueologia e Petrografia Cer\u00e2mica \/ Geoarchaeology and Ceramic Petrography:\u00a0 Profa. Dra. Ximena S. Villagran Coordenadora da \u00e1rea de Arqueobot\u00e2nica \/ Archaeobotany: Profa. Dra. Jennifer Watling T\u00e9cnica do Laborat\u00f3rio Dra. Isabela Sodr\u00e9 Professores Seniores \/ Senior Professors: Profa. Dra. Dalva L. A. de Faria P\u00f3s-doutorado \/ Post-doctorate researchers Nicol\u00e1s Batalla Sonia Domingos Pom Doutorado \/ Ph.D. students: Carla Bica Perspectivas culturales y ambientales integradoras de las tierras bajas del litoral atla\u0301ntico meridional: la pesca entre los grupos constructores de monti\u0301culos del este de Uruguay y sur de Brasil (Holoceno medio y tardi\u0301o). Orientadora: Ximena S. Villagran Daniela Ortega Arqueobot\u00e2nica no Brasil Central: o uso e processamento de recursos bot\u00e2nicos por sociedades no Cerrado. Orientadores: Marco Madella (UPF-Barcelona), Ximena S. Villagran Archaeobotany in Central Brazil: the use and processing of botanical resources by cerrado societies. Supervisors: Marco Madella (UPF-Barcelona), Ximena S. Villagran Keyla M.R. Fraz\u00e3o Entre uniformidades e heterogeneidades: arqueometria aplicada ao estudo da cer\u00e2mica Arist\u00e9 na Costa Atl\u00e2ntica do Amap\u00e1. Orientadora: Ximena S. Villagran Between uniformities and heterogeneities: archeometry applied to the study of Arist\u00e9 ceramics on the Atlantic Coast of Amap\u00e1. Supervisor: Ximena S. Villagran Gabriela Oppitz Os sambaquis na hist\u00f3ria ind\u00edgena: articulando passado e presente [&#8230;]<\/p>\n","protected":false},"author":845,"featured_media":0,"parent":0,"menu_order":0,"comment_status":"closed","ping_status":"closed","template":"page-full.php","meta":{"_monsterinsights_skip_tracking":false,"_monsterinsights_sitenote_active":false,"_monsterinsights_sitenote_note":"","_monsterinsights_sitenote_category":0,"footnotes":"","_links_to":"","_links_to_target":""},"class_list":["post-819","page","type-page","status-publish","hentry"],"_links":{"self":[{"href":"https:\/\/sites.usp.br\/labmicro\/wp-json\/wp\/v2\/pages\/819","targetHints":{"allow":["GET"]}}],"collection":[{"href":"https:\/\/sites.usp.br\/labmicro\/wp-json\/wp\/v2\/pages"}],"about":[{"href":"https:\/\/sites.usp.br\/labmicro\/wp-json\/wp\/v2\/types\/page"}],"author":[{"embeddable":true,"href":"https:\/\/sites.usp.br\/labmicro\/wp-json\/wp\/v2\/users\/845"}],"replies":[{"embeddable":true,"href":"https:\/\/sites.usp.br\/labmicro\/wp-json\/wp\/v2\/comments?post=819"}],"version-history":[{"count":5,"href":"https:\/\/sites.usp.br\/labmicro\/wp-json\/wp\/v2\/pages\/819\/revisions"}],"predecessor-version":[{"id":2616,"href":"https:\/\/sites.usp.br\/labmicro\/wp-json\/wp\/v2\/pages\/819\/revisions\/2616"}],"wp:attachment":[{"href":"https:\/\/sites.usp.br\/labmicro\/wp-json\/wp\/v2\/media?parent=819"}],"curies":[{"name":"wp","href":"https:\/\/api.w.org\/{rel}","templated":true}]}}