{"id":827,"date":"2019-11-06T16:20:43","date_gmt":"2019-11-06T19:20:43","guid":{"rendered":"http:\/\/sites.usp.br\/labmicro\/?page_id=827"},"modified":"2023-06-29T10:38:23","modified_gmt":"2023-06-29T13:38:23","slug":"ensino","status":"publish","type":"page","link":"https:\/\/sites.usp.br\/labmicro\/ensino\/","title":{"rendered":"Ensino \/ Teaching"},"content":{"rendered":"<p style=\"text-align: justify;\">Pesquisadores\/as do LabMicro ministram disciplinas \u00a0de p\u00f3s-gradua\u00e7\u00e3o em t\u00f3picos espec\u00edficos das suas \u00e1reas de atua\u00e7\u00e3o, assim como disciplinas de gradua\u00e7\u00e3o em temas gerais de Arqueologia que podem ser cursadas como optativas eletivas.<\/p>\n<p>Disciplinas de p\u00f3s-gradua\u00e7\u00e3o<\/p>\n<ul>\n<li>Microarqueologia &#8211; Respons\u00e1vel: Ximena S. Villagran<\/li>\n<li>Fit\u00f3litos e gr\u00e3os de amido na Arqueologia &#8211; Respons\u00e1vel: Jennifer G. Watling<\/li>\n<li>Geoarqueologia de dep\u00f3sitos antropog\u00eanicos &#8211; Respons\u00e1vel: Ximena S. Villagran<\/li>\n<li>Arqueologia costeira &#8211; Respons\u00e1vel: Ximena S. Villagran<\/li>\n<li>Petrografia de materiais geol\u00f3gicos e arqueol\u00f3gicos &#8211; Respons\u00e1veis: Eliane del Llama (IGc\/USP), Lucelene Martins (IGc\/USP) e Ximena S. Villagran<\/li>\n<\/ul>\n<p><em>Graduate disciplines:<\/em><\/p>\n<ul>\n<li><em>Microarchaeology \u2013 Responsible: Ximena S. Villagran<\/em><\/li>\n<li><em>Phytoliths and starch grains in archaeology \u2013 Responsible: Jennifer Watling<\/em><\/li>\n<li><em>Geoarchaeology of anthropogenic deposits \u2013 Responsible: Ximena S. Villagran<\/em><\/li>\n<li><em>Coastal archaeology \u2013 Responsible: Ximena S. Villagran<\/em><\/li>\n<li><em>Petrography of geological and archaeological materials \u2013 Responsible: Eliane del Llama (IGc\/USP), Lucelene Martins (IGc\/USP) e Ximena S. Villagran<\/em><\/li>\n<\/ul>\n<p>Para informa\u00e7\u00f5es sobre oferecimentos e matriculas <a href=\"https:\/\/uspdigital.usp.br\/janus\/comum\/entrada.jsf\">clique aqui<\/a><\/p>\n<p><em>For information about courses offered, <a href=\"https:\/\/uspdigital.usp.br\/janus\/comum\/entrada.jsf\">click here<\/a><\/em><\/p>\n<p>Disciplinas de gradua\u00e7\u00e3o:<\/p>\n<ul>\n<li>Pr\u00e9-hist\u00f3ria da Europa &#8211; Respons\u00e1vel: Ximena S. Villagran<\/li>\n<li>Arqueologia Brasileira\u00a0&#8211; Respons\u00e1veis: Ver\u00f4nica Wesolowski, Andr\u00e9 Strauss e Ximena S. Villagran<\/li>\n<\/ul>\n<p><em>Undergraduate disciplines:<\/em><\/p>\n<ul>\n<li><em>Prehistory of Europe \u2013 Responsible: Ximena S. Villagran<\/em><\/li>\n<li><em>Brazilian Archaeology\u00a0\u2013 Responsible: Ver\u00f4nica Wesolowski, Andr\u00e9 Strauss and Ximena S. Villagran<\/em><\/li>\n<\/ul>\n<p>Para informa\u00e7\u00f5es sobre oferecimentos e matriculas <a href=\"https:\/\/uspdigital.usp.br\/jupiterweb\/\">clique aqui<\/a>[:en]Researchers of LabMicro administer post-graduate disciplines in specific topics related to their areas, as well as undergraduate disciplines in general themes within Archaeology that can be taken as optional modules.<\/p>\n<p><em>For information about courses offered, <a href=\"https:\/\/uspdigital.usp.br\/jupiterweb\/\">click here<\/a><\/em><\/p>\n<p>&nbsp;<\/p>\n","protected":false},"excerpt":{"rendered":"<p>Pesquisadores\/as do LabMicro ministram disciplinas \u00a0de p\u00f3s-gradua\u00e7\u00e3o em t\u00f3picos espec\u00edficos das suas \u00e1reas de atua\u00e7\u00e3o, assim como disciplinas de gradua\u00e7\u00e3o em temas gerais de Arqueologia que podem ser cursadas como optativas eletivas. Disciplinas de p\u00f3s-gradua\u00e7\u00e3o Microarqueologia &#8211; Respons\u00e1vel: Ximena S. Villagran Fit\u00f3litos e gr\u00e3os de amido na Arqueologia &#8211; Respons\u00e1vel: Jennifer G. Watling Geoarqueologia de dep\u00f3sitos antropog\u00eanicos &#8211; Respons\u00e1vel: Ximena S. Villagran Arqueologia costeira &#8211; Respons\u00e1vel: Ximena S. Villagran Petrografia de materiais geol\u00f3gicos e arqueol\u00f3gicos &#8211; Respons\u00e1veis: Eliane del Llama (IGc\/USP), Lucelene Martins (IGc\/USP) e Ximena S. Villagran Graduate disciplines: Microarchaeology \u2013 Responsible: Ximena S. Villagran Phytoliths and starch grains in archaeology \u2013 Responsible: Jennifer Watling Geoarchaeology of anthropogenic deposits \u2013 Responsible: Ximena S. Villagran Coastal archaeology \u2013 Responsible: Ximena S. Villagran Petrography of geological and archaeological materials \u2013 Responsible: Eliane del Llama (IGc\/USP), Lucelene Martins (IGc\/USP) e Ximena S. Villagran Para informa\u00e7\u00f5es sobre oferecimentos e matriculas clique aqui For information about courses offered, click here Disciplinas de gradua\u00e7\u00e3o: Pr\u00e9-hist\u00f3ria da Europa &#8211; Respons\u00e1vel: Ximena S. Villagran Arqueologia Brasileira\u00a0&#8211; Respons\u00e1veis: Ver\u00f4nica Wesolowski, Andr\u00e9 Strauss e Ximena S. Villagran Undergraduate disciplines: Prehistory of Europe \u2013 Responsible: Ximena S. Villagran Brazilian Archaeology\u00a0\u2013 Responsible: Ver\u00f4nica Wesolowski, Andr\u00e9 Strauss and Ximena S. Villagran Para [&#8230;]<\/p>\n","protected":false},"author":845,"featured_media":0,"parent":0,"menu_order":0,"comment_status":"closed","ping_status":"closed","template":"page-full.php","meta":{"_monsterinsights_skip_tracking":false,"_monsterinsights_sitenote_active":false,"_monsterinsights_sitenote_note":"","_monsterinsights_sitenote_category":0,"footnotes":"","_links_to":"","_links_to_target":""},"class_list":["post-827","page","type-page","status-publish","hentry"],"_links":{"self":[{"href":"https:\/\/sites.usp.br\/labmicro\/wp-json\/wp\/v2\/pages\/827","targetHints":{"allow":["GET"]}}],"collection":[{"href":"https:\/\/sites.usp.br\/labmicro\/wp-json\/wp\/v2\/pages"}],"about":[{"href":"https:\/\/sites.usp.br\/labmicro\/wp-json\/wp\/v2\/types\/page"}],"author":[{"embeddable":true,"href":"https:\/\/sites.usp.br\/labmicro\/wp-json\/wp\/v2\/users\/845"}],"replies":[{"embeddable":true,"href":"https:\/\/sites.usp.br\/labmicro\/wp-json\/wp\/v2\/comments?post=827"}],"version-history":[{"count":5,"href":"https:\/\/sites.usp.br\/labmicro\/wp-json\/wp\/v2\/pages\/827\/revisions"}],"predecessor-version":[{"id":2255,"href":"https:\/\/sites.usp.br\/labmicro\/wp-json\/wp\/v2\/pages\/827\/revisions\/2255"}],"wp:attachment":[{"href":"https:\/\/sites.usp.br\/labmicro\/wp-json\/wp\/v2\/media?parent=827"}],"curies":[{"name":"wp","href":"https:\/\/api.w.org\/{rel}","templated":true}]}}