{"id":830,"date":"2019-11-06T16:21:05","date_gmt":"2019-11-06T19:21:05","guid":{"rendered":"http:\/\/sites.usp.br\/labmicro\/?page_id=830"},"modified":"2023-12-08T16:27:38","modified_gmt":"2023-12-08T19:27:38","slug":"colecoes","status":"publish","type":"page","link":"https:\/\/sites.usp.br\/labmicro\/colecoes\/","title":{"rendered":"Cole\u00e7\u00f5es \/ Collections"},"content":{"rendered":"<p><strong>Micromorfologia \/ Micromorphology<br \/>\n<\/strong><\/p>\n<p style=\"text-align: justify;\">O LabMicro conta com a maior cole\u00e7\u00e3o de amostras de micromorfologia de s\u00edtios arqueol\u00f3gicos da Am\u00e9rica do Sul, com mais de 400 se\u00e7\u00f5es delgadas. A cole\u00e7\u00e3o inclui amostras de s\u00edtios emblem\u00e1ticos da hist\u00f3ria pr\u00e9-colonial do continente, tais como: Monte Verde, Serra da Capivara, sambaquis; concheiros da Argentina e Chile; e cerritos do Uruguai. Al\u00e9m de amostras sul-americanas, a cole\u00e7\u00e3o inclui material de s\u00edtios arqueol\u00f3gicos na Ant\u00e1rtica e \u00c1frica do Sul. A cole\u00e7\u00e3o de amostras de micromorfologia experimental inclui l\u00e2minas de fogueiras acessas em concheiros, dunas e latossolos, assim como conchas de diversas esp\u00e9cies de moluscos queimadas a temperatura controlada. Gra\u00e7as ao trabalho da nossa equipe, a cole\u00e7\u00e3o incluir\u00e1 tamb\u00e9m amostras de diversos s\u00edtios da Amaz\u00f4nia brasileira. A cole\u00e7\u00e3o \u00e9 utilizada em cursos de p\u00f3s-gradua\u00e7\u00e3o e est\u00e1 dispon\u00edvel para consultas de refer\u00eancia.<\/p>\n<p><em>Labmicro contains the largest collection of micromorphological samples from archaeological sites in South America, with more than 400 thin sections. The collection includes samples from emblematic sites from the precolonial history of the continent, such as: Monte Verde, Serra de Capivara, sambaquis, shell mounds of Argentina and Chile, and cerritos of Uruguay. As well as South American samples, the collection includes material from archaeological sites in Antarctica and South Africa. The experimental micromorphological sample collection includes slides from fires lit in shell mounds, sand dunes and latosols, as well as shells from diverse mollusk species burnt at controlled temperatures. Thanks to the work of our team, the collection will also include samples from diverse sites in the Brazilian Amazon. The collection is used in post-graduate courses and is available for consultation.<\/em><\/p>\n<p>Contato: <a href=\"https:\/\/sites.usp.br\/labmicro\/ximena-s-villagran\/\">Profa. Dra. Ximena S. Villagran<\/a><\/p>\n<p><strong>Microbot\u00e2nica \/ Microbotany<br \/>\n<\/strong><\/p>\n<p>A cole\u00e7\u00e3o de refer\u00eancia de fit\u00f3litos conta com amostras de mais de 200 esp\u00e9cies de plantas nativas ao bioma amaz\u00f4nico. A maior parte da cole\u00e7\u00e3o consiste em plantas taxonomicamente verificadas por bot\u00e2nicos nos herb\u00e1rios de Kew Royal Botanical Gardens (Reino Unido), Herbier de Guyane (Guiana Francesa), CENARGEN-Embrapa (Brasil) e o National Field Museum of Chicago (EUA). Atualmente, ela encontra-se na fase de expans\u00e3o, com a inclus\u00e3o de coletas de campo de Monte Alegre (Par\u00e1) e dos Llanos de Mojos (Bol\u00edvia), assim como l\u00e2minas de gr\u00e3os de amido extra\u00eddos de plantas comest\u00edveis. Gra\u00e7as a projetos financiados pela FAPESP, desde 2022, parte da cole\u00e7\u00e3o est\u00e1 dispon\u00edvel para consulta livre no site REFtropica (Reference Collection for Tropical Archaeobotany: <a href=\"http:\/\/www.reftropica.com\">www.reftropica.com<\/a>). Essa base de dados re\u00fane imagens da cole\u00e7\u00e3o de refer\u00eancia de microbot\u00e2nica (do LabMicro) com as da cole\u00e7\u00e3o de refer\u00eancia de frutos e sementes carbonizados da Universidade Federal do Oeste do Par\u00e1, parte da qual tamb\u00e9m est\u00e1 dispon\u00edvel para consulta f\u00edsica no Laborat\u00f3rio de Arqueologia dos Tr\u00f3picos do MAE.<\/p>\n<p><em>The phytolith reference collection contains more than 200 species of plants native to Amazonia. Most of the collection consists of plants taxonomically verified by botanists in herbariums such as Kew Royal Botanical Gardens (UK), Herbier de Guyane (French Guiana), CENARGEN-Embrapa (Brazil) and the National Field Museum of Chicago (USA). It is currently in a state of expansion, with the inclusion of field collections from Monte Alegre (Par\u00e1) and the Llanos de Mojos (Bolivia), as well as slides of starch grains extracted from edible plants. Thanks to projects financed by FAPESP, since 2022 part of the collection is available for free consultation on the site REFtropica (Reference Collection for Tropical Archaeobotany: <a href=\"http:\/\/www.reftropica.com\">www.reftropica.com<\/a>). This database unites images of the microbotanical reference collection (at LabMicro) with those from the carbonized fruit and seed reference collection at the Federal University of Western Par\u00e1, part of which is also available for physical consultation at the Laboratory of Tropical Archaeology at MAE.<\/em><\/p>\n<p>Contato: <a href=\"https:\/\/sites.usp.br\/labmicro\/jennifer-watling\/\">Profa. Dra. Jennifer Watling<\/a><\/p>\n","protected":false},"excerpt":{"rendered":"<p>Micromorfologia \/ Micromorphology O LabMicro conta com a maior cole\u00e7\u00e3o de amostras de micromorfologia de s\u00edtios arqueol\u00f3gicos da Am\u00e9rica do Sul, com mais de 400 se\u00e7\u00f5es delgadas. A cole\u00e7\u00e3o inclui amostras de s\u00edtios emblem\u00e1ticos da hist\u00f3ria pr\u00e9-colonial do continente, tais como: Monte Verde, Serra da Capivara, sambaquis; concheiros da Argentina e Chile; e cerritos do Uruguai. Al\u00e9m de amostras sul-americanas, a cole\u00e7\u00e3o inclui material de s\u00edtios arqueol\u00f3gicos na Ant\u00e1rtica e \u00c1frica do Sul. A cole\u00e7\u00e3o de amostras de micromorfologia experimental inclui l\u00e2minas de fogueiras acessas em concheiros, dunas e latossolos, assim como conchas de diversas esp\u00e9cies de moluscos queimadas a temperatura controlada. Gra\u00e7as ao trabalho da nossa equipe, a cole\u00e7\u00e3o incluir\u00e1 tamb\u00e9m amostras de diversos s\u00edtios da Amaz\u00f4nia brasileira. A cole\u00e7\u00e3o \u00e9 utilizada em cursos de p\u00f3s-gradua\u00e7\u00e3o e est\u00e1 dispon\u00edvel para consultas de refer\u00eancia. Labmicro contains the largest collection of micromorphological samples from archaeological sites in South America, with more than 400 thin sections. The collection includes samples from emblematic sites from the precolonial history of the continent, such as: Monte Verde, Serra de Capivara, sambaquis, shell mounds of Argentina and Chile, and cerritos of Uruguay. As well as South American samples, the collection includes material from archaeological sites in [&#8230;]<\/p>\n","protected":false},"author":845,"featured_media":0,"parent":0,"menu_order":0,"comment_status":"closed","ping_status":"closed","template":"page-full.php","meta":{"_monsterinsights_skip_tracking":false,"_monsterinsights_sitenote_active":false,"_monsterinsights_sitenote_note":"","_monsterinsights_sitenote_category":0,"footnotes":"","_links_to":"","_links_to_target":""},"class_list":["post-830","page","type-page","status-publish","hentry"],"_links":{"self":[{"href":"https:\/\/sites.usp.br\/labmicro\/wp-json\/wp\/v2\/pages\/830","targetHints":{"allow":["GET"]}}],"collection":[{"href":"https:\/\/sites.usp.br\/labmicro\/wp-json\/wp\/v2\/pages"}],"about":[{"href":"https:\/\/sites.usp.br\/labmicro\/wp-json\/wp\/v2\/types\/page"}],"author":[{"embeddable":true,"href":"https:\/\/sites.usp.br\/labmicro\/wp-json\/wp\/v2\/users\/845"}],"replies":[{"embeddable":true,"href":"https:\/\/sites.usp.br\/labmicro\/wp-json\/wp\/v2\/comments?post=830"}],"version-history":[{"count":4,"href":"https:\/\/sites.usp.br\/labmicro\/wp-json\/wp\/v2\/pages\/830\/revisions"}],"predecessor-version":[{"id":2288,"href":"https:\/\/sites.usp.br\/labmicro\/wp-json\/wp\/v2\/pages\/830\/revisions\/2288"}],"wp:attachment":[{"href":"https:\/\/sites.usp.br\/labmicro\/wp-json\/wp\/v2\/media?parent=830"}],"curies":[{"name":"wp","href":"https:\/\/api.w.org\/{rel}","templated":true}]}}