{"id":888,"date":"2020-04-15T14:21:11","date_gmt":"2020-04-15T17:21:11","guid":{"rendered":"http:\/\/sites.usp.br\/labmicro\/?page_id=888"},"modified":"2023-06-22T16:28:42","modified_gmt":"2023-06-22T19:28:42","slug":"ximena-s-villagran","status":"publish","type":"page","link":"https:\/\/sites.usp.br\/labmicro\/ximena-s-villagran\/","title":{"rendered":"Ximena S. Villagran"},"content":{"rendered":"<p><strong>Profa. Dra. Ximena S. Villagran<\/strong><\/p>\n<p><a href=\"https:\/\/sites.usp.br\/labmicro\/wp-content\/uploads\/sites\/471\/2020\/04\/15774734_1371888112843618_4834325108239304767_o-e1586876580475.jpg\"><img fetchpriority=\"high\" decoding=\"async\" class=\" wp-image-859 alignleft\" src=\"https:\/\/sites.usp.br\/labmicro\/wp-content\/uploads\/sites\/471\/2020\/04\/15774734_1371888112843618_4834325108239304767_o-e1586876580475-238x300.jpg\" alt=\"\" width=\"269\" height=\"339\" data-id=\"859\" srcset=\"https:\/\/sites.usp.br\/labmicro\/wp-content\/uploads\/sites\/471\/2020\/04\/15774734_1371888112843618_4834325108239304767_o-e1586876580475-238x300.jpg 238w, https:\/\/sites.usp.br\/labmicro\/wp-content\/uploads\/sites\/471\/2020\/04\/15774734_1371888112843618_4834325108239304767_o-e1586876580475-768x970.jpg 768w, https:\/\/sites.usp.br\/labmicro\/wp-content\/uploads\/sites\/471\/2020\/04\/15774734_1371888112843618_4834325108239304767_o-e1586876580475-400x505.jpg 400w, https:\/\/sites.usp.br\/labmicro\/wp-content\/uploads\/sites\/471\/2020\/04\/15774734_1371888112843618_4834325108239304767_o-e1586876580475.jpg 808w\" sizes=\"(max-width: 269px) 100vw, 269px\" \/><\/a>Museu de Arqueologia e Etnologia &#8211; Universidade de S\u00e3o Paulo<\/p>\n<p>Av. Prof. Almeida Prado 1466, Cidade Universit\u00e1ria, S\u00e3o Paulo, 05508-070, SP<\/p>\n<p>Tel. +55 11 3091 2896<\/p>\n<p><a href=\"mailto:villagran@usp.br\">villagran@usp.br<\/a><\/p>\n<p><a href=\"http:\/\/lattes.cnpq.br\/0286912374670025\">CV Lattes<\/a><\/p>\n<p><a href=\"https:\/\/orcid.org\/0000-0001-8630-2015\">Orcid<\/a><\/p>\n<p><a href=\"https:\/\/publons.com\/researcher\/2699414\/ximena-s-villagran\/\">Researcher ID<\/a><\/p>\n<p><a href=\"https:\/\/www.researchgate.net\/profile\/Ximena_Villagran\">Research Gate<\/a><\/p>\n","protected":false},"excerpt":{"rendered":"<p>Profa. Dra. Ximena S. Villagran Museu de Arqueologia e Etnologia &#8211; Universidade de S\u00e3o Paulo Av. Prof. Almeida Prado 1466, Cidade Universit\u00e1ria, S\u00e3o Paulo, 05508-070, SP Tel. +55 11 3091 2896 villagran@usp.br CV Lattes Orcid Researcher ID Research Gate<\/p>\n","protected":false},"author":845,"featured_media":0,"parent":0,"menu_order":0,"comment_status":"closed","ping_status":"closed","template":"page-full.php","meta":{"_monsterinsights_skip_tracking":false,"_monsterinsights_sitenote_active":false,"_monsterinsights_sitenote_note":"","_monsterinsights_sitenote_category":0,"footnotes":"","_links_to":"","_links_to_target":""},"class_list":["post-888","page","type-page","status-publish","hentry"],"_links":{"self":[{"href":"https:\/\/sites.usp.br\/labmicro\/wp-json\/wp\/v2\/pages\/888","targetHints":{"allow":["GET"]}}],"collection":[{"href":"https:\/\/sites.usp.br\/labmicro\/wp-json\/wp\/v2\/pages"}],"about":[{"href":"https:\/\/sites.usp.br\/labmicro\/wp-json\/wp\/v2\/types\/page"}],"author":[{"embeddable":true,"href":"https:\/\/sites.usp.br\/labmicro\/wp-json\/wp\/v2\/users\/845"}],"replies":[{"embeddable":true,"href":"https:\/\/sites.usp.br\/labmicro\/wp-json\/wp\/v2\/comments?post=888"}],"version-history":[{"count":4,"href":"https:\/\/sites.usp.br\/labmicro\/wp-json\/wp\/v2\/pages\/888\/revisions"}],"predecessor-version":[{"id":1407,"href":"https:\/\/sites.usp.br\/labmicro\/wp-json\/wp\/v2\/pages\/888\/revisions\/1407"}],"wp:attachment":[{"href":"https:\/\/sites.usp.br\/labmicro\/wp-json\/wp\/v2\/media?parent=888"}],"curies":[{"name":"wp","href":"https:\/\/api.w.org\/{rel}","templated":true}]}}