{"id":891,"date":"2020-04-15T14:22:42","date_gmt":"2020-04-15T17:22:42","guid":{"rendered":"http:\/\/sites.usp.br\/labmicro\/?page_id=891"},"modified":"2023-06-29T10:51:36","modified_gmt":"2023-06-29T13:51:36","slug":"jennifer-watling","status":"publish","type":"page","link":"https:\/\/sites.usp.br\/labmicro\/jennifer-watling\/","title":{"rendered":"Jennifer Watling"},"content":{"rendered":"<p><strong>Profa. Dra. Jennifer Watling<br \/>\n<\/strong><\/p>\n<p><strong>\u00c1rea de Microbot\u00e2nica<\/strong><\/p>\n<p><a href=\"https:\/\/sites.usp.br\/labmicro\/wp-content\/uploads\/sites\/471\/2020\/04\/Off-site-profile-nr.-Teotonio-U-.-Madeira-2016-scaled-e1586971638862.jpg\"><img fetchpriority=\"high\" decoding=\"async\" class=\"size-medium wp-image-858 alignleft\" src=\"https:\/\/sites.usp.br\/labmicro\/wp-content\/uploads\/sites\/471\/2020\/04\/Off-site-profile-nr.-Teotonio-U-.-Madeira-2016-scaled-e1586971638862-235x300.jpg\" alt=\"\" width=\"235\" height=\"300\" data-id=\"858\" srcset=\"https:\/\/sites.usp.br\/labmicro\/wp-content\/uploads\/sites\/471\/2020\/04\/Off-site-profile-nr.-Teotonio-U-.-Madeira-2016-scaled-e1586971638862-235x300.jpg 235w, https:\/\/sites.usp.br\/labmicro\/wp-content\/uploads\/sites\/471\/2020\/04\/Off-site-profile-nr.-Teotonio-U-.-Madeira-2016-scaled-e1586971638862-804x1024.jpg 804w, https:\/\/sites.usp.br\/labmicro\/wp-content\/uploads\/sites\/471\/2020\/04\/Off-site-profile-nr.-Teotonio-U-.-Madeira-2016-scaled-e1586971638862-768x978.jpg 768w, https:\/\/sites.usp.br\/labmicro\/wp-content\/uploads\/sites\/471\/2020\/04\/Off-site-profile-nr.-Teotonio-U-.-Madeira-2016-scaled-e1586971638862-1206x1536.jpg 1206w, https:\/\/sites.usp.br\/labmicro\/wp-content\/uploads\/sites\/471\/2020\/04\/Off-site-profile-nr.-Teotonio-U-.-Madeira-2016-scaled-e1586971638862-400x510.jpg 400w, https:\/\/sites.usp.br\/labmicro\/wp-content\/uploads\/sites\/471\/2020\/04\/Off-site-profile-nr.-Teotonio-U-.-Madeira-2016-scaled-e1586971638862.jpg 1507w\" sizes=\"(max-width: 235px) 100vw, 235px\" \/><\/a><\/p>\n<p>Laborat\u00f3rio de Arqueologia dos Tr\u00f3picos &#8211; Arqueotrop<\/p>\n<p>Museu de Arqueologia e Etnologia &#8211; Universidade de S\u00e3o Paulo<\/p>\n<p>Av. Prof. Almeida Prado 1466, Cidade Universit\u00e1ria, S\u00e3o Paulo, 05508-070, SP<\/p>\n<p><a href=\"mailto:jenny.g.watling@gmail.com\">jenny.g.watling@gmail.com<\/a><\/p>\n<p><a href=\"http:\/\/lattes.cnpq.br\/2171717798751441\">CV Lattes<\/a><\/p>\n<p><a href=\"https:\/\/orcid.org\/0000-0001-7897-5105\">Orcid<\/a><\/p>\n<p><a href=\"https:\/\/www.researchgate.net\/profile\/Jennifer_Watling2\/info\">Research Gate<\/a><\/p>\n<p>&nbsp;<\/p>\n<p>&nbsp;<\/p>\n","protected":false},"excerpt":{"rendered":"<p>Profa. Dra. Jennifer Watling \u00c1rea de Microbot\u00e2nica Laborat\u00f3rio de Arqueologia dos Tr\u00f3picos &#8211; Arqueotrop Museu de Arqueologia e Etnologia &#8211; Universidade de S\u00e3o Paulo Av. Prof. Almeida Prado 1466, Cidade Universit\u00e1ria, S\u00e3o Paulo, 05508-070, SP jenny.g.watling@gmail.com CV Lattes Orcid Research Gate &nbsp; &nbsp;<\/p>\n","protected":false},"author":845,"featured_media":0,"parent":0,"menu_order":0,"comment_status":"closed","ping_status":"closed","template":"page-full.php","meta":{"_monsterinsights_skip_tracking":false,"_monsterinsights_sitenote_active":false,"_monsterinsights_sitenote_note":"","_monsterinsights_sitenote_category":0,"footnotes":"","_links_to":"","_links_to_target":""},"class_list":["post-891","page","type-page","status-publish","hentry"],"_links":{"self":[{"href":"https:\/\/sites.usp.br\/labmicro\/wp-json\/wp\/v2\/pages\/891","targetHints":{"allow":["GET"]}}],"collection":[{"href":"https:\/\/sites.usp.br\/labmicro\/wp-json\/wp\/v2\/pages"}],"about":[{"href":"https:\/\/sites.usp.br\/labmicro\/wp-json\/wp\/v2\/types\/page"}],"author":[{"embeddable":true,"href":"https:\/\/sites.usp.br\/labmicro\/wp-json\/wp\/v2\/users\/845"}],"replies":[{"embeddable":true,"href":"https:\/\/sites.usp.br\/labmicro\/wp-json\/wp\/v2\/comments?post=891"}],"version-history":[{"count":5,"href":"https:\/\/sites.usp.br\/labmicro\/wp-json\/wp\/v2\/pages\/891\/revisions"}],"predecessor-version":[{"id":2268,"href":"https:\/\/sites.usp.br\/labmicro\/wp-json\/wp\/v2\/pages\/891\/revisions\/2268"}],"wp:attachment":[{"href":"https:\/\/sites.usp.br\/labmicro\/wp-json\/wp\/v2\/media?parent=891"}],"curies":[{"name":"wp","href":"https:\/\/api.w.org\/{rel}","templated":true}]}}